{"id":16022,"date":"2022-02-11T12:10:59","date_gmt":"2022-02-11T11:10:59","guid":{"rendered":"https:\/\/www.unipatis.fr\/produit\/krokante-yuzu-citroenvulling\/"},"modified":"2026-04-09T10:28:17","modified_gmt":"2026-04-09T08:28:17","slug":"krokante-yuzu-citroenvulling","status":"publish","type":"product","link":"https:\/\/www.unipatis.fr\/nl\/produit\/krokante-yuzu-citroenvulling\/","title":{"rendered":"Krokante Yuzu-citroenvulling"},"content":{"rendered":"","protected":false},"excerpt":{"rendered":"<p>Knapperige, fruitige vulling op basis van couverture van pure witte cacaoboterchocolade, gebroken biscuit en gebroken meringue, gedehydrateerde yuzu en citroenpoeder. Voor tussengerechten, taarten, \u00e9clairs, ijsjes en chocolade bonbon interieurs. <\/p>\n<p>Zonder palmolie. Natuurlijk fruitig en natuurlijk gekleurd met plantenextracten. <\/p>\n","protected":false},"featured_media":15834,"comment_status":"closed","ping_status":"closed","template":"","meta":{"_acf_changed":false,"inline_featured_image":false},"product_brand":[],"product_cat":[444,445],"product_tag":[],"class_list":{"0":"post-16022","1":"product","2":"type-product","3":"status-publish","4":"has-post-thumbnail","6":"product_cat-01-knapperige-vullingen","7":"product_cat-fruitig-ruwvoer","8":"sales-flash-overlay","9":"woocommerce-text-align-center","10":"woocommerce-image-align-center","11":"do-quantity-buttons","13":"first","14":"instock","15":"product-type-simple"},"acf":[],"yoast_head":"<!-- This site is optimized with the Yoast SEO plugin v27.2 - https:\/\/yoast.com\/product\/yoast-seo-wordpress\/ -->\n<title>Krokante Yuzu-citroenvulling - Unipatis<\/title>\n<meta name=\"robots\" content=\"index, follow, max-snippet:-1, max-image-preview:large, max-video-preview:-1\" \/>\n<link rel=\"canonical\" href=\"https:\/\/www.unipatis.fr\/nl\/produit\/krokante-yuzu-citroenvulling\/\" \/>\n<meta property=\"og:locale\" content=\"nl_NL\" \/>\n<meta property=\"og:type\" content=\"article\" \/>\n<meta property=\"og:title\" content=\"Krokante Yuzu-citroenvulling - Unipatis\" \/>\n<meta property=\"og:description\" content=\"Knapperige, fruitige vulling op basis van couverture van pure witte cacaoboterchocolade, gebroken biscuit en gebroken meringue, gedehydrateerde yuzu en citroenpoeder. Voor tussengerechten, taarten, \u00e9clairs, ijsjes en chocolade bonbon interieurs.  Zonder palmolie. Natuurlijk fruitig en natuurlijk gekleurd met plantenextracten.\" \/>\n<meta property=\"og:url\" content=\"https:\/\/www.unipatis.fr\/nl\/produit\/krokante-yuzu-citroenvulling\/\" \/>\n<meta property=\"og:site_name\" content=\"Unipatis\" \/>\n<meta property=\"article:publisher\" content=\"https:\/\/www.facebook.com\/unipatis\" \/>\n<meta property=\"article:modified_time\" content=\"2026-04-09T08:28:17+00:00\" \/>\n<meta property=\"og:image\" content=\"https:\/\/www.unipatis.fr\/wp-content\/uploads\/2022\/02\/seau_croustillant_yuzu_meringue.png\" \/>\n\t<meta property=\"og:image:width\" content=\"1261\" \/>\n\t<meta property=\"og:image:height\" content=\"1179\" \/>\n\t<meta property=\"og:image:type\" content=\"image\/png\" \/>\n<meta name=\"twitter:card\" content=\"summary_large_image\" \/>\n<script type=\"application\/ld+json\" class=\"yoast-schema-graph\">{\"@context\":\"https:\/\/schema.org\",\"@graph\":[{\"@type\":\"WebPage\",\"@id\":\"https:\/\/www.unipatis.fr\/nl\/produit\/krokante-yuzu-citroenvulling\/\",\"url\":\"https:\/\/www.unipatis.fr\/nl\/produit\/krokante-yuzu-citroenvulling\/\",\"name\":\"Krokante Yuzu-citroenvulling - Unipatis\",\"isPartOf\":{\"@id\":\"https:\/\/www.unipatis.fr\/en\/#website\"},\"primaryImageOfPage\":{\"@id\":\"https:\/\/www.unipatis.fr\/nl\/produit\/krokante-yuzu-citroenvulling\/#primaryimage\"},\"image\":{\"@id\":\"https:\/\/www.unipatis.fr\/nl\/produit\/krokante-yuzu-citroenvulling\/#primaryimage\"},\"thumbnailUrl\":\"https:\/\/www.unipatis.fr\/wp-content\/uploads\/2022\/02\/seau_croustillant_yuzu_meringue.png\",\"datePublished\":\"2022-02-11T11:10:59+00:00\",\"dateModified\":\"2026-04-09T08:28:17+00:00\",\"breadcrumb\":{\"@id\":\"https:\/\/www.unipatis.fr\/nl\/produit\/krokante-yuzu-citroenvulling\/#breadcrumb\"},\"inLanguage\":\"nl-NL\",\"potentialAction\":[{\"@type\":\"ReadAction\",\"target\":[\"https:\/\/www.unipatis.fr\/nl\/produit\/krokante-yuzu-citroenvulling\/\"]}]},{\"@type\":\"ImageObject\",\"inLanguage\":\"nl-NL\",\"@id\":\"https:\/\/www.unipatis.fr\/nl\/produit\/krokante-yuzu-citroenvulling\/#primaryimage\",\"url\":\"https:\/\/www.unipatis.fr\/wp-content\/uploads\/2022\/02\/seau_croustillant_yuzu_meringue.png\",\"contentUrl\":\"https:\/\/www.unipatis.fr\/wp-content\/uploads\/2022\/02\/seau_croustillant_yuzu_meringue.png\",\"width\":1261,\"height\":1179,\"caption\":\"krokant_yuzu_meringue Unipatis\"},{\"@type\":\"BreadcrumbList\",\"@id\":\"https:\/\/www.unipatis.fr\/nl\/produit\/krokante-yuzu-citroenvulling\/#breadcrumb\",\"itemListElement\":[{\"@type\":\"ListItem\",\"position\":1,\"name\":\"Accueil\",\"item\":\"https:\/\/www.unipatis.fr\/nl\/home\/\"},{\"@type\":\"ListItem\",\"position\":2,\"name\":\"Winkel op\",\"item\":\"https:\/\/www.unipatis.fr\/nl\/winkel-op\/\"},{\"@type\":\"ListItem\",\"position\":3,\"name\":\"Krokante Yuzu-citroenvulling\"}]},{\"@type\":\"WebSite\",\"@id\":\"https:\/\/www.unipatis.fr\/en\/#website\",\"url\":\"https:\/\/www.unipatis.fr\/en\/\",\"name\":\"Unipatis\",\"description\":\"Unipatis Maison est une entreprise familiale sp\u00e9cialis\u00e9e dans la fabrication d&#039;ingr\u00e9dients p\u00e2tissiers et chocolatiers depuis quatre g\u00e9n\u00e9rations.\",\"publisher\":{\"@id\":\"https:\/\/www.unipatis.fr\/en\/#organization\"},\"potentialAction\":[{\"@type\":\"SearchAction\",\"target\":{\"@type\":\"EntryPoint\",\"urlTemplate\":\"https:\/\/www.unipatis.fr\/en\/?s={search_term_string}\"},\"query-input\":{\"@type\":\"PropertyValueSpecification\",\"valueRequired\":true,\"valueName\":\"search_term_string\"}}],\"inLanguage\":\"nl-NL\"},{\"@type\":\"Organization\",\"@id\":\"https:\/\/www.unipatis.fr\/en\/#organization\",\"name\":\"Unipatis\",\"url\":\"https:\/\/www.unipatis.fr\/en\/\",\"logo\":{\"@type\":\"ImageObject\",\"inLanguage\":\"nl-NL\",\"@id\":\"https:\/\/www.unipatis.fr\/en\/#\/schema\/logo\/image\/\",\"url\":\"https:\/\/www.unipatis.fr\/wp-content\/uploads\/2021\/10\/UNIPATIS_logo_flag_2021-1.svg\",\"contentUrl\":\"https:\/\/www.unipatis.fr\/wp-content\/uploads\/2021\/10\/UNIPATIS_logo_flag_2021-1.svg\",\"width\":150,\"height\":184,\"caption\":\"Unipatis\"},\"image\":{\"@id\":\"https:\/\/www.unipatis.fr\/en\/#\/schema\/logo\/image\/\"},\"sameAs\":[\"https:\/\/www.facebook.com\/unipatis\",\"https:\/\/www.instagram.com\/unipatis\",\"https:\/\/www.youtube.com\/@Unipatis\"]}]}<\/script>\n<!-- \/ Yoast SEO plugin. -->","yoast_head_json":{"title":"Krokante Yuzu-citroenvulling - Unipatis","robots":{"index":"index","follow":"follow","max-snippet":"max-snippet:-1","max-image-preview":"max-image-preview:large","max-video-preview":"max-video-preview:-1"},"canonical":"https:\/\/www.unipatis.fr\/nl\/produit\/krokante-yuzu-citroenvulling\/","og_locale":"nl_NL","og_type":"article","og_title":"Krokante Yuzu-citroenvulling - Unipatis","og_description":"Knapperige, fruitige vulling op basis van couverture van pure witte cacaoboterchocolade, gebroken biscuit en gebroken meringue, gedehydrateerde yuzu en citroenpoeder. Voor tussengerechten, taarten, \u00e9clairs, ijsjes en chocolade bonbon interieurs.  Zonder palmolie. Natuurlijk fruitig en natuurlijk gekleurd met plantenextracten.","og_url":"https:\/\/www.unipatis.fr\/nl\/produit\/krokante-yuzu-citroenvulling\/","og_site_name":"Unipatis","article_publisher":"https:\/\/www.facebook.com\/unipatis","article_modified_time":"2026-04-09T08:28:17+00:00","og_image":[{"width":1261,"height":1179,"url":"https:\/\/www.unipatis.fr\/wp-content\/uploads\/2022\/02\/seau_croustillant_yuzu_meringue.png","type":"image\/png"}],"twitter_card":"summary_large_image","schema":{"@context":"https:\/\/schema.org","@graph":[{"@type":"WebPage","@id":"https:\/\/www.unipatis.fr\/nl\/produit\/krokante-yuzu-citroenvulling\/","url":"https:\/\/www.unipatis.fr\/nl\/produit\/krokante-yuzu-citroenvulling\/","name":"Krokante Yuzu-citroenvulling - Unipatis","isPartOf":{"@id":"https:\/\/www.unipatis.fr\/en\/#website"},"primaryImageOfPage":{"@id":"https:\/\/www.unipatis.fr\/nl\/produit\/krokante-yuzu-citroenvulling\/#primaryimage"},"image":{"@id":"https:\/\/www.unipatis.fr\/nl\/produit\/krokante-yuzu-citroenvulling\/#primaryimage"},"thumbnailUrl":"https:\/\/www.unipatis.fr\/wp-content\/uploads\/2022\/02\/seau_croustillant_yuzu_meringue.png","datePublished":"2022-02-11T11:10:59+00:00","dateModified":"2026-04-09T08:28:17+00:00","breadcrumb":{"@id":"https:\/\/www.unipatis.fr\/nl\/produit\/krokante-yuzu-citroenvulling\/#breadcrumb"},"inLanguage":"nl-NL","potentialAction":[{"@type":"ReadAction","target":["https:\/\/www.unipatis.fr\/nl\/produit\/krokante-yuzu-citroenvulling\/"]}]},{"@type":"ImageObject","inLanguage":"nl-NL","@id":"https:\/\/www.unipatis.fr\/nl\/produit\/krokante-yuzu-citroenvulling\/#primaryimage","url":"https:\/\/www.unipatis.fr\/wp-content\/uploads\/2022\/02\/seau_croustillant_yuzu_meringue.png","contentUrl":"https:\/\/www.unipatis.fr\/wp-content\/uploads\/2022\/02\/seau_croustillant_yuzu_meringue.png","width":1261,"height":1179,"caption":"krokant_yuzu_meringue Unipatis"},{"@type":"BreadcrumbList","@id":"https:\/\/www.unipatis.fr\/nl\/produit\/krokante-yuzu-citroenvulling\/#breadcrumb","itemListElement":[{"@type":"ListItem","position":1,"name":"Accueil","item":"https:\/\/www.unipatis.fr\/nl\/home\/"},{"@type":"ListItem","position":2,"name":"Winkel op","item":"https:\/\/www.unipatis.fr\/nl\/winkel-op\/"},{"@type":"ListItem","position":3,"name":"Krokante Yuzu-citroenvulling"}]},{"@type":"WebSite","@id":"https:\/\/www.unipatis.fr\/en\/#website","url":"https:\/\/www.unipatis.fr\/en\/","name":"Unipatis","description":"Unipatis Maison est une entreprise familiale sp\u00e9cialis\u00e9e dans la fabrication d&#039;ingr\u00e9dients p\u00e2tissiers et chocolatiers depuis quatre g\u00e9n\u00e9rations.","publisher":{"@id":"https:\/\/www.unipatis.fr\/en\/#organization"},"potentialAction":[{"@type":"SearchAction","target":{"@type":"EntryPoint","urlTemplate":"https:\/\/www.unipatis.fr\/en\/?s={search_term_string}"},"query-input":{"@type":"PropertyValueSpecification","valueRequired":true,"valueName":"search_term_string"}}],"inLanguage":"nl-NL"},{"@type":"Organization","@id":"https:\/\/www.unipatis.fr\/en\/#organization","name":"Unipatis","url":"https:\/\/www.unipatis.fr\/en\/","logo":{"@type":"ImageObject","inLanguage":"nl-NL","@id":"https:\/\/www.unipatis.fr\/en\/#\/schema\/logo\/image\/","url":"https:\/\/www.unipatis.fr\/wp-content\/uploads\/2021\/10\/UNIPATIS_logo_flag_2021-1.svg","contentUrl":"https:\/\/www.unipatis.fr\/wp-content\/uploads\/2021\/10\/UNIPATIS_logo_flag_2021-1.svg","width":150,"height":184,"caption":"Unipatis"},"image":{"@id":"https:\/\/www.unipatis.fr\/en\/#\/schema\/logo\/image\/"},"sameAs":["https:\/\/www.facebook.com\/unipatis","https:\/\/www.instagram.com\/unipatis","https:\/\/www.youtube.com\/@Unipatis"]}]}},"_links":{"self":[{"href":"https:\/\/www.unipatis.fr\/nl\/wp-json\/wp\/v2\/product\/16022","targetHints":{"allow":["GET"]}}],"collection":[{"href":"https:\/\/www.unipatis.fr\/nl\/wp-json\/wp\/v2\/product"}],"about":[{"href":"https:\/\/www.unipatis.fr\/nl\/wp-json\/wp\/v2\/types\/product"}],"replies":[{"embeddable":true,"href":"https:\/\/www.unipatis.fr\/nl\/wp-json\/wp\/v2\/comments?post=16022"}],"version-history":[{"count":2,"href":"https:\/\/www.unipatis.fr\/nl\/wp-json\/wp\/v2\/product\/16022\/revisions"}],"predecessor-version":[{"id":26719,"href":"https:\/\/www.unipatis.fr\/nl\/wp-json\/wp\/v2\/product\/16022\/revisions\/26719"}],"wp:featuredmedia":[{"embeddable":true,"href":"https:\/\/www.unipatis.fr\/nl\/wp-json\/wp\/v2\/media\/15834"}],"wp:attachment":[{"href":"https:\/\/www.unipatis.fr\/nl\/wp-json\/wp\/v2\/media?parent=16022"}],"wp:term":[{"taxonomy":"product_brand","embeddable":true,"href":"https:\/\/www.unipatis.fr\/nl\/wp-json\/wp\/v2\/product_brand?post=16022"},{"taxonomy":"product_cat","embeddable":true,"href":"https:\/\/www.unipatis.fr\/nl\/wp-json\/wp\/v2\/product_cat?post=16022"},{"taxonomy":"product_tag","embeddable":true,"href":"https:\/\/www.unipatis.fr\/nl\/wp-json\/wp\/v2\/product_tag?post=16022"}],"curies":[{"name":"wp","href":"https:\/\/api.w.org\/{rel}","templated":true}]}}