{"id":24577,"date":"2025-10-15T11:13:04","date_gmt":"2025-10-15T09:13:04","guid":{"rendered":"https:\/\/www.unipatis.fr\/produit\/rocher-glazuur-passie-halloweensmaak\/"},"modified":"2026-04-12T08:37:06","modified_gmt":"2026-04-12T06:37:06","slug":"rocher-glazuur-passie-halloweensmaak","status":"publish","type":"product","link":"https:\/\/www.unipatis.fr\/nl\/produit\/rocher-glazuur-passie-halloweensmaak\/","title":{"rendered":"Rocher-glazuur &#8211; Passie Halloweensmaak"},"content":{"rendered":"","protected":false},"excerpt":{"rendered":"<p>Kant-en-klare, matte, ondoorzichtige chocoladeglazuur met gekarameliseerde hazelnootschilfers in Rocher-stijl. Pure chocolade, geen palmolie. <\/p>\n","protected":false},"featured_media":24578,"comment_status":"closed","ping_status":"closed","template":"","meta":{"_acf_changed":false,"inline_featured_image":false},"product_brand":[],"product_cat":[325],"product_tag":[],"class_list":{"0":"post-24577","1":"product","2":"type-product","3":"status-publish","4":"has-post-thumbnail","6":"product_cat-05-70-chocolade-crunch-glazuur","7":"sales-flash-overlay","8":"woocommerce-text-align-center","9":"woocommerce-image-align-center","10":"do-quantity-buttons","12":"first","13":"instock","14":"shipping-taxable","15":"product-type-simple"},"acf":[],"yoast_head":"<!-- This site is optimized with the Yoast SEO plugin v27.2 - https:\/\/yoast.com\/product\/yoast-seo-wordpress\/ -->\n<title>Rocher-glazuur - Passie Halloweensmaak - Unipatis<\/title>\n<meta name=\"description\" content=\"Ontdek onze Gla\u00e7age fa\u00e7on Rocher - Saveur Passion, een creatie van Unip\u00e2tis met een exotische smaak en knapperige textuur. Perfect voor je desserts en halloweenlogs, het combineert fruitige intensiteit en een glanzende afwerking voor een spectaculair resultaat.\" \/>\n<meta name=\"robots\" content=\"index, follow, max-snippet:-1, max-image-preview:large, max-video-preview:-1\" \/>\n<link rel=\"canonical\" href=\"https:\/\/www.unipatis.fr\/nl\/produit\/rocher-glazuur-passie-halloweensmaak\/\" \/>\n<meta property=\"og:locale\" content=\"nl_NL\" \/>\n<meta property=\"og:type\" content=\"article\" \/>\n<meta property=\"og:title\" content=\"Rocher-glazuur - Passie Halloweensmaak - Unipatis\" \/>\n<meta property=\"og:description\" content=\"Ontdek onze Gla\u00e7age fa\u00e7on Rocher - Saveur Passion, een creatie van Unip\u00e2tis met een exotische smaak en knapperige textuur. Perfect voor je desserts en halloweenlogs, het combineert fruitige intensiteit en een glanzende afwerking voor een spectaculair resultaat.\" \/>\n<meta property=\"og:url\" content=\"https:\/\/www.unipatis.fr\/nl\/produit\/rocher-glazuur-passie-halloweensmaak\/\" \/>\n<meta property=\"og:site_name\" content=\"Unipatis\" \/>\n<meta property=\"article:publisher\" content=\"https:\/\/www.facebook.com\/unipatis\" \/>\n<meta property=\"article:modified_time\" content=\"2026-04-12T06:37:06+00:00\" \/>\n<meta property=\"og:image\" content=\"https:\/\/www.unipatis.fr\/wp-content\/uploads\/2025\/10\/Fourrage-Kadaif-Pro.png\" \/>\n\t<meta property=\"og:image:width\" content=\"490\" \/>\n\t<meta property=\"og:image:height\" content=\"450\" \/>\n\t<meta property=\"og:image:type\" content=\"image\/png\" \/>\n<meta name=\"twitter:card\" content=\"summary_large_image\" \/>\n<script type=\"application\/ld+json\" class=\"yoast-schema-graph\">{\"@context\":\"https:\/\/schema.org\",\"@graph\":[{\"@type\":\"WebPage\",\"@id\":\"https:\/\/www.unipatis.fr\/nl\/produit\/rocher-glazuur-passie-halloweensmaak\/\",\"url\":\"https:\/\/www.unipatis.fr\/nl\/produit\/rocher-glazuur-passie-halloweensmaak\/\",\"name\":\"Rocher-glazuur - Passie Halloweensmaak - Unipatis\",\"isPartOf\":{\"@id\":\"https:\/\/www.unipatis.fr\/en\/#website\"},\"primaryImageOfPage\":{\"@id\":\"https:\/\/www.unipatis.fr\/nl\/produit\/rocher-glazuur-passie-halloweensmaak\/#primaryimage\"},\"image\":{\"@id\":\"https:\/\/www.unipatis.fr\/nl\/produit\/rocher-glazuur-passie-halloweensmaak\/#primaryimage\"},\"thumbnailUrl\":\"https:\/\/www.unipatis.fr\/wp-content\/uploads\/2025\/10\/Fourrage-Kadaif-Pro.png\",\"datePublished\":\"2025-10-15T09:13:04+00:00\",\"dateModified\":\"2026-04-12T06:37:06+00:00\",\"description\":\"Ontdek onze Gla\u00e7age fa\u00e7on Rocher - Saveur Passion, een creatie van Unip\u00e2tis met een exotische smaak en knapperige textuur. Perfect voor je desserts en halloweenlogs, het combineert fruitige intensiteit en een glanzende afwerking voor een spectaculair resultaat.\",\"breadcrumb\":{\"@id\":\"https:\/\/www.unipatis.fr\/nl\/produit\/rocher-glazuur-passie-halloweensmaak\/#breadcrumb\"},\"inLanguage\":\"nl-NL\",\"potentialAction\":[{\"@type\":\"ReadAction\",\"target\":[\"https:\/\/www.unipatis.fr\/nl\/produit\/rocher-glazuur-passie-halloweensmaak\/\"]}]},{\"@type\":\"ImageObject\",\"inLanguage\":\"nl-NL\",\"@id\":\"https:\/\/www.unipatis.fr\/nl\/produit\/rocher-glazuur-passie-halloweensmaak\/#primaryimage\",\"url\":\"https:\/\/www.unipatis.fr\/wp-content\/uploads\/2025\/10\/Fourrage-Kadaif-Pro.png\",\"contentUrl\":\"https:\/\/www.unipatis.fr\/wp-content\/uploads\/2025\/10\/Fourrage-Kadaif-Pro.png\",\"width\":490,\"height\":450,\"caption\":\"Voedergewassen Kada\u00eff Pro unipatis\"},{\"@type\":\"BreadcrumbList\",\"@id\":\"https:\/\/www.unipatis.fr\/nl\/produit\/rocher-glazuur-passie-halloweensmaak\/#breadcrumb\",\"itemListElement\":[{\"@type\":\"ListItem\",\"position\":1,\"name\":\"Accueil\",\"item\":\"https:\/\/www.unipatis.fr\/nl\/home\/\"},{\"@type\":\"ListItem\",\"position\":2,\"name\":\"Winkel op\",\"item\":\"https:\/\/www.unipatis.fr\/nl\/winkel-op\/\"},{\"@type\":\"ListItem\",\"position\":3,\"name\":\"Rocher-glazuur &#8211; Passie Halloweensmaak\"}]},{\"@type\":\"WebSite\",\"@id\":\"https:\/\/www.unipatis.fr\/en\/#website\",\"url\":\"https:\/\/www.unipatis.fr\/en\/\",\"name\":\"Unipatis\",\"description\":\"Unipatis Maison est une entreprise familiale sp\u00e9cialis\u00e9e dans la fabrication d&#039;ingr\u00e9dients p\u00e2tissiers et chocolatiers depuis quatre g\u00e9n\u00e9rations.\",\"publisher\":{\"@id\":\"https:\/\/www.unipatis.fr\/en\/#organization\"},\"potentialAction\":[{\"@type\":\"SearchAction\",\"target\":{\"@type\":\"EntryPoint\",\"urlTemplate\":\"https:\/\/www.unipatis.fr\/en\/?s={search_term_string}\"},\"query-input\":{\"@type\":\"PropertyValueSpecification\",\"valueRequired\":true,\"valueName\":\"search_term_string\"}}],\"inLanguage\":\"nl-NL\"},{\"@type\":\"Organization\",\"@id\":\"https:\/\/www.unipatis.fr\/en\/#organization\",\"name\":\"Unipatis\",\"url\":\"https:\/\/www.unipatis.fr\/en\/\",\"logo\":{\"@type\":\"ImageObject\",\"inLanguage\":\"nl-NL\",\"@id\":\"https:\/\/www.unipatis.fr\/en\/#\/schema\/logo\/image\/\",\"url\":\"https:\/\/www.unipatis.fr\/wp-content\/uploads\/2021\/10\/UNIPATIS_logo_flag_2021-1.svg\",\"contentUrl\":\"https:\/\/www.unipatis.fr\/wp-content\/uploads\/2021\/10\/UNIPATIS_logo_flag_2021-1.svg\",\"width\":150,\"height\":184,\"caption\":\"Unipatis\"},\"image\":{\"@id\":\"https:\/\/www.unipatis.fr\/en\/#\/schema\/logo\/image\/\"},\"sameAs\":[\"https:\/\/www.facebook.com\/unipatis\",\"https:\/\/www.instagram.com\/unipatis\",\"https:\/\/www.youtube.com\/@Unipatis\"]}]}<\/script>\n<!-- \/ Yoast SEO plugin. -->","yoast_head_json":{"title":"Rocher-glazuur - Passie Halloweensmaak - Unipatis","description":"Ontdek onze Gla\u00e7age fa\u00e7on Rocher - Saveur Passion, een creatie van Unip\u00e2tis met een exotische smaak en knapperige textuur. Perfect voor je desserts en halloweenlogs, het combineert fruitige intensiteit en een glanzende afwerking voor een spectaculair resultaat.","robots":{"index":"index","follow":"follow","max-snippet":"max-snippet:-1","max-image-preview":"max-image-preview:large","max-video-preview":"max-video-preview:-1"},"canonical":"https:\/\/www.unipatis.fr\/nl\/produit\/rocher-glazuur-passie-halloweensmaak\/","og_locale":"nl_NL","og_type":"article","og_title":"Rocher-glazuur - Passie Halloweensmaak - Unipatis","og_description":"Ontdek onze Gla\u00e7age fa\u00e7on Rocher - Saveur Passion, een creatie van Unip\u00e2tis met een exotische smaak en knapperige textuur. Perfect voor je desserts en halloweenlogs, het combineert fruitige intensiteit en een glanzende afwerking voor een spectaculair resultaat.","og_url":"https:\/\/www.unipatis.fr\/nl\/produit\/rocher-glazuur-passie-halloweensmaak\/","og_site_name":"Unipatis","article_publisher":"https:\/\/www.facebook.com\/unipatis","article_modified_time":"2026-04-12T06:37:06+00:00","og_image":[{"width":490,"height":450,"url":"https:\/\/www.unipatis.fr\/wp-content\/uploads\/2025\/10\/Fourrage-Kadaif-Pro.png","type":"image\/png"}],"twitter_card":"summary_large_image","schema":{"@context":"https:\/\/schema.org","@graph":[{"@type":"WebPage","@id":"https:\/\/www.unipatis.fr\/nl\/produit\/rocher-glazuur-passie-halloweensmaak\/","url":"https:\/\/www.unipatis.fr\/nl\/produit\/rocher-glazuur-passie-halloweensmaak\/","name":"Rocher-glazuur - Passie Halloweensmaak - Unipatis","isPartOf":{"@id":"https:\/\/www.unipatis.fr\/en\/#website"},"primaryImageOfPage":{"@id":"https:\/\/www.unipatis.fr\/nl\/produit\/rocher-glazuur-passie-halloweensmaak\/#primaryimage"},"image":{"@id":"https:\/\/www.unipatis.fr\/nl\/produit\/rocher-glazuur-passie-halloweensmaak\/#primaryimage"},"thumbnailUrl":"https:\/\/www.unipatis.fr\/wp-content\/uploads\/2025\/10\/Fourrage-Kadaif-Pro.png","datePublished":"2025-10-15T09:13:04+00:00","dateModified":"2026-04-12T06:37:06+00:00","description":"Ontdek onze Gla\u00e7age fa\u00e7on Rocher - Saveur Passion, een creatie van Unip\u00e2tis met een exotische smaak en knapperige textuur. Perfect voor je desserts en halloweenlogs, het combineert fruitige intensiteit en een glanzende afwerking voor een spectaculair resultaat.","breadcrumb":{"@id":"https:\/\/www.unipatis.fr\/nl\/produit\/rocher-glazuur-passie-halloweensmaak\/#breadcrumb"},"inLanguage":"nl-NL","potentialAction":[{"@type":"ReadAction","target":["https:\/\/www.unipatis.fr\/nl\/produit\/rocher-glazuur-passie-halloweensmaak\/"]}]},{"@type":"ImageObject","inLanguage":"nl-NL","@id":"https:\/\/www.unipatis.fr\/nl\/produit\/rocher-glazuur-passie-halloweensmaak\/#primaryimage","url":"https:\/\/www.unipatis.fr\/wp-content\/uploads\/2025\/10\/Fourrage-Kadaif-Pro.png","contentUrl":"https:\/\/www.unipatis.fr\/wp-content\/uploads\/2025\/10\/Fourrage-Kadaif-Pro.png","width":490,"height":450,"caption":"Voedergewassen Kada\u00eff Pro unipatis"},{"@type":"BreadcrumbList","@id":"https:\/\/www.unipatis.fr\/nl\/produit\/rocher-glazuur-passie-halloweensmaak\/#breadcrumb","itemListElement":[{"@type":"ListItem","position":1,"name":"Accueil","item":"https:\/\/www.unipatis.fr\/nl\/home\/"},{"@type":"ListItem","position":2,"name":"Winkel op","item":"https:\/\/www.unipatis.fr\/nl\/winkel-op\/"},{"@type":"ListItem","position":3,"name":"Rocher-glazuur &#8211; Passie Halloweensmaak"}]},{"@type":"WebSite","@id":"https:\/\/www.unipatis.fr\/en\/#website","url":"https:\/\/www.unipatis.fr\/en\/","name":"Unipatis","description":"Unipatis Maison est une entreprise familiale sp\u00e9cialis\u00e9e dans la fabrication d&#039;ingr\u00e9dients p\u00e2tissiers et chocolatiers depuis quatre g\u00e9n\u00e9rations.","publisher":{"@id":"https:\/\/www.unipatis.fr\/en\/#organization"},"potentialAction":[{"@type":"SearchAction","target":{"@type":"EntryPoint","urlTemplate":"https:\/\/www.unipatis.fr\/en\/?s={search_term_string}"},"query-input":{"@type":"PropertyValueSpecification","valueRequired":true,"valueName":"search_term_string"}}],"inLanguage":"nl-NL"},{"@type":"Organization","@id":"https:\/\/www.unipatis.fr\/en\/#organization","name":"Unipatis","url":"https:\/\/www.unipatis.fr\/en\/","logo":{"@type":"ImageObject","inLanguage":"nl-NL","@id":"https:\/\/www.unipatis.fr\/en\/#\/schema\/logo\/image\/","url":"https:\/\/www.unipatis.fr\/wp-content\/uploads\/2021\/10\/UNIPATIS_logo_flag_2021-1.svg","contentUrl":"https:\/\/www.unipatis.fr\/wp-content\/uploads\/2021\/10\/UNIPATIS_logo_flag_2021-1.svg","width":150,"height":184,"caption":"Unipatis"},"image":{"@id":"https:\/\/www.unipatis.fr\/en\/#\/schema\/logo\/image\/"},"sameAs":["https:\/\/www.facebook.com\/unipatis","https:\/\/www.instagram.com\/unipatis","https:\/\/www.youtube.com\/@Unipatis"]}]}},"_links":{"self":[{"href":"https:\/\/www.unipatis.fr\/nl\/wp-json\/wp\/v2\/product\/24577","targetHints":{"allow":["GET"]}}],"collection":[{"href":"https:\/\/www.unipatis.fr\/nl\/wp-json\/wp\/v2\/product"}],"about":[{"href":"https:\/\/www.unipatis.fr\/nl\/wp-json\/wp\/v2\/types\/product"}],"replies":[{"embeddable":true,"href":"https:\/\/www.unipatis.fr\/nl\/wp-json\/wp\/v2\/comments?post=24577"}],"version-history":[{"count":1,"href":"https:\/\/www.unipatis.fr\/nl\/wp-json\/wp\/v2\/product\/24577\/revisions"}],"predecessor-version":[{"id":27723,"href":"https:\/\/www.unipatis.fr\/nl\/wp-json\/wp\/v2\/product\/24577\/revisions\/27723"}],"wp:featuredmedia":[{"embeddable":true,"href":"https:\/\/www.unipatis.fr\/nl\/wp-json\/wp\/v2\/media\/24578"}],"wp:attachment":[{"href":"https:\/\/www.unipatis.fr\/nl\/wp-json\/wp\/v2\/media?parent=24577"}],"wp:term":[{"taxonomy":"product_brand","embeddable":true,"href":"https:\/\/www.unipatis.fr\/nl\/wp-json\/wp\/v2\/product_brand?post=24577"},{"taxonomy":"product_cat","embeddable":true,"href":"https:\/\/www.unipatis.fr\/nl\/wp-json\/wp\/v2\/product_cat?post=24577"},{"taxonomy":"product_tag","embeddable":true,"href":"https:\/\/www.unipatis.fr\/nl\/wp-json\/wp\/v2\/product_tag?post=24577"}],"curies":[{"name":"wp","href":"https:\/\/api.w.org\/{rel}","templated":true}]}}