{"id":32681,"date":"2026-04-26T08:21:10","date_gmt":"2026-04-26T06:21:10","guid":{"rendered":"https:\/\/www.unipatis.fr\/produit\/zachte-vanille-karamel\/"},"modified":"2026-04-26T08:22:12","modified_gmt":"2026-04-26T06:22:12","slug":"zachte-vanille-karamel","status":"publish","type":"product","link":"https:\/\/www.unipatis.fr\/nl\/produit\/zachte-vanille-karamel\/","title":{"rendered":"Zachte vanille karamel"},"content":{"rendered":"","protected":false},"excerpt":{"rendered":"<p>Deze zachte karamel kan worden gebruikt als topping voor taarten en cheesecakes, of als vulling voor gebak en chocolade. Het is ook perfect als topping voor pannenkoeken en ijs. <\/p>\n<p>Sterke karamelsmaak met een koperachtige kleur, zonder kleur- of smaakstoffen.<\/p>\n","protected":false},"featured_media":32682,"comment_status":"closed","ping_status":"closed","template":"","meta":{"_acf_changed":false,"inline_featured_image":false},"product_brand":[],"product_cat":[555],"product_tag":[],"class_list":{"0":"post-32681","1":"product","2":"type-product","3":"status-publish","4":"has-post-thumbnail","6":"product_cat-22-karamel-en-vruchtensauzen","7":"sales-flash-overlay","8":"woocommerce-text-align-center","9":"woocommerce-image-align-center","10":"do-quantity-buttons","12":"first","13":"instock","14":"product-type-simple"},"acf":[],"yoast_head":"<!-- This site is optimized with the Yoast SEO plugin v27.2 - https:\/\/yoast.com\/product\/yoast-seo-wordpress\/ -->\n<title>Zachte vanille karamel - Unipatis<\/title>\n<meta name=\"description\" content=\"Unipatis zachte vanillekaramel: een romige, heerlijke vulling, ideaal om desserts, gebak, ijs en tussengerechten te toppen, te vullen of te verrijken.\" \/>\n<meta name=\"robots\" content=\"index, follow, max-snippet:-1, max-image-preview:large, max-video-preview:-1\" \/>\n<link rel=\"canonical\" href=\"https:\/\/www.unipatis.fr\/nl\/produit\/zachte-vanille-karamel\/\" \/>\n<meta property=\"og:locale\" content=\"nl_NL\" \/>\n<meta property=\"og:type\" content=\"article\" \/>\n<meta property=\"og:title\" content=\"Zachte vanille karamel - Unipatis\" \/>\n<meta property=\"og:description\" content=\"Unipatis zachte vanillekaramel: een romige, heerlijke vulling, ideaal om desserts, gebak, ijs en tussengerechten te toppen, te vullen of te verrijken.\" \/>\n<meta property=\"og:url\" content=\"https:\/\/www.unipatis.fr\/nl\/produit\/zachte-vanille-karamel\/\" \/>\n<meta property=\"og:site_name\" content=\"Unipatis\" \/>\n<meta property=\"article:publisher\" content=\"https:\/\/www.facebook.com\/unipatis\" \/>\n<meta property=\"article:modified_time\" content=\"2026-04-26T06:22:12+00:00\" \/>\n<meta property=\"og:image\" content=\"https:\/\/www.unipatis.fr\/wp-content\/uploads\/2026\/04\/Caramel-souple-vanille.png\" \/>\n\t<meta property=\"og:image:width\" content=\"600\" \/>\n\t<meta property=\"og:image:height\" content=\"600\" \/>\n\t<meta property=\"og:image:type\" content=\"image\/png\" \/>\n<meta name=\"twitter:card\" content=\"summary_large_image\" \/>\n<script type=\"application\/ld+json\" class=\"yoast-schema-graph\">{\"@context\":\"https:\/\/schema.org\",\"@graph\":[{\"@type\":\"WebPage\",\"@id\":\"https:\/\/www.unipatis.fr\/nl\/produit\/zachte-vanille-karamel\/\",\"url\":\"https:\/\/www.unipatis.fr\/nl\/produit\/zachte-vanille-karamel\/\",\"name\":\"Zachte vanille karamel - Unipatis\",\"isPartOf\":{\"@id\":\"https:\/\/www.unipatis.fr\/en\/#website\"},\"primaryImageOfPage\":{\"@id\":\"https:\/\/www.unipatis.fr\/nl\/produit\/zachte-vanille-karamel\/#primaryimage\"},\"image\":{\"@id\":\"https:\/\/www.unipatis.fr\/nl\/produit\/zachte-vanille-karamel\/#primaryimage\"},\"thumbnailUrl\":\"https:\/\/www.unipatis.fr\/wp-content\/uploads\/2026\/04\/Caramel-souple-vanille.png\",\"datePublished\":\"2026-04-26T06:21:10+00:00\",\"dateModified\":\"2026-04-26T06:22:12+00:00\",\"description\":\"Unipatis zachte vanillekaramel: een romige, heerlijke vulling, ideaal om desserts, gebak, ijs en tussengerechten te toppen, te vullen of te verrijken.\",\"breadcrumb\":{\"@id\":\"https:\/\/www.unipatis.fr\/nl\/produit\/zachte-vanille-karamel\/#breadcrumb\"},\"inLanguage\":\"nl-NL\",\"potentialAction\":[{\"@type\":\"ReadAction\",\"target\":[\"https:\/\/www.unipatis.fr\/nl\/produit\/zachte-vanille-karamel\/\"]}]},{\"@type\":\"ImageObject\",\"inLanguage\":\"nl-NL\",\"@id\":\"https:\/\/www.unipatis.fr\/nl\/produit\/zachte-vanille-karamel\/#primaryimage\",\"url\":\"https:\/\/www.unipatis.fr\/wp-content\/uploads\/2026\/04\/Caramel-souple-vanille.png\",\"contentUrl\":\"https:\/\/www.unipatis.fr\/wp-content\/uploads\/2026\/04\/Caramel-souple-vanille.png\",\"width\":600,\"height\":600,\"caption\":\"Zachte vanille karamel\"},{\"@type\":\"BreadcrumbList\",\"@id\":\"https:\/\/www.unipatis.fr\/nl\/produit\/zachte-vanille-karamel\/#breadcrumb\",\"itemListElement\":[{\"@type\":\"ListItem\",\"position\":1,\"name\":\"Accueil\",\"item\":\"https:\/\/www.unipatis.fr\/nl\/home\/\"},{\"@type\":\"ListItem\",\"position\":2,\"name\":\"Winkel op\",\"item\":\"https:\/\/www.unipatis.fr\/nl\/winkel-op\/\"},{\"@type\":\"ListItem\",\"position\":3,\"name\":\"Zachte vanille karamel\"}]},{\"@type\":\"WebSite\",\"@id\":\"https:\/\/www.unipatis.fr\/en\/#website\",\"url\":\"https:\/\/www.unipatis.fr\/en\/\",\"name\":\"Unipatis\",\"description\":\"Unipatis Maison est une entreprise familiale sp\u00e9cialis\u00e9e dans la fabrication d&#039;ingr\u00e9dients p\u00e2tissiers et chocolatiers depuis quatre g\u00e9n\u00e9rations.\",\"publisher\":{\"@id\":\"https:\/\/www.unipatis.fr\/en\/#organization\"},\"potentialAction\":[{\"@type\":\"SearchAction\",\"target\":{\"@type\":\"EntryPoint\",\"urlTemplate\":\"https:\/\/www.unipatis.fr\/en\/?s={search_term_string}\"},\"query-input\":{\"@type\":\"PropertyValueSpecification\",\"valueRequired\":true,\"valueName\":\"search_term_string\"}}],\"inLanguage\":\"nl-NL\"},{\"@type\":\"Organization\",\"@id\":\"https:\/\/www.unipatis.fr\/en\/#organization\",\"name\":\"Unipatis\",\"url\":\"https:\/\/www.unipatis.fr\/en\/\",\"logo\":{\"@type\":\"ImageObject\",\"inLanguage\":\"nl-NL\",\"@id\":\"https:\/\/www.unipatis.fr\/en\/#\/schema\/logo\/image\/\",\"url\":\"https:\/\/www.unipatis.fr\/wp-content\/uploads\/2021\/10\/UNIPATIS_logo_flag_2021-1.svg\",\"contentUrl\":\"https:\/\/www.unipatis.fr\/wp-content\/uploads\/2021\/10\/UNIPATIS_logo_flag_2021-1.svg\",\"width\":150,\"height\":184,\"caption\":\"Unipatis\"},\"image\":{\"@id\":\"https:\/\/www.unipatis.fr\/en\/#\/schema\/logo\/image\/\"},\"sameAs\":[\"https:\/\/www.facebook.com\/unipatis\",\"https:\/\/www.instagram.com\/unipatis\",\"https:\/\/www.youtube.com\/@Unipatis\"]}]}<\/script>\n<!-- \/ Yoast SEO plugin. -->","yoast_head_json":{"title":"Zachte vanille karamel - Unipatis","description":"Unipatis zachte vanillekaramel: een romige, heerlijke vulling, ideaal om desserts, gebak, ijs en tussengerechten te toppen, te vullen of te verrijken.","robots":{"index":"index","follow":"follow","max-snippet":"max-snippet:-1","max-image-preview":"max-image-preview:large","max-video-preview":"max-video-preview:-1"},"canonical":"https:\/\/www.unipatis.fr\/nl\/produit\/zachte-vanille-karamel\/","og_locale":"nl_NL","og_type":"article","og_title":"Zachte vanille karamel - Unipatis","og_description":"Unipatis zachte vanillekaramel: een romige, heerlijke vulling, ideaal om desserts, gebak, ijs en tussengerechten te toppen, te vullen of te verrijken.","og_url":"https:\/\/www.unipatis.fr\/nl\/produit\/zachte-vanille-karamel\/","og_site_name":"Unipatis","article_publisher":"https:\/\/www.facebook.com\/unipatis","article_modified_time":"2026-04-26T06:22:12+00:00","og_image":[{"width":600,"height":600,"url":"https:\/\/www.unipatis.fr\/wp-content\/uploads\/2026\/04\/Caramel-souple-vanille.png","type":"image\/png"}],"twitter_card":"summary_large_image","schema":{"@context":"https:\/\/schema.org","@graph":[{"@type":"WebPage","@id":"https:\/\/www.unipatis.fr\/nl\/produit\/zachte-vanille-karamel\/","url":"https:\/\/www.unipatis.fr\/nl\/produit\/zachte-vanille-karamel\/","name":"Zachte vanille karamel - Unipatis","isPartOf":{"@id":"https:\/\/www.unipatis.fr\/en\/#website"},"primaryImageOfPage":{"@id":"https:\/\/www.unipatis.fr\/nl\/produit\/zachte-vanille-karamel\/#primaryimage"},"image":{"@id":"https:\/\/www.unipatis.fr\/nl\/produit\/zachte-vanille-karamel\/#primaryimage"},"thumbnailUrl":"https:\/\/www.unipatis.fr\/wp-content\/uploads\/2026\/04\/Caramel-souple-vanille.png","datePublished":"2026-04-26T06:21:10+00:00","dateModified":"2026-04-26T06:22:12+00:00","description":"Unipatis zachte vanillekaramel: een romige, heerlijke vulling, ideaal om desserts, gebak, ijs en tussengerechten te toppen, te vullen of te verrijken.","breadcrumb":{"@id":"https:\/\/www.unipatis.fr\/nl\/produit\/zachte-vanille-karamel\/#breadcrumb"},"inLanguage":"nl-NL","potentialAction":[{"@type":"ReadAction","target":["https:\/\/www.unipatis.fr\/nl\/produit\/zachte-vanille-karamel\/"]}]},{"@type":"ImageObject","inLanguage":"nl-NL","@id":"https:\/\/www.unipatis.fr\/nl\/produit\/zachte-vanille-karamel\/#primaryimage","url":"https:\/\/www.unipatis.fr\/wp-content\/uploads\/2026\/04\/Caramel-souple-vanille.png","contentUrl":"https:\/\/www.unipatis.fr\/wp-content\/uploads\/2026\/04\/Caramel-souple-vanille.png","width":600,"height":600,"caption":"Zachte vanille karamel"},{"@type":"BreadcrumbList","@id":"https:\/\/www.unipatis.fr\/nl\/produit\/zachte-vanille-karamel\/#breadcrumb","itemListElement":[{"@type":"ListItem","position":1,"name":"Accueil","item":"https:\/\/www.unipatis.fr\/nl\/home\/"},{"@type":"ListItem","position":2,"name":"Winkel op","item":"https:\/\/www.unipatis.fr\/nl\/winkel-op\/"},{"@type":"ListItem","position":3,"name":"Zachte vanille karamel"}]},{"@type":"WebSite","@id":"https:\/\/www.unipatis.fr\/en\/#website","url":"https:\/\/www.unipatis.fr\/en\/","name":"Unipatis","description":"Unipatis Maison est une entreprise familiale sp\u00e9cialis\u00e9e dans la fabrication d&#039;ingr\u00e9dients p\u00e2tissiers et chocolatiers depuis quatre g\u00e9n\u00e9rations.","publisher":{"@id":"https:\/\/www.unipatis.fr\/en\/#organization"},"potentialAction":[{"@type":"SearchAction","target":{"@type":"EntryPoint","urlTemplate":"https:\/\/www.unipatis.fr\/en\/?s={search_term_string}"},"query-input":{"@type":"PropertyValueSpecification","valueRequired":true,"valueName":"search_term_string"}}],"inLanguage":"nl-NL"},{"@type":"Organization","@id":"https:\/\/www.unipatis.fr\/en\/#organization","name":"Unipatis","url":"https:\/\/www.unipatis.fr\/en\/","logo":{"@type":"ImageObject","inLanguage":"nl-NL","@id":"https:\/\/www.unipatis.fr\/en\/#\/schema\/logo\/image\/","url":"https:\/\/www.unipatis.fr\/wp-content\/uploads\/2021\/10\/UNIPATIS_logo_flag_2021-1.svg","contentUrl":"https:\/\/www.unipatis.fr\/wp-content\/uploads\/2021\/10\/UNIPATIS_logo_flag_2021-1.svg","width":150,"height":184,"caption":"Unipatis"},"image":{"@id":"https:\/\/www.unipatis.fr\/en\/#\/schema\/logo\/image\/"},"sameAs":["https:\/\/www.facebook.com\/unipatis","https:\/\/www.instagram.com\/unipatis","https:\/\/www.youtube.com\/@Unipatis"]}]}},"_links":{"self":[{"href":"https:\/\/www.unipatis.fr\/nl\/wp-json\/wp\/v2\/product\/32681","targetHints":{"allow":["GET"]}}],"collection":[{"href":"https:\/\/www.unipatis.fr\/nl\/wp-json\/wp\/v2\/product"}],"about":[{"href":"https:\/\/www.unipatis.fr\/nl\/wp-json\/wp\/v2\/types\/product"}],"replies":[{"embeddable":true,"href":"https:\/\/www.unipatis.fr\/nl\/wp-json\/wp\/v2\/comments?post=32681"}],"version-history":[{"count":1,"href":"https:\/\/www.unipatis.fr\/nl\/wp-json\/wp\/v2\/product\/32681\/revisions"}],"predecessor-version":[{"id":32688,"href":"https:\/\/www.unipatis.fr\/nl\/wp-json\/wp\/v2\/product\/32681\/revisions\/32688"}],"wp:featuredmedia":[{"embeddable":true,"href":"https:\/\/www.unipatis.fr\/nl\/wp-json\/wp\/v2\/media\/32682"}],"wp:attachment":[{"href":"https:\/\/www.unipatis.fr\/nl\/wp-json\/wp\/v2\/media?parent=32681"}],"wp:term":[{"taxonomy":"product_brand","embeddable":true,"href":"https:\/\/www.unipatis.fr\/nl\/wp-json\/wp\/v2\/product_brand?post=32681"},{"taxonomy":"product_cat","embeddable":true,"href":"https:\/\/www.unipatis.fr\/nl\/wp-json\/wp\/v2\/product_cat?post=32681"},{"taxonomy":"product_tag","embeddable":true,"href":"https:\/\/www.unipatis.fr\/nl\/wp-json\/wp\/v2\/product_tag?post=32681"}],"curies":[{"name":"wp","href":"https:\/\/api.w.org\/{rel}","templated":true}]}}