{"id":17009,"date":"2024-08-23T17:27:21","date_gmt":"2024-08-23T15:27:21","guid":{"rendered":"https:\/\/www.unipatis.fr\/informatii-juridice\/"},"modified":"2025-12-16T09:37:25","modified_gmt":"2025-12-16T08:37:25","slug":"informatii-juridice","status":"publish","type":"page","link":"https:\/\/www.unipatis.fr\/ro\/informatii-juridice\/","title":{"rendered":"Informa\u021bii juridice"},"content":{"rendered":"\t\t<div data-elementor-type=\"wp-page\" data-elementor-id=\"17009\" class=\"elementor elementor-17009 elementor-33\" data-elementor-post-type=\"page\">\n\t\t\t\t\t\t<section class=\"elementor-section elementor-top-section elementor-element elementor-element-74c3687 elementor-section-boxed elementor-section-height-default elementor-section-height-default\" data-id=\"74c3687\" data-element_type=\"section\" data-e-type=\"section\">\n\t\t\t\t\t\t<div class=\"elementor-container elementor-column-gap-default\">\n\t\t\t\t\t<div class=\"elementor-column elementor-col-100 elementor-top-column elementor-element elementor-element-8763ae2\" data-id=\"8763ae2\" data-element_type=\"column\" data-e-type=\"column\">\n\t\t\t<div class=\"elementor-widget-wrap elementor-element-populated\">\n\t\t\t\t\t\t<div class=\"elementor-element elementor-element-6fd4f8e elementor-widget elementor-widget-text-editor\" data-id=\"6fd4f8e\" data-element_type=\"widget\" data-e-type=\"widget\" data-widget_type=\"text-editor.default\">\n\t\t\t\t<div class=\"elementor-widget-container\">\n\t\t\t\t\t\t\t\t\t<p>Notificare legal\u0103: Acest site web este proprietatea Mediapilote Caen, al c\u0103rui sediu social este situat la urm\u0103toarea adres\u0103:<\/p>\t\t\t\t\t\t\t\t<\/div>\n\t\t\t\t<\/div>\n\t\t\t\t<div class=\"elementor-element elementor-element-34b29a2 elementor-widget elementor-widget-text-editor\" data-id=\"34b29a2\" data-element_type=\"widget\" data-e-type=\"widget\" data-widget_type=\"text-editor.default\">\n\t\t\t\t<div class=\"elementor-widget-container\">\n\t\t\t\t\t\t\t\t\t<p>80 Avenue de Thi\u00e8s<\/p>\n<p>&nbsp; 14000 CAEN<\/p>\n<p>Directorul de publicare al site-ului este raphael marieux, \u00een calitate de manager de proiect web.<\/p>\n<p>Furnizorul de g\u0103zduire este Medialibs.<\/p>\n<p>Site-ul a fost creat de agen\u021bia mediapilote.<\/p>\n<p>Utilizatorul este informat prin prezenta c\u0103, \u00een conformitate cu articolul 27 din Legea francez\u0103 privind protec\u021bia datelor din 6 ianuarie 1978, informa\u021biile comunicate de utilizator prin intermediul formularelor de pe site sunt necesare pentru a r\u0103spunde la cererea sa \u0219i sunt destinate exclusiv Mediapilote Caen, \u00een scopuri de gestionare administrativ\u0103.<\/p>\n<p>Utilizatorii site-ului sunt obliga\u021bi s\u0103 respecte dispozi\u021biile legii privind prelucrarea datelor, fi\u0219ierele de date \u0219i libert\u0103\u021bile individuale, a c\u0103ror \u00eenc\u0103lcare este pasibil\u0103 de sanc\u021biuni penale.<\/p>\n<p>\u00cen special, ace\u0219tia trebuie s\u0103 se ab\u021bin\u0103 de la colectarea sau utilizarea abuziv\u0103 a oric\u0103ror informa\u021bii personale la care au acces \u0219i, \u00een general, de la orice act care ar putea aduce atingere Mediapilote Caen, vie\u021bii private sau reputa\u021biei persoanelor.<\/p>\n<p>Structura general\u0103, textele, imaginile (animate sau nu), know-how-ul \u0219i toate celelalte elemente care alc\u0103tuiesc site-ul sunt proprietatea exclusiv\u0103 a Mediapilote.<\/p>\n<p>Orice reprezentare total\u0103 sau par\u021bial\u0103 a acestui site de c\u0103tre orice societate, f\u0103r\u0103 autoriza\u021bia expres\u0103 a Mediapilote, este interzis\u0103 \u0219i constituie o infrac\u021biune pedepsit\u0103 de articolele L.335-2 \u0219i urm\u0103toarele din Codul francez al propriet\u0103\u021bii intelectuale. Acela\u0219i lucru este valabil \u0219i pentru bazele de date care apar pe site, care sunt protejate de dispozi\u021biile Legii din 1 iulie 1998 de transpunere \u00een Codul propriet\u0103\u021bii intelectuale a Directivei europene din 11 martie 1996 privind protec\u021bia juridic\u0103 a bazelor de date. <\/p>\n<p>Prin urmare, orice reproducere total\u0103 sau par\u021bial\u0103 a m\u0103rcilor comerciale sau a logo-urilor, realizat\u0103 din elemente ale site-ului f\u0103r\u0103 permisiunea expres\u0103 a titularului sau a titularilor drepturilor aferente, este interzis\u0103, \u00een sensul articolului L.713-2 din Codul francez al propriet\u0103\u021bii intelectuale.<\/p>\n<p>Leg\u0103turile hipertext instituite pe site pot conduce utilizatorul c\u0103tre diverse site-uri. Se precizeaz\u0103 c\u0103 site-ul mediapilote nu a verificat toate site-urile care pot fi legate de site-ul propriu, con\u021binutul acestora \u0219i informa\u021biile con\u021binute de acestea \u0219i invit\u0103 utilizatorii, pe propria r\u0103spundere, s\u0103 valideze conformitatea, exactitatea, exhaustivitatea \u0219i\/sau legalitatea informa\u021biilor \u0219i\/sau con\u021binutului la care au acces pe aceste site-uri. Prin urmare, Mediapilote \u00ee\u0219i declin\u0103 orice responsabilitate pentru con\u021binutul \u0219i serviciile oferite pe site-urile la care vizitatorul are acces prin intermediul hiperlinkurilor de pe site-ul Mediapilote \u0219i pentru utilizarea f\u0103cut\u0103 de utilizator a acestor site-uri. Utilizatorii sunt singurii responsabili pentru utilizarea acestor site-uri.   <\/p>\n<p>Utilizatorii \u0219i vizitatorii site-ului nu pot crea un hyperlink c\u0103tre acest site f\u0103r\u0103 autorizarea prealabil\u0103 expres\u0103 a Mediapilote.<\/p>\n<p>Mediapilote depune toate eforturile pentru a furniza utilizatorilor informa\u021bii \u0219i\/sau instrumente disponibile \u0219i verificate, dar nu poate fi \u00een niciun caz considerat\u0103 responsabil\u0103 pentru erorile, lipsa disponibilit\u0103\u021bii informa\u021biilor \u0219i\/sau prezen\u021ba viru\u0219ilor pe site-ul s\u0103u.<\/p>\t\t\t\t\t\t\t\t<\/div>\n\t\t\t\t<\/div>\n\t\t\t\t\t<\/div>\n\t\t<\/div>\n\t\t\t\t\t<\/div>\n\t\t<\/section>\n\t\t\t\t<\/div>\n\t\t","protected":false},"excerpt":{"rendered":"<p>Notificare legal\u0103: Acest site web este proprietatea Mediapilote Caen, al c\u0103rui sediu social este situat la urm\u0103toarea adres\u0103: 80 Avenue de Thi\u00e8s &nbsp; 14000 CAEN Directorul de publicare al site-ului este raphael marieux, \u00een calitate de manager de proiect web. Furnizorul de g\u0103zduire este Medialibs. Site-ul a fost creat de agen\u021bia mediapilote. Utilizatorul este informat &#8230; <a title=\"Informa\u021bii juridice\" class=\"read-more\" href=\"https:\/\/www.unipatis.fr\/ro\/informatii-juridice\/\" aria-label=\"Cite\u0219te mai multe despre Informa\u021bii juridice\">Read more<\/a><\/p>\n","protected":false},"author":1,"featured_media":0,"parent":0,"menu_order":0,"comment_status":"closed","ping_status":"closed","template":"","meta":{"_acf_changed":false,"inline_featured_image":false,"footnotes":""},"class_list":["post-17009","page","type-page","status-publish"],"acf":[],"yoast_head":"<!-- This site is optimized with the Yoast SEO plugin v27.2 - https:\/\/yoast.com\/product\/yoast-seo-wordpress\/ -->\n<title>Informa\u021bii juridice - Unipatis<\/title>\n<meta name=\"description\" content=\"Not\u0103 juridic\u0103 Unipatis - Informa\u021bii despre editorul site-ului, g\u0103zduire, proprietate intelectual\u0103 \u0219i utilizare. M\u00e9diapilote Caen, 80 Avenue de Thi\u00e8s, 14000 Caen.\" \/>\n<meta name=\"robots\" content=\"index, follow, max-snippet:-1, max-image-preview:large, max-video-preview:-1\" \/>\n<link rel=\"canonical\" href=\"https:\/\/www.unipatis.fr\/ro\/informatii-juridice\/\" \/>\n<meta property=\"og:locale\" content=\"ro_RO\" \/>\n<meta property=\"og:type\" content=\"article\" \/>\n<meta property=\"og:title\" content=\"Informa\u021bii juridice - Unipatis\" \/>\n<meta property=\"og:description\" content=\"Not\u0103 juridic\u0103 Unipatis - Informa\u021bii despre editorul site-ului, g\u0103zduire, proprietate intelectual\u0103 \u0219i utilizare. M\u00e9diapilote Caen, 80 Avenue de Thi\u00e8s, 14000 Caen.\" \/>\n<meta property=\"og:url\" content=\"https:\/\/www.unipatis.fr\/ro\/informatii-juridice\/\" \/>\n<meta property=\"og:site_name\" content=\"Unipatis\" \/>\n<meta property=\"article:publisher\" content=\"https:\/\/www.facebook.com\/unipatis\" \/>\n<meta property=\"article:modified_time\" content=\"2025-12-16T08:37:25+00:00\" \/>\n<meta name=\"twitter:card\" content=\"summary_large_image\" \/>\n<meta name=\"twitter:label1\" content=\"Timp estimat pentru citire\" \/>\n\t<meta name=\"twitter:data1\" content=\"3 minute\" \/>\n<script type=\"application\/ld+json\" class=\"yoast-schema-graph\">{\"@context\":\"https:\/\/schema.org\",\"@graph\":[{\"@type\":\"WebPage\",\"@id\":\"https:\/\/www.unipatis.fr\/ro\/informatii-juridice\/\",\"url\":\"https:\/\/www.unipatis.fr\/ro\/informatii-juridice\/\",\"name\":\"Informa\u021bii juridice - Unipatis\",\"isPartOf\":{\"@id\":\"https:\/\/www.unipatis.fr\/en\/#website\"},\"datePublished\":\"2024-08-23T15:27:21+00:00\",\"dateModified\":\"2025-12-16T08:37:25+00:00\",\"description\":\"Not\u0103 juridic\u0103 Unipatis - Informa\u021bii despre editorul site-ului, g\u0103zduire, proprietate intelectual\u0103 \u0219i utilizare. M\u00e9diapilote Caen, 80 Avenue de Thi\u00e8s, 14000 Caen.\",\"breadcrumb\":{\"@id\":\"https:\/\/www.unipatis.fr\/ro\/informatii-juridice\/#breadcrumb\"},\"inLanguage\":\"ro-RO\",\"potentialAction\":[{\"@type\":\"ReadAction\",\"target\":[\"https:\/\/www.unipatis.fr\/ro\/informatii-juridice\/\"]}]},{\"@type\":\"BreadcrumbList\",\"@id\":\"https:\/\/www.unipatis.fr\/ro\/informatii-juridice\/#breadcrumb\",\"itemListElement\":[{\"@type\":\"ListItem\",\"position\":1,\"name\":\"Accueil\",\"item\":\"https:\/\/www.unipatis.fr\/ro\/acasa\/\"},{\"@type\":\"ListItem\",\"position\":2,\"name\":\"Informa\u021bii juridice\"}]},{\"@type\":\"WebSite\",\"@id\":\"https:\/\/www.unipatis.fr\/en\/#website\",\"url\":\"https:\/\/www.unipatis.fr\/en\/\",\"name\":\"Unipatis\",\"description\":\"Unipatis Maison est une entreprise familiale sp\u00e9cialis\u00e9e dans la fabrication d&#039;ingr\u00e9dients p\u00e2tissiers et chocolatiers depuis quatre g\u00e9n\u00e9rations.\",\"publisher\":{\"@id\":\"https:\/\/www.unipatis.fr\/en\/#organization\"},\"potentialAction\":[{\"@type\":\"SearchAction\",\"target\":{\"@type\":\"EntryPoint\",\"urlTemplate\":\"https:\/\/www.unipatis.fr\/en\/?s={search_term_string}\"},\"query-input\":{\"@type\":\"PropertyValueSpecification\",\"valueRequired\":true,\"valueName\":\"search_term_string\"}}],\"inLanguage\":\"ro-RO\"},{\"@type\":\"Organization\",\"@id\":\"https:\/\/www.unipatis.fr\/en\/#organization\",\"name\":\"Unipatis\",\"url\":\"https:\/\/www.unipatis.fr\/en\/\",\"logo\":{\"@type\":\"ImageObject\",\"inLanguage\":\"ro-RO\",\"@id\":\"https:\/\/www.unipatis.fr\/en\/#\/schema\/logo\/image\/\",\"url\":\"https:\/\/www.unipatis.fr\/wp-content\/uploads\/2021\/10\/UNIPATIS_logo_flag_2021-1.svg\",\"contentUrl\":\"https:\/\/www.unipatis.fr\/wp-content\/uploads\/2021\/10\/UNIPATIS_logo_flag_2021-1.svg\",\"width\":150,\"height\":184,\"caption\":\"Unipatis\"},\"image\":{\"@id\":\"https:\/\/www.unipatis.fr\/en\/#\/schema\/logo\/image\/\"},\"sameAs\":[\"https:\/\/www.facebook.com\/unipatis\",\"https:\/\/www.instagram.com\/unipatis\",\"https:\/\/www.youtube.com\/@Unipatis\"]}]}<\/script>\n<!-- \/ Yoast SEO plugin. -->","yoast_head_json":{"title":"Informa\u021bii juridice - Unipatis","description":"Not\u0103 juridic\u0103 Unipatis - Informa\u021bii despre editorul site-ului, g\u0103zduire, proprietate intelectual\u0103 \u0219i utilizare. M\u00e9diapilote Caen, 80 Avenue de Thi\u00e8s, 14000 Caen.","robots":{"index":"index","follow":"follow","max-snippet":"max-snippet:-1","max-image-preview":"max-image-preview:large","max-video-preview":"max-video-preview:-1"},"canonical":"https:\/\/www.unipatis.fr\/ro\/informatii-juridice\/","og_locale":"ro_RO","og_type":"article","og_title":"Informa\u021bii juridice - Unipatis","og_description":"Not\u0103 juridic\u0103 Unipatis - Informa\u021bii despre editorul site-ului, g\u0103zduire, proprietate intelectual\u0103 \u0219i utilizare. M\u00e9diapilote Caen, 80 Avenue de Thi\u00e8s, 14000 Caen.","og_url":"https:\/\/www.unipatis.fr\/ro\/informatii-juridice\/","og_site_name":"Unipatis","article_publisher":"https:\/\/www.facebook.com\/unipatis","article_modified_time":"2025-12-16T08:37:25+00:00","twitter_card":"summary_large_image","twitter_misc":{"Timp estimat pentru citire":"3 minute"},"schema":{"@context":"https:\/\/schema.org","@graph":[{"@type":"WebPage","@id":"https:\/\/www.unipatis.fr\/ro\/informatii-juridice\/","url":"https:\/\/www.unipatis.fr\/ro\/informatii-juridice\/","name":"Informa\u021bii juridice - Unipatis","isPartOf":{"@id":"https:\/\/www.unipatis.fr\/en\/#website"},"datePublished":"2024-08-23T15:27:21+00:00","dateModified":"2025-12-16T08:37:25+00:00","description":"Not\u0103 juridic\u0103 Unipatis - Informa\u021bii despre editorul site-ului, g\u0103zduire, proprietate intelectual\u0103 \u0219i utilizare. M\u00e9diapilote Caen, 80 Avenue de Thi\u00e8s, 14000 Caen.","breadcrumb":{"@id":"https:\/\/www.unipatis.fr\/ro\/informatii-juridice\/#breadcrumb"},"inLanguage":"ro-RO","potentialAction":[{"@type":"ReadAction","target":["https:\/\/www.unipatis.fr\/ro\/informatii-juridice\/"]}]},{"@type":"BreadcrumbList","@id":"https:\/\/www.unipatis.fr\/ro\/informatii-juridice\/#breadcrumb","itemListElement":[{"@type":"ListItem","position":1,"name":"Accueil","item":"https:\/\/www.unipatis.fr\/ro\/acasa\/"},{"@type":"ListItem","position":2,"name":"Informa\u021bii juridice"}]},{"@type":"WebSite","@id":"https:\/\/www.unipatis.fr\/en\/#website","url":"https:\/\/www.unipatis.fr\/en\/","name":"Unipatis","description":"Unipatis Maison est une entreprise familiale sp\u00e9cialis\u00e9e dans la fabrication d&#039;ingr\u00e9dients p\u00e2tissiers et chocolatiers depuis quatre g\u00e9n\u00e9rations.","publisher":{"@id":"https:\/\/www.unipatis.fr\/en\/#organization"},"potentialAction":[{"@type":"SearchAction","target":{"@type":"EntryPoint","urlTemplate":"https:\/\/www.unipatis.fr\/en\/?s={search_term_string}"},"query-input":{"@type":"PropertyValueSpecification","valueRequired":true,"valueName":"search_term_string"}}],"inLanguage":"ro-RO"},{"@type":"Organization","@id":"https:\/\/www.unipatis.fr\/en\/#organization","name":"Unipatis","url":"https:\/\/www.unipatis.fr\/en\/","logo":{"@type":"ImageObject","inLanguage":"ro-RO","@id":"https:\/\/www.unipatis.fr\/en\/#\/schema\/logo\/image\/","url":"https:\/\/www.unipatis.fr\/wp-content\/uploads\/2021\/10\/UNIPATIS_logo_flag_2021-1.svg","contentUrl":"https:\/\/www.unipatis.fr\/wp-content\/uploads\/2021\/10\/UNIPATIS_logo_flag_2021-1.svg","width":150,"height":184,"caption":"Unipatis"},"image":{"@id":"https:\/\/www.unipatis.fr\/en\/#\/schema\/logo\/image\/"},"sameAs":["https:\/\/www.facebook.com\/unipatis","https:\/\/www.instagram.com\/unipatis","https:\/\/www.youtube.com\/@Unipatis"]}]}},"_links":{"self":[{"href":"https:\/\/www.unipatis.fr\/ro\/wp-json\/wp\/v2\/pages\/17009","targetHints":{"allow":["GET"]}}],"collection":[{"href":"https:\/\/www.unipatis.fr\/ro\/wp-json\/wp\/v2\/pages"}],"about":[{"href":"https:\/\/www.unipatis.fr\/ro\/wp-json\/wp\/v2\/types\/page"}],"author":[{"embeddable":true,"href":"https:\/\/www.unipatis.fr\/ro\/wp-json\/wp\/v2\/users\/1"}],"replies":[{"embeddable":true,"href":"https:\/\/www.unipatis.fr\/ro\/wp-json\/wp\/v2\/comments?post=17009"}],"version-history":[{"count":2,"href":"https:\/\/www.unipatis.fr\/ro\/wp-json\/wp\/v2\/pages\/17009\/revisions"}],"predecessor-version":[{"id":30376,"href":"https:\/\/www.unipatis.fr\/ro\/wp-json\/wp\/v2\/pages\/17009\/revisions\/30376"}],"wp:attachment":[{"href":"https:\/\/www.unipatis.fr\/ro\/wp-json\/wp\/v2\/media?parent=17009"}],"curies":[{"name":"wp","href":"https:\/\/api.w.org\/{rel}","templated":true}]}}