{"id":17032,"date":"2024-08-23T17:27:33","date_gmt":"2024-08-23T15:27:33","guid":{"rendered":"https:\/\/www.unipatis.fr\/politica-de-confidentialitate\/"},"modified":"2025-12-16T09:36:06","modified_gmt":"2025-12-16T08:36:06","slug":"politica-de-confidentialitate","status":"publish","type":"page","link":"https:\/\/www.unipatis.fr\/ro\/politica-de-confidentialitate\/","title":{"rendered":"Politica de confiden\u021bialitate"},"content":{"rendered":"\t\t<div data-elementor-type=\"wp-page\" data-elementor-id=\"17032\" class=\"elementor elementor-17032 elementor-3\" data-elementor-post-type=\"page\">\n\t\t\t\t\t\t<section class=\"elementor-section elementor-top-section elementor-element elementor-element-e131709 elementor-section-boxed elementor-section-height-default elementor-section-height-default\" data-id=\"e131709\" data-element_type=\"section\" data-e-type=\"section\">\n\t\t\t\t\t\t<div class=\"elementor-container elementor-column-gap-default\">\n\t\t\t\t\t<div class=\"elementor-column elementor-col-100 elementor-top-column elementor-element elementor-element-f5a3367\" data-id=\"f5a3367\" data-element_type=\"column\" data-e-type=\"column\">\n\t\t\t<div class=\"elementor-widget-wrap elementor-element-populated\">\n\t\t\t\t\t\t<div class=\"elementor-element elementor-element-a996042 elementor-widget elementor-widget-text-editor\" data-id=\"a996042\" data-element_type=\"widget\" data-e-type=\"widget\" data-widget_type=\"text-editor.default\">\n\t\t\t\t<div class=\"elementor-widget-container\">\n\t\t\t\t\t\t\t\t\t<p>Despre site  <\/p><p>Site-ul <span style=\"font-size: 1.5rem; font-family: -apple-system, system-ui, BlinkMacSystemFont, 'Segoe UI', Helvetica, Arial, sans-serif, 'Apple Color Emoji', 'Segoe UI Emoji', 'Segoe UI Symbol';\"> este proprietatea Mediapilote Caen<\/span><\/p><p>Director de publicare: Raphael Marieux<\/p><p>Site-ul con\u021bine un chestionar pentru \u00eent\u00e2lniri prin videoconferin\u021b\u0103  <\/p>\t\t\t\t\t\t\t\t<\/div>\n\t\t\t\t<\/div>\n\t\t\t\t<div class=\"elementor-element elementor-element-df9525b elementor-widget elementor-widget-heading\" data-id=\"df9525b\" data-element_type=\"widget\" data-e-type=\"widget\" data-widget_type=\"heading.default\">\n\t\t\t\t<div class=\"elementor-widget-container\">\n\t\t\t\t\t<h2 class=\"elementor-heading-title elementor-size-default\">Colectarea datelor<\/h2>\t\t\t\t<\/div>\n\t\t\t\t<\/div>\n\t\t\t\t<div class=\"elementor-element elementor-element-b511feb elementor-widget elementor-widget-text-editor\" data-id=\"b511feb\" data-element_type=\"widget\" data-e-type=\"widget\" data-widget_type=\"text-editor.default\">\n\t\t\t\t<div class=\"elementor-widget-container\">\n\t\t\t\t\t\t\t\t\t<p>pune \u00een aplicare o serie de opera\u021biuni de prelucrare a datelor cu caracter personal \u00een scopul de a oferi func\u021bionalit\u0103\u021bi online: \u00cenregistrarea la videoconferin\u021bele organizate de mediapilote Caen prin intermediul unui formular.<\/p>\t\t\t\t\t\t\t\t<\/div>\n\t\t\t\t<\/div>\n\t\t\t\t<div class=\"elementor-element elementor-element-37fed67 elementor-widget elementor-widget-heading\" data-id=\"37fed67\" data-element_type=\"widget\" data-e-type=\"widget\" data-widget_type=\"heading.default\">\n\t\t\t\t<div class=\"elementor-widget-container\">\n\t\t\t\t\t<h2 class=\"elementor-heading-title elementor-size-default\">M\u0103sura\u021bi audien\u021ba site-ului (instrumentul Google Analytics).<\/h2>\t\t\t\t<\/div>\n\t\t\t\t<\/div>\n\t\t\t\t<div class=\"elementor-element elementor-element-9660ac9 elementor-widget elementor-widget-text-editor\" data-id=\"9660ac9\" data-element_type=\"widget\" data-e-type=\"widget\" data-widget_type=\"text-editor.default\">\n\t\t\t\t<div class=\"elementor-widget-container\">\n\t\t\t\t\t\t\t\t\t<p>Nu exist\u0103 m\u0103sur\u0103tori de audien\u021b\u0103 pe acest site.<\/p>\t\t\t\t\t\t\t\t<\/div>\n\t\t\t\t<\/div>\n\t\t\t\t<div class=\"elementor-element elementor-element-4a21977 elementor-widget elementor-widget-heading\" data-id=\"4a21977\" data-element_type=\"widget\" data-e-type=\"widget\" data-widget_type=\"heading.default\">\n\t\t\t\t<div class=\"elementor-widget-container\">\n\t\t\t\t\t<h2 class=\"elementor-heading-title elementor-size-default\">Cum pot modifica, vizualiza, desc\u0103rca \u0219i \u0219terge datele mele?<\/h2>\t\t\t\t<\/div>\n\t\t\t\t<\/div>\n\t\t\t\t<div class=\"elementor-element elementor-element-4481b40 elementor-widget elementor-widget-text-editor\" data-id=\"4481b40\" data-element_type=\"widget\" data-e-type=\"widget\" data-widget_type=\"text-editor.default\">\n\t\t\t\t<div class=\"elementor-widget-container\">\n\t\t\t\t\t\t\t\t\t<p><br><br>\u00cen conformitate cu articolele 39 \u0219i urm\u0103toarele din Legea francez\u0103 nr. 78-17 din 6 ianuarie 1978 privind prelucrarea datelor, fi\u0219ierele de date \u0219i libert\u0103\u021bile individuale, ave\u021bi dreptul de acces, rectificare, modificare, opozi\u021bie \u0219i \u0219tergere a oric\u0103ror date care v\u0103 privesc. Pute\u021bi exercita acest drept contact\u00e2ndu-ne la r.marieux@mediapilote.com sau trimi\u021b\u00e2nd o cerere prin po\u0219t\u0103 la urm\u0103toarea adres\u0103: Mediapilote<\/p><p>80 Avenue de Thi\u00e8s<\/p><p>14000 Caen<\/p><p> <\/p>\t\t\t\t\t\t\t\t<\/div>\n\t\t\t\t<\/div>\n\t\t\t\t<div class=\"elementor-element elementor-element-3bc6e75 elementor-widget elementor-widget-heading\" data-id=\"3bc6e75\" data-element_type=\"widget\" data-e-type=\"widget\" data-widget_type=\"heading.default\">\n\t\t\t\t<div class=\"elementor-widget-container\">\n\t\t\t\t\t<h2 class=\"elementor-heading-title elementor-size-default\">Unde sunt stocate datele dumneavoastr\u0103?<\/h2>\t\t\t\t<\/div>\n\t\t\t\t<\/div>\n\t\t\t\t<div class=\"elementor-element elementor-element-c0f7800 elementor-widget elementor-widget-text-editor\" data-id=\"c0f7800\" data-element_type=\"widget\" data-e-type=\"widget\" data-widget_type=\"text-editor.default\">\n\t\t\t\t<div class=\"elementor-widget-container\">\n\t\t\t\t\t\t\t\t\t<p>Toate datele personale de\u021binute de Mediapilote sunt g\u0103zduite de Medialibs \u00een Fran\u021ba.<\/p>\t\t\t\t\t\t\t\t<\/div>\n\t\t\t\t<\/div>\n\t\t\t\t<div class=\"elementor-element elementor-element-b60f1c8 elementor-widget elementor-widget-heading\" data-id=\"b60f1c8\" data-element_type=\"widget\" data-e-type=\"widget\" data-widget_type=\"heading.default\">\n\t\t\t\t<div class=\"elementor-widget-container\">\n\t\t\t\t\t<h2 class=\"elementor-heading-title elementor-size-default\">Controale<\/h2>\t\t\t\t<\/div>\n\t\t\t\t<\/div>\n\t\t\t\t<div class=\"elementor-element elementor-element-5751405 elementor-widget elementor-widget-text-editor\" data-id=\"5751405\" data-element_type=\"widget\" data-e-type=\"widget\" data-widget_type=\"text-editor.default\">\n\t\t\t\t<div class=\"elementor-widget-container\">\n\t\t\t\t\t\t\t\t\tServiciile oferite de a sunt supuse moder\u0103rii de c\u0103tre administratorul serviciului.\t\t\t\t\t\t\t\t<\/div>\n\t\t\t\t<\/div>\n\t\t\t\t<div class=\"elementor-element elementor-element-7426863 elementor-widget elementor-widget-heading\" data-id=\"7426863\" data-element_type=\"widget\" data-e-type=\"widget\" data-widget_type=\"heading.default\">\n\t\t\t\t<div class=\"elementor-widget-container\">\n\t\t\t\t\t<h2 class=\"elementor-heading-title elementor-size-default\">Apeluri ter\u021b\u0103 parte<\/h2>\t\t\t\t<\/div>\n\t\t\t\t<\/div>\n\t\t\t\t<div class=\"elementor-element elementor-element-f29e196 elementor-widget elementor-widget-text-editor\" data-id=\"f29e196\" data-element_type=\"widget\" data-e-type=\"widget\" data-widget_type=\"text-editor.default\">\n\t\t\t\t<div class=\"elementor-widget-container\">\n\t\t\t\t\t\t\t\t\t<p>Sunt efectuate apeluri c\u0103tre servicii ter\u021be. Acestea sunt necesare pentru buna func\u021bionare a site-ului.<br>Serviciile ter\u021be apelate sunt : Youtube, Vimeo, jQuery, Dailymotion. Pot fi apelate \u0219i alte servicii ter\u021be.  <\/p>\t\t\t\t\t\t\t\t<\/div>\n\t\t\t\t<\/div>\n\t\t\t\t<div class=\"elementor-element elementor-element-245cbe0 elementor-widget elementor-widget-heading\" data-id=\"245cbe0\" data-element_type=\"widget\" data-e-type=\"widget\" data-widget_type=\"heading.default\">\n\t\t\t\t<div class=\"elementor-widget-container\">\n\t\t\t\t\t<h2 class=\"elementor-heading-title elementor-size-default\">Copii de rezerv\u0103 \u0219i stocarea copiilor de rezerv\u0103<\/h2>\t\t\t\t<\/div>\n\t\t\t\t<\/div>\n\t\t\t\t<div class=\"elementor-element elementor-element-78e8800 elementor-widget elementor-widget-text-editor\" data-id=\"78e8800\" data-element_type=\"widget\" data-e-type=\"widget\" data-widget_type=\"text-editor.default\">\n\t\t\t\t<div class=\"elementor-widget-container\">\n\t\t\t\t\t\t\t\t\tToate datele sunt salvate \u00een fiecare zi. Acestea sunt stocate \u00een siguran\u021b\u0103 pe servere apar\u021bin\u00e2nd Medialibs\n\u00cen plus, datele colectate prin prelucrarea datelor cu caracter personal pe acest site nu sunt transferate \u00een afara teritoriului Uniunii Europene.\n\u00cen plus, datele care trec prin site sunt supuse unei aten\u021bii constante \u00een ceea ce prive\u0219te securitatea \u0219i confiden\u021bialitatea acestora. Accesul la back office-ul site-ului este posibil prin log\u0103ri \u0219i parole complexe cu protec\u021bie puternic\u0103. Acela\u0219i lucru este valabil \u0219i pentru c\u0103su\u021ba po\u0219tal\u0103, care con\u021bine datele personale ale utilizatorilor \u0219i clien\u021bilor.\nSite-ul brasseriedelavire.com este, de asemenea, echipat cu numeroase module de securitate pentru a preveni intruziunile mali\u021bioase \u0219i scurgerile de date.\n\t\t\t\t\t\t\t\t<\/div>\n\t\t\t\t<\/div>\n\t\t\t\t<div class=\"elementor-element elementor-element-d92cbf1 elementor-widget elementor-widget-heading\" data-id=\"d92cbf1\" data-element_type=\"widget\" data-e-type=\"widget\" data-widget_type=\"heading.default\">\n\t\t\t\t<div class=\"elementor-widget-container\">\n\t\t\t\t\t<h2 class=\"elementor-heading-title elementor-size-default\">Gestionarea modulelor cookie<\/h2>\t\t\t\t<\/div>\n\t\t\t\t<\/div>\n\t\t\t\t<div class=\"elementor-element elementor-element-d98f0ce elementor-widget elementor-widget-text-editor\" data-id=\"d98f0ce\" data-element_type=\"widget\" data-e-type=\"widget\" data-widget_type=\"text-editor.default\">\n\t\t\t\t<div class=\"elementor-widget-container\">\n\t\t\t\t\t\t\t\t\tUtiliz\u0103m module cookie persistente pentru a \u00eembun\u0103t\u0103\u021bi experien\u021ba utilizatorului. Aceste module cookie sunt stocate pe computerul dvs. chiar \u0219i dup\u0103 ce a\u021bi \u00eenchis browserul \u0219i sunt reutilizate la vizitele ulterioare pe site-urile noastre. De asemenea, utiliz\u0103m module cookie pentru a \u00een\u021belege mai bine modul \u00een care interac\u021biona\u021bi cu site-urile \u0219i serviciile noastre \u0219i pentru a le \u00eembun\u0103t\u0103\u021bi.  \t\t\t\t\t\t\t\t<\/div>\n\t\t\t\t<\/div>\n\t\t\t\t<div class=\"elementor-element elementor-element-c85a669 elementor-widget elementor-widget-heading\" data-id=\"c85a669\" data-element_type=\"widget\" data-e-type=\"widget\" data-widget_type=\"heading.default\">\n\t\t\t\t<div class=\"elementor-widget-container\">\n\t\t\t\t\t<h2 class=\"elementor-heading-title elementor-size-default\">Ce tipuri de module cookie sunt utilizate pe site?<\/h2>\t\t\t\t<\/div>\n\t\t\t\t<\/div>\n\t\t\t\t<div class=\"elementor-element elementor-element-6693045 elementor-widget elementor-widget-text-editor\" data-id=\"6693045\" data-element_type=\"widget\" data-e-type=\"widget\" data-widget_type=\"text-editor.default\">\n\t\t\t\t<div class=\"elementor-widget-container\">\n\t\t\t\t\t\t\t\t\tCookie-uri tehnice \u0219i de navigare: Aceste cookie-uri v\u0103 faciliteaz\u0103 navigarea \u00eentre paginile site-ului nostru. De asemenea, acestea sunt necesare pentru a v\u0103 permite s\u0103 beneficia\u021bi de anumite caracteristici ale site-urilor \u0219i\/sau serviciilor noastre (crearea unui cont, identificare etc.) \u0219i expir\u0103 automat atunci c\u00e2nd \u00eenchide\u021bi browserul. Dac\u0103 a\u021bi ales s\u0103 dezactiva\u021bi aceste module cookie prin intermediul browserului dvs. web, accesul la serviciile noastre poate fi afectat. Prin urmare, v\u0103 sf\u0103tuim s\u0103 le l\u0103sa\u021bi active pentru a beneficia pe deplin de serviciile noastre \u0219i de navigarea dvs. pe site-ul nostru.   \t\t\t\t\t\t\t\t<\/div>\n\t\t\t\t<\/div>\n\t\t\t\t<div class=\"elementor-element elementor-element-2a6c2f7 elementor-widget elementor-widget-heading\" data-id=\"2a6c2f7\" data-element_type=\"widget\" data-e-type=\"widget\" data-widget_type=\"heading.default\">\n\t\t\t\t<div class=\"elementor-widget-container\">\n\t\t\t\t\t<h2 class=\"elementor-heading-title elementor-size-default\">Cookie-uri de sesiune pe acest site :<\/h2>\t\t\t\t<\/div>\n\t\t\t\t<\/div>\n\t\t\t\t<div class=\"elementor-element elementor-element-9ecd8d6 elementor-widget elementor-widget-text-editor\" data-id=\"9ecd8d6\" data-element_type=\"widget\" data-e-type=\"widget\" data-widget_type=\"text-editor.default\">\n\t\t\t\t<div class=\"elementor-widget-container\">\n\t\t\t\t\t\t\t\t\tPHPSESSID : Cookie de sesiune specific PHP pentru durata sesiunii wordpress_* : Cookie-uri de sesiune utilizate de WordPress wp-settings* : Cookie-uri de personalizare WordPress Cookie-uri de m\u0103surare a audien\u021bei \u0219i de urm\u0103rire a navig\u0103rii: Acest cookie ne permite s\u0103 colect\u0103m date statistice anonime privind num\u0103rul de vizitatori ai site-ului nostru pentru a \u00eembun\u0103t\u0103\u021bi utilitatea acestuia. _ga, _gat, _gid: Cookie-uri specifice Google Analytics (statistici)\n\nVISITOR_INFO1_LIVE, YSC, PREF, GPS: Cookie-uri Youtube -&gt; .youtube.com\n\ncookieconsent_status, wordpress_test_cookie, : Cookie-uri din modulul de aprobare a cookie-urilor\n\nPute\u021bi g\u0103si toate informa\u021biile de care ave\u021bi nevoie cu privire la respectarea T&amp;C-urilor Google Analytics aici.\n\nArticolele de pe acest site pot include con\u021binut \u00eencorporat (de exemplu, videoclipuri, imagini, articole etc.). Con\u021binutul integrat de pe alte site-uri se comport\u0103 \u00een acela\u0219i mod ca \u0219i cum vizitatorul ar fi intrat pe site-ul respectiv.\nAceste site-uri web pot colecta date despre dvs., pot utiliza module cookie, pot \u00eencorpora instrumente de urm\u0103rire ale ter\u021bilor \u0219i pot urm\u0103ri interac\u021biunile dvs. cu acest con\u021binut \u00eencorporat dac\u0103 ave\u021bi un cont conectat la site-ul lor web.\n\t\t\t\t\t\t\t\t<\/div>\n\t\t\t\t<\/div>\n\t\t\t\t<div class=\"elementor-element elementor-element-fd37a1c elementor-widget elementor-widget-heading\" data-id=\"fd37a1c\" data-element_type=\"widget\" data-e-type=\"widget\" data-widget_type=\"heading.default\">\n\t\t\t\t<div class=\"elementor-widget-container\">\n\t\t\t\t\t<h2 class=\"elementor-heading-title elementor-size-default\">Dezactivarea\/activarea modulelor cookie prin intermediul browserului dvs.<\/h2>\t\t\t\t<\/div>\n\t\t\t\t<\/div>\n\t\t\t\t<div class=\"elementor-element elementor-element-b290cb3 elementor-widget elementor-widget-text-editor\" data-id=\"b290cb3\" data-element_type=\"widget\" data-e-type=\"widget\" data-widget_type=\"text-editor.default\">\n\t\t\t\t<div class=\"elementor-widget-container\">\n\t\t\t\t\t\t\t\t\tExist\u0103 o serie de modalit\u0103\u021bi prin care pute\u021bi gestiona modulele cookie \u0219i alte tehnologii de urm\u0103rire. Pute\u021bi accepta sau refuza modulele cookie prin modificarea set\u0103rilor browserului dvs. sau pute\u021bi solicita browserului dvs. confirmarea \u00eenainte de a accepta un modul cookie de la site-urile web pe care le vizita\u021bi. V\u0103 rug\u0103m s\u0103 re\u021bine\u021bi c\u0103, dac\u0103 alege\u021bi s\u0103 dezactiva\u021bi complet modulele cookie, este posibil s\u0103 nu pute\u021bi utiliza toate func\u021biile noastre.\nDac\u0103 utiliza\u021bi mai multe computere \u00een loca\u021bii diferite, va trebui s\u0103 v\u0103 asigura\u021bi c\u0103 fiecare browser este setat \u00een func\u021bie de preferin\u021bele dumneavoastr\u0103.\nPute\u021bi \u0219terge toate modulele cookie care au fost instalate \u00een folderul de module cookie al browserului dumneavoastr\u0103. Fiecare browser ofer\u0103 proceduri diferite pentru gestionarea set\u0103rilor. Face\u021bi clic pe unul dintre linkurile de browser de mai jos pentru a consulta instruc\u021biunile aferente.\nMicrosoft Internet Explorer\n\nGoogle Chrome\n\nMozilla Firefox\n\nDac\u0103 nu utiliza\u021bi niciunul dintre browserele enumerate mai sus, va trebui s\u0103 selecta\u021bi op\u021biunea &#8222;cookies&#8221; din func\u021bia &#8222;Ajutor&#8221; pentru a ob\u021bine informa\u021bii despre loca\u021bia folderului cookie.\n\t\t\t\t\t\t\t\t<\/div>\n\t\t\t\t<\/div>\n\t\t\t\t\t<\/div>\n\t\t<\/div>\n\t\t\t\t\t<\/div>\n\t\t<\/section>\n\t\t\t\t<\/div>\n\t\t","protected":false},"excerpt":{"rendered":"<p>Despre site Site-ul este proprietatea Mediapilote Caen Director de publicare: Raphael Marieux Site-ul con\u021bine un chestionar pentru \u00eent\u00e2lniri prin videoconferin\u021b\u0103 Colectarea datelor pune \u00een aplicare o serie de opera\u021biuni de prelucrare a datelor cu caracter personal \u00een scopul de a oferi func\u021bionalit\u0103\u021bi online: \u00cenregistrarea la videoconferin\u021bele organizate de mediapilote Caen prin intermediul unui formular. M\u0103sura\u021bi &#8230; <a title=\"Politica de confiden\u021bialitate\" class=\"read-more\" href=\"https:\/\/www.unipatis.fr\/ro\/politica-de-confidentialitate\/\" aria-label=\"Cite\u0219te mai multe despre Politica de confiden\u021bialitate\">Read more<\/a><\/p>\n","protected":false},"author":1,"featured_media":0,"parent":0,"menu_order":0,"comment_status":"closed","ping_status":"open","template":"","meta":{"_acf_changed":false,"inline_featured_image":false,"footnotes":""},"class_list":["post-17032","page","type-page","status-publish"],"acf":[],"yoast_head":"<!-- This site is optimized with the Yoast SEO plugin v27.2 - https:\/\/yoast.com\/product\/yoast-seo-wordpress\/ -->\n<title>Politica de confiden\u021bialitate - Unipatis<\/title>\n<meta name=\"description\" content=\"Politica de confiden\u021bialitate Unipatis: afla\u021bi cum v\u0103 protej\u0103m datele personale \u00een conformitate cu RGPD. Transparen\u021b\u0103 \u0219i securitate garantate.\" \/>\n<meta name=\"robots\" content=\"index, follow, max-snippet:-1, max-image-preview:large, max-video-preview:-1\" \/>\n<link rel=\"canonical\" href=\"https:\/\/www.unipatis.fr\/ro\/politica-de-confidentialitate\/\" \/>\n<meta property=\"og:locale\" content=\"ro_RO\" \/>\n<meta property=\"og:type\" content=\"article\" \/>\n<meta property=\"og:title\" content=\"Politica de confiden\u021bialitate - Unipatis\" \/>\n<meta property=\"og:description\" content=\"Politica de confiden\u021bialitate Unipatis: afla\u021bi cum v\u0103 protej\u0103m datele personale \u00een conformitate cu RGPD. Transparen\u021b\u0103 \u0219i securitate garantate.\" \/>\n<meta property=\"og:url\" content=\"https:\/\/www.unipatis.fr\/ro\/politica-de-confidentialitate\/\" \/>\n<meta property=\"og:site_name\" content=\"Unipatis\" \/>\n<meta property=\"article:publisher\" content=\"https:\/\/www.facebook.com\/unipatis\" \/>\n<meta property=\"article:modified_time\" content=\"2025-12-16T08:36:06+00:00\" \/>\n<meta name=\"twitter:card\" content=\"summary_large_image\" \/>\n<meta name=\"twitter:label1\" content=\"Timp estimat pentru citire\" \/>\n\t<meta name=\"twitter:data1\" content=\"5 minute\" \/>\n<script type=\"application\/ld+json\" class=\"yoast-schema-graph\">{\"@context\":\"https:\/\/schema.org\",\"@graph\":[{\"@type\":\"WebPage\",\"@id\":\"https:\/\/www.unipatis.fr\/ro\/politica-de-confidentialitate\/\",\"url\":\"https:\/\/www.unipatis.fr\/ro\/politica-de-confidentialitate\/\",\"name\":\"Politica de confiden\u021bialitate - Unipatis\",\"isPartOf\":{\"@id\":\"https:\/\/www.unipatis.fr\/en\/#website\"},\"datePublished\":\"2024-08-23T15:27:33+00:00\",\"dateModified\":\"2025-12-16T08:36:06+00:00\",\"description\":\"Politica de confiden\u021bialitate Unipatis: afla\u021bi cum v\u0103 protej\u0103m datele personale \u00een conformitate cu RGPD. Transparen\u021b\u0103 \u0219i securitate garantate.\",\"breadcrumb\":{\"@id\":\"https:\/\/www.unipatis.fr\/ro\/politica-de-confidentialitate\/#breadcrumb\"},\"inLanguage\":\"ro-RO\",\"potentialAction\":[{\"@type\":\"ReadAction\",\"target\":[\"https:\/\/www.unipatis.fr\/ro\/politica-de-confidentialitate\/\"]}]},{\"@type\":\"BreadcrumbList\",\"@id\":\"https:\/\/www.unipatis.fr\/ro\/politica-de-confidentialitate\/#breadcrumb\",\"itemListElement\":[{\"@type\":\"ListItem\",\"position\":1,\"name\":\"Accueil\",\"item\":\"https:\/\/www.unipatis.fr\/ro\/acasa\/\"},{\"@type\":\"ListItem\",\"position\":2,\"name\":\"Politica de confiden\u021bialitate\"}]},{\"@type\":\"WebSite\",\"@id\":\"https:\/\/www.unipatis.fr\/en\/#website\",\"url\":\"https:\/\/www.unipatis.fr\/en\/\",\"name\":\"Unipatis\",\"description\":\"Unipatis Maison est une entreprise familiale sp\u00e9cialis\u00e9e dans la fabrication d&#039;ingr\u00e9dients p\u00e2tissiers et chocolatiers depuis quatre g\u00e9n\u00e9rations.\",\"publisher\":{\"@id\":\"https:\/\/www.unipatis.fr\/en\/#organization\"},\"potentialAction\":[{\"@type\":\"SearchAction\",\"target\":{\"@type\":\"EntryPoint\",\"urlTemplate\":\"https:\/\/www.unipatis.fr\/en\/?s={search_term_string}\"},\"query-input\":{\"@type\":\"PropertyValueSpecification\",\"valueRequired\":true,\"valueName\":\"search_term_string\"}}],\"inLanguage\":\"ro-RO\"},{\"@type\":\"Organization\",\"@id\":\"https:\/\/www.unipatis.fr\/en\/#organization\",\"name\":\"Unipatis\",\"url\":\"https:\/\/www.unipatis.fr\/en\/\",\"logo\":{\"@type\":\"ImageObject\",\"inLanguage\":\"ro-RO\",\"@id\":\"https:\/\/www.unipatis.fr\/en\/#\/schema\/logo\/image\/\",\"url\":\"https:\/\/www.unipatis.fr\/wp-content\/uploads\/2021\/10\/UNIPATIS_logo_flag_2021-1.svg\",\"contentUrl\":\"https:\/\/www.unipatis.fr\/wp-content\/uploads\/2021\/10\/UNIPATIS_logo_flag_2021-1.svg\",\"width\":150,\"height\":184,\"caption\":\"Unipatis\"},\"image\":{\"@id\":\"https:\/\/www.unipatis.fr\/en\/#\/schema\/logo\/image\/\"},\"sameAs\":[\"https:\/\/www.facebook.com\/unipatis\",\"https:\/\/www.instagram.com\/unipatis\",\"https:\/\/www.youtube.com\/@Unipatis\"]}]}<\/script>\n<!-- \/ Yoast SEO plugin. -->","yoast_head_json":{"title":"Politica de confiden\u021bialitate - Unipatis","description":"Politica de confiden\u021bialitate Unipatis: afla\u021bi cum v\u0103 protej\u0103m datele personale \u00een conformitate cu RGPD. Transparen\u021b\u0103 \u0219i securitate garantate.","robots":{"index":"index","follow":"follow","max-snippet":"max-snippet:-1","max-image-preview":"max-image-preview:large","max-video-preview":"max-video-preview:-1"},"canonical":"https:\/\/www.unipatis.fr\/ro\/politica-de-confidentialitate\/","og_locale":"ro_RO","og_type":"article","og_title":"Politica de confiden\u021bialitate - Unipatis","og_description":"Politica de confiden\u021bialitate Unipatis: afla\u021bi cum v\u0103 protej\u0103m datele personale \u00een conformitate cu RGPD. Transparen\u021b\u0103 \u0219i securitate garantate.","og_url":"https:\/\/www.unipatis.fr\/ro\/politica-de-confidentialitate\/","og_site_name":"Unipatis","article_publisher":"https:\/\/www.facebook.com\/unipatis","article_modified_time":"2025-12-16T08:36:06+00:00","twitter_card":"summary_large_image","twitter_misc":{"Timp estimat pentru citire":"5 minute"},"schema":{"@context":"https:\/\/schema.org","@graph":[{"@type":"WebPage","@id":"https:\/\/www.unipatis.fr\/ro\/politica-de-confidentialitate\/","url":"https:\/\/www.unipatis.fr\/ro\/politica-de-confidentialitate\/","name":"Politica de confiden\u021bialitate - Unipatis","isPartOf":{"@id":"https:\/\/www.unipatis.fr\/en\/#website"},"datePublished":"2024-08-23T15:27:33+00:00","dateModified":"2025-12-16T08:36:06+00:00","description":"Politica de confiden\u021bialitate Unipatis: afla\u021bi cum v\u0103 protej\u0103m datele personale \u00een conformitate cu RGPD. Transparen\u021b\u0103 \u0219i securitate garantate.","breadcrumb":{"@id":"https:\/\/www.unipatis.fr\/ro\/politica-de-confidentialitate\/#breadcrumb"},"inLanguage":"ro-RO","potentialAction":[{"@type":"ReadAction","target":["https:\/\/www.unipatis.fr\/ro\/politica-de-confidentialitate\/"]}]},{"@type":"BreadcrumbList","@id":"https:\/\/www.unipatis.fr\/ro\/politica-de-confidentialitate\/#breadcrumb","itemListElement":[{"@type":"ListItem","position":1,"name":"Accueil","item":"https:\/\/www.unipatis.fr\/ro\/acasa\/"},{"@type":"ListItem","position":2,"name":"Politica de confiden\u021bialitate"}]},{"@type":"WebSite","@id":"https:\/\/www.unipatis.fr\/en\/#website","url":"https:\/\/www.unipatis.fr\/en\/","name":"Unipatis","description":"Unipatis Maison est une entreprise familiale sp\u00e9cialis\u00e9e dans la fabrication d&#039;ingr\u00e9dients p\u00e2tissiers et chocolatiers depuis quatre g\u00e9n\u00e9rations.","publisher":{"@id":"https:\/\/www.unipatis.fr\/en\/#organization"},"potentialAction":[{"@type":"SearchAction","target":{"@type":"EntryPoint","urlTemplate":"https:\/\/www.unipatis.fr\/en\/?s={search_term_string}"},"query-input":{"@type":"PropertyValueSpecification","valueRequired":true,"valueName":"search_term_string"}}],"inLanguage":"ro-RO"},{"@type":"Organization","@id":"https:\/\/www.unipatis.fr\/en\/#organization","name":"Unipatis","url":"https:\/\/www.unipatis.fr\/en\/","logo":{"@type":"ImageObject","inLanguage":"ro-RO","@id":"https:\/\/www.unipatis.fr\/en\/#\/schema\/logo\/image\/","url":"https:\/\/www.unipatis.fr\/wp-content\/uploads\/2021\/10\/UNIPATIS_logo_flag_2021-1.svg","contentUrl":"https:\/\/www.unipatis.fr\/wp-content\/uploads\/2021\/10\/UNIPATIS_logo_flag_2021-1.svg","width":150,"height":184,"caption":"Unipatis"},"image":{"@id":"https:\/\/www.unipatis.fr\/en\/#\/schema\/logo\/image\/"},"sameAs":["https:\/\/www.facebook.com\/unipatis","https:\/\/www.instagram.com\/unipatis","https:\/\/www.youtube.com\/@Unipatis"]}]}},"_links":{"self":[{"href":"https:\/\/www.unipatis.fr\/ro\/wp-json\/wp\/v2\/pages\/17032","targetHints":{"allow":["GET"]}}],"collection":[{"href":"https:\/\/www.unipatis.fr\/ro\/wp-json\/wp\/v2\/pages"}],"about":[{"href":"https:\/\/www.unipatis.fr\/ro\/wp-json\/wp\/v2\/types\/page"}],"author":[{"embeddable":true,"href":"https:\/\/www.unipatis.fr\/ro\/wp-json\/wp\/v2\/users\/1"}],"replies":[{"embeddable":true,"href":"https:\/\/www.unipatis.fr\/ro\/wp-json\/wp\/v2\/comments?post=17032"}],"version-history":[{"count":2,"href":"https:\/\/www.unipatis.fr\/ro\/wp-json\/wp\/v2\/pages\/17032\/revisions"}],"predecessor-version":[{"id":30366,"href":"https:\/\/www.unipatis.fr\/ro\/wp-json\/wp\/v2\/pages\/17032\/revisions\/30366"}],"wp:attachment":[{"href":"https:\/\/www.unipatis.fr\/ro\/wp-json\/wp\/v2\/media?parent=17032"}],"curies":[{"name":"wp","href":"https:\/\/api.w.org\/{rel}","templated":true}]}}