{"id":12601,"date":"2022-07-04T11:00:47","date_gmt":"2022-07-04T09:00:47","guid":{"rendered":"https:\/\/www.unipatis.fr\/produit\/amidon-de-porumb-modificat\/"},"modified":"2026-04-12T08:24:38","modified_gmt":"2026-04-12T06:24:38","slug":"amidon-de-porumb-modificat","status":"publish","type":"product","link":"https:\/\/www.unipatis.fr\/ro\/produit\/amidon-de-porumb-modificat\/","title":{"rendered":"AMIDON DE PORUMB MODIFICAT"},"content":{"rendered":"<p>Amidonul de porumb modificat este un agent gelifiant care adaug\u0103 consisten\u021b\u0103 sosurilor, de exemplu. Aceast\u0103 pulbere de amidon modificat permite legarea la rece a lichidelor. Acest preparat este ideal pentru umpluturi \u0219i toppinguri ferme.<\/p>\n","protected":false},"excerpt":{"rendered":"<p>Amidonul de porumb modificat este un agent gelifiant care adaug\u0103 consisten\u021b\u0103 sosurilor, de exemplu. Aceast\u0103 pulbere de amidon modificat poate fi utilizat\u0103 ca liant la rece pentru lichide. Acest preparat este ideal pentru realizarea de umpluturi, deserturi cu crem\u0103 \u0219i toppinguri ferme \u00een patiserie.  <\/p>\n","protected":false},"featured_media":21879,"comment_status":"closed","ping_status":"closed","template":"","meta":{"_acf_changed":false,"inline_featured_image":false},"product_brand":[],"product_cat":[459,470],"product_tag":[],"class_list":{"0":"post-12601","1":"product","2":"type-product","3":"status-publish","4":"has-post-thumbnail","6":"product_cat-12-ingrediente-tehnice","7":"product_cat-texturizatori","8":"sales-flash-overlay","9":"woocommerce-text-align-center","10":"woocommerce-image-align-center","11":"do-quantity-buttons","13":"first","14":"instock","15":"product-type-simple"},"acf":[],"yoast_head":"<!-- This site is optimized with the Yoast SEO plugin v27.2 - https:\/\/yoast.com\/product\/yoast-seo-wordpress\/ -->\n<title>AMIDON DE PORUMB MODIFICAT - Unipatis<\/title>\n<meta name=\"description\" content=\"Amidon de porumb modificat care d\u0103 consisten\u021b\u0103 sosurilor, de exemplu. Acest preparat este ideal pentru ob\u021binerea de umpluturi \u0219i toppinguri ferme.\" \/>\n<meta name=\"robots\" content=\"index, follow, max-snippet:-1, max-image-preview:large, max-video-preview:-1\" \/>\n<link rel=\"canonical\" href=\"https:\/\/www.unipatis.fr\/ro\/produit\/amidon-de-porumb-modificat\/\" \/>\n<meta property=\"og:locale\" content=\"ro_RO\" \/>\n<meta property=\"og:type\" content=\"article\" \/>\n<meta property=\"og:title\" content=\"AMIDON DE PORUMB MODIFICAT - Unipatis\" \/>\n<meta property=\"og:description\" content=\"Amidon de porumb modificat care d\u0103 consisten\u021b\u0103 sosurilor, de exemplu. Acest preparat este ideal pentru ob\u021binerea de umpluturi \u0219i toppinguri ferme.\" \/>\n<meta property=\"og:url\" content=\"https:\/\/www.unipatis.fr\/ro\/produit\/amidon-de-porumb-modificat\/\" \/>\n<meta property=\"og:site_name\" content=\"Unipatis\" \/>\n<meta property=\"article:publisher\" content=\"https:\/\/www.facebook.com\/unipatis\" \/>\n<meta property=\"article:modified_time\" content=\"2026-04-12T06:24:38+00:00\" \/>\n<meta property=\"og:image\" content=\"https:\/\/www.unipatis.fr\/wp-content\/uploads\/2022\/07\/POT_Amidon_modifie_de_mais_1kg_octobre2024.png\" \/>\n\t<meta property=\"og:image:width\" content=\"1261\" \/>\n\t<meta property=\"og:image:height\" content=\"1179\" \/>\n\t<meta property=\"og:image:type\" content=\"image\/png\" \/>\n<meta name=\"twitter:card\" content=\"summary_large_image\" \/>\n<script type=\"application\/ld+json\" class=\"yoast-schema-graph\">{\"@context\":\"https:\/\/schema.org\",\"@graph\":[{\"@type\":\"WebPage\",\"@id\":\"https:\/\/www.unipatis.fr\/ro\/produit\/amidon-de-porumb-modificat\/\",\"url\":\"https:\/\/www.unipatis.fr\/ro\/produit\/amidon-de-porumb-modificat\/\",\"name\":\"AMIDON DE PORUMB MODIFICAT - Unipatis\",\"isPartOf\":{\"@id\":\"https:\/\/www.unipatis.fr\/en\/#website\"},\"primaryImageOfPage\":{\"@id\":\"https:\/\/www.unipatis.fr\/ro\/produit\/amidon-de-porumb-modificat\/#primaryimage\"},\"image\":{\"@id\":\"https:\/\/www.unipatis.fr\/ro\/produit\/amidon-de-porumb-modificat\/#primaryimage\"},\"thumbnailUrl\":\"https:\/\/www.unipatis.fr\/wp-content\/uploads\/2022\/07\/POT_Amidon_modifie_de_mais_1kg_octobre2024.png\",\"datePublished\":\"2022-07-04T09:00:47+00:00\",\"dateModified\":\"2026-04-12T06:24:38+00:00\",\"description\":\"Amidon de porumb modificat care d\u0103 consisten\u021b\u0103 sosurilor, de exemplu. Acest preparat este ideal pentru ob\u021binerea de umpluturi \u0219i toppinguri ferme.\",\"breadcrumb\":{\"@id\":\"https:\/\/www.unipatis.fr\/ro\/produit\/amidon-de-porumb-modificat\/#breadcrumb\"},\"inLanguage\":\"ro-RO\",\"potentialAction\":[{\"@type\":\"ReadAction\",\"target\":[\"https:\/\/www.unipatis.fr\/ro\/produit\/amidon-de-porumb-modificat\/\"]}]},{\"@type\":\"ImageObject\",\"inLanguage\":\"ro-RO\",\"@id\":\"https:\/\/www.unipatis.fr\/ro\/produit\/amidon-de-porumb-modificat\/#primaryimage\",\"url\":\"https:\/\/www.unipatis.fr\/wp-content\/uploads\/2022\/07\/POT_Amidon_modifie_de_mais_1kg_octobre2024.png\",\"contentUrl\":\"https:\/\/www.unipatis.fr\/wp-content\/uploads\/2022\/07\/POT_Amidon_modifie_de_mais_1kg_octobre2024.png\",\"width\":1261,\"height\":1179,\"caption\":\"Amidon de porumb modificat Unipatis\"},{\"@type\":\"BreadcrumbList\",\"@id\":\"https:\/\/www.unipatis.fr\/ro\/produit\/amidon-de-porumb-modificat\/#breadcrumb\",\"itemListElement\":[{\"@type\":\"ListItem\",\"position\":1,\"name\":\"Accueil\",\"item\":\"https:\/\/www.unipatis.fr\/ro\/acasa\/\"},{\"@type\":\"ListItem\",\"position\":2,\"name\":\"Magazin\",\"item\":\"https:\/\/www.unipatis.fr\/ro\/magazin\/\"},{\"@type\":\"ListItem\",\"position\":3,\"name\":\"AMIDON DE PORUMB MODIFICAT\"}]},{\"@type\":\"WebSite\",\"@id\":\"https:\/\/www.unipatis.fr\/en\/#website\",\"url\":\"https:\/\/www.unipatis.fr\/en\/\",\"name\":\"Unipatis\",\"description\":\"Unipatis Maison est une entreprise familiale sp\u00e9cialis\u00e9e dans la fabrication d&#039;ingr\u00e9dients p\u00e2tissiers et chocolatiers depuis quatre g\u00e9n\u00e9rations.\",\"publisher\":{\"@id\":\"https:\/\/www.unipatis.fr\/en\/#organization\"},\"potentialAction\":[{\"@type\":\"SearchAction\",\"target\":{\"@type\":\"EntryPoint\",\"urlTemplate\":\"https:\/\/www.unipatis.fr\/en\/?s={search_term_string}\"},\"query-input\":{\"@type\":\"PropertyValueSpecification\",\"valueRequired\":true,\"valueName\":\"search_term_string\"}}],\"inLanguage\":\"ro-RO\"},{\"@type\":\"Organization\",\"@id\":\"https:\/\/www.unipatis.fr\/en\/#organization\",\"name\":\"Unipatis\",\"url\":\"https:\/\/www.unipatis.fr\/en\/\",\"logo\":{\"@type\":\"ImageObject\",\"inLanguage\":\"ro-RO\",\"@id\":\"https:\/\/www.unipatis.fr\/en\/#\/schema\/logo\/image\/\",\"url\":\"https:\/\/www.unipatis.fr\/wp-content\/uploads\/2021\/10\/UNIPATIS_logo_flag_2021-1.svg\",\"contentUrl\":\"https:\/\/www.unipatis.fr\/wp-content\/uploads\/2021\/10\/UNIPATIS_logo_flag_2021-1.svg\",\"width\":150,\"height\":184,\"caption\":\"Unipatis\"},\"image\":{\"@id\":\"https:\/\/www.unipatis.fr\/en\/#\/schema\/logo\/image\/\"},\"sameAs\":[\"https:\/\/www.facebook.com\/unipatis\",\"https:\/\/www.instagram.com\/unipatis\",\"https:\/\/www.youtube.com\/@Unipatis\"]}]}<\/script>\n<!-- \/ Yoast SEO plugin. -->","yoast_head_json":{"title":"AMIDON DE PORUMB MODIFICAT - Unipatis","description":"Amidon de porumb modificat care d\u0103 consisten\u021b\u0103 sosurilor, de exemplu. Acest preparat este ideal pentru ob\u021binerea de umpluturi \u0219i toppinguri ferme.","robots":{"index":"index","follow":"follow","max-snippet":"max-snippet:-1","max-image-preview":"max-image-preview:large","max-video-preview":"max-video-preview:-1"},"canonical":"https:\/\/www.unipatis.fr\/ro\/produit\/amidon-de-porumb-modificat\/","og_locale":"ro_RO","og_type":"article","og_title":"AMIDON DE PORUMB MODIFICAT - Unipatis","og_description":"Amidon de porumb modificat care d\u0103 consisten\u021b\u0103 sosurilor, de exemplu. Acest preparat este ideal pentru ob\u021binerea de umpluturi \u0219i toppinguri ferme.","og_url":"https:\/\/www.unipatis.fr\/ro\/produit\/amidon-de-porumb-modificat\/","og_site_name":"Unipatis","article_publisher":"https:\/\/www.facebook.com\/unipatis","article_modified_time":"2026-04-12T06:24:38+00:00","og_image":[{"width":1261,"height":1179,"url":"https:\/\/www.unipatis.fr\/wp-content\/uploads\/2022\/07\/POT_Amidon_modifie_de_mais_1kg_octobre2024.png","type":"image\/png"}],"twitter_card":"summary_large_image","schema":{"@context":"https:\/\/schema.org","@graph":[{"@type":"WebPage","@id":"https:\/\/www.unipatis.fr\/ro\/produit\/amidon-de-porumb-modificat\/","url":"https:\/\/www.unipatis.fr\/ro\/produit\/amidon-de-porumb-modificat\/","name":"AMIDON DE PORUMB MODIFICAT - Unipatis","isPartOf":{"@id":"https:\/\/www.unipatis.fr\/en\/#website"},"primaryImageOfPage":{"@id":"https:\/\/www.unipatis.fr\/ro\/produit\/amidon-de-porumb-modificat\/#primaryimage"},"image":{"@id":"https:\/\/www.unipatis.fr\/ro\/produit\/amidon-de-porumb-modificat\/#primaryimage"},"thumbnailUrl":"https:\/\/www.unipatis.fr\/wp-content\/uploads\/2022\/07\/POT_Amidon_modifie_de_mais_1kg_octobre2024.png","datePublished":"2022-07-04T09:00:47+00:00","dateModified":"2026-04-12T06:24:38+00:00","description":"Amidon de porumb modificat care d\u0103 consisten\u021b\u0103 sosurilor, de exemplu. Acest preparat este ideal pentru ob\u021binerea de umpluturi \u0219i toppinguri ferme.","breadcrumb":{"@id":"https:\/\/www.unipatis.fr\/ro\/produit\/amidon-de-porumb-modificat\/#breadcrumb"},"inLanguage":"ro-RO","potentialAction":[{"@type":"ReadAction","target":["https:\/\/www.unipatis.fr\/ro\/produit\/amidon-de-porumb-modificat\/"]}]},{"@type":"ImageObject","inLanguage":"ro-RO","@id":"https:\/\/www.unipatis.fr\/ro\/produit\/amidon-de-porumb-modificat\/#primaryimage","url":"https:\/\/www.unipatis.fr\/wp-content\/uploads\/2022\/07\/POT_Amidon_modifie_de_mais_1kg_octobre2024.png","contentUrl":"https:\/\/www.unipatis.fr\/wp-content\/uploads\/2022\/07\/POT_Amidon_modifie_de_mais_1kg_octobre2024.png","width":1261,"height":1179,"caption":"Amidon de porumb modificat Unipatis"},{"@type":"BreadcrumbList","@id":"https:\/\/www.unipatis.fr\/ro\/produit\/amidon-de-porumb-modificat\/#breadcrumb","itemListElement":[{"@type":"ListItem","position":1,"name":"Accueil","item":"https:\/\/www.unipatis.fr\/ro\/acasa\/"},{"@type":"ListItem","position":2,"name":"Magazin","item":"https:\/\/www.unipatis.fr\/ro\/magazin\/"},{"@type":"ListItem","position":3,"name":"AMIDON DE PORUMB MODIFICAT"}]},{"@type":"WebSite","@id":"https:\/\/www.unipatis.fr\/en\/#website","url":"https:\/\/www.unipatis.fr\/en\/","name":"Unipatis","description":"Unipatis Maison est une entreprise familiale sp\u00e9cialis\u00e9e dans la fabrication d&#039;ingr\u00e9dients p\u00e2tissiers et chocolatiers depuis quatre g\u00e9n\u00e9rations.","publisher":{"@id":"https:\/\/www.unipatis.fr\/en\/#organization"},"potentialAction":[{"@type":"SearchAction","target":{"@type":"EntryPoint","urlTemplate":"https:\/\/www.unipatis.fr\/en\/?s={search_term_string}"},"query-input":{"@type":"PropertyValueSpecification","valueRequired":true,"valueName":"search_term_string"}}],"inLanguage":"ro-RO"},{"@type":"Organization","@id":"https:\/\/www.unipatis.fr\/en\/#organization","name":"Unipatis","url":"https:\/\/www.unipatis.fr\/en\/","logo":{"@type":"ImageObject","inLanguage":"ro-RO","@id":"https:\/\/www.unipatis.fr\/en\/#\/schema\/logo\/image\/","url":"https:\/\/www.unipatis.fr\/wp-content\/uploads\/2021\/10\/UNIPATIS_logo_flag_2021-1.svg","contentUrl":"https:\/\/www.unipatis.fr\/wp-content\/uploads\/2021\/10\/UNIPATIS_logo_flag_2021-1.svg","width":150,"height":184,"caption":"Unipatis"},"image":{"@id":"https:\/\/www.unipatis.fr\/en\/#\/schema\/logo\/image\/"},"sameAs":["https:\/\/www.facebook.com\/unipatis","https:\/\/www.instagram.com\/unipatis","https:\/\/www.youtube.com\/@Unipatis"]}]}},"_links":{"self":[{"href":"https:\/\/www.unipatis.fr\/ro\/wp-json\/wp\/v2\/product\/12601","targetHints":{"allow":["GET"]}}],"collection":[{"href":"https:\/\/www.unipatis.fr\/ro\/wp-json\/wp\/v2\/product"}],"about":[{"href":"https:\/\/www.unipatis.fr\/ro\/wp-json\/wp\/v2\/types\/product"}],"replies":[{"embeddable":true,"href":"https:\/\/www.unipatis.fr\/ro\/wp-json\/wp\/v2\/comments?post=12601"}],"version-history":[{"count":3,"href":"https:\/\/www.unipatis.fr\/ro\/wp-json\/wp\/v2\/product\/12601\/revisions"}],"predecessor-version":[{"id":30406,"href":"https:\/\/www.unipatis.fr\/ro\/wp-json\/wp\/v2\/product\/12601\/revisions\/30406"}],"wp:featuredmedia":[{"embeddable":true,"href":"https:\/\/www.unipatis.fr\/ro\/wp-json\/wp\/v2\/media\/21879"}],"wp:attachment":[{"href":"https:\/\/www.unipatis.fr\/ro\/wp-json\/wp\/v2\/media?parent=12601"}],"wp:term":[{"taxonomy":"product_brand","embeddable":true,"href":"https:\/\/www.unipatis.fr\/ro\/wp-json\/wp\/v2\/product_brand?post=12601"},{"taxonomy":"product_cat","embeddable":true,"href":"https:\/\/www.unipatis.fr\/ro\/wp-json\/wp\/v2\/product_cat?post=12601"},{"taxonomy":"product_tag","embeddable":true,"href":"https:\/\/www.unipatis.fr\/ro\/wp-json\/wp\/v2\/product_tag?post=12601"}],"curies":[{"name":"wp","href":"https:\/\/api.w.org\/{rel}","templated":true}]}}