{"id":13611,"date":"2022-02-11T12:10:59","date_gmt":"2022-02-11T11:10:59","guid":{"rendered":"https:\/\/www.unipatis.fr\/produit\/umplutura-de-cafea-moka-crunch\/"},"modified":"2026-04-09T10:29:27","modified_gmt":"2026-04-09T08:29:27","slug":"umplutura-de-cafea-moka-crunch","status":"publish","type":"product","link":"https:\/\/www.unipatis.fr\/ro\/produit\/umplutura-de-cafea-moka-crunch\/","title":{"rendered":"Umplutur\u0103 de cafea Moka Crunch"},"content":{"rendered":"<p>Umplutur\u0103 crocant\u0103 realizat\u0103 din ciocolat\u0103 alb\u0103 (41%), biscui\u021bi shortbread, cafea m\u0103cinat\u0103 \u0219i boabe de cacao pr\u0103jite zdrobite.<br \/>\nF\u0103r\u0103 ulei de palmier.  Gata de utilizare, rapid de preparat.<br \/>\nPotrivit pentru congelare \u0219i congelare, r\u0103m\u00e2ne crocant. <\/p>\n","protected":false},"excerpt":{"rendered":"<p>Umplutur\u0103 crocant\u0103 de cafea realizat\u0103 din ciocolat\u0103 alb\u0103 pur\u0103 cu unt de cacao, buc\u0103\u021bi de biscui\u021bi, boabe de cacao pr\u0103jite \u0219i zdrobite \u0219i cafea. Pentru antremets, tarte, \u00e9clairs, \u00eenghe\u021bate \u0219i interioarele bombonierelor de ciocolat\u0103. <\/p>\n<p>F\u0103r\u0103 ulei de palmier.<\/p>\n","protected":false},"featured_media":13615,"comment_status":"closed","ping_status":"closed","template":"","meta":{"_acf_changed":false,"inline_featured_image":false},"product_brand":[],"product_cat":[450,538],"product_tag":[],"class_list":{"0":"post-13611","1":"product","2":"type-product","3":"status-publish","4":"has-post-thumbnail","6":"product_cat-01-umpluturi-crocante","7":"product_cat-furaje-conventionale","8":"sales-flash-overlay","9":"woocommerce-text-align-center","10":"woocommerce-image-align-center","11":"do-quantity-buttons","13":"first","14":"instock","15":"product-type-simple"},"acf":[],"yoast_head":"<!-- This site is optimized with the Yoast SEO plugin v27.2 - https:\/\/yoast.com\/product\/yoast-seo-wordpress\/ -->\n<title>Umplutur\u0103 de cafea Moka Crunch - Unipatis<\/title>\n<meta name=\"description\" content=\"Umplutur\u0103 crocant\u0103 de cafea f\u0103cut\u0103 din ciocolat\u0103 alb\u0103, biscui\u021bi, cafea m\u0103cinat\u0103 \u0219i boabe de cacao pr\u0103jite.\" \/>\n<meta name=\"robots\" content=\"index, follow, max-snippet:-1, max-image-preview:large, max-video-preview:-1\" \/>\n<link rel=\"canonical\" href=\"https:\/\/www.unipatis.fr\/ro\/produit\/umplutura-de-cafea-moka-crunch\/\" \/>\n<meta property=\"og:locale\" content=\"ro_RO\" \/>\n<meta property=\"og:type\" content=\"article\" \/>\n<meta property=\"og:title\" content=\"Umplutur\u0103 de cafea Moka Crunch - Unipatis\" \/>\n<meta property=\"og:description\" content=\"Umplutur\u0103 crocant\u0103 de cafea f\u0103cut\u0103 din ciocolat\u0103 alb\u0103, biscui\u021bi, cafea m\u0103cinat\u0103 \u0219i boabe de cacao pr\u0103jite.\" \/>\n<meta property=\"og:url\" content=\"https:\/\/www.unipatis.fr\/ro\/produit\/umplutura-de-cafea-moka-crunch\/\" \/>\n<meta property=\"og:site_name\" content=\"Unipatis\" \/>\n<meta property=\"article:publisher\" content=\"https:\/\/www.facebook.com\/unipatis\" \/>\n<meta property=\"article:modified_time\" content=\"2026-04-09T08:29:27+00:00\" \/>\n<meta property=\"og:image\" content=\"https:\/\/www.unipatis.fr\/wp-content\/uploads\/2022\/02\/seau_croustillant_cafe_moka.png\" \/>\n\t<meta property=\"og:image:width\" content=\"1261\" \/>\n\t<meta property=\"og:image:height\" content=\"1179\" \/>\n\t<meta property=\"og:image:type\" content=\"image\/png\" \/>\n<meta name=\"twitter:card\" content=\"summary_large_image\" \/>\n<script type=\"application\/ld+json\" class=\"yoast-schema-graph\">{\"@context\":\"https:\/\/schema.org\",\"@graph\":[{\"@type\":\"WebPage\",\"@id\":\"https:\/\/www.unipatis.fr\/ro\/produit\/umplutura-de-cafea-moka-crunch\/\",\"url\":\"https:\/\/www.unipatis.fr\/ro\/produit\/umplutura-de-cafea-moka-crunch\/\",\"name\":\"Umplutur\u0103 de cafea Moka Crunch - Unipatis\",\"isPartOf\":{\"@id\":\"https:\/\/www.unipatis.fr\/en\/#website\"},\"primaryImageOfPage\":{\"@id\":\"https:\/\/www.unipatis.fr\/ro\/produit\/umplutura-de-cafea-moka-crunch\/#primaryimage\"},\"image\":{\"@id\":\"https:\/\/www.unipatis.fr\/ro\/produit\/umplutura-de-cafea-moka-crunch\/#primaryimage\"},\"thumbnailUrl\":\"https:\/\/www.unipatis.fr\/wp-content\/uploads\/2022\/02\/seau_croustillant_cafe_moka.png\",\"datePublished\":\"2022-02-11T11:10:59+00:00\",\"dateModified\":\"2026-04-09T08:29:27+00:00\",\"description\":\"Umplutur\u0103 crocant\u0103 de cafea f\u0103cut\u0103 din ciocolat\u0103 alb\u0103, biscui\u021bi, cafea m\u0103cinat\u0103 \u0219i boabe de cacao pr\u0103jite.\",\"breadcrumb\":{\"@id\":\"https:\/\/www.unipatis.fr\/ro\/produit\/umplutura-de-cafea-moka-crunch\/#breadcrumb\"},\"inLanguage\":\"ro-RO\",\"potentialAction\":[{\"@type\":\"ReadAction\",\"target\":[\"https:\/\/www.unipatis.fr\/ro\/produit\/umplutura-de-cafea-moka-crunch\/\"]}]},{\"@type\":\"ImageObject\",\"inLanguage\":\"ro-RO\",\"@id\":\"https:\/\/www.unipatis.fr\/ro\/produit\/umplutura-de-cafea-moka-crunch\/#primaryimage\",\"url\":\"https:\/\/www.unipatis.fr\/wp-content\/uploads\/2022\/02\/seau_croustillant_cafe_moka.png\",\"contentUrl\":\"https:\/\/www.unipatis.fr\/wp-content\/uploads\/2022\/02\/seau_croustillant_cafe_moka.png\",\"width\":1261,\"height\":1179,\"caption\":\"croustillant_cafe_moka Unipatis\"},{\"@type\":\"BreadcrumbList\",\"@id\":\"https:\/\/www.unipatis.fr\/ro\/produit\/umplutura-de-cafea-moka-crunch\/#breadcrumb\",\"itemListElement\":[{\"@type\":\"ListItem\",\"position\":1,\"name\":\"Accueil\",\"item\":\"https:\/\/www.unipatis.fr\/ro\/acasa\/\"},{\"@type\":\"ListItem\",\"position\":2,\"name\":\"Magazin\",\"item\":\"https:\/\/www.unipatis.fr\/ro\/magazin\/\"},{\"@type\":\"ListItem\",\"position\":3,\"name\":\"Umplutur\u0103 de cafea Moka Crunch\"}]},{\"@type\":\"WebSite\",\"@id\":\"https:\/\/www.unipatis.fr\/en\/#website\",\"url\":\"https:\/\/www.unipatis.fr\/en\/\",\"name\":\"Unipatis\",\"description\":\"Unipatis Maison est une entreprise familiale sp\u00e9cialis\u00e9e dans la fabrication d&#039;ingr\u00e9dients p\u00e2tissiers et chocolatiers depuis quatre g\u00e9n\u00e9rations.\",\"publisher\":{\"@id\":\"https:\/\/www.unipatis.fr\/en\/#organization\"},\"potentialAction\":[{\"@type\":\"SearchAction\",\"target\":{\"@type\":\"EntryPoint\",\"urlTemplate\":\"https:\/\/www.unipatis.fr\/en\/?s={search_term_string}\"},\"query-input\":{\"@type\":\"PropertyValueSpecification\",\"valueRequired\":true,\"valueName\":\"search_term_string\"}}],\"inLanguage\":\"ro-RO\"},{\"@type\":\"Organization\",\"@id\":\"https:\/\/www.unipatis.fr\/en\/#organization\",\"name\":\"Unipatis\",\"url\":\"https:\/\/www.unipatis.fr\/en\/\",\"logo\":{\"@type\":\"ImageObject\",\"inLanguage\":\"ro-RO\",\"@id\":\"https:\/\/www.unipatis.fr\/en\/#\/schema\/logo\/image\/\",\"url\":\"https:\/\/www.unipatis.fr\/wp-content\/uploads\/2021\/10\/UNIPATIS_logo_flag_2021-1.svg\",\"contentUrl\":\"https:\/\/www.unipatis.fr\/wp-content\/uploads\/2021\/10\/UNIPATIS_logo_flag_2021-1.svg\",\"width\":150,\"height\":184,\"caption\":\"Unipatis\"},\"image\":{\"@id\":\"https:\/\/www.unipatis.fr\/en\/#\/schema\/logo\/image\/\"},\"sameAs\":[\"https:\/\/www.facebook.com\/unipatis\",\"https:\/\/www.instagram.com\/unipatis\",\"https:\/\/www.youtube.com\/@Unipatis\"]}]}<\/script>\n<!-- \/ Yoast SEO plugin. -->","yoast_head_json":{"title":"Umplutur\u0103 de cafea Moka Crunch - Unipatis","description":"Umplutur\u0103 crocant\u0103 de cafea f\u0103cut\u0103 din ciocolat\u0103 alb\u0103, biscui\u021bi, cafea m\u0103cinat\u0103 \u0219i boabe de cacao pr\u0103jite.","robots":{"index":"index","follow":"follow","max-snippet":"max-snippet:-1","max-image-preview":"max-image-preview:large","max-video-preview":"max-video-preview:-1"},"canonical":"https:\/\/www.unipatis.fr\/ro\/produit\/umplutura-de-cafea-moka-crunch\/","og_locale":"ro_RO","og_type":"article","og_title":"Umplutur\u0103 de cafea Moka Crunch - Unipatis","og_description":"Umplutur\u0103 crocant\u0103 de cafea f\u0103cut\u0103 din ciocolat\u0103 alb\u0103, biscui\u021bi, cafea m\u0103cinat\u0103 \u0219i boabe de cacao pr\u0103jite.","og_url":"https:\/\/www.unipatis.fr\/ro\/produit\/umplutura-de-cafea-moka-crunch\/","og_site_name":"Unipatis","article_publisher":"https:\/\/www.facebook.com\/unipatis","article_modified_time":"2026-04-09T08:29:27+00:00","og_image":[{"width":1261,"height":1179,"url":"https:\/\/www.unipatis.fr\/wp-content\/uploads\/2022\/02\/seau_croustillant_cafe_moka.png","type":"image\/png"}],"twitter_card":"summary_large_image","schema":{"@context":"https:\/\/schema.org","@graph":[{"@type":"WebPage","@id":"https:\/\/www.unipatis.fr\/ro\/produit\/umplutura-de-cafea-moka-crunch\/","url":"https:\/\/www.unipatis.fr\/ro\/produit\/umplutura-de-cafea-moka-crunch\/","name":"Umplutur\u0103 de cafea Moka Crunch - Unipatis","isPartOf":{"@id":"https:\/\/www.unipatis.fr\/en\/#website"},"primaryImageOfPage":{"@id":"https:\/\/www.unipatis.fr\/ro\/produit\/umplutura-de-cafea-moka-crunch\/#primaryimage"},"image":{"@id":"https:\/\/www.unipatis.fr\/ro\/produit\/umplutura-de-cafea-moka-crunch\/#primaryimage"},"thumbnailUrl":"https:\/\/www.unipatis.fr\/wp-content\/uploads\/2022\/02\/seau_croustillant_cafe_moka.png","datePublished":"2022-02-11T11:10:59+00:00","dateModified":"2026-04-09T08:29:27+00:00","description":"Umplutur\u0103 crocant\u0103 de cafea f\u0103cut\u0103 din ciocolat\u0103 alb\u0103, biscui\u021bi, cafea m\u0103cinat\u0103 \u0219i boabe de cacao pr\u0103jite.","breadcrumb":{"@id":"https:\/\/www.unipatis.fr\/ro\/produit\/umplutura-de-cafea-moka-crunch\/#breadcrumb"},"inLanguage":"ro-RO","potentialAction":[{"@type":"ReadAction","target":["https:\/\/www.unipatis.fr\/ro\/produit\/umplutura-de-cafea-moka-crunch\/"]}]},{"@type":"ImageObject","inLanguage":"ro-RO","@id":"https:\/\/www.unipatis.fr\/ro\/produit\/umplutura-de-cafea-moka-crunch\/#primaryimage","url":"https:\/\/www.unipatis.fr\/wp-content\/uploads\/2022\/02\/seau_croustillant_cafe_moka.png","contentUrl":"https:\/\/www.unipatis.fr\/wp-content\/uploads\/2022\/02\/seau_croustillant_cafe_moka.png","width":1261,"height":1179,"caption":"croustillant_cafe_moka Unipatis"},{"@type":"BreadcrumbList","@id":"https:\/\/www.unipatis.fr\/ro\/produit\/umplutura-de-cafea-moka-crunch\/#breadcrumb","itemListElement":[{"@type":"ListItem","position":1,"name":"Accueil","item":"https:\/\/www.unipatis.fr\/ro\/acasa\/"},{"@type":"ListItem","position":2,"name":"Magazin","item":"https:\/\/www.unipatis.fr\/ro\/magazin\/"},{"@type":"ListItem","position":3,"name":"Umplutur\u0103 de cafea Moka Crunch"}]},{"@type":"WebSite","@id":"https:\/\/www.unipatis.fr\/en\/#website","url":"https:\/\/www.unipatis.fr\/en\/","name":"Unipatis","description":"Unipatis Maison est une entreprise familiale sp\u00e9cialis\u00e9e dans la fabrication d&#039;ingr\u00e9dients p\u00e2tissiers et chocolatiers depuis quatre g\u00e9n\u00e9rations.","publisher":{"@id":"https:\/\/www.unipatis.fr\/en\/#organization"},"potentialAction":[{"@type":"SearchAction","target":{"@type":"EntryPoint","urlTemplate":"https:\/\/www.unipatis.fr\/en\/?s={search_term_string}"},"query-input":{"@type":"PropertyValueSpecification","valueRequired":true,"valueName":"search_term_string"}}],"inLanguage":"ro-RO"},{"@type":"Organization","@id":"https:\/\/www.unipatis.fr\/en\/#organization","name":"Unipatis","url":"https:\/\/www.unipatis.fr\/en\/","logo":{"@type":"ImageObject","inLanguage":"ro-RO","@id":"https:\/\/www.unipatis.fr\/en\/#\/schema\/logo\/image\/","url":"https:\/\/www.unipatis.fr\/wp-content\/uploads\/2021\/10\/UNIPATIS_logo_flag_2021-1.svg","contentUrl":"https:\/\/www.unipatis.fr\/wp-content\/uploads\/2021\/10\/UNIPATIS_logo_flag_2021-1.svg","width":150,"height":184,"caption":"Unipatis"},"image":{"@id":"https:\/\/www.unipatis.fr\/en\/#\/schema\/logo\/image\/"},"sameAs":["https:\/\/www.facebook.com\/unipatis","https:\/\/www.instagram.com\/unipatis","https:\/\/www.youtube.com\/@Unipatis"]}]}},"_links":{"self":[{"href":"https:\/\/www.unipatis.fr\/ro\/wp-json\/wp\/v2\/product\/13611","targetHints":{"allow":["GET"]}}],"collection":[{"href":"https:\/\/www.unipatis.fr\/ro\/wp-json\/wp\/v2\/product"}],"about":[{"href":"https:\/\/www.unipatis.fr\/ro\/wp-json\/wp\/v2\/types\/product"}],"replies":[{"embeddable":true,"href":"https:\/\/www.unipatis.fr\/ro\/wp-json\/wp\/v2\/comments?post=13611"}],"version-history":[{"count":1,"href":"https:\/\/www.unipatis.fr\/ro\/wp-json\/wp\/v2\/product\/13611\/revisions"}],"predecessor-version":[{"id":27465,"href":"https:\/\/www.unipatis.fr\/ro\/wp-json\/wp\/v2\/product\/13611\/revisions\/27465"}],"wp:featuredmedia":[{"embeddable":true,"href":"https:\/\/www.unipatis.fr\/ro\/wp-json\/wp\/v2\/media\/13615"}],"wp:attachment":[{"href":"https:\/\/www.unipatis.fr\/ro\/wp-json\/wp\/v2\/media?parent=13611"}],"wp:term":[{"taxonomy":"product_brand","embeddable":true,"href":"https:\/\/www.unipatis.fr\/ro\/wp-json\/wp\/v2\/product_brand?post=13611"},{"taxonomy":"product_cat","embeddable":true,"href":"https:\/\/www.unipatis.fr\/ro\/wp-json\/wp\/v2\/product_cat?post=13611"},{"taxonomy":"product_tag","embeddable":true,"href":"https:\/\/www.unipatis.fr\/ro\/wp-json\/wp\/v2\/product_tag?post=13611"}],"curies":[{"name":"wp","href":"https:\/\/api.w.org\/{rel}","templated":true}]}}