{"id":14060,"date":"2022-02-11T12:11:14","date_gmt":"2022-02-11T11:11:14","guid":{"rendered":"https:\/\/www.unipatis.fr\/produit\/sos-de-ciocolata-fierbinte-35\/"},"modified":"2026-04-09T10:34:03","modified_gmt":"2026-04-09T08:34:03","slug":"sos-de-ciocolata-fierbinte-35","status":"publish","type":"product","link":"https:\/\/www.unipatis.fr\/ro\/produit\/sos-de-ciocolata-fierbinte-35\/","title":{"rendered":"Sos de ciocolat\u0103 fierbinte (35%)"},"content":{"rendered":"","protected":false},"excerpt":{"rendered":"<p>Sos de ciocolat\u0103 pentru desert pentru \u00eenghe\u021bat\u0103, profiterol, pere Belle H\u00e9l\u00e8ne, cl\u0103tite&#8230;<\/p>\n<p>Fabricat din ciocolat\u0103 neagr\u0103 pur\u0103 cu unt de cacao (35%), f\u0103r\u0103 alte gr\u0103simi vegetale.<\/p>\n<p>F\u0103r\u0103 ulei de palmier, f\u0103r\u0103 coloran\u021bi, f\u0103r\u0103 OMG-uri.<\/p>\n","protected":false},"featured_media":25209,"comment_status":"closed","ping_status":"closed","template":"","meta":{"_acf_changed":false,"inline_featured_image":false},"product_brand":[],"product_cat":[559,438,502],"product_tag":[],"class_list":{"0":"post-14060","1":"product","2":"type-product","3":"status-publish","4":"has-post-thumbnail","6":"product_cat-21-sosuri-de-ciocolata","7":"product_cat-24-formatele-magazinelor","8":"product_cat-stiri","9":"sales-flash-overlay","10":"woocommerce-text-align-center","11":"woocommerce-image-align-center","12":"do-quantity-buttons","14":"first","15":"instock","16":"product-type-simple"},"acf":[],"yoast_head":"<!-- This site is optimized with the Yoast SEO plugin v27.2 - https:\/\/yoast.com\/product\/yoast-seo-wordpress\/ -->\n<title>Sos de ciocolat\u0103 fierbinte (35%) - Unipatis<\/title>\n<meta name=\"description\" content=\"Unipatis 35% sos profesional de ciocolat\u0103 cald\u0103: ciocolat\u0103 neagr\u0103 pur\u0103 cu unt de cacao. Ideal pentru \u00eenghe\u021bat\u0103, profiterol \u0219i crepes. Gata de utilizare, f\u0103r\u0103 palmier.\" \/>\n<meta name=\"robots\" content=\"index, follow, max-snippet:-1, max-image-preview:large, max-video-preview:-1\" \/>\n<link rel=\"canonical\" href=\"https:\/\/www.unipatis.fr\/ro\/produit\/sos-de-ciocolata-fierbinte-35\/\" \/>\n<meta property=\"og:locale\" content=\"ro_RO\" \/>\n<meta property=\"og:type\" content=\"article\" \/>\n<meta property=\"og:title\" content=\"Sos de ciocolat\u0103 fierbinte (35%) - Unipatis\" \/>\n<meta property=\"og:description\" content=\"Unipatis 35% sos profesional de ciocolat\u0103 cald\u0103: ciocolat\u0103 neagr\u0103 pur\u0103 cu unt de cacao. Ideal pentru \u00eenghe\u021bat\u0103, profiterol \u0219i crepes. Gata de utilizare, f\u0103r\u0103 palmier.\" \/>\n<meta property=\"og:url\" content=\"https:\/\/www.unipatis.fr\/ro\/produit\/sos-de-ciocolata-fierbinte-35\/\" \/>\n<meta property=\"og:site_name\" content=\"Unipatis\" \/>\n<meta property=\"article:publisher\" content=\"https:\/\/www.facebook.com\/unipatis\" \/>\n<meta property=\"article:modified_time\" content=\"2026-04-09T08:34:03+00:00\" \/>\n<meta property=\"og:image\" content=\"https:\/\/www.unipatis.fr\/wp-content\/uploads\/2022\/02\/Sauce-chaude-au-chocolat-35.png\" \/>\n\t<meta property=\"og:image:width\" content=\"544\" \/>\n\t<meta property=\"og:image:height\" content=\"544\" \/>\n\t<meta property=\"og:image:type\" content=\"image\/png\" \/>\n<meta name=\"twitter:card\" content=\"summary_large_image\" \/>\n<script type=\"application\/ld+json\" class=\"yoast-schema-graph\">{\"@context\":\"https:\/\/schema.org\",\"@graph\":[{\"@type\":\"WebPage\",\"@id\":\"https:\/\/www.unipatis.fr\/ro\/produit\/sos-de-ciocolata-fierbinte-35\/\",\"url\":\"https:\/\/www.unipatis.fr\/ro\/produit\/sos-de-ciocolata-fierbinte-35\/\",\"name\":\"Sos de ciocolat\u0103 fierbinte (35%) - Unipatis\",\"isPartOf\":{\"@id\":\"https:\/\/www.unipatis.fr\/en\/#website\"},\"primaryImageOfPage\":{\"@id\":\"https:\/\/www.unipatis.fr\/ro\/produit\/sos-de-ciocolata-fierbinte-35\/#primaryimage\"},\"image\":{\"@id\":\"https:\/\/www.unipatis.fr\/ro\/produit\/sos-de-ciocolata-fierbinte-35\/#primaryimage\"},\"thumbnailUrl\":\"https:\/\/www.unipatis.fr\/wp-content\/uploads\/2022\/02\/Sauce-chaude-au-chocolat-35.png\",\"datePublished\":\"2022-02-11T11:11:14+00:00\",\"dateModified\":\"2026-04-09T08:34:03+00:00\",\"description\":\"Unipatis 35% sos profesional de ciocolat\u0103 cald\u0103: ciocolat\u0103 neagr\u0103 pur\u0103 cu unt de cacao. Ideal pentru \u00eenghe\u021bat\u0103, profiterol \u0219i crepes. Gata de utilizare, f\u0103r\u0103 palmier.\",\"breadcrumb\":{\"@id\":\"https:\/\/www.unipatis.fr\/ro\/produit\/sos-de-ciocolata-fierbinte-35\/#breadcrumb\"},\"inLanguage\":\"ro-RO\",\"potentialAction\":[{\"@type\":\"ReadAction\",\"target\":[\"https:\/\/www.unipatis.fr\/ro\/produit\/sos-de-ciocolata-fierbinte-35\/\"]}]},{\"@type\":\"ImageObject\",\"inLanguage\":\"ro-RO\",\"@id\":\"https:\/\/www.unipatis.fr\/ro\/produit\/sos-de-ciocolata-fierbinte-35\/#primaryimage\",\"url\":\"https:\/\/www.unipatis.fr\/wp-content\/uploads\/2022\/02\/Sauce-chaude-au-chocolat-35.png\",\"contentUrl\":\"https:\/\/www.unipatis.fr\/wp-content\/uploads\/2022\/02\/Sauce-chaude-au-chocolat-35.png\",\"width\":544,\"height\":544,\"caption\":\"Sos de ciocolat\u0103 cald\u0103 Unipatis (35%)\"},{\"@type\":\"BreadcrumbList\",\"@id\":\"https:\/\/www.unipatis.fr\/ro\/produit\/sos-de-ciocolata-fierbinte-35\/#breadcrumb\",\"itemListElement\":[{\"@type\":\"ListItem\",\"position\":1,\"name\":\"Accueil\",\"item\":\"https:\/\/www.unipatis.fr\/ro\/acasa\/\"},{\"@type\":\"ListItem\",\"position\":2,\"name\":\"Magazin\",\"item\":\"https:\/\/www.unipatis.fr\/ro\/magazin\/\"},{\"@type\":\"ListItem\",\"position\":3,\"name\":\"Sos de ciocolat\u0103 fierbinte (35%)\"}]},{\"@type\":\"WebSite\",\"@id\":\"https:\/\/www.unipatis.fr\/en\/#website\",\"url\":\"https:\/\/www.unipatis.fr\/en\/\",\"name\":\"Unipatis\",\"description\":\"Unipatis Maison est une entreprise familiale sp\u00e9cialis\u00e9e dans la fabrication d&#039;ingr\u00e9dients p\u00e2tissiers et chocolatiers depuis quatre g\u00e9n\u00e9rations.\",\"publisher\":{\"@id\":\"https:\/\/www.unipatis.fr\/en\/#organization\"},\"potentialAction\":[{\"@type\":\"SearchAction\",\"target\":{\"@type\":\"EntryPoint\",\"urlTemplate\":\"https:\/\/www.unipatis.fr\/en\/?s={search_term_string}\"},\"query-input\":{\"@type\":\"PropertyValueSpecification\",\"valueRequired\":true,\"valueName\":\"search_term_string\"}}],\"inLanguage\":\"ro-RO\"},{\"@type\":\"Organization\",\"@id\":\"https:\/\/www.unipatis.fr\/en\/#organization\",\"name\":\"Unipatis\",\"url\":\"https:\/\/www.unipatis.fr\/en\/\",\"logo\":{\"@type\":\"ImageObject\",\"inLanguage\":\"ro-RO\",\"@id\":\"https:\/\/www.unipatis.fr\/en\/#\/schema\/logo\/image\/\",\"url\":\"https:\/\/www.unipatis.fr\/wp-content\/uploads\/2021\/10\/UNIPATIS_logo_flag_2021-1.svg\",\"contentUrl\":\"https:\/\/www.unipatis.fr\/wp-content\/uploads\/2021\/10\/UNIPATIS_logo_flag_2021-1.svg\",\"width\":150,\"height\":184,\"caption\":\"Unipatis\"},\"image\":{\"@id\":\"https:\/\/www.unipatis.fr\/en\/#\/schema\/logo\/image\/\"},\"sameAs\":[\"https:\/\/www.facebook.com\/unipatis\",\"https:\/\/www.instagram.com\/unipatis\",\"https:\/\/www.youtube.com\/@Unipatis\"]}]}<\/script>\n<!-- \/ Yoast SEO plugin. -->","yoast_head_json":{"title":"Sos de ciocolat\u0103 fierbinte (35%) - Unipatis","description":"Unipatis 35% sos profesional de ciocolat\u0103 cald\u0103: ciocolat\u0103 neagr\u0103 pur\u0103 cu unt de cacao. Ideal pentru \u00eenghe\u021bat\u0103, profiterol \u0219i crepes. Gata de utilizare, f\u0103r\u0103 palmier.","robots":{"index":"index","follow":"follow","max-snippet":"max-snippet:-1","max-image-preview":"max-image-preview:large","max-video-preview":"max-video-preview:-1"},"canonical":"https:\/\/www.unipatis.fr\/ro\/produit\/sos-de-ciocolata-fierbinte-35\/","og_locale":"ro_RO","og_type":"article","og_title":"Sos de ciocolat\u0103 fierbinte (35%) - Unipatis","og_description":"Unipatis 35% sos profesional de ciocolat\u0103 cald\u0103: ciocolat\u0103 neagr\u0103 pur\u0103 cu unt de cacao. Ideal pentru \u00eenghe\u021bat\u0103, profiterol \u0219i crepes. Gata de utilizare, f\u0103r\u0103 palmier.","og_url":"https:\/\/www.unipatis.fr\/ro\/produit\/sos-de-ciocolata-fierbinte-35\/","og_site_name":"Unipatis","article_publisher":"https:\/\/www.facebook.com\/unipatis","article_modified_time":"2026-04-09T08:34:03+00:00","og_image":[{"width":544,"height":544,"url":"https:\/\/www.unipatis.fr\/wp-content\/uploads\/2022\/02\/Sauce-chaude-au-chocolat-35.png","type":"image\/png"}],"twitter_card":"summary_large_image","schema":{"@context":"https:\/\/schema.org","@graph":[{"@type":"WebPage","@id":"https:\/\/www.unipatis.fr\/ro\/produit\/sos-de-ciocolata-fierbinte-35\/","url":"https:\/\/www.unipatis.fr\/ro\/produit\/sos-de-ciocolata-fierbinte-35\/","name":"Sos de ciocolat\u0103 fierbinte (35%) - Unipatis","isPartOf":{"@id":"https:\/\/www.unipatis.fr\/en\/#website"},"primaryImageOfPage":{"@id":"https:\/\/www.unipatis.fr\/ro\/produit\/sos-de-ciocolata-fierbinte-35\/#primaryimage"},"image":{"@id":"https:\/\/www.unipatis.fr\/ro\/produit\/sos-de-ciocolata-fierbinte-35\/#primaryimage"},"thumbnailUrl":"https:\/\/www.unipatis.fr\/wp-content\/uploads\/2022\/02\/Sauce-chaude-au-chocolat-35.png","datePublished":"2022-02-11T11:11:14+00:00","dateModified":"2026-04-09T08:34:03+00:00","description":"Unipatis 35% sos profesional de ciocolat\u0103 cald\u0103: ciocolat\u0103 neagr\u0103 pur\u0103 cu unt de cacao. Ideal pentru \u00eenghe\u021bat\u0103, profiterol \u0219i crepes. Gata de utilizare, f\u0103r\u0103 palmier.","breadcrumb":{"@id":"https:\/\/www.unipatis.fr\/ro\/produit\/sos-de-ciocolata-fierbinte-35\/#breadcrumb"},"inLanguage":"ro-RO","potentialAction":[{"@type":"ReadAction","target":["https:\/\/www.unipatis.fr\/ro\/produit\/sos-de-ciocolata-fierbinte-35\/"]}]},{"@type":"ImageObject","inLanguage":"ro-RO","@id":"https:\/\/www.unipatis.fr\/ro\/produit\/sos-de-ciocolata-fierbinte-35\/#primaryimage","url":"https:\/\/www.unipatis.fr\/wp-content\/uploads\/2022\/02\/Sauce-chaude-au-chocolat-35.png","contentUrl":"https:\/\/www.unipatis.fr\/wp-content\/uploads\/2022\/02\/Sauce-chaude-au-chocolat-35.png","width":544,"height":544,"caption":"Sos de ciocolat\u0103 cald\u0103 Unipatis (35%)"},{"@type":"BreadcrumbList","@id":"https:\/\/www.unipatis.fr\/ro\/produit\/sos-de-ciocolata-fierbinte-35\/#breadcrumb","itemListElement":[{"@type":"ListItem","position":1,"name":"Accueil","item":"https:\/\/www.unipatis.fr\/ro\/acasa\/"},{"@type":"ListItem","position":2,"name":"Magazin","item":"https:\/\/www.unipatis.fr\/ro\/magazin\/"},{"@type":"ListItem","position":3,"name":"Sos de ciocolat\u0103 fierbinte (35%)"}]},{"@type":"WebSite","@id":"https:\/\/www.unipatis.fr\/en\/#website","url":"https:\/\/www.unipatis.fr\/en\/","name":"Unipatis","description":"Unipatis Maison est une entreprise familiale sp\u00e9cialis\u00e9e dans la fabrication d&#039;ingr\u00e9dients p\u00e2tissiers et chocolatiers depuis quatre g\u00e9n\u00e9rations.","publisher":{"@id":"https:\/\/www.unipatis.fr\/en\/#organization"},"potentialAction":[{"@type":"SearchAction","target":{"@type":"EntryPoint","urlTemplate":"https:\/\/www.unipatis.fr\/en\/?s={search_term_string}"},"query-input":{"@type":"PropertyValueSpecification","valueRequired":true,"valueName":"search_term_string"}}],"inLanguage":"ro-RO"},{"@type":"Organization","@id":"https:\/\/www.unipatis.fr\/en\/#organization","name":"Unipatis","url":"https:\/\/www.unipatis.fr\/en\/","logo":{"@type":"ImageObject","inLanguage":"ro-RO","@id":"https:\/\/www.unipatis.fr\/en\/#\/schema\/logo\/image\/","url":"https:\/\/www.unipatis.fr\/wp-content\/uploads\/2021\/10\/UNIPATIS_logo_flag_2021-1.svg","contentUrl":"https:\/\/www.unipatis.fr\/wp-content\/uploads\/2021\/10\/UNIPATIS_logo_flag_2021-1.svg","width":150,"height":184,"caption":"Unipatis"},"image":{"@id":"https:\/\/www.unipatis.fr\/en\/#\/schema\/logo\/image\/"},"sameAs":["https:\/\/www.facebook.com\/unipatis","https:\/\/www.instagram.com\/unipatis","https:\/\/www.youtube.com\/@Unipatis"]}]}},"_links":{"self":[{"href":"https:\/\/www.unipatis.fr\/ro\/wp-json\/wp\/v2\/product\/14060","targetHints":{"allow":["GET"]}}],"collection":[{"href":"https:\/\/www.unipatis.fr\/ro\/wp-json\/wp\/v2\/product"}],"about":[{"href":"https:\/\/www.unipatis.fr\/ro\/wp-json\/wp\/v2\/types\/product"}],"replies":[{"embeddable":true,"href":"https:\/\/www.unipatis.fr\/ro\/wp-json\/wp\/v2\/comments?post=14060"}],"version-history":[{"count":1,"href":"https:\/\/www.unipatis.fr\/ro\/wp-json\/wp\/v2\/product\/14060\/revisions"}],"predecessor-version":[{"id":27367,"href":"https:\/\/www.unipatis.fr\/ro\/wp-json\/wp\/v2\/product\/14060\/revisions\/27367"}],"wp:featuredmedia":[{"embeddable":true,"href":"https:\/\/www.unipatis.fr\/ro\/wp-json\/wp\/v2\/media\/25209"}],"wp:attachment":[{"href":"https:\/\/www.unipatis.fr\/ro\/wp-json\/wp\/v2\/media?parent=14060"}],"wp:term":[{"taxonomy":"product_brand","embeddable":true,"href":"https:\/\/www.unipatis.fr\/ro\/wp-json\/wp\/v2\/product_brand?post=14060"},{"taxonomy":"product_cat","embeddable":true,"href":"https:\/\/www.unipatis.fr\/ro\/wp-json\/wp\/v2\/product_cat?post=14060"},{"taxonomy":"product_tag","embeddable":true,"href":"https:\/\/www.unipatis.fr\/ro\/wp-json\/wp\/v2\/product_tag?post=14060"}],"curies":[{"name":"wp","href":"https:\/\/api.w.org\/{rel}","templated":true}]}}