{"id":14304,"date":"2022-02-11T12:12:12","date_gmt":"2022-02-11T11:12:12","guid":{"rendered":"https:\/\/www.unipatis.fr\/produit\/pastillage-cu-pudra-rece-modelare-decorativa-cu-pasta\/"},"modified":"2026-04-09T10:34:30","modified_gmt":"2026-04-09T08:34:30","slug":"pastillage-cu-pudra-rece-modelare-decorativa-cu-pasta","status":"publish","type":"product","link":"https:\/\/www.unipatis.fr\/ro\/produit\/pastillage-cu-pudra-rece-modelare-decorativa-cu-pasta\/","title":{"rendered":"Pastillage cu pudr\u0103 rece (modelare decorativ\u0103 cu past\u0103)"},"content":{"rendered":"","protected":false},"excerpt":{"rendered":"<p>Preparat sub form\u0103 de pudr\u0103 pentru decora\u021biuni (exponate, frunze, flori, bufete, piese de decor,<br \/>\nmotive de Pa\u0219te \u0219i Cr\u0103ciun, toate motivele decorative etc.).<\/p>\n","protected":false},"featured_media":14306,"comment_status":"closed","ping_status":"closed","template":"","meta":{"_acf_changed":false,"inline_featured_image":false},"product_brand":[],"product_cat":[797],"product_tag":[],"class_list":{"0":"post-14304","1":"product","2":"type-product","3":"status-publish","4":"has-post-thumbnail","6":"product_cat-19-decoratiuni-asamblate-2","7":"sales-flash-overlay","8":"woocommerce-text-align-center","9":"woocommerce-image-align-center","10":"do-quantity-buttons","12":"first","13":"instock","14":"product-type-simple"},"acf":[],"yoast_head":"<!-- This site is optimized with the Yoast SEO plugin v27.2 - https:\/\/yoast.com\/product\/yoast-seo-wordpress\/ -->\n<title>Pastillage cu pudr\u0103 rece (modelare decorativ\u0103 cu past\u0103) - Unipatis<\/title>\n<meta name=\"robots\" content=\"index, follow, max-snippet:-1, max-image-preview:large, max-video-preview:-1\" \/>\n<link rel=\"canonical\" href=\"https:\/\/www.unipatis.fr\/ro\/produit\/pastillage-cu-pudra-rece-modelare-decorativa-cu-pasta\/\" \/>\n<meta property=\"og:locale\" content=\"ro_RO\" \/>\n<meta property=\"og:type\" content=\"article\" \/>\n<meta property=\"og:title\" content=\"Pastillage cu pudr\u0103 rece (modelare decorativ\u0103 cu past\u0103) - Unipatis\" \/>\n<meta property=\"og:description\" content=\"Preparat sub form\u0103 de pudr\u0103 pentru decora\u021biuni (exponate, frunze, flori, bufete, piese de decor, motive de Pa\u0219te \u0219i Cr\u0103ciun, toate motivele decorative etc.).\" \/>\n<meta property=\"og:url\" content=\"https:\/\/www.unipatis.fr\/ro\/produit\/pastillage-cu-pudra-rece-modelare-decorativa-cu-pasta\/\" \/>\n<meta property=\"og:site_name\" content=\"Unipatis\" \/>\n<meta property=\"article:publisher\" content=\"https:\/\/www.facebook.com\/unipatis\" \/>\n<meta property=\"article:modified_time\" content=\"2026-04-09T08:34:30+00:00\" \/>\n<meta property=\"og:image\" content=\"https:\/\/www.unipatis.fr\/wp-content\/uploads\/2022\/02\/seau_pastillage_poudre.png\" \/>\n\t<meta property=\"og:image:width\" content=\"1575\" \/>\n\t<meta property=\"og:image:height\" content=\"1634\" \/>\n\t<meta property=\"og:image:type\" content=\"image\/png\" \/>\n<meta name=\"twitter:card\" content=\"summary_large_image\" \/>\n<script type=\"application\/ld+json\" class=\"yoast-schema-graph\">{\"@context\":\"https:\/\/schema.org\",\"@graph\":[{\"@type\":\"WebPage\",\"@id\":\"https:\/\/www.unipatis.fr\/ro\/produit\/pastillage-cu-pudra-rece-modelare-decorativa-cu-pasta\/\",\"url\":\"https:\/\/www.unipatis.fr\/ro\/produit\/pastillage-cu-pudra-rece-modelare-decorativa-cu-pasta\/\",\"name\":\"Pastillage cu pudr\u0103 rece (modelare decorativ\u0103 cu past\u0103) - Unipatis\",\"isPartOf\":{\"@id\":\"https:\/\/www.unipatis.fr\/en\/#website\"},\"primaryImageOfPage\":{\"@id\":\"https:\/\/www.unipatis.fr\/ro\/produit\/pastillage-cu-pudra-rece-modelare-decorativa-cu-pasta\/#primaryimage\"},\"image\":{\"@id\":\"https:\/\/www.unipatis.fr\/ro\/produit\/pastillage-cu-pudra-rece-modelare-decorativa-cu-pasta\/#primaryimage\"},\"thumbnailUrl\":\"https:\/\/www.unipatis.fr\/wp-content\/uploads\/2022\/02\/seau_pastillage_poudre.png\",\"datePublished\":\"2022-02-11T11:12:12+00:00\",\"dateModified\":\"2026-04-09T08:34:30+00:00\",\"breadcrumb\":{\"@id\":\"https:\/\/www.unipatis.fr\/ro\/produit\/pastillage-cu-pudra-rece-modelare-decorativa-cu-pasta\/#breadcrumb\"},\"inLanguage\":\"ro-RO\",\"potentialAction\":[{\"@type\":\"ReadAction\",\"target\":[\"https:\/\/www.unipatis.fr\/ro\/produit\/pastillage-cu-pudra-rece-modelare-decorativa-cu-pasta\/\"]}]},{\"@type\":\"ImageObject\",\"inLanguage\":\"ro-RO\",\"@id\":\"https:\/\/www.unipatis.fr\/ro\/produit\/pastillage-cu-pudra-rece-modelare-decorativa-cu-pasta\/#primaryimage\",\"url\":\"https:\/\/www.unipatis.fr\/wp-content\/uploads\/2022\/02\/seau_pastillage_poudre.png\",\"contentUrl\":\"https:\/\/www.unipatis.fr\/wp-content\/uploads\/2022\/02\/seau_pastillage_poudre.png\",\"width\":1575,\"height\":1634,\"caption\":\"pastillage_poudre Unipatis\"},{\"@type\":\"BreadcrumbList\",\"@id\":\"https:\/\/www.unipatis.fr\/ro\/produit\/pastillage-cu-pudra-rece-modelare-decorativa-cu-pasta\/#breadcrumb\",\"itemListElement\":[{\"@type\":\"ListItem\",\"position\":1,\"name\":\"Accueil\",\"item\":\"https:\/\/www.unipatis.fr\/ro\/acasa\/\"},{\"@type\":\"ListItem\",\"position\":2,\"name\":\"Magazin\",\"item\":\"https:\/\/www.unipatis.fr\/ro\/magazin\/\"},{\"@type\":\"ListItem\",\"position\":3,\"name\":\"Pastillage cu pudr\u0103 rece (modelare decorativ\u0103 cu past\u0103)\"}]},{\"@type\":\"WebSite\",\"@id\":\"https:\/\/www.unipatis.fr\/en\/#website\",\"url\":\"https:\/\/www.unipatis.fr\/en\/\",\"name\":\"Unipatis\",\"description\":\"Unipatis Maison est une entreprise familiale sp\u00e9cialis\u00e9e dans la fabrication d&#039;ingr\u00e9dients p\u00e2tissiers et chocolatiers depuis quatre g\u00e9n\u00e9rations.\",\"publisher\":{\"@id\":\"https:\/\/www.unipatis.fr\/en\/#organization\"},\"potentialAction\":[{\"@type\":\"SearchAction\",\"target\":{\"@type\":\"EntryPoint\",\"urlTemplate\":\"https:\/\/www.unipatis.fr\/en\/?s={search_term_string}\"},\"query-input\":{\"@type\":\"PropertyValueSpecification\",\"valueRequired\":true,\"valueName\":\"search_term_string\"}}],\"inLanguage\":\"ro-RO\"},{\"@type\":\"Organization\",\"@id\":\"https:\/\/www.unipatis.fr\/en\/#organization\",\"name\":\"Unipatis\",\"url\":\"https:\/\/www.unipatis.fr\/en\/\",\"logo\":{\"@type\":\"ImageObject\",\"inLanguage\":\"ro-RO\",\"@id\":\"https:\/\/www.unipatis.fr\/en\/#\/schema\/logo\/image\/\",\"url\":\"https:\/\/www.unipatis.fr\/wp-content\/uploads\/2021\/10\/UNIPATIS_logo_flag_2021-1.svg\",\"contentUrl\":\"https:\/\/www.unipatis.fr\/wp-content\/uploads\/2021\/10\/UNIPATIS_logo_flag_2021-1.svg\",\"width\":150,\"height\":184,\"caption\":\"Unipatis\"},\"image\":{\"@id\":\"https:\/\/www.unipatis.fr\/en\/#\/schema\/logo\/image\/\"},\"sameAs\":[\"https:\/\/www.facebook.com\/unipatis\",\"https:\/\/www.instagram.com\/unipatis\",\"https:\/\/www.youtube.com\/@Unipatis\"]}]}<\/script>\n<!-- \/ Yoast SEO plugin. -->","yoast_head_json":{"title":"Pastillage cu pudr\u0103 rece (modelare decorativ\u0103 cu past\u0103) - Unipatis","robots":{"index":"index","follow":"follow","max-snippet":"max-snippet:-1","max-image-preview":"max-image-preview:large","max-video-preview":"max-video-preview:-1"},"canonical":"https:\/\/www.unipatis.fr\/ro\/produit\/pastillage-cu-pudra-rece-modelare-decorativa-cu-pasta\/","og_locale":"ro_RO","og_type":"article","og_title":"Pastillage cu pudr\u0103 rece (modelare decorativ\u0103 cu past\u0103) - Unipatis","og_description":"Preparat sub form\u0103 de pudr\u0103 pentru decora\u021biuni (exponate, frunze, flori, bufete, piese de decor, motive de Pa\u0219te \u0219i Cr\u0103ciun, toate motivele decorative etc.).","og_url":"https:\/\/www.unipatis.fr\/ro\/produit\/pastillage-cu-pudra-rece-modelare-decorativa-cu-pasta\/","og_site_name":"Unipatis","article_publisher":"https:\/\/www.facebook.com\/unipatis","article_modified_time":"2026-04-09T08:34:30+00:00","og_image":[{"width":1575,"height":1634,"url":"https:\/\/www.unipatis.fr\/wp-content\/uploads\/2022\/02\/seau_pastillage_poudre.png","type":"image\/png"}],"twitter_card":"summary_large_image","schema":{"@context":"https:\/\/schema.org","@graph":[{"@type":"WebPage","@id":"https:\/\/www.unipatis.fr\/ro\/produit\/pastillage-cu-pudra-rece-modelare-decorativa-cu-pasta\/","url":"https:\/\/www.unipatis.fr\/ro\/produit\/pastillage-cu-pudra-rece-modelare-decorativa-cu-pasta\/","name":"Pastillage cu pudr\u0103 rece (modelare decorativ\u0103 cu past\u0103) - Unipatis","isPartOf":{"@id":"https:\/\/www.unipatis.fr\/en\/#website"},"primaryImageOfPage":{"@id":"https:\/\/www.unipatis.fr\/ro\/produit\/pastillage-cu-pudra-rece-modelare-decorativa-cu-pasta\/#primaryimage"},"image":{"@id":"https:\/\/www.unipatis.fr\/ro\/produit\/pastillage-cu-pudra-rece-modelare-decorativa-cu-pasta\/#primaryimage"},"thumbnailUrl":"https:\/\/www.unipatis.fr\/wp-content\/uploads\/2022\/02\/seau_pastillage_poudre.png","datePublished":"2022-02-11T11:12:12+00:00","dateModified":"2026-04-09T08:34:30+00:00","breadcrumb":{"@id":"https:\/\/www.unipatis.fr\/ro\/produit\/pastillage-cu-pudra-rece-modelare-decorativa-cu-pasta\/#breadcrumb"},"inLanguage":"ro-RO","potentialAction":[{"@type":"ReadAction","target":["https:\/\/www.unipatis.fr\/ro\/produit\/pastillage-cu-pudra-rece-modelare-decorativa-cu-pasta\/"]}]},{"@type":"ImageObject","inLanguage":"ro-RO","@id":"https:\/\/www.unipatis.fr\/ro\/produit\/pastillage-cu-pudra-rece-modelare-decorativa-cu-pasta\/#primaryimage","url":"https:\/\/www.unipatis.fr\/wp-content\/uploads\/2022\/02\/seau_pastillage_poudre.png","contentUrl":"https:\/\/www.unipatis.fr\/wp-content\/uploads\/2022\/02\/seau_pastillage_poudre.png","width":1575,"height":1634,"caption":"pastillage_poudre Unipatis"},{"@type":"BreadcrumbList","@id":"https:\/\/www.unipatis.fr\/ro\/produit\/pastillage-cu-pudra-rece-modelare-decorativa-cu-pasta\/#breadcrumb","itemListElement":[{"@type":"ListItem","position":1,"name":"Accueil","item":"https:\/\/www.unipatis.fr\/ro\/acasa\/"},{"@type":"ListItem","position":2,"name":"Magazin","item":"https:\/\/www.unipatis.fr\/ro\/magazin\/"},{"@type":"ListItem","position":3,"name":"Pastillage cu pudr\u0103 rece (modelare decorativ\u0103 cu past\u0103)"}]},{"@type":"WebSite","@id":"https:\/\/www.unipatis.fr\/en\/#website","url":"https:\/\/www.unipatis.fr\/en\/","name":"Unipatis","description":"Unipatis Maison est une entreprise familiale sp\u00e9cialis\u00e9e dans la fabrication d&#039;ingr\u00e9dients p\u00e2tissiers et chocolatiers depuis quatre g\u00e9n\u00e9rations.","publisher":{"@id":"https:\/\/www.unipatis.fr\/en\/#organization"},"potentialAction":[{"@type":"SearchAction","target":{"@type":"EntryPoint","urlTemplate":"https:\/\/www.unipatis.fr\/en\/?s={search_term_string}"},"query-input":{"@type":"PropertyValueSpecification","valueRequired":true,"valueName":"search_term_string"}}],"inLanguage":"ro-RO"},{"@type":"Organization","@id":"https:\/\/www.unipatis.fr\/en\/#organization","name":"Unipatis","url":"https:\/\/www.unipatis.fr\/en\/","logo":{"@type":"ImageObject","inLanguage":"ro-RO","@id":"https:\/\/www.unipatis.fr\/en\/#\/schema\/logo\/image\/","url":"https:\/\/www.unipatis.fr\/wp-content\/uploads\/2021\/10\/UNIPATIS_logo_flag_2021-1.svg","contentUrl":"https:\/\/www.unipatis.fr\/wp-content\/uploads\/2021\/10\/UNIPATIS_logo_flag_2021-1.svg","width":150,"height":184,"caption":"Unipatis"},"image":{"@id":"https:\/\/www.unipatis.fr\/en\/#\/schema\/logo\/image\/"},"sameAs":["https:\/\/www.facebook.com\/unipatis","https:\/\/www.instagram.com\/unipatis","https:\/\/www.youtube.com\/@Unipatis"]}]}},"_links":{"self":[{"href":"https:\/\/www.unipatis.fr\/ro\/wp-json\/wp\/v2\/product\/14304","targetHints":{"allow":["GET"]}}],"collection":[{"href":"https:\/\/www.unipatis.fr\/ro\/wp-json\/wp\/v2\/product"}],"about":[{"href":"https:\/\/www.unipatis.fr\/ro\/wp-json\/wp\/v2\/types\/product"}],"replies":[{"embeddable":true,"href":"https:\/\/www.unipatis.fr\/ro\/wp-json\/wp\/v2\/comments?post=14304"}],"version-history":[{"count":1,"href":"https:\/\/www.unipatis.fr\/ro\/wp-json\/wp\/v2\/product\/14304\/revisions"}],"predecessor-version":[{"id":26733,"href":"https:\/\/www.unipatis.fr\/ro\/wp-json\/wp\/v2\/product\/14304\/revisions\/26733"}],"wp:featuredmedia":[{"embeddable":true,"href":"https:\/\/www.unipatis.fr\/ro\/wp-json\/wp\/v2\/media\/14306"}],"wp:attachment":[{"href":"https:\/\/www.unipatis.fr\/ro\/wp-json\/wp\/v2\/media?parent=14304"}],"wp:term":[{"taxonomy":"product_brand","embeddable":true,"href":"https:\/\/www.unipatis.fr\/ro\/wp-json\/wp\/v2\/product_brand?post=14304"},{"taxonomy":"product_cat","embeddable":true,"href":"https:\/\/www.unipatis.fr\/ro\/wp-json\/wp\/v2\/product_cat?post=14304"},{"taxonomy":"product_tag","embeddable":true,"href":"https:\/\/www.unipatis.fr\/ro\/wp-json\/wp\/v2\/product_tag?post=14304"}],"curies":[{"name":"wp","href":"https:\/\/api.w.org\/{rel}","templated":true}]}}