{"id":15315,"date":"2022-02-11T12:10:28","date_gmt":"2022-02-11T11:10:28","guid":{"rendered":"https:\/\/www.unipatis.fr\/produit\/glazura-de-opera-roz-cu-capsuni\/"},"modified":"2026-04-09T10:23:42","modified_gmt":"2026-04-09T08:23:42","slug":"glazura-de-opera-roz-cu-capsuni","status":"publish","type":"product","link":"https:\/\/www.unipatis.fr\/ro\/produit\/glazura-de-opera-roz-cu-capsuni\/","title":{"rendered":"Glazur\u0103 de oper\u0103 roz cu c\u0103p\u0219uni"},"content":{"rendered":"","protected":false},"excerpt":{"rendered":"<p>Glazura Unipatis Strawberry Pink Opera Glaze este un produs excep\u021bional pentru profesioni\u0219tii \u00een patiserie care caut\u0103 un finisaj rafinat, mat. Aceast\u0103 glazur\u0103 topitoare Strawberry Pink Opera Glaze este ideal\u0103 pentru a v\u0103 \u00eembun\u0103t\u0103\u021bi antreurile, mousse-urile, bavarois-urile \u0219i \u00eenghe\u021batele cu o culoare roz c\u0103p\u0219un\u0103 delicat\u0103. Colorat natural cu extracte de plante \u0219i legume, acest Strawberry Pink Opera Glaze are o textur\u0103 stabil\u0103 pentru o t\u0103iere curat\u0103 pe toate tipurile de suprafe\u021be: cupole, bu\u0219teni Yule, pr\u0103jituri \u0219i produse de patiserie elaborate.  <\/p>\n<p>Formulat\u0103 cu <strong>ingrediente de<\/strong> calitate premium \u0219i \u00eembog\u0103\u021bit\u0103 cu <strong>zah\u0103r<\/strong> pentru un echilibru perfect, aceast\u0103 <strong>glazur\u0103 Strawberry Pink Opera<\/strong> ofer\u0103 o <strong>arom\u0103<\/strong> subtil\u0103 de c\u0103p\u0219uni care v\u0103 va \u00eenc\u00e2nta <strong>clien\u021bii<\/strong>.<strong>Coaja<\/strong> deshidratat\u0103 de <strong>fructe<\/strong> \u00eencorporat\u0103 \u00een formul\u0103 spore\u0219te <strong>aromele<\/strong> <strong>naturale<\/strong>ale acestui glazura mat\u0103. <strong>Descoperi\u021bi<\/strong> numeroasele aplica\u021bii pentru aceast\u0103 <strong>glazur\u0103 Strawberry Pink Opera<\/strong>: finisarea<strong>antreurilor cu<\/strong> <strong>fructe<\/strong> ro\u0219ii, acoperirea <strong>torturilor<\/strong> aniversare, decorarea <strong>deserturilor<\/strong> glazurate. <\/p>\n","protected":false},"featured_media":15316,"comment_status":"closed","ping_status":"closed","template":"","meta":{"_acf_changed":false,"inline_featured_image":false},"product_brand":[],"product_cat":[590,571],"product_tag":[],"class_list":{"0":"post-15315","1":"product","2":"type-product","3":"status-publish","4":"has-post-thumbnail","6":"product_cat-06-glazuri-mate-opera","7":"product_cat-08-glazuri-colorate-cu-ciocolata","8":"sales-flash-overlay","9":"woocommerce-text-align-center","10":"woocommerce-image-align-center","11":"do-quantity-buttons","13":"first","14":"instock","15":"product-type-simple"},"acf":[],"yoast_head":"<!-- This site is optimized with the Yoast SEO plugin v27.2 - https:\/\/yoast.com\/product\/yoast-seo-wordpress\/ -->\n<title>Glazur\u0103 de oper\u0103 roz cu c\u0103p\u0219uni matt and melting - Unipatis<\/title>\n<meta name=\"description\" content=\"Unipatis Strawberry Pink Opera Glaze: glazur\u0103 fondant\u0103 mat\u0103 pentru antreuri, pr\u0103jituri \u0219i deserturi. Textur\u0103 stabil\u0103, t\u0103ietur\u0103 curat\u0103, colorat\u0103 natural. Gata de utilizare.\" \/>\n<meta name=\"robots\" content=\"index, follow, max-snippet:-1, max-image-preview:large, max-video-preview:-1\" \/>\n<link rel=\"canonical\" href=\"https:\/\/www.unipatis.fr\/ro\/produit\/glazura-de-opera-roz-cu-capsuni\/\" \/>\n<meta property=\"og:locale\" content=\"ro_RO\" \/>\n<meta property=\"og:type\" content=\"article\" \/>\n<meta property=\"og:title\" content=\"Glazur\u0103 de oper\u0103 roz cu c\u0103p\u0219uni matt and melting - Unipatis\" \/>\n<meta property=\"og:description\" content=\"Unipatis Strawberry Pink Opera Glaze: glazur\u0103 fondant\u0103 mat\u0103 pentru antreuri, pr\u0103jituri \u0219i deserturi. Textur\u0103 stabil\u0103, t\u0103ietur\u0103 curat\u0103, colorat\u0103 natural. Gata de utilizare.\" \/>\n<meta property=\"og:url\" content=\"https:\/\/www.unipatis.fr\/ro\/produit\/glazura-de-opera-roz-cu-capsuni\/\" \/>\n<meta property=\"og:site_name\" content=\"Unipatis\" \/>\n<meta property=\"article:publisher\" content=\"https:\/\/www.facebook.com\/unipatis\" \/>\n<meta property=\"article:modified_time\" content=\"2026-04-09T08:23:42+00:00\" \/>\n<meta property=\"og:image\" content=\"https:\/\/www.unipatis.fr\/wp-content\/uploads\/2022\/02\/seau_glacage_opera_rose_fraise.png\" \/>\n\t<meta property=\"og:image:width\" content=\"1261\" \/>\n\t<meta property=\"og:image:height\" content=\"1179\" \/>\n\t<meta property=\"og:image:type\" content=\"image\/png\" \/>\n<meta name=\"twitter:card\" content=\"summary_large_image\" \/>\n<script type=\"application\/ld+json\" class=\"yoast-schema-graph\">{\"@context\":\"https:\/\/schema.org\",\"@graph\":[{\"@type\":\"WebPage\",\"@id\":\"https:\/\/www.unipatis.fr\/ro\/produit\/glazura-de-opera-roz-cu-capsuni\/\",\"url\":\"https:\/\/www.unipatis.fr\/ro\/produit\/glazura-de-opera-roz-cu-capsuni\/\",\"name\":\"Glazur\u0103 de oper\u0103 roz cu c\u0103p\u0219uni matt and melting - Unipatis\",\"isPartOf\":{\"@id\":\"https:\/\/www.unipatis.fr\/en\/#website\"},\"primaryImageOfPage\":{\"@id\":\"https:\/\/www.unipatis.fr\/ro\/produit\/glazura-de-opera-roz-cu-capsuni\/#primaryimage\"},\"image\":{\"@id\":\"https:\/\/www.unipatis.fr\/ro\/produit\/glazura-de-opera-roz-cu-capsuni\/#primaryimage\"},\"thumbnailUrl\":\"https:\/\/www.unipatis.fr\/wp-content\/uploads\/2022\/02\/seau_glacage_opera_rose_fraise.png\",\"datePublished\":\"2022-02-11T11:10:28+00:00\",\"dateModified\":\"2026-04-09T08:23:42+00:00\",\"description\":\"Unipatis Strawberry Pink Opera Glaze: glazur\u0103 fondant\u0103 mat\u0103 pentru antreuri, pr\u0103jituri \u0219i deserturi. Textur\u0103 stabil\u0103, t\u0103ietur\u0103 curat\u0103, colorat\u0103 natural. Gata de utilizare.\",\"breadcrumb\":{\"@id\":\"https:\/\/www.unipatis.fr\/ro\/produit\/glazura-de-opera-roz-cu-capsuni\/#breadcrumb\"},\"inLanguage\":\"ro-RO\",\"potentialAction\":[{\"@type\":\"ReadAction\",\"target\":[\"https:\/\/www.unipatis.fr\/ro\/produit\/glazura-de-opera-roz-cu-capsuni\/\"]}]},{\"@type\":\"ImageObject\",\"inLanguage\":\"ro-RO\",\"@id\":\"https:\/\/www.unipatis.fr\/ro\/produit\/glazura-de-opera-roz-cu-capsuni\/#primaryimage\",\"url\":\"https:\/\/www.unipatis.fr\/wp-content\/uploads\/2022\/02\/seau_glacage_opera_rose_fraise.png\",\"contentUrl\":\"https:\/\/www.unipatis.fr\/wp-content\/uploads\/2022\/02\/seau_glacage_opera_rose_fraise.png\",\"width\":1261,\"height\":1179,\"caption\":\"strawberry_rose_opera_glaze Unipatis\"},{\"@type\":\"BreadcrumbList\",\"@id\":\"https:\/\/www.unipatis.fr\/ro\/produit\/glazura-de-opera-roz-cu-capsuni\/#breadcrumb\",\"itemListElement\":[{\"@type\":\"ListItem\",\"position\":1,\"name\":\"Accueil\",\"item\":\"https:\/\/www.unipatis.fr\/ro\/acasa\/\"},{\"@type\":\"ListItem\",\"position\":2,\"name\":\"Magazin\",\"item\":\"https:\/\/www.unipatis.fr\/ro\/magazin\/\"},{\"@type\":\"ListItem\",\"position\":3,\"name\":\"Glazur\u0103 de oper\u0103 roz cu c\u0103p\u0219uni\"}]},{\"@type\":\"WebSite\",\"@id\":\"https:\/\/www.unipatis.fr\/en\/#website\",\"url\":\"https:\/\/www.unipatis.fr\/en\/\",\"name\":\"Unipatis\",\"description\":\"Unipatis Maison est une entreprise familiale sp\u00e9cialis\u00e9e dans la fabrication d&#039;ingr\u00e9dients p\u00e2tissiers et chocolatiers depuis quatre g\u00e9n\u00e9rations.\",\"publisher\":{\"@id\":\"https:\/\/www.unipatis.fr\/en\/#organization\"},\"potentialAction\":[{\"@type\":\"SearchAction\",\"target\":{\"@type\":\"EntryPoint\",\"urlTemplate\":\"https:\/\/www.unipatis.fr\/en\/?s={search_term_string}\"},\"query-input\":{\"@type\":\"PropertyValueSpecification\",\"valueRequired\":true,\"valueName\":\"search_term_string\"}}],\"inLanguage\":\"ro-RO\"},{\"@type\":\"Organization\",\"@id\":\"https:\/\/www.unipatis.fr\/en\/#organization\",\"name\":\"Unipatis\",\"url\":\"https:\/\/www.unipatis.fr\/en\/\",\"logo\":{\"@type\":\"ImageObject\",\"inLanguage\":\"ro-RO\",\"@id\":\"https:\/\/www.unipatis.fr\/en\/#\/schema\/logo\/image\/\",\"url\":\"https:\/\/www.unipatis.fr\/wp-content\/uploads\/2021\/10\/UNIPATIS_logo_flag_2021-1.svg\",\"contentUrl\":\"https:\/\/www.unipatis.fr\/wp-content\/uploads\/2021\/10\/UNIPATIS_logo_flag_2021-1.svg\",\"width\":150,\"height\":184,\"caption\":\"Unipatis\"},\"image\":{\"@id\":\"https:\/\/www.unipatis.fr\/en\/#\/schema\/logo\/image\/\"},\"sameAs\":[\"https:\/\/www.facebook.com\/unipatis\",\"https:\/\/www.instagram.com\/unipatis\",\"https:\/\/www.youtube.com\/@Unipatis\"]}]}<\/script>\n<!-- \/ Yoast SEO plugin. -->","yoast_head_json":{"title":"Glazur\u0103 de oper\u0103 roz cu c\u0103p\u0219uni matt and melting - Unipatis","description":"Unipatis Strawberry Pink Opera Glaze: glazur\u0103 fondant\u0103 mat\u0103 pentru antreuri, pr\u0103jituri \u0219i deserturi. Textur\u0103 stabil\u0103, t\u0103ietur\u0103 curat\u0103, colorat\u0103 natural. Gata de utilizare.","robots":{"index":"index","follow":"follow","max-snippet":"max-snippet:-1","max-image-preview":"max-image-preview:large","max-video-preview":"max-video-preview:-1"},"canonical":"https:\/\/www.unipatis.fr\/ro\/produit\/glazura-de-opera-roz-cu-capsuni\/","og_locale":"ro_RO","og_type":"article","og_title":"Glazur\u0103 de oper\u0103 roz cu c\u0103p\u0219uni matt and melting - Unipatis","og_description":"Unipatis Strawberry Pink Opera Glaze: glazur\u0103 fondant\u0103 mat\u0103 pentru antreuri, pr\u0103jituri \u0219i deserturi. Textur\u0103 stabil\u0103, t\u0103ietur\u0103 curat\u0103, colorat\u0103 natural. Gata de utilizare.","og_url":"https:\/\/www.unipatis.fr\/ro\/produit\/glazura-de-opera-roz-cu-capsuni\/","og_site_name":"Unipatis","article_publisher":"https:\/\/www.facebook.com\/unipatis","article_modified_time":"2026-04-09T08:23:42+00:00","og_image":[{"width":1261,"height":1179,"url":"https:\/\/www.unipatis.fr\/wp-content\/uploads\/2022\/02\/seau_glacage_opera_rose_fraise.png","type":"image\/png"}],"twitter_card":"summary_large_image","schema":{"@context":"https:\/\/schema.org","@graph":[{"@type":"WebPage","@id":"https:\/\/www.unipatis.fr\/ro\/produit\/glazura-de-opera-roz-cu-capsuni\/","url":"https:\/\/www.unipatis.fr\/ro\/produit\/glazura-de-opera-roz-cu-capsuni\/","name":"Glazur\u0103 de oper\u0103 roz cu c\u0103p\u0219uni matt and melting - Unipatis","isPartOf":{"@id":"https:\/\/www.unipatis.fr\/en\/#website"},"primaryImageOfPage":{"@id":"https:\/\/www.unipatis.fr\/ro\/produit\/glazura-de-opera-roz-cu-capsuni\/#primaryimage"},"image":{"@id":"https:\/\/www.unipatis.fr\/ro\/produit\/glazura-de-opera-roz-cu-capsuni\/#primaryimage"},"thumbnailUrl":"https:\/\/www.unipatis.fr\/wp-content\/uploads\/2022\/02\/seau_glacage_opera_rose_fraise.png","datePublished":"2022-02-11T11:10:28+00:00","dateModified":"2026-04-09T08:23:42+00:00","description":"Unipatis Strawberry Pink Opera Glaze: glazur\u0103 fondant\u0103 mat\u0103 pentru antreuri, pr\u0103jituri \u0219i deserturi. Textur\u0103 stabil\u0103, t\u0103ietur\u0103 curat\u0103, colorat\u0103 natural. Gata de utilizare.","breadcrumb":{"@id":"https:\/\/www.unipatis.fr\/ro\/produit\/glazura-de-opera-roz-cu-capsuni\/#breadcrumb"},"inLanguage":"ro-RO","potentialAction":[{"@type":"ReadAction","target":["https:\/\/www.unipatis.fr\/ro\/produit\/glazura-de-opera-roz-cu-capsuni\/"]}]},{"@type":"ImageObject","inLanguage":"ro-RO","@id":"https:\/\/www.unipatis.fr\/ro\/produit\/glazura-de-opera-roz-cu-capsuni\/#primaryimage","url":"https:\/\/www.unipatis.fr\/wp-content\/uploads\/2022\/02\/seau_glacage_opera_rose_fraise.png","contentUrl":"https:\/\/www.unipatis.fr\/wp-content\/uploads\/2022\/02\/seau_glacage_opera_rose_fraise.png","width":1261,"height":1179,"caption":"strawberry_rose_opera_glaze Unipatis"},{"@type":"BreadcrumbList","@id":"https:\/\/www.unipatis.fr\/ro\/produit\/glazura-de-opera-roz-cu-capsuni\/#breadcrumb","itemListElement":[{"@type":"ListItem","position":1,"name":"Accueil","item":"https:\/\/www.unipatis.fr\/ro\/acasa\/"},{"@type":"ListItem","position":2,"name":"Magazin","item":"https:\/\/www.unipatis.fr\/ro\/magazin\/"},{"@type":"ListItem","position":3,"name":"Glazur\u0103 de oper\u0103 roz cu c\u0103p\u0219uni"}]},{"@type":"WebSite","@id":"https:\/\/www.unipatis.fr\/en\/#website","url":"https:\/\/www.unipatis.fr\/en\/","name":"Unipatis","description":"Unipatis Maison est une entreprise familiale sp\u00e9cialis\u00e9e dans la fabrication d&#039;ingr\u00e9dients p\u00e2tissiers et chocolatiers depuis quatre g\u00e9n\u00e9rations.","publisher":{"@id":"https:\/\/www.unipatis.fr\/en\/#organization"},"potentialAction":[{"@type":"SearchAction","target":{"@type":"EntryPoint","urlTemplate":"https:\/\/www.unipatis.fr\/en\/?s={search_term_string}"},"query-input":{"@type":"PropertyValueSpecification","valueRequired":true,"valueName":"search_term_string"}}],"inLanguage":"ro-RO"},{"@type":"Organization","@id":"https:\/\/www.unipatis.fr\/en\/#organization","name":"Unipatis","url":"https:\/\/www.unipatis.fr\/en\/","logo":{"@type":"ImageObject","inLanguage":"ro-RO","@id":"https:\/\/www.unipatis.fr\/en\/#\/schema\/logo\/image\/","url":"https:\/\/www.unipatis.fr\/wp-content\/uploads\/2021\/10\/UNIPATIS_logo_flag_2021-1.svg","contentUrl":"https:\/\/www.unipatis.fr\/wp-content\/uploads\/2021\/10\/UNIPATIS_logo_flag_2021-1.svg","width":150,"height":184,"caption":"Unipatis"},"image":{"@id":"https:\/\/www.unipatis.fr\/en\/#\/schema\/logo\/image\/"},"sameAs":["https:\/\/www.facebook.com\/unipatis","https:\/\/www.instagram.com\/unipatis","https:\/\/www.youtube.com\/@Unipatis"]}]}},"_links":{"self":[{"href":"https:\/\/www.unipatis.fr\/ro\/wp-json\/wp\/v2\/product\/15315","targetHints":{"allow":["GET"]}}],"collection":[{"href":"https:\/\/www.unipatis.fr\/ro\/wp-json\/wp\/v2\/product"}],"about":[{"href":"https:\/\/www.unipatis.fr\/ro\/wp-json\/wp\/v2\/types\/product"}],"replies":[{"embeddable":true,"href":"https:\/\/www.unipatis.fr\/ro\/wp-json\/wp\/v2\/comments?post=15315"}],"version-history":[{"count":1,"href":"https:\/\/www.unipatis.fr\/ro\/wp-json\/wp\/v2\/product\/15315\/revisions"}],"predecessor-version":[{"id":26444,"href":"https:\/\/www.unipatis.fr\/ro\/wp-json\/wp\/v2\/product\/15315\/revisions\/26444"}],"wp:featuredmedia":[{"embeddable":true,"href":"https:\/\/www.unipatis.fr\/ro\/wp-json\/wp\/v2\/media\/15316"}],"wp:attachment":[{"href":"https:\/\/www.unipatis.fr\/ro\/wp-json\/wp\/v2\/media?parent=15315"}],"wp:term":[{"taxonomy":"product_brand","embeddable":true,"href":"https:\/\/www.unipatis.fr\/ro\/wp-json\/wp\/v2\/product_brand?post=15315"},{"taxonomy":"product_cat","embeddable":true,"href":"https:\/\/www.unipatis.fr\/ro\/wp-json\/wp\/v2\/product_cat?post=15315"},{"taxonomy":"product_tag","embeddable":true,"href":"https:\/\/www.unipatis.fr\/ro\/wp-json\/wp\/v2\/product_tag?post=15315"}],"curies":[{"name":"wp","href":"https:\/\/api.w.org\/{rel}","templated":true}]}}