{"id":18061,"date":"2024-08-26T16:36:33","date_gmt":"2024-08-26T14:36:33","guid":{"rendered":"https:\/\/www.unipatis.fr\/produit\/sorbet-cu-aroma-de-capsuni-preparare-pulbere\/"},"modified":"2026-04-12T08:35:34","modified_gmt":"2026-04-12T06:35:34","slug":"sorbet-cu-aroma-de-capsuni-preparare-pulbere","status":"publish","type":"product","link":"https:\/\/www.unipatis.fr\/ro\/produit\/sorbet-cu-aroma-de-capsuni-preparare-pulbere\/","title":{"rendered":"\u00eenghe\u021bat\u0103 cu arom\u0103 de c\u0103p\u0219uni &#8211; preparare pulbere"},"content":{"rendered":"","protected":false},"excerpt":{"rendered":"<p>O pudr\u0103 de \u00eenghe\u021bat\u0103 gustoas\u0103, bogat\u0103 \u00een fructe, pentru \u00eenghe\u021bate de cas\u0103 delicioase.<\/p>\n","protected":false},"featured_media":17204,"comment_status":"closed","ping_status":"closed","template":"","meta":{"_acf_changed":false,"inline_featured_image":false},"product_brand":[],"product_cat":[657],"product_tag":[],"class_list":{"0":"post-18061","1":"product","2":"type-product","3":"status-publish","4":"has-post-thumbnail","6":"product_cat-16-prepararea-inghetatei","7":"sales-flash-overlay","8":"woocommerce-text-align-center","9":"woocommerce-image-align-center","10":"do-quantity-buttons","12":"first","13":"instock","14":"shipping-taxable","15":"product-type-simple"},"acf":[],"yoast_head":"<!-- This site is optimized with the Yoast SEO plugin v27.2 - https:\/\/yoast.com\/product\/yoast-seo-wordpress\/ -->\n<title>\u00eenghe\u021bat\u0103 cu arom\u0103 de c\u0103p\u0219uni - preparare pulbere - Unipatis<\/title>\n<meta name=\"robots\" content=\"index, follow, max-snippet:-1, max-image-preview:large, max-video-preview:-1\" \/>\n<link rel=\"canonical\" href=\"https:\/\/www.unipatis.fr\/ro\/produit\/sorbet-cu-aroma-de-capsuni-preparare-pulbere\/\" \/>\n<meta property=\"og:locale\" content=\"ro_RO\" \/>\n<meta property=\"og:type\" content=\"article\" \/>\n<meta property=\"og:title\" content=\"\u00eenghe\u021bat\u0103 cu arom\u0103 de c\u0103p\u0219uni - preparare pulbere - Unipatis\" \/>\n<meta property=\"og:description\" content=\"O pudr\u0103 de \u00eenghe\u021bat\u0103 gustoas\u0103, bogat\u0103 \u00een fructe, pentru \u00eenghe\u021bate de cas\u0103 delicioase.\" \/>\n<meta property=\"og:url\" content=\"https:\/\/www.unipatis.fr\/ro\/produit\/sorbet-cu-aroma-de-capsuni-preparare-pulbere\/\" \/>\n<meta property=\"og:site_name\" content=\"Unipatis\" \/>\n<meta property=\"article:publisher\" content=\"https:\/\/www.facebook.com\/unipatis\" \/>\n<meta property=\"article:modified_time\" content=\"2026-04-12T06:35:34+00:00\" \/>\n<meta property=\"og:image\" content=\"https:\/\/www.unipatis.fr\/wp-content\/uploads\/2024\/08\/Seau-glace-fraise.png\" \/>\n\t<meta property=\"og:image:width\" content=\"1261\" \/>\n\t<meta property=\"og:image:height\" content=\"1179\" \/>\n\t<meta property=\"og:image:type\" content=\"image\/png\" \/>\n<meta name=\"twitter:card\" content=\"summary_large_image\" \/>\n<script type=\"application\/ld+json\" class=\"yoast-schema-graph\">{\"@context\":\"https:\/\/schema.org\",\"@graph\":[{\"@type\":\"WebPage\",\"@id\":\"https:\/\/www.unipatis.fr\/ro\/produit\/sorbet-cu-aroma-de-capsuni-preparare-pulbere\/\",\"url\":\"https:\/\/www.unipatis.fr\/ro\/produit\/sorbet-cu-aroma-de-capsuni-preparare-pulbere\/\",\"name\":\"\u00eenghe\u021bat\u0103 cu arom\u0103 de c\u0103p\u0219uni - preparare pulbere - Unipatis\",\"isPartOf\":{\"@id\":\"https:\/\/www.unipatis.fr\/en\/#website\"},\"primaryImageOfPage\":{\"@id\":\"https:\/\/www.unipatis.fr\/ro\/produit\/sorbet-cu-aroma-de-capsuni-preparare-pulbere\/#primaryimage\"},\"image\":{\"@id\":\"https:\/\/www.unipatis.fr\/ro\/produit\/sorbet-cu-aroma-de-capsuni-preparare-pulbere\/#primaryimage\"},\"thumbnailUrl\":\"https:\/\/www.unipatis.fr\/wp-content\/uploads\/2024\/08\/Seau-glace-fraise.png\",\"datePublished\":\"2024-08-26T14:36:33+00:00\",\"dateModified\":\"2026-04-12T06:35:34+00:00\",\"breadcrumb\":{\"@id\":\"https:\/\/www.unipatis.fr\/ro\/produit\/sorbet-cu-aroma-de-capsuni-preparare-pulbere\/#breadcrumb\"},\"inLanguage\":\"ro-RO\",\"potentialAction\":[{\"@type\":\"ReadAction\",\"target\":[\"https:\/\/www.unipatis.fr\/ro\/produit\/sorbet-cu-aroma-de-capsuni-preparare-pulbere\/\"]}]},{\"@type\":\"ImageObject\",\"inLanguage\":\"ro-RO\",\"@id\":\"https:\/\/www.unipatis.fr\/ro\/produit\/sorbet-cu-aroma-de-capsuni-preparare-pulbere\/#primaryimage\",\"url\":\"https:\/\/www.unipatis.fr\/wp-content\/uploads\/2024\/08\/Seau-glace-fraise.png\",\"contentUrl\":\"https:\/\/www.unipatis.fr\/wp-content\/uploads\/2024\/08\/Seau-glace-fraise.png\",\"width\":1261,\"height\":1179,\"caption\":\"\u00cenghe\u021bat\u0103 de c\u0103p\u0219uni Unipatis\"},{\"@type\":\"BreadcrumbList\",\"@id\":\"https:\/\/www.unipatis.fr\/ro\/produit\/sorbet-cu-aroma-de-capsuni-preparare-pulbere\/#breadcrumb\",\"itemListElement\":[{\"@type\":\"ListItem\",\"position\":1,\"name\":\"Accueil\",\"item\":\"https:\/\/www.unipatis.fr\/ro\/acasa\/\"},{\"@type\":\"ListItem\",\"position\":2,\"name\":\"Magazin\",\"item\":\"https:\/\/www.unipatis.fr\/ro\/magazin\/\"},{\"@type\":\"ListItem\",\"position\":3,\"name\":\"\u00eenghe\u021bat\u0103 cu arom\u0103 de c\u0103p\u0219uni &#8211; preparare pulbere\"}]},{\"@type\":\"WebSite\",\"@id\":\"https:\/\/www.unipatis.fr\/en\/#website\",\"url\":\"https:\/\/www.unipatis.fr\/en\/\",\"name\":\"Unipatis\",\"description\":\"Unipatis Maison est une entreprise familiale sp\u00e9cialis\u00e9e dans la fabrication d&#039;ingr\u00e9dients p\u00e2tissiers et chocolatiers depuis quatre g\u00e9n\u00e9rations.\",\"publisher\":{\"@id\":\"https:\/\/www.unipatis.fr\/en\/#organization\"},\"potentialAction\":[{\"@type\":\"SearchAction\",\"target\":{\"@type\":\"EntryPoint\",\"urlTemplate\":\"https:\/\/www.unipatis.fr\/en\/?s={search_term_string}\"},\"query-input\":{\"@type\":\"PropertyValueSpecification\",\"valueRequired\":true,\"valueName\":\"search_term_string\"}}],\"inLanguage\":\"ro-RO\"},{\"@type\":\"Organization\",\"@id\":\"https:\/\/www.unipatis.fr\/en\/#organization\",\"name\":\"Unipatis\",\"url\":\"https:\/\/www.unipatis.fr\/en\/\",\"logo\":{\"@type\":\"ImageObject\",\"inLanguage\":\"ro-RO\",\"@id\":\"https:\/\/www.unipatis.fr\/en\/#\/schema\/logo\/image\/\",\"url\":\"https:\/\/www.unipatis.fr\/wp-content\/uploads\/2021\/10\/UNIPATIS_logo_flag_2021-1.svg\",\"contentUrl\":\"https:\/\/www.unipatis.fr\/wp-content\/uploads\/2021\/10\/UNIPATIS_logo_flag_2021-1.svg\",\"width\":150,\"height\":184,\"caption\":\"Unipatis\"},\"image\":{\"@id\":\"https:\/\/www.unipatis.fr\/en\/#\/schema\/logo\/image\/\"},\"sameAs\":[\"https:\/\/www.facebook.com\/unipatis\",\"https:\/\/www.instagram.com\/unipatis\",\"https:\/\/www.youtube.com\/@Unipatis\"]}]}<\/script>\n<!-- \/ Yoast SEO plugin. -->","yoast_head_json":{"title":"\u00eenghe\u021bat\u0103 cu arom\u0103 de c\u0103p\u0219uni - preparare pulbere - Unipatis","robots":{"index":"index","follow":"follow","max-snippet":"max-snippet:-1","max-image-preview":"max-image-preview:large","max-video-preview":"max-video-preview:-1"},"canonical":"https:\/\/www.unipatis.fr\/ro\/produit\/sorbet-cu-aroma-de-capsuni-preparare-pulbere\/","og_locale":"ro_RO","og_type":"article","og_title":"\u00eenghe\u021bat\u0103 cu arom\u0103 de c\u0103p\u0219uni - preparare pulbere - Unipatis","og_description":"O pudr\u0103 de \u00eenghe\u021bat\u0103 gustoas\u0103, bogat\u0103 \u00een fructe, pentru \u00eenghe\u021bate de cas\u0103 delicioase.","og_url":"https:\/\/www.unipatis.fr\/ro\/produit\/sorbet-cu-aroma-de-capsuni-preparare-pulbere\/","og_site_name":"Unipatis","article_publisher":"https:\/\/www.facebook.com\/unipatis","article_modified_time":"2026-04-12T06:35:34+00:00","og_image":[{"width":1261,"height":1179,"url":"https:\/\/www.unipatis.fr\/wp-content\/uploads\/2024\/08\/Seau-glace-fraise.png","type":"image\/png"}],"twitter_card":"summary_large_image","schema":{"@context":"https:\/\/schema.org","@graph":[{"@type":"WebPage","@id":"https:\/\/www.unipatis.fr\/ro\/produit\/sorbet-cu-aroma-de-capsuni-preparare-pulbere\/","url":"https:\/\/www.unipatis.fr\/ro\/produit\/sorbet-cu-aroma-de-capsuni-preparare-pulbere\/","name":"\u00eenghe\u021bat\u0103 cu arom\u0103 de c\u0103p\u0219uni - preparare pulbere - Unipatis","isPartOf":{"@id":"https:\/\/www.unipatis.fr\/en\/#website"},"primaryImageOfPage":{"@id":"https:\/\/www.unipatis.fr\/ro\/produit\/sorbet-cu-aroma-de-capsuni-preparare-pulbere\/#primaryimage"},"image":{"@id":"https:\/\/www.unipatis.fr\/ro\/produit\/sorbet-cu-aroma-de-capsuni-preparare-pulbere\/#primaryimage"},"thumbnailUrl":"https:\/\/www.unipatis.fr\/wp-content\/uploads\/2024\/08\/Seau-glace-fraise.png","datePublished":"2024-08-26T14:36:33+00:00","dateModified":"2026-04-12T06:35:34+00:00","breadcrumb":{"@id":"https:\/\/www.unipatis.fr\/ro\/produit\/sorbet-cu-aroma-de-capsuni-preparare-pulbere\/#breadcrumb"},"inLanguage":"ro-RO","potentialAction":[{"@type":"ReadAction","target":["https:\/\/www.unipatis.fr\/ro\/produit\/sorbet-cu-aroma-de-capsuni-preparare-pulbere\/"]}]},{"@type":"ImageObject","inLanguage":"ro-RO","@id":"https:\/\/www.unipatis.fr\/ro\/produit\/sorbet-cu-aroma-de-capsuni-preparare-pulbere\/#primaryimage","url":"https:\/\/www.unipatis.fr\/wp-content\/uploads\/2024\/08\/Seau-glace-fraise.png","contentUrl":"https:\/\/www.unipatis.fr\/wp-content\/uploads\/2024\/08\/Seau-glace-fraise.png","width":1261,"height":1179,"caption":"\u00cenghe\u021bat\u0103 de c\u0103p\u0219uni Unipatis"},{"@type":"BreadcrumbList","@id":"https:\/\/www.unipatis.fr\/ro\/produit\/sorbet-cu-aroma-de-capsuni-preparare-pulbere\/#breadcrumb","itemListElement":[{"@type":"ListItem","position":1,"name":"Accueil","item":"https:\/\/www.unipatis.fr\/ro\/acasa\/"},{"@type":"ListItem","position":2,"name":"Magazin","item":"https:\/\/www.unipatis.fr\/ro\/magazin\/"},{"@type":"ListItem","position":3,"name":"\u00eenghe\u021bat\u0103 cu arom\u0103 de c\u0103p\u0219uni &#8211; preparare pulbere"}]},{"@type":"WebSite","@id":"https:\/\/www.unipatis.fr\/en\/#website","url":"https:\/\/www.unipatis.fr\/en\/","name":"Unipatis","description":"Unipatis Maison est une entreprise familiale sp\u00e9cialis\u00e9e dans la fabrication d&#039;ingr\u00e9dients p\u00e2tissiers et chocolatiers depuis quatre g\u00e9n\u00e9rations.","publisher":{"@id":"https:\/\/www.unipatis.fr\/en\/#organization"},"potentialAction":[{"@type":"SearchAction","target":{"@type":"EntryPoint","urlTemplate":"https:\/\/www.unipatis.fr\/en\/?s={search_term_string}"},"query-input":{"@type":"PropertyValueSpecification","valueRequired":true,"valueName":"search_term_string"}}],"inLanguage":"ro-RO"},{"@type":"Organization","@id":"https:\/\/www.unipatis.fr\/en\/#organization","name":"Unipatis","url":"https:\/\/www.unipatis.fr\/en\/","logo":{"@type":"ImageObject","inLanguage":"ro-RO","@id":"https:\/\/www.unipatis.fr\/en\/#\/schema\/logo\/image\/","url":"https:\/\/www.unipatis.fr\/wp-content\/uploads\/2021\/10\/UNIPATIS_logo_flag_2021-1.svg","contentUrl":"https:\/\/www.unipatis.fr\/wp-content\/uploads\/2021\/10\/UNIPATIS_logo_flag_2021-1.svg","width":150,"height":184,"caption":"Unipatis"},"image":{"@id":"https:\/\/www.unipatis.fr\/en\/#\/schema\/logo\/image\/"},"sameAs":["https:\/\/www.facebook.com\/unipatis","https:\/\/www.instagram.com\/unipatis","https:\/\/www.youtube.com\/@Unipatis"]}]}},"_links":{"self":[{"href":"https:\/\/www.unipatis.fr\/ro\/wp-json\/wp\/v2\/product\/18061","targetHints":{"allow":["GET"]}}],"collection":[{"href":"https:\/\/www.unipatis.fr\/ro\/wp-json\/wp\/v2\/product"}],"about":[{"href":"https:\/\/www.unipatis.fr\/ro\/wp-json\/wp\/v2\/types\/product"}],"replies":[{"embeddable":true,"href":"https:\/\/www.unipatis.fr\/ro\/wp-json\/wp\/v2\/comments?post=18061"}],"version-history":[{"count":1,"href":"https:\/\/www.unipatis.fr\/ro\/wp-json\/wp\/v2\/product\/18061\/revisions"}],"predecessor-version":[{"id":28267,"href":"https:\/\/www.unipatis.fr\/ro\/wp-json\/wp\/v2\/product\/18061\/revisions\/28267"}],"wp:featuredmedia":[{"embeddable":true,"href":"https:\/\/www.unipatis.fr\/ro\/wp-json\/wp\/v2\/media\/17204"}],"wp:attachment":[{"href":"https:\/\/www.unipatis.fr\/ro\/wp-json\/wp\/v2\/media?parent=18061"}],"wp:term":[{"taxonomy":"product_brand","embeddable":true,"href":"https:\/\/www.unipatis.fr\/ro\/wp-json\/wp\/v2\/product_brand?post=18061"},{"taxonomy":"product_cat","embeddable":true,"href":"https:\/\/www.unipatis.fr\/ro\/wp-json\/wp\/v2\/product_cat?post=18061"},{"taxonomy":"product_tag","embeddable":true,"href":"https:\/\/www.unipatis.fr\/ro\/wp-json\/wp\/v2\/product_tag?post=18061"}],"curies":[{"name":"wp","href":"https:\/\/api.w.org\/{rel}","templated":true}]}}