{"id":18104,"date":"2024-08-30T09:18:24","date_gmt":"2024-08-30T07:18:24","guid":{"rendered":"https:\/\/www.unipatis.fr\/produit\/glazura-neutra-de-pectina-fara-amidon\/"},"modified":"2026-04-12T08:34:40","modified_gmt":"2026-04-12T06:34:40","slug":"glazura-neutra-de-pectina-fara-amidon","status":"publish","type":"product","link":"https:\/\/www.unipatis.fr\/ro\/produit\/glazura-neutra-de-pectina-fara-amidon\/","title":{"rendered":"Glazur\u0103 neutr\u0103 de pectin\u0103 f\u0103r\u0103 amidon"},"content":{"rendered":"","protected":false},"excerpt":{"rendered":"<p>Ghea\u021ba noastr\u0103 neutr\u0103 must-have gelificat\u0103 cu pectin\u0103 f\u0103r\u0103 amidon.<\/p>\n","protected":false},"featured_media":18619,"comment_status":"closed","ping_status":"closed","template":"","meta":{"_acf_changed":false,"inline_featured_image":false},"product_brand":[],"product_cat":[659,600],"product_tag":[],"class_list":{"0":"post-18104","1":"product","2":"type-product","3":"status-publish","4":"has-post-thumbnail","6":"product_cat-10-glazuri-transparente","7":"product_cat-15-glazuri-fierbinti-gata-de-utilizare","8":"sales-flash-overlay","9":"woocommerce-text-align-center","10":"woocommerce-image-align-center","11":"do-quantity-buttons","13":"first","14":"instock","15":"shipping-taxable","16":"product-type-simple"},"acf":[],"yoast_head":"<!-- This site is optimized with the Yoast SEO plugin v27.2 - https:\/\/yoast.com\/product\/yoast-seo-wordpress\/ -->\n<title>Glazur\u0103 neutr\u0103 de pectin\u0103 f\u0103r\u0103 amidon - Unipatis<\/title>\n<meta name=\"description\" content=\"Glazur\u0103 cald\u0103 neutr\u0103 cu gel de pectin\u0103 din fructe, f\u0103r\u0103 amidon. Aplicare 45-50\u00b0C, luciu stabil, rezistent la congelator. G\u0103le\u021bi de 1 kg, 2 kg, 6 kg.\" \/>\n<meta name=\"robots\" content=\"index, follow, max-snippet:-1, max-image-preview:large, max-video-preview:-1\" \/>\n<link rel=\"canonical\" href=\"https:\/\/www.unipatis.fr\/ro\/produit\/glazura-neutra-de-pectina-fara-amidon\/\" \/>\n<meta property=\"og:locale\" content=\"ro_RO\" \/>\n<meta property=\"og:type\" content=\"article\" \/>\n<meta property=\"og:title\" content=\"Glazur\u0103 neutr\u0103 de pectin\u0103 f\u0103r\u0103 amidon - Unipatis\" \/>\n<meta property=\"og:description\" content=\"Glazur\u0103 cald\u0103 neutr\u0103 cu gel de pectin\u0103 din fructe, f\u0103r\u0103 amidon. Aplicare 45-50\u00b0C, luciu stabil, rezistent la congelator. G\u0103le\u021bi de 1 kg, 2 kg, 6 kg.\" \/>\n<meta property=\"og:url\" content=\"https:\/\/www.unipatis.fr\/ro\/produit\/glazura-neutra-de-pectina-fara-amidon\/\" \/>\n<meta property=\"og:site_name\" content=\"Unipatis\" \/>\n<meta property=\"article:publisher\" content=\"https:\/\/www.facebook.com\/unipatis\" \/>\n<meta property=\"article:modified_time\" content=\"2026-04-12T06:34:40+00:00\" \/>\n<meta property=\"og:image\" content=\"https:\/\/www.unipatis.fr\/wp-content\/uploads\/2024\/08\/seau_glacage_neutre_petine-non-amidee_2024.png\" \/>\n\t<meta property=\"og:image:width\" content=\"1261\" \/>\n\t<meta property=\"og:image:height\" content=\"1179\" \/>\n\t<meta property=\"og:image:type\" content=\"image\/png\" \/>\n<meta name=\"twitter:card\" content=\"summary_large_image\" \/>\n<script type=\"application\/ld+json\" class=\"yoast-schema-graph\">{\"@context\":\"https:\/\/schema.org\",\"@graph\":[{\"@type\":\"WebPage\",\"@id\":\"https:\/\/www.unipatis.fr\/ro\/produit\/glazura-neutra-de-pectina-fara-amidon\/\",\"url\":\"https:\/\/www.unipatis.fr\/ro\/produit\/glazura-neutra-de-pectina-fara-amidon\/\",\"name\":\"Glazur\u0103 neutr\u0103 de pectin\u0103 f\u0103r\u0103 amidon - Unipatis\",\"isPartOf\":{\"@id\":\"https:\/\/www.unipatis.fr\/en\/#website\"},\"primaryImageOfPage\":{\"@id\":\"https:\/\/www.unipatis.fr\/ro\/produit\/glazura-neutra-de-pectina-fara-amidon\/#primaryimage\"},\"image\":{\"@id\":\"https:\/\/www.unipatis.fr\/ro\/produit\/glazura-neutra-de-pectina-fara-amidon\/#primaryimage\"},\"thumbnailUrl\":\"https:\/\/www.unipatis.fr\/wp-content\/uploads\/2024\/08\/seau_glacage_neutre_petine-non-amidee_2024.png\",\"datePublished\":\"2024-08-30T07:18:24+00:00\",\"dateModified\":\"2026-04-12T06:34:40+00:00\",\"description\":\"Glazur\u0103 cald\u0103 neutr\u0103 cu gel de pectin\u0103 din fructe, f\u0103r\u0103 amidon. Aplicare 45-50\u00b0C, luciu stabil, rezistent la congelator. G\u0103le\u021bi de 1 kg, 2 kg, 6 kg.\",\"breadcrumb\":{\"@id\":\"https:\/\/www.unipatis.fr\/ro\/produit\/glazura-neutra-de-pectina-fara-amidon\/#breadcrumb\"},\"inLanguage\":\"ro-RO\",\"potentialAction\":[{\"@type\":\"ReadAction\",\"target\":[\"https:\/\/www.unipatis.fr\/ro\/produit\/glazura-neutra-de-pectina-fara-amidon\/\"]}]},{\"@type\":\"ImageObject\",\"inLanguage\":\"ro-RO\",\"@id\":\"https:\/\/www.unipatis.fr\/ro\/produit\/glazura-neutra-de-pectina-fara-amidon\/#primaryimage\",\"url\":\"https:\/\/www.unipatis.fr\/wp-content\/uploads\/2024\/08\/seau_glacage_neutre_petine-non-amidee_2024.png\",\"contentUrl\":\"https:\/\/www.unipatis.fr\/wp-content\/uploads\/2024\/08\/seau_glacage_neutre_petine-non-amidee_2024.png\",\"width\":1261,\"height\":1179,\"caption\":\"glaze_neutral_unstarched petrol Unipatis\"},{\"@type\":\"BreadcrumbList\",\"@id\":\"https:\/\/www.unipatis.fr\/ro\/produit\/glazura-neutra-de-pectina-fara-amidon\/#breadcrumb\",\"itemListElement\":[{\"@type\":\"ListItem\",\"position\":1,\"name\":\"Accueil\",\"item\":\"https:\/\/www.unipatis.fr\/ro\/acasa\/\"},{\"@type\":\"ListItem\",\"position\":2,\"name\":\"Magazin\",\"item\":\"https:\/\/www.unipatis.fr\/ro\/magazin\/\"},{\"@type\":\"ListItem\",\"position\":3,\"name\":\"Glazur\u0103 neutr\u0103 de pectin\u0103 f\u0103r\u0103 amidon\"}]},{\"@type\":\"WebSite\",\"@id\":\"https:\/\/www.unipatis.fr\/en\/#website\",\"url\":\"https:\/\/www.unipatis.fr\/en\/\",\"name\":\"Unipatis\",\"description\":\"Unipatis Maison est une entreprise familiale sp\u00e9cialis\u00e9e dans la fabrication d&#039;ingr\u00e9dients p\u00e2tissiers et chocolatiers depuis quatre g\u00e9n\u00e9rations.\",\"publisher\":{\"@id\":\"https:\/\/www.unipatis.fr\/en\/#organization\"},\"potentialAction\":[{\"@type\":\"SearchAction\",\"target\":{\"@type\":\"EntryPoint\",\"urlTemplate\":\"https:\/\/www.unipatis.fr\/en\/?s={search_term_string}\"},\"query-input\":{\"@type\":\"PropertyValueSpecification\",\"valueRequired\":true,\"valueName\":\"search_term_string\"}}],\"inLanguage\":\"ro-RO\"},{\"@type\":\"Organization\",\"@id\":\"https:\/\/www.unipatis.fr\/en\/#organization\",\"name\":\"Unipatis\",\"url\":\"https:\/\/www.unipatis.fr\/en\/\",\"logo\":{\"@type\":\"ImageObject\",\"inLanguage\":\"ro-RO\",\"@id\":\"https:\/\/www.unipatis.fr\/en\/#\/schema\/logo\/image\/\",\"url\":\"https:\/\/www.unipatis.fr\/wp-content\/uploads\/2021\/10\/UNIPATIS_logo_flag_2021-1.svg\",\"contentUrl\":\"https:\/\/www.unipatis.fr\/wp-content\/uploads\/2021\/10\/UNIPATIS_logo_flag_2021-1.svg\",\"width\":150,\"height\":184,\"caption\":\"Unipatis\"},\"image\":{\"@id\":\"https:\/\/www.unipatis.fr\/en\/#\/schema\/logo\/image\/\"},\"sameAs\":[\"https:\/\/www.facebook.com\/unipatis\",\"https:\/\/www.instagram.com\/unipatis\",\"https:\/\/www.youtube.com\/@Unipatis\"]}]}<\/script>\n<!-- \/ Yoast SEO plugin. -->","yoast_head_json":{"title":"Glazur\u0103 neutr\u0103 de pectin\u0103 f\u0103r\u0103 amidon - Unipatis","description":"Glazur\u0103 cald\u0103 neutr\u0103 cu gel de pectin\u0103 din fructe, f\u0103r\u0103 amidon. Aplicare 45-50\u00b0C, luciu stabil, rezistent la congelator. G\u0103le\u021bi de 1 kg, 2 kg, 6 kg.","robots":{"index":"index","follow":"follow","max-snippet":"max-snippet:-1","max-image-preview":"max-image-preview:large","max-video-preview":"max-video-preview:-1"},"canonical":"https:\/\/www.unipatis.fr\/ro\/produit\/glazura-neutra-de-pectina-fara-amidon\/","og_locale":"ro_RO","og_type":"article","og_title":"Glazur\u0103 neutr\u0103 de pectin\u0103 f\u0103r\u0103 amidon - Unipatis","og_description":"Glazur\u0103 cald\u0103 neutr\u0103 cu gel de pectin\u0103 din fructe, f\u0103r\u0103 amidon. Aplicare 45-50\u00b0C, luciu stabil, rezistent la congelator. G\u0103le\u021bi de 1 kg, 2 kg, 6 kg.","og_url":"https:\/\/www.unipatis.fr\/ro\/produit\/glazura-neutra-de-pectina-fara-amidon\/","og_site_name":"Unipatis","article_publisher":"https:\/\/www.facebook.com\/unipatis","article_modified_time":"2026-04-12T06:34:40+00:00","og_image":[{"width":1261,"height":1179,"url":"https:\/\/www.unipatis.fr\/wp-content\/uploads\/2024\/08\/seau_glacage_neutre_petine-non-amidee_2024.png","type":"image\/png"}],"twitter_card":"summary_large_image","schema":{"@context":"https:\/\/schema.org","@graph":[{"@type":"WebPage","@id":"https:\/\/www.unipatis.fr\/ro\/produit\/glazura-neutra-de-pectina-fara-amidon\/","url":"https:\/\/www.unipatis.fr\/ro\/produit\/glazura-neutra-de-pectina-fara-amidon\/","name":"Glazur\u0103 neutr\u0103 de pectin\u0103 f\u0103r\u0103 amidon - Unipatis","isPartOf":{"@id":"https:\/\/www.unipatis.fr\/en\/#website"},"primaryImageOfPage":{"@id":"https:\/\/www.unipatis.fr\/ro\/produit\/glazura-neutra-de-pectina-fara-amidon\/#primaryimage"},"image":{"@id":"https:\/\/www.unipatis.fr\/ro\/produit\/glazura-neutra-de-pectina-fara-amidon\/#primaryimage"},"thumbnailUrl":"https:\/\/www.unipatis.fr\/wp-content\/uploads\/2024\/08\/seau_glacage_neutre_petine-non-amidee_2024.png","datePublished":"2024-08-30T07:18:24+00:00","dateModified":"2026-04-12T06:34:40+00:00","description":"Glazur\u0103 cald\u0103 neutr\u0103 cu gel de pectin\u0103 din fructe, f\u0103r\u0103 amidon. Aplicare 45-50\u00b0C, luciu stabil, rezistent la congelator. G\u0103le\u021bi de 1 kg, 2 kg, 6 kg.","breadcrumb":{"@id":"https:\/\/www.unipatis.fr\/ro\/produit\/glazura-neutra-de-pectina-fara-amidon\/#breadcrumb"},"inLanguage":"ro-RO","potentialAction":[{"@type":"ReadAction","target":["https:\/\/www.unipatis.fr\/ro\/produit\/glazura-neutra-de-pectina-fara-amidon\/"]}]},{"@type":"ImageObject","inLanguage":"ro-RO","@id":"https:\/\/www.unipatis.fr\/ro\/produit\/glazura-neutra-de-pectina-fara-amidon\/#primaryimage","url":"https:\/\/www.unipatis.fr\/wp-content\/uploads\/2024\/08\/seau_glacage_neutre_petine-non-amidee_2024.png","contentUrl":"https:\/\/www.unipatis.fr\/wp-content\/uploads\/2024\/08\/seau_glacage_neutre_petine-non-amidee_2024.png","width":1261,"height":1179,"caption":"glaze_neutral_unstarched petrol Unipatis"},{"@type":"BreadcrumbList","@id":"https:\/\/www.unipatis.fr\/ro\/produit\/glazura-neutra-de-pectina-fara-amidon\/#breadcrumb","itemListElement":[{"@type":"ListItem","position":1,"name":"Accueil","item":"https:\/\/www.unipatis.fr\/ro\/acasa\/"},{"@type":"ListItem","position":2,"name":"Magazin","item":"https:\/\/www.unipatis.fr\/ro\/magazin\/"},{"@type":"ListItem","position":3,"name":"Glazur\u0103 neutr\u0103 de pectin\u0103 f\u0103r\u0103 amidon"}]},{"@type":"WebSite","@id":"https:\/\/www.unipatis.fr\/en\/#website","url":"https:\/\/www.unipatis.fr\/en\/","name":"Unipatis","description":"Unipatis Maison est une entreprise familiale sp\u00e9cialis\u00e9e dans la fabrication d&#039;ingr\u00e9dients p\u00e2tissiers et chocolatiers depuis quatre g\u00e9n\u00e9rations.","publisher":{"@id":"https:\/\/www.unipatis.fr\/en\/#organization"},"potentialAction":[{"@type":"SearchAction","target":{"@type":"EntryPoint","urlTemplate":"https:\/\/www.unipatis.fr\/en\/?s={search_term_string}"},"query-input":{"@type":"PropertyValueSpecification","valueRequired":true,"valueName":"search_term_string"}}],"inLanguage":"ro-RO"},{"@type":"Organization","@id":"https:\/\/www.unipatis.fr\/en\/#organization","name":"Unipatis","url":"https:\/\/www.unipatis.fr\/en\/","logo":{"@type":"ImageObject","inLanguage":"ro-RO","@id":"https:\/\/www.unipatis.fr\/en\/#\/schema\/logo\/image\/","url":"https:\/\/www.unipatis.fr\/wp-content\/uploads\/2021\/10\/UNIPATIS_logo_flag_2021-1.svg","contentUrl":"https:\/\/www.unipatis.fr\/wp-content\/uploads\/2021\/10\/UNIPATIS_logo_flag_2021-1.svg","width":150,"height":184,"caption":"Unipatis"},"image":{"@id":"https:\/\/www.unipatis.fr\/en\/#\/schema\/logo\/image\/"},"sameAs":["https:\/\/www.facebook.com\/unipatis","https:\/\/www.instagram.com\/unipatis","https:\/\/www.youtube.com\/@Unipatis"]}]}},"_links":{"self":[{"href":"https:\/\/www.unipatis.fr\/ro\/wp-json\/wp\/v2\/product\/18104","targetHints":{"allow":["GET"]}}],"collection":[{"href":"https:\/\/www.unipatis.fr\/ro\/wp-json\/wp\/v2\/product"}],"about":[{"href":"https:\/\/www.unipatis.fr\/ro\/wp-json\/wp\/v2\/types\/product"}],"replies":[{"embeddable":true,"href":"https:\/\/www.unipatis.fr\/ro\/wp-json\/wp\/v2\/comments?post=18104"}],"version-history":[{"count":1,"href":"https:\/\/www.unipatis.fr\/ro\/wp-json\/wp\/v2\/product\/18104\/revisions"}],"predecessor-version":[{"id":27864,"href":"https:\/\/www.unipatis.fr\/ro\/wp-json\/wp\/v2\/product\/18104\/revisions\/27864"}],"wp:featuredmedia":[{"embeddable":true,"href":"https:\/\/www.unipatis.fr\/ro\/wp-json\/wp\/v2\/media\/18619"}],"wp:attachment":[{"href":"https:\/\/www.unipatis.fr\/ro\/wp-json\/wp\/v2\/media?parent=18104"}],"wp:term":[{"taxonomy":"product_brand","embeddable":true,"href":"https:\/\/www.unipatis.fr\/ro\/wp-json\/wp\/v2\/product_brand?post=18104"},{"taxonomy":"product_cat","embeddable":true,"href":"https:\/\/www.unipatis.fr\/ro\/wp-json\/wp\/v2\/product_cat?post=18104"},{"taxonomy":"product_tag","embeddable":true,"href":"https:\/\/www.unipatis.fr\/ro\/wp-json\/wp\/v2\/product_tag?post=18104"}],"curies":[{"name":"wp","href":"https:\/\/api.w.org\/{rel}","templated":true}]}}