{"id":24533,"date":"2025-05-09T09:04:22","date_gmt":"2025-05-09T07:04:22","guid":{"rendered":"https:\/\/www.unipatis.fr\/produit\/glazura-crocanta-cu-aroma-de-lamaie-rocher\/"},"modified":"2026-04-12T08:38:12","modified_gmt":"2026-04-12T06:38:12","slug":"glazura-crocanta-cu-aroma-de-lamaie-rocher","status":"publish","type":"product","link":"https:\/\/www.unipatis.fr\/ro\/produit\/glazura-crocanta-cu-aroma-de-lamaie-rocher\/","title":{"rendered":"Glazur\u0103 crocant\u0103 cu arom\u0103 de l\u0103m\u00e2ie rocher"},"content":{"rendered":"","protected":false},"excerpt":{"rendered":"<p>Glazur\u0103 crocant\u0103 cu arom\u0103 de ciocolat\u0103, alune sau l\u0103m\u00e2ie pentru deserturi, eclere, produse de patiserie choux, pr\u0103jituri de c\u0103l\u0103torie, \u00eenghe\u021bat\u0103 etc.<\/p>\n","protected":false},"featured_media":22605,"comment_status":"closed","ping_status":"closed","template":"","meta":{"_acf_changed":false,"inline_featured_image":false},"product_brand":[],"product_cat":[419],"product_tag":[],"class_list":{"0":"post-24533","1":"product","2":"type-product","3":"status-publish","4":"has-post-thumbnail","6":"product_cat-05-crunchy-icing","7":"sales-flash-overlay","8":"woocommerce-text-align-center","9":"woocommerce-image-align-center","10":"do-quantity-buttons","12":"first","13":"instock","14":"shipping-taxable","15":"product-type-simple"},"acf":[],"yoast_head":"<!-- This site is optimized with the Yoast SEO plugin v27.2 - https:\/\/yoast.com\/product\/yoast-seo-wordpress\/ -->\n<title>Glazur\u0103 crocant\u0103 cu arom\u0103 de l\u0103m\u00e2ie rocher - Unipatis<\/title>\n<meta name=\"robots\" content=\"index, follow, max-snippet:-1, max-image-preview:large, max-video-preview:-1\" \/>\n<link rel=\"canonical\" href=\"https:\/\/www.unipatis.fr\/ro\/produit\/glazura-crocanta-cu-aroma-de-lamaie-rocher\/\" \/>\n<meta property=\"og:locale\" content=\"ro_RO\" \/>\n<meta property=\"og:type\" content=\"article\" \/>\n<meta property=\"og:title\" content=\"Glazur\u0103 crocant\u0103 cu arom\u0103 de l\u0103m\u00e2ie rocher - Unipatis\" \/>\n<meta property=\"og:description\" content=\"Glazur\u0103 crocant\u0103 cu arom\u0103 de ciocolat\u0103, alune sau l\u0103m\u00e2ie pentru deserturi, eclere, produse de patiserie choux, pr\u0103jituri de c\u0103l\u0103torie, \u00eenghe\u021bat\u0103 etc.\" \/>\n<meta property=\"og:url\" content=\"https:\/\/www.unipatis.fr\/ro\/produit\/glazura-crocanta-cu-aroma-de-lamaie-rocher\/\" \/>\n<meta property=\"og:site_name\" content=\"Unipatis\" \/>\n<meta property=\"article:publisher\" content=\"https:\/\/www.facebook.com\/unipatis\" \/>\n<meta property=\"article:modified_time\" content=\"2026-04-12T06:38:12+00:00\" \/>\n<meta property=\"og:image\" content=\"https:\/\/www.unipatis.fr\/wp-content\/uploads\/2025\/05\/Croustillant_rocher_citron.webp\" \/>\n\t<meta property=\"og:image:width\" content=\"1261\" \/>\n\t<meta property=\"og:image:height\" content=\"1179\" \/>\n\t<meta property=\"og:image:type\" content=\"image\/png\" \/>\n<meta name=\"twitter:card\" content=\"summary_large_image\" \/>\n<script type=\"application\/ld+json\" class=\"yoast-schema-graph\">{\"@context\":\"https:\/\/schema.org\",\"@graph\":[{\"@type\":\"WebPage\",\"@id\":\"https:\/\/www.unipatis.fr\/ro\/produit\/glazura-crocanta-cu-aroma-de-lamaie-rocher\/\",\"url\":\"https:\/\/www.unipatis.fr\/ro\/produit\/glazura-crocanta-cu-aroma-de-lamaie-rocher\/\",\"name\":\"Glazur\u0103 crocant\u0103 cu arom\u0103 de l\u0103m\u00e2ie rocher - Unipatis\",\"isPartOf\":{\"@id\":\"https:\/\/www.unipatis.fr\/en\/#website\"},\"primaryImageOfPage\":{\"@id\":\"https:\/\/www.unipatis.fr\/ro\/produit\/glazura-crocanta-cu-aroma-de-lamaie-rocher\/#primaryimage\"},\"image\":{\"@id\":\"https:\/\/www.unipatis.fr\/ro\/produit\/glazura-crocanta-cu-aroma-de-lamaie-rocher\/#primaryimage\"},\"thumbnailUrl\":\"https:\/\/www.unipatis.fr\/wp-content\/uploads\/2025\/05\/Croustillant_rocher_citron.webp\",\"datePublished\":\"2025-05-09T07:04:22+00:00\",\"dateModified\":\"2026-04-12T06:38:12+00:00\",\"breadcrumb\":{\"@id\":\"https:\/\/www.unipatis.fr\/ro\/produit\/glazura-crocanta-cu-aroma-de-lamaie-rocher\/#breadcrumb\"},\"inLanguage\":\"ro-RO\",\"potentialAction\":[{\"@type\":\"ReadAction\",\"target\":[\"https:\/\/www.unipatis.fr\/ro\/produit\/glazura-crocanta-cu-aroma-de-lamaie-rocher\/\"]}]},{\"@type\":\"ImageObject\",\"inLanguage\":\"ro-RO\",\"@id\":\"https:\/\/www.unipatis.fr\/ro\/produit\/glazura-crocanta-cu-aroma-de-lamaie-rocher\/#primaryimage\",\"url\":\"https:\/\/www.unipatis.fr\/wp-content\/uploads\/2025\/05\/Croustillant_rocher_citron.webp\",\"contentUrl\":\"https:\/\/www.unipatis.fr\/wp-content\/uploads\/2025\/05\/Croustillant_rocher_citron.webp\",\"width\":1261,\"height\":1179,\"caption\":\"glazur\u0103 unipatis cu l\u0103m\u00e2ie rocher\"},{\"@type\":\"BreadcrumbList\",\"@id\":\"https:\/\/www.unipatis.fr\/ro\/produit\/glazura-crocanta-cu-aroma-de-lamaie-rocher\/#breadcrumb\",\"itemListElement\":[{\"@type\":\"ListItem\",\"position\":1,\"name\":\"Accueil\",\"item\":\"https:\/\/www.unipatis.fr\/ro\/acasa\/\"},{\"@type\":\"ListItem\",\"position\":2,\"name\":\"Magazin\",\"item\":\"https:\/\/www.unipatis.fr\/ro\/magazin\/\"},{\"@type\":\"ListItem\",\"position\":3,\"name\":\"Glazur\u0103 crocant\u0103 cu arom\u0103 de l\u0103m\u00e2ie rocher\"}]},{\"@type\":\"WebSite\",\"@id\":\"https:\/\/www.unipatis.fr\/en\/#website\",\"url\":\"https:\/\/www.unipatis.fr\/en\/\",\"name\":\"Unipatis\",\"description\":\"Unipatis Maison est une entreprise familiale sp\u00e9cialis\u00e9e dans la fabrication d&#039;ingr\u00e9dients p\u00e2tissiers et chocolatiers depuis quatre g\u00e9n\u00e9rations.\",\"publisher\":{\"@id\":\"https:\/\/www.unipatis.fr\/en\/#organization\"},\"potentialAction\":[{\"@type\":\"SearchAction\",\"target\":{\"@type\":\"EntryPoint\",\"urlTemplate\":\"https:\/\/www.unipatis.fr\/en\/?s={search_term_string}\"},\"query-input\":{\"@type\":\"PropertyValueSpecification\",\"valueRequired\":true,\"valueName\":\"search_term_string\"}}],\"inLanguage\":\"ro-RO\"},{\"@type\":\"Organization\",\"@id\":\"https:\/\/www.unipatis.fr\/en\/#organization\",\"name\":\"Unipatis\",\"url\":\"https:\/\/www.unipatis.fr\/en\/\",\"logo\":{\"@type\":\"ImageObject\",\"inLanguage\":\"ro-RO\",\"@id\":\"https:\/\/www.unipatis.fr\/en\/#\/schema\/logo\/image\/\",\"url\":\"https:\/\/www.unipatis.fr\/wp-content\/uploads\/2021\/10\/UNIPATIS_logo_flag_2021-1.svg\",\"contentUrl\":\"https:\/\/www.unipatis.fr\/wp-content\/uploads\/2021\/10\/UNIPATIS_logo_flag_2021-1.svg\",\"width\":150,\"height\":184,\"caption\":\"Unipatis\"},\"image\":{\"@id\":\"https:\/\/www.unipatis.fr\/en\/#\/schema\/logo\/image\/\"},\"sameAs\":[\"https:\/\/www.facebook.com\/unipatis\",\"https:\/\/www.instagram.com\/unipatis\",\"https:\/\/www.youtube.com\/@Unipatis\"]}]}<\/script>\n<!-- \/ Yoast SEO plugin. -->","yoast_head_json":{"title":"Glazur\u0103 crocant\u0103 cu arom\u0103 de l\u0103m\u00e2ie rocher - Unipatis","robots":{"index":"index","follow":"follow","max-snippet":"max-snippet:-1","max-image-preview":"max-image-preview:large","max-video-preview":"max-video-preview:-1"},"canonical":"https:\/\/www.unipatis.fr\/ro\/produit\/glazura-crocanta-cu-aroma-de-lamaie-rocher\/","og_locale":"ro_RO","og_type":"article","og_title":"Glazur\u0103 crocant\u0103 cu arom\u0103 de l\u0103m\u00e2ie rocher - Unipatis","og_description":"Glazur\u0103 crocant\u0103 cu arom\u0103 de ciocolat\u0103, alune sau l\u0103m\u00e2ie pentru deserturi, eclere, produse de patiserie choux, pr\u0103jituri de c\u0103l\u0103torie, \u00eenghe\u021bat\u0103 etc.","og_url":"https:\/\/www.unipatis.fr\/ro\/produit\/glazura-crocanta-cu-aroma-de-lamaie-rocher\/","og_site_name":"Unipatis","article_publisher":"https:\/\/www.facebook.com\/unipatis","article_modified_time":"2026-04-12T06:38:12+00:00","og_image":[{"width":1261,"height":1179,"url":"https:\/\/www.unipatis.fr\/wp-content\/uploads\/2025\/05\/Croustillant_rocher_citron.webp","type":"image\/png"}],"twitter_card":"summary_large_image","schema":{"@context":"https:\/\/schema.org","@graph":[{"@type":"WebPage","@id":"https:\/\/www.unipatis.fr\/ro\/produit\/glazura-crocanta-cu-aroma-de-lamaie-rocher\/","url":"https:\/\/www.unipatis.fr\/ro\/produit\/glazura-crocanta-cu-aroma-de-lamaie-rocher\/","name":"Glazur\u0103 crocant\u0103 cu arom\u0103 de l\u0103m\u00e2ie rocher - Unipatis","isPartOf":{"@id":"https:\/\/www.unipatis.fr\/en\/#website"},"primaryImageOfPage":{"@id":"https:\/\/www.unipatis.fr\/ro\/produit\/glazura-crocanta-cu-aroma-de-lamaie-rocher\/#primaryimage"},"image":{"@id":"https:\/\/www.unipatis.fr\/ro\/produit\/glazura-crocanta-cu-aroma-de-lamaie-rocher\/#primaryimage"},"thumbnailUrl":"https:\/\/www.unipatis.fr\/wp-content\/uploads\/2025\/05\/Croustillant_rocher_citron.webp","datePublished":"2025-05-09T07:04:22+00:00","dateModified":"2026-04-12T06:38:12+00:00","breadcrumb":{"@id":"https:\/\/www.unipatis.fr\/ro\/produit\/glazura-crocanta-cu-aroma-de-lamaie-rocher\/#breadcrumb"},"inLanguage":"ro-RO","potentialAction":[{"@type":"ReadAction","target":["https:\/\/www.unipatis.fr\/ro\/produit\/glazura-crocanta-cu-aroma-de-lamaie-rocher\/"]}]},{"@type":"ImageObject","inLanguage":"ro-RO","@id":"https:\/\/www.unipatis.fr\/ro\/produit\/glazura-crocanta-cu-aroma-de-lamaie-rocher\/#primaryimage","url":"https:\/\/www.unipatis.fr\/wp-content\/uploads\/2025\/05\/Croustillant_rocher_citron.webp","contentUrl":"https:\/\/www.unipatis.fr\/wp-content\/uploads\/2025\/05\/Croustillant_rocher_citron.webp","width":1261,"height":1179,"caption":"glazur\u0103 unipatis cu l\u0103m\u00e2ie rocher"},{"@type":"BreadcrumbList","@id":"https:\/\/www.unipatis.fr\/ro\/produit\/glazura-crocanta-cu-aroma-de-lamaie-rocher\/#breadcrumb","itemListElement":[{"@type":"ListItem","position":1,"name":"Accueil","item":"https:\/\/www.unipatis.fr\/ro\/acasa\/"},{"@type":"ListItem","position":2,"name":"Magazin","item":"https:\/\/www.unipatis.fr\/ro\/magazin\/"},{"@type":"ListItem","position":3,"name":"Glazur\u0103 crocant\u0103 cu arom\u0103 de l\u0103m\u00e2ie rocher"}]},{"@type":"WebSite","@id":"https:\/\/www.unipatis.fr\/en\/#website","url":"https:\/\/www.unipatis.fr\/en\/","name":"Unipatis","description":"Unipatis Maison est une entreprise familiale sp\u00e9cialis\u00e9e dans la fabrication d&#039;ingr\u00e9dients p\u00e2tissiers et chocolatiers depuis quatre g\u00e9n\u00e9rations.","publisher":{"@id":"https:\/\/www.unipatis.fr\/en\/#organization"},"potentialAction":[{"@type":"SearchAction","target":{"@type":"EntryPoint","urlTemplate":"https:\/\/www.unipatis.fr\/en\/?s={search_term_string}"},"query-input":{"@type":"PropertyValueSpecification","valueRequired":true,"valueName":"search_term_string"}}],"inLanguage":"ro-RO"},{"@type":"Organization","@id":"https:\/\/www.unipatis.fr\/en\/#organization","name":"Unipatis","url":"https:\/\/www.unipatis.fr\/en\/","logo":{"@type":"ImageObject","inLanguage":"ro-RO","@id":"https:\/\/www.unipatis.fr\/en\/#\/schema\/logo\/image\/","url":"https:\/\/www.unipatis.fr\/wp-content\/uploads\/2021\/10\/UNIPATIS_logo_flag_2021-1.svg","contentUrl":"https:\/\/www.unipatis.fr\/wp-content\/uploads\/2021\/10\/UNIPATIS_logo_flag_2021-1.svg","width":150,"height":184,"caption":"Unipatis"},"image":{"@id":"https:\/\/www.unipatis.fr\/en\/#\/schema\/logo\/image\/"},"sameAs":["https:\/\/www.facebook.com\/unipatis","https:\/\/www.instagram.com\/unipatis","https:\/\/www.youtube.com\/@Unipatis"]}]}},"_links":{"self":[{"href":"https:\/\/www.unipatis.fr\/ro\/wp-json\/wp\/v2\/product\/24533","targetHints":{"allow":["GET"]}}],"collection":[{"href":"https:\/\/www.unipatis.fr\/ro\/wp-json\/wp\/v2\/product"}],"about":[{"href":"https:\/\/www.unipatis.fr\/ro\/wp-json\/wp\/v2\/types\/product"}],"replies":[{"embeddable":true,"href":"https:\/\/www.unipatis.fr\/ro\/wp-json\/wp\/v2\/comments?post=24533"}],"version-history":[{"count":1,"href":"https:\/\/www.unipatis.fr\/ro\/wp-json\/wp\/v2\/product\/24533\/revisions"}],"predecessor-version":[{"id":27824,"href":"https:\/\/www.unipatis.fr\/ro\/wp-json\/wp\/v2\/product\/24533\/revisions\/27824"}],"wp:featuredmedia":[{"embeddable":true,"href":"https:\/\/www.unipatis.fr\/ro\/wp-json\/wp\/v2\/media\/22605"}],"wp:attachment":[{"href":"https:\/\/www.unipatis.fr\/ro\/wp-json\/wp\/v2\/media?parent=24533"}],"wp:term":[{"taxonomy":"product_brand","embeddable":true,"href":"https:\/\/www.unipatis.fr\/ro\/wp-json\/wp\/v2\/product_brand?post=24533"},{"taxonomy":"product_cat","embeddable":true,"href":"https:\/\/www.unipatis.fr\/ro\/wp-json\/wp\/v2\/product_cat?post=24533"},{"taxonomy":"product_tag","embeddable":true,"href":"https:\/\/www.unipatis.fr\/ro\/wp-json\/wp\/v2\/product_tag?post=24533"}],"curies":[{"name":"wp","href":"https:\/\/api.w.org\/{rel}","templated":true}]}}