{"id":28343,"date":"2025-10-26T14:21:41","date_gmt":"2025-10-26T13:21:41","guid":{"rendered":"https:\/\/www.unipatis.fr\/produit\/craquant-croc-praline-umplere\/"},"modified":"2026-04-12T08:36:55","modified_gmt":"2026-04-12T06:36:55","slug":"craquant-croc-praline-umplere","status":"publish","type":"product","link":"https:\/\/www.unipatis.fr\/ro\/produit\/craquant-croc-praline-umplere\/","title":{"rendered":"Craquant Croc Pralin\u00e9 umplere"},"content":{"rendered":"","protected":false},"excerpt":{"rendered":"<p>20% alune pr\u0103jite, migdale pr\u0103jite, fulgi de patiserie pufoas\u0103, ciocolat\u0103 alb\u0103 \u0219i copra nehidrogenat\u0103 pentru o combina\u021bie gustoas\u0103, economic\u0103 \u0219i responsabil\u0103. 0% ulei de palmier.<br \/>\nPentru antremets (tip Trianon), tarte, eclere, \u00eenghe\u021bate \u0219i inser\u021bii de bomboane de ciocolat\u0103. <\/p>\n","protected":false},"featured_media":28344,"comment_status":"closed","ping_status":"closed","template":"","meta":{"_acf_changed":false,"inline_featured_image":false},"product_brand":[],"product_cat":[450,822],"product_tag":[],"class_list":{"0":"post-28343","1":"product","2":"type-product","3":"status-publish","4":"has-post-thumbnail","6":"product_cat-01-umpluturi-crocante","7":"product_cat-furaje-pentru-crocodili","8":"sales-flash-overlay","9":"woocommerce-text-align-center","10":"woocommerce-image-align-center","11":"do-quantity-buttons","13":"first","14":"instock","15":"product-type-simple"},"acf":[],"yoast_head":"<!-- This site is optimized with the Yoast SEO plugin v27.2 - https:\/\/yoast.com\/product\/yoast-seo-wordpress\/ -->\n<title>Craquant Croc Pralin\u00e9 umplere - Unipatis<\/title>\n<meta name=\"description\" content=\"Umplutur\u0103 crocant\u0103 de praline cu migdale \u0219i alune, gata de utilizare. 27% nuci pr\u0103jite, 0% ulei de palmier. Ideal\u0103 pentru antreuri, ciocolat\u0103 \u0219i produse de patiserie.\" \/>\n<meta name=\"robots\" content=\"index, follow, max-snippet:-1, max-image-preview:large, max-video-preview:-1\" \/>\n<link rel=\"canonical\" href=\"https:\/\/www.unipatis.fr\/ro\/produit\/craquant-croc-praline-umplere\/\" \/>\n<meta property=\"og:locale\" content=\"ro_RO\" \/>\n<meta property=\"og:type\" content=\"article\" \/>\n<meta property=\"og:title\" content=\"Craquant Croc Pralin\u00e9 umplere - Unipatis\" \/>\n<meta property=\"og:description\" content=\"Umplutur\u0103 crocant\u0103 de praline cu migdale \u0219i alune, gata de utilizare. 27% nuci pr\u0103jite, 0% ulei de palmier. Ideal\u0103 pentru antreuri, ciocolat\u0103 \u0219i produse de patiserie.\" \/>\n<meta property=\"og:url\" content=\"https:\/\/www.unipatis.fr\/ro\/produit\/craquant-croc-praline-umplere\/\" \/>\n<meta property=\"og:site_name\" content=\"Unipatis\" \/>\n<meta property=\"article:publisher\" content=\"https:\/\/www.facebook.com\/unipatis\" \/>\n<meta property=\"article:modified_time\" content=\"2026-04-12T06:36:55+00:00\" \/>\n<meta property=\"og:image\" content=\"https:\/\/www.unipatis.fr\/wp-content\/uploads\/2025\/10\/Fourrage-croc-praline-Unipatis.png\" \/>\n\t<meta property=\"og:image:width\" content=\"630\" \/>\n\t<meta property=\"og:image:height\" content=\"589\" \/>\n\t<meta property=\"og:image:type\" content=\"image\/png\" \/>\n<meta name=\"twitter:card\" content=\"summary_large_image\" \/>\n<script type=\"application\/ld+json\" class=\"yoast-schema-graph\">{\"@context\":\"https:\/\/schema.org\",\"@graph\":[{\"@type\":\"WebPage\",\"@id\":\"https:\/\/www.unipatis.fr\/ro\/produit\/craquant-croc-praline-umplere\/\",\"url\":\"https:\/\/www.unipatis.fr\/ro\/produit\/craquant-croc-praline-umplere\/\",\"name\":\"Craquant Croc Pralin\u00e9 umplere - Unipatis\",\"isPartOf\":{\"@id\":\"https:\/\/www.unipatis.fr\/en\/#website\"},\"primaryImageOfPage\":{\"@id\":\"https:\/\/www.unipatis.fr\/ro\/produit\/craquant-croc-praline-umplere\/#primaryimage\"},\"image\":{\"@id\":\"https:\/\/www.unipatis.fr\/ro\/produit\/craquant-croc-praline-umplere\/#primaryimage\"},\"thumbnailUrl\":\"https:\/\/www.unipatis.fr\/wp-content\/uploads\/2025\/10\/Fourrage-croc-praline-Unipatis.png\",\"datePublished\":\"2025-10-26T13:21:41+00:00\",\"dateModified\":\"2026-04-12T06:36:55+00:00\",\"description\":\"Umplutur\u0103 crocant\u0103 de praline cu migdale \u0219i alune, gata de utilizare. 27% nuci pr\u0103jite, 0% ulei de palmier. Ideal\u0103 pentru antreuri, ciocolat\u0103 \u0219i produse de patiserie.\",\"breadcrumb\":{\"@id\":\"https:\/\/www.unipatis.fr\/ro\/produit\/craquant-croc-praline-umplere\/#breadcrumb\"},\"inLanguage\":\"ro-RO\",\"potentialAction\":[{\"@type\":\"ReadAction\",\"target\":[\"https:\/\/www.unipatis.fr\/ro\/produit\/craquant-croc-praline-umplere\/\"]}]},{\"@type\":\"ImageObject\",\"inLanguage\":\"ro-RO\",\"@id\":\"https:\/\/www.unipatis.fr\/ro\/produit\/craquant-croc-praline-umplere\/#primaryimage\",\"url\":\"https:\/\/www.unipatis.fr\/wp-content\/uploads\/2025\/10\/Fourrage-croc-praline-Unipatis.png\",\"contentUrl\":\"https:\/\/www.unipatis.fr\/wp-content\/uploads\/2025\/10\/Fourrage-croc-praline-Unipatis.png\",\"width\":630,\"height\":589,\"caption\":\"Umplutur\u0103 croc pralin\u00e9- Unipatis\"},{\"@type\":\"BreadcrumbList\",\"@id\":\"https:\/\/www.unipatis.fr\/ro\/produit\/craquant-croc-praline-umplere\/#breadcrumb\",\"itemListElement\":[{\"@type\":\"ListItem\",\"position\":1,\"name\":\"Accueil\",\"item\":\"https:\/\/www.unipatis.fr\/ro\/acasa\/\"},{\"@type\":\"ListItem\",\"position\":2,\"name\":\"Magazin\",\"item\":\"https:\/\/www.unipatis.fr\/ro\/magazin\/\"},{\"@type\":\"ListItem\",\"position\":3,\"name\":\"Craquant Croc Pralin\u00e9 umplere\"}]},{\"@type\":\"WebSite\",\"@id\":\"https:\/\/www.unipatis.fr\/en\/#website\",\"url\":\"https:\/\/www.unipatis.fr\/en\/\",\"name\":\"Unipatis\",\"description\":\"Unipatis Maison est une entreprise familiale sp\u00e9cialis\u00e9e dans la fabrication d&#039;ingr\u00e9dients p\u00e2tissiers et chocolatiers depuis quatre g\u00e9n\u00e9rations.\",\"publisher\":{\"@id\":\"https:\/\/www.unipatis.fr\/en\/#organization\"},\"potentialAction\":[{\"@type\":\"SearchAction\",\"target\":{\"@type\":\"EntryPoint\",\"urlTemplate\":\"https:\/\/www.unipatis.fr\/en\/?s={search_term_string}\"},\"query-input\":{\"@type\":\"PropertyValueSpecification\",\"valueRequired\":true,\"valueName\":\"search_term_string\"}}],\"inLanguage\":\"ro-RO\"},{\"@type\":\"Organization\",\"@id\":\"https:\/\/www.unipatis.fr\/en\/#organization\",\"name\":\"Unipatis\",\"url\":\"https:\/\/www.unipatis.fr\/en\/\",\"logo\":{\"@type\":\"ImageObject\",\"inLanguage\":\"ro-RO\",\"@id\":\"https:\/\/www.unipatis.fr\/en\/#\/schema\/logo\/image\/\",\"url\":\"https:\/\/www.unipatis.fr\/wp-content\/uploads\/2021\/10\/UNIPATIS_logo_flag_2021-1.svg\",\"contentUrl\":\"https:\/\/www.unipatis.fr\/wp-content\/uploads\/2021\/10\/UNIPATIS_logo_flag_2021-1.svg\",\"width\":150,\"height\":184,\"caption\":\"Unipatis\"},\"image\":{\"@id\":\"https:\/\/www.unipatis.fr\/en\/#\/schema\/logo\/image\/\"},\"sameAs\":[\"https:\/\/www.facebook.com\/unipatis\",\"https:\/\/www.instagram.com\/unipatis\",\"https:\/\/www.youtube.com\/@Unipatis\"]}]}<\/script>\n<!-- \/ Yoast SEO plugin. -->","yoast_head_json":{"title":"Craquant Croc Pralin\u00e9 umplere - Unipatis","description":"Umplutur\u0103 crocant\u0103 de praline cu migdale \u0219i alune, gata de utilizare. 27% nuci pr\u0103jite, 0% ulei de palmier. Ideal\u0103 pentru antreuri, ciocolat\u0103 \u0219i produse de patiserie.","robots":{"index":"index","follow":"follow","max-snippet":"max-snippet:-1","max-image-preview":"max-image-preview:large","max-video-preview":"max-video-preview:-1"},"canonical":"https:\/\/www.unipatis.fr\/ro\/produit\/craquant-croc-praline-umplere\/","og_locale":"ro_RO","og_type":"article","og_title":"Craquant Croc Pralin\u00e9 umplere - Unipatis","og_description":"Umplutur\u0103 crocant\u0103 de praline cu migdale \u0219i alune, gata de utilizare. 27% nuci pr\u0103jite, 0% ulei de palmier. Ideal\u0103 pentru antreuri, ciocolat\u0103 \u0219i produse de patiserie.","og_url":"https:\/\/www.unipatis.fr\/ro\/produit\/craquant-croc-praline-umplere\/","og_site_name":"Unipatis","article_publisher":"https:\/\/www.facebook.com\/unipatis","article_modified_time":"2026-04-12T06:36:55+00:00","og_image":[{"width":630,"height":589,"url":"https:\/\/www.unipatis.fr\/wp-content\/uploads\/2025\/10\/Fourrage-croc-praline-Unipatis.png","type":"image\/png"}],"twitter_card":"summary_large_image","schema":{"@context":"https:\/\/schema.org","@graph":[{"@type":"WebPage","@id":"https:\/\/www.unipatis.fr\/ro\/produit\/craquant-croc-praline-umplere\/","url":"https:\/\/www.unipatis.fr\/ro\/produit\/craquant-croc-praline-umplere\/","name":"Craquant Croc Pralin\u00e9 umplere - Unipatis","isPartOf":{"@id":"https:\/\/www.unipatis.fr\/en\/#website"},"primaryImageOfPage":{"@id":"https:\/\/www.unipatis.fr\/ro\/produit\/craquant-croc-praline-umplere\/#primaryimage"},"image":{"@id":"https:\/\/www.unipatis.fr\/ro\/produit\/craquant-croc-praline-umplere\/#primaryimage"},"thumbnailUrl":"https:\/\/www.unipatis.fr\/wp-content\/uploads\/2025\/10\/Fourrage-croc-praline-Unipatis.png","datePublished":"2025-10-26T13:21:41+00:00","dateModified":"2026-04-12T06:36:55+00:00","description":"Umplutur\u0103 crocant\u0103 de praline cu migdale \u0219i alune, gata de utilizare. 27% nuci pr\u0103jite, 0% ulei de palmier. Ideal\u0103 pentru antreuri, ciocolat\u0103 \u0219i produse de patiserie.","breadcrumb":{"@id":"https:\/\/www.unipatis.fr\/ro\/produit\/craquant-croc-praline-umplere\/#breadcrumb"},"inLanguage":"ro-RO","potentialAction":[{"@type":"ReadAction","target":["https:\/\/www.unipatis.fr\/ro\/produit\/craquant-croc-praline-umplere\/"]}]},{"@type":"ImageObject","inLanguage":"ro-RO","@id":"https:\/\/www.unipatis.fr\/ro\/produit\/craquant-croc-praline-umplere\/#primaryimage","url":"https:\/\/www.unipatis.fr\/wp-content\/uploads\/2025\/10\/Fourrage-croc-praline-Unipatis.png","contentUrl":"https:\/\/www.unipatis.fr\/wp-content\/uploads\/2025\/10\/Fourrage-croc-praline-Unipatis.png","width":630,"height":589,"caption":"Umplutur\u0103 croc pralin\u00e9- Unipatis"},{"@type":"BreadcrumbList","@id":"https:\/\/www.unipatis.fr\/ro\/produit\/craquant-croc-praline-umplere\/#breadcrumb","itemListElement":[{"@type":"ListItem","position":1,"name":"Accueil","item":"https:\/\/www.unipatis.fr\/ro\/acasa\/"},{"@type":"ListItem","position":2,"name":"Magazin","item":"https:\/\/www.unipatis.fr\/ro\/magazin\/"},{"@type":"ListItem","position":3,"name":"Craquant Croc Pralin\u00e9 umplere"}]},{"@type":"WebSite","@id":"https:\/\/www.unipatis.fr\/en\/#website","url":"https:\/\/www.unipatis.fr\/en\/","name":"Unipatis","description":"Unipatis Maison est une entreprise familiale sp\u00e9cialis\u00e9e dans la fabrication d&#039;ingr\u00e9dients p\u00e2tissiers et chocolatiers depuis quatre g\u00e9n\u00e9rations.","publisher":{"@id":"https:\/\/www.unipatis.fr\/en\/#organization"},"potentialAction":[{"@type":"SearchAction","target":{"@type":"EntryPoint","urlTemplate":"https:\/\/www.unipatis.fr\/en\/?s={search_term_string}"},"query-input":{"@type":"PropertyValueSpecification","valueRequired":true,"valueName":"search_term_string"}}],"inLanguage":"ro-RO"},{"@type":"Organization","@id":"https:\/\/www.unipatis.fr\/en\/#organization","name":"Unipatis","url":"https:\/\/www.unipatis.fr\/en\/","logo":{"@type":"ImageObject","inLanguage":"ro-RO","@id":"https:\/\/www.unipatis.fr\/en\/#\/schema\/logo\/image\/","url":"https:\/\/www.unipatis.fr\/wp-content\/uploads\/2021\/10\/UNIPATIS_logo_flag_2021-1.svg","contentUrl":"https:\/\/www.unipatis.fr\/wp-content\/uploads\/2021\/10\/UNIPATIS_logo_flag_2021-1.svg","width":150,"height":184,"caption":"Unipatis"},"image":{"@id":"https:\/\/www.unipatis.fr\/en\/#\/schema\/logo\/image\/"},"sameAs":["https:\/\/www.facebook.com\/unipatis","https:\/\/www.instagram.com\/unipatis","https:\/\/www.youtube.com\/@Unipatis"]}]}},"_links":{"self":[{"href":"https:\/\/www.unipatis.fr\/ro\/wp-json\/wp\/v2\/product\/28343","targetHints":{"allow":["GET"]}}],"collection":[{"href":"https:\/\/www.unipatis.fr\/ro\/wp-json\/wp\/v2\/product"}],"about":[{"href":"https:\/\/www.unipatis.fr\/ro\/wp-json\/wp\/v2\/types\/product"}],"replies":[{"embeddable":true,"href":"https:\/\/www.unipatis.fr\/ro\/wp-json\/wp\/v2\/comments?post=28343"}],"version-history":[{"count":1,"href":"https:\/\/www.unipatis.fr\/ro\/wp-json\/wp\/v2\/product\/28343\/revisions"}],"predecessor-version":[{"id":30432,"href":"https:\/\/www.unipatis.fr\/ro\/wp-json\/wp\/v2\/product\/28343\/revisions\/30432"}],"wp:featuredmedia":[{"embeddable":true,"href":"https:\/\/www.unipatis.fr\/ro\/wp-json\/wp\/v2\/media\/28344"}],"wp:attachment":[{"href":"https:\/\/www.unipatis.fr\/ro\/wp-json\/wp\/v2\/media?parent=28343"}],"wp:term":[{"taxonomy":"product_brand","embeddable":true,"href":"https:\/\/www.unipatis.fr\/ro\/wp-json\/wp\/v2\/product_brand?post=28343"},{"taxonomy":"product_cat","embeddable":true,"href":"https:\/\/www.unipatis.fr\/ro\/wp-json\/wp\/v2\/product_cat?post=28343"},{"taxonomy":"product_tag","embeddable":true,"href":"https:\/\/www.unipatis.fr\/ro\/wp-json\/wp\/v2\/product_tag?post=28343"}],"curies":[{"name":"wp","href":"https:\/\/api.w.org\/{rel}","templated":true}]}}