{"id":28365,"date":"2025-10-26T14:28:14","date_gmt":"2025-10-26T13:28:14","guid":{"rendered":"https:\/\/www.unipatis.fr\/produit\/fourrage-craquant-croc-speculoos\/"},"modified":"2026-04-12T08:36:49","modified_gmt":"2026-04-12T06:36:49","slug":"fourrage-craquant-croc-speculoos","status":"publish","type":"product","link":"https:\/\/www.unipatis.fr\/ro\/produit\/fourrage-craquant-croc-speculoos\/","title":{"rendered":"Fourrage Craquant Croc Sp\u00e9culoos"},"content":{"rendered":"","protected":false},"excerpt":{"rendered":"<p>Biscui\u021bi speculoos fin m\u0103cina\u021bi, chipsuri crocante, ciocolat\u0103 alb\u0103 cremoas\u0103, cocos copra nehidrogenat pentru a garanta o combina\u021bie performant\u0103, responsabil\u0103, f\u0103r\u0103 a compromite gustul. 0% ulei de palmier. <\/p>\n","protected":false},"featured_media":28368,"comment_status":"closed","ping_status":"closed","template":"","meta":{"_acf_changed":false,"inline_featured_image":false},"product_brand":[],"product_cat":[450,822],"product_tag":[],"class_list":{"0":"post-28365","1":"product","2":"type-product","3":"status-publish","4":"has-post-thumbnail","6":"product_cat-01-umpluturi-crocante","7":"product_cat-furaje-pentru-crocodili","8":"sales-flash-overlay","9":"woocommerce-text-align-center","10":"woocommerce-image-align-center","11":"do-quantity-buttons","13":"first","14":"instock","15":"product-type-simple"},"acf":[],"yoast_head":"<!-- This site is optimized with the Yoast SEO plugin v27.2 - https:\/\/yoast.com\/product\/yoast-seo-wordpress\/ -->\n<title>Fourrage Craquant Croc Sp\u00e9culoos - Unipatis<\/title>\n<meta name=\"description\" content=\"Umplutur\u0103 Croc Sp\u00e9culoos: arome picante, ciocolat\u0103 alb\u0103 de coprah, textur\u0103 crocant\u0103. 0% ulei de palmier. Pentru deserturi, \u00e9clairs, bu\u0219teni. Unipatis Fran\u021ba.\" \/>\n<meta name=\"robots\" content=\"index, follow, max-snippet:-1, max-image-preview:large, max-video-preview:-1\" \/>\n<link rel=\"canonical\" href=\"https:\/\/www.unipatis.fr\/ro\/produit\/fourrage-craquant-croc-speculoos\/\" \/>\n<meta property=\"og:locale\" content=\"ro_RO\" \/>\n<meta property=\"og:type\" content=\"article\" \/>\n<meta property=\"og:title\" content=\"Fourrage Craquant Croc Sp\u00e9culoos - Unipatis\" \/>\n<meta property=\"og:description\" content=\"Umplutur\u0103 Croc Sp\u00e9culoos: arome picante, ciocolat\u0103 alb\u0103 de coprah, textur\u0103 crocant\u0103. 0% ulei de palmier. Pentru deserturi, \u00e9clairs, bu\u0219teni. Unipatis Fran\u021ba.\" \/>\n<meta property=\"og:url\" content=\"https:\/\/www.unipatis.fr\/ro\/produit\/fourrage-craquant-croc-speculoos\/\" \/>\n<meta property=\"og:site_name\" content=\"Unipatis\" \/>\n<meta property=\"article:publisher\" content=\"https:\/\/www.facebook.com\/unipatis\" \/>\n<meta property=\"article:modified_time\" content=\"2026-04-12T06:36:49+00:00\" \/>\n<meta property=\"og:image\" content=\"https:\/\/www.unipatis.fr\/wp-content\/uploads\/2025\/10\/Frourrage-croc-speculoos-unipatis.png\" \/>\n\t<meta property=\"og:image:width\" content=\"630\" \/>\n\t<meta property=\"og:image:height\" content=\"589\" \/>\n\t<meta property=\"og:image:type\" content=\"image\/png\" \/>\n<meta name=\"twitter:card\" content=\"summary_large_image\" \/>\n<script type=\"application\/ld+json\" class=\"yoast-schema-graph\">{\"@context\":\"https:\/\/schema.org\",\"@graph\":[{\"@type\":\"WebPage\",\"@id\":\"https:\/\/www.unipatis.fr\/ro\/produit\/fourrage-craquant-croc-speculoos\/\",\"url\":\"https:\/\/www.unipatis.fr\/ro\/produit\/fourrage-craquant-croc-speculoos\/\",\"name\":\"Fourrage Craquant Croc Sp\u00e9culoos - Unipatis\",\"isPartOf\":{\"@id\":\"https:\/\/www.unipatis.fr\/en\/#website\"},\"primaryImageOfPage\":{\"@id\":\"https:\/\/www.unipatis.fr\/ro\/produit\/fourrage-craquant-croc-speculoos\/#primaryimage\"},\"image\":{\"@id\":\"https:\/\/www.unipatis.fr\/ro\/produit\/fourrage-craquant-croc-speculoos\/#primaryimage\"},\"thumbnailUrl\":\"https:\/\/www.unipatis.fr\/wp-content\/uploads\/2025\/10\/Frourrage-croc-speculoos-unipatis.png\",\"datePublished\":\"2025-10-26T13:28:14+00:00\",\"dateModified\":\"2026-04-12T06:36:49+00:00\",\"description\":\"Umplutur\u0103 Croc Sp\u00e9culoos: arome picante, ciocolat\u0103 alb\u0103 de coprah, textur\u0103 crocant\u0103. 0% ulei de palmier. Pentru deserturi, \u00e9clairs, bu\u0219teni. Unipatis Fran\u021ba.\",\"breadcrumb\":{\"@id\":\"https:\/\/www.unipatis.fr\/ro\/produit\/fourrage-craquant-croc-speculoos\/#breadcrumb\"},\"inLanguage\":\"ro-RO\",\"potentialAction\":[{\"@type\":\"ReadAction\",\"target\":[\"https:\/\/www.unipatis.fr\/ro\/produit\/fourrage-craquant-croc-speculoos\/\"]}]},{\"@type\":\"ImageObject\",\"inLanguage\":\"ro-RO\",\"@id\":\"https:\/\/www.unipatis.fr\/ro\/produit\/fourrage-craquant-croc-speculoos\/#primaryimage\",\"url\":\"https:\/\/www.unipatis.fr\/wp-content\/uploads\/2025\/10\/Frourrage-croc-speculoos-unipatis.png\",\"contentUrl\":\"https:\/\/www.unipatis.fr\/wp-content\/uploads\/2025\/10\/Frourrage-croc-speculoos-unipatis.png\",\"width\":630,\"height\":589,\"caption\":\"Speculoos- unipatis de crocodili furajeri\"},{\"@type\":\"BreadcrumbList\",\"@id\":\"https:\/\/www.unipatis.fr\/ro\/produit\/fourrage-craquant-croc-speculoos\/#breadcrumb\",\"itemListElement\":[{\"@type\":\"ListItem\",\"position\":1,\"name\":\"Accueil\",\"item\":\"https:\/\/www.unipatis.fr\/ro\/acasa\/\"},{\"@type\":\"ListItem\",\"position\":2,\"name\":\"Magazin\",\"item\":\"https:\/\/www.unipatis.fr\/ro\/magazin\/\"},{\"@type\":\"ListItem\",\"position\":3,\"name\":\"Fourrage Craquant Croc Sp\u00e9culoos\"}]},{\"@type\":\"WebSite\",\"@id\":\"https:\/\/www.unipatis.fr\/en\/#website\",\"url\":\"https:\/\/www.unipatis.fr\/en\/\",\"name\":\"Unipatis\",\"description\":\"Unipatis Maison est une entreprise familiale sp\u00e9cialis\u00e9e dans la fabrication d&#039;ingr\u00e9dients p\u00e2tissiers et chocolatiers depuis quatre g\u00e9n\u00e9rations.\",\"publisher\":{\"@id\":\"https:\/\/www.unipatis.fr\/en\/#organization\"},\"potentialAction\":[{\"@type\":\"SearchAction\",\"target\":{\"@type\":\"EntryPoint\",\"urlTemplate\":\"https:\/\/www.unipatis.fr\/en\/?s={search_term_string}\"},\"query-input\":{\"@type\":\"PropertyValueSpecification\",\"valueRequired\":true,\"valueName\":\"search_term_string\"}}],\"inLanguage\":\"ro-RO\"},{\"@type\":\"Organization\",\"@id\":\"https:\/\/www.unipatis.fr\/en\/#organization\",\"name\":\"Unipatis\",\"url\":\"https:\/\/www.unipatis.fr\/en\/\",\"logo\":{\"@type\":\"ImageObject\",\"inLanguage\":\"ro-RO\",\"@id\":\"https:\/\/www.unipatis.fr\/en\/#\/schema\/logo\/image\/\",\"url\":\"https:\/\/www.unipatis.fr\/wp-content\/uploads\/2021\/10\/UNIPATIS_logo_flag_2021-1.svg\",\"contentUrl\":\"https:\/\/www.unipatis.fr\/wp-content\/uploads\/2021\/10\/UNIPATIS_logo_flag_2021-1.svg\",\"width\":150,\"height\":184,\"caption\":\"Unipatis\"},\"image\":{\"@id\":\"https:\/\/www.unipatis.fr\/en\/#\/schema\/logo\/image\/\"},\"sameAs\":[\"https:\/\/www.facebook.com\/unipatis\",\"https:\/\/www.instagram.com\/unipatis\",\"https:\/\/www.youtube.com\/@Unipatis\"]}]}<\/script>\n<!-- \/ Yoast SEO plugin. -->","yoast_head_json":{"title":"Fourrage Craquant Croc Sp\u00e9culoos - Unipatis","description":"Umplutur\u0103 Croc Sp\u00e9culoos: arome picante, ciocolat\u0103 alb\u0103 de coprah, textur\u0103 crocant\u0103. 0% ulei de palmier. Pentru deserturi, \u00e9clairs, bu\u0219teni. Unipatis Fran\u021ba.","robots":{"index":"index","follow":"follow","max-snippet":"max-snippet:-1","max-image-preview":"max-image-preview:large","max-video-preview":"max-video-preview:-1"},"canonical":"https:\/\/www.unipatis.fr\/ro\/produit\/fourrage-craquant-croc-speculoos\/","og_locale":"ro_RO","og_type":"article","og_title":"Fourrage Craquant Croc Sp\u00e9culoos - Unipatis","og_description":"Umplutur\u0103 Croc Sp\u00e9culoos: arome picante, ciocolat\u0103 alb\u0103 de coprah, textur\u0103 crocant\u0103. 0% ulei de palmier. Pentru deserturi, \u00e9clairs, bu\u0219teni. Unipatis Fran\u021ba.","og_url":"https:\/\/www.unipatis.fr\/ro\/produit\/fourrage-craquant-croc-speculoos\/","og_site_name":"Unipatis","article_publisher":"https:\/\/www.facebook.com\/unipatis","article_modified_time":"2026-04-12T06:36:49+00:00","og_image":[{"width":630,"height":589,"url":"https:\/\/www.unipatis.fr\/wp-content\/uploads\/2025\/10\/Frourrage-croc-speculoos-unipatis.png","type":"image\/png"}],"twitter_card":"summary_large_image","schema":{"@context":"https:\/\/schema.org","@graph":[{"@type":"WebPage","@id":"https:\/\/www.unipatis.fr\/ro\/produit\/fourrage-craquant-croc-speculoos\/","url":"https:\/\/www.unipatis.fr\/ro\/produit\/fourrage-craquant-croc-speculoos\/","name":"Fourrage Craquant Croc Sp\u00e9culoos - Unipatis","isPartOf":{"@id":"https:\/\/www.unipatis.fr\/en\/#website"},"primaryImageOfPage":{"@id":"https:\/\/www.unipatis.fr\/ro\/produit\/fourrage-craquant-croc-speculoos\/#primaryimage"},"image":{"@id":"https:\/\/www.unipatis.fr\/ro\/produit\/fourrage-craquant-croc-speculoos\/#primaryimage"},"thumbnailUrl":"https:\/\/www.unipatis.fr\/wp-content\/uploads\/2025\/10\/Frourrage-croc-speculoos-unipatis.png","datePublished":"2025-10-26T13:28:14+00:00","dateModified":"2026-04-12T06:36:49+00:00","description":"Umplutur\u0103 Croc Sp\u00e9culoos: arome picante, ciocolat\u0103 alb\u0103 de coprah, textur\u0103 crocant\u0103. 0% ulei de palmier. Pentru deserturi, \u00e9clairs, bu\u0219teni. Unipatis Fran\u021ba.","breadcrumb":{"@id":"https:\/\/www.unipatis.fr\/ro\/produit\/fourrage-craquant-croc-speculoos\/#breadcrumb"},"inLanguage":"ro-RO","potentialAction":[{"@type":"ReadAction","target":["https:\/\/www.unipatis.fr\/ro\/produit\/fourrage-craquant-croc-speculoos\/"]}]},{"@type":"ImageObject","inLanguage":"ro-RO","@id":"https:\/\/www.unipatis.fr\/ro\/produit\/fourrage-craquant-croc-speculoos\/#primaryimage","url":"https:\/\/www.unipatis.fr\/wp-content\/uploads\/2025\/10\/Frourrage-croc-speculoos-unipatis.png","contentUrl":"https:\/\/www.unipatis.fr\/wp-content\/uploads\/2025\/10\/Frourrage-croc-speculoos-unipatis.png","width":630,"height":589,"caption":"Speculoos- unipatis de crocodili furajeri"},{"@type":"BreadcrumbList","@id":"https:\/\/www.unipatis.fr\/ro\/produit\/fourrage-craquant-croc-speculoos\/#breadcrumb","itemListElement":[{"@type":"ListItem","position":1,"name":"Accueil","item":"https:\/\/www.unipatis.fr\/ro\/acasa\/"},{"@type":"ListItem","position":2,"name":"Magazin","item":"https:\/\/www.unipatis.fr\/ro\/magazin\/"},{"@type":"ListItem","position":3,"name":"Fourrage Craquant Croc Sp\u00e9culoos"}]},{"@type":"WebSite","@id":"https:\/\/www.unipatis.fr\/en\/#website","url":"https:\/\/www.unipatis.fr\/en\/","name":"Unipatis","description":"Unipatis Maison est une entreprise familiale sp\u00e9cialis\u00e9e dans la fabrication d&#039;ingr\u00e9dients p\u00e2tissiers et chocolatiers depuis quatre g\u00e9n\u00e9rations.","publisher":{"@id":"https:\/\/www.unipatis.fr\/en\/#organization"},"potentialAction":[{"@type":"SearchAction","target":{"@type":"EntryPoint","urlTemplate":"https:\/\/www.unipatis.fr\/en\/?s={search_term_string}"},"query-input":{"@type":"PropertyValueSpecification","valueRequired":true,"valueName":"search_term_string"}}],"inLanguage":"ro-RO"},{"@type":"Organization","@id":"https:\/\/www.unipatis.fr\/en\/#organization","name":"Unipatis","url":"https:\/\/www.unipatis.fr\/en\/","logo":{"@type":"ImageObject","inLanguage":"ro-RO","@id":"https:\/\/www.unipatis.fr\/en\/#\/schema\/logo\/image\/","url":"https:\/\/www.unipatis.fr\/wp-content\/uploads\/2021\/10\/UNIPATIS_logo_flag_2021-1.svg","contentUrl":"https:\/\/www.unipatis.fr\/wp-content\/uploads\/2021\/10\/UNIPATIS_logo_flag_2021-1.svg","width":150,"height":184,"caption":"Unipatis"},"image":{"@id":"https:\/\/www.unipatis.fr\/en\/#\/schema\/logo\/image\/"},"sameAs":["https:\/\/www.facebook.com\/unipatis","https:\/\/www.instagram.com\/unipatis","https:\/\/www.youtube.com\/@Unipatis"]}]}},"_links":{"self":[{"href":"https:\/\/www.unipatis.fr\/ro\/wp-json\/wp\/v2\/product\/28365","targetHints":{"allow":["GET"]}}],"collection":[{"href":"https:\/\/www.unipatis.fr\/ro\/wp-json\/wp\/v2\/product"}],"about":[{"href":"https:\/\/www.unipatis.fr\/ro\/wp-json\/wp\/v2\/types\/product"}],"replies":[{"embeddable":true,"href":"https:\/\/www.unipatis.fr\/ro\/wp-json\/wp\/v2\/comments?post=28365"}],"version-history":[{"count":1,"href":"https:\/\/www.unipatis.fr\/ro\/wp-json\/wp\/v2\/product\/28365\/revisions"}],"predecessor-version":[{"id":28370,"href":"https:\/\/www.unipatis.fr\/ro\/wp-json\/wp\/v2\/product\/28365\/revisions\/28370"}],"wp:featuredmedia":[{"embeddable":true,"href":"https:\/\/www.unipatis.fr\/ro\/wp-json\/wp\/v2\/media\/28368"}],"wp:attachment":[{"href":"https:\/\/www.unipatis.fr\/ro\/wp-json\/wp\/v2\/media?parent=28365"}],"wp:term":[{"taxonomy":"product_brand","embeddable":true,"href":"https:\/\/www.unipatis.fr\/ro\/wp-json\/wp\/v2\/product_brand?post=28365"},{"taxonomy":"product_cat","embeddable":true,"href":"https:\/\/www.unipatis.fr\/ro\/wp-json\/wp\/v2\/product_cat?post=28365"},{"taxonomy":"product_tag","embeddable":true,"href":"https:\/\/www.unipatis.fr\/ro\/wp-json\/wp\/v2\/product_tag?post=28365"}],"curies":[{"name":"wp","href":"https:\/\/api.w.org\/{rel}","templated":true}]}}