{"id":32676,"date":"2026-04-26T08:21:10","date_gmt":"2026-04-26T06:21:10","guid":{"rendered":"https:\/\/www.unipatis.fr\/produit\/caramel-de-vanilie-moale\/"},"modified":"2026-04-26T08:22:14","modified_gmt":"2026-04-26T06:22:14","slug":"caramel-de-vanilie-moale","status":"publish","type":"product","link":"https:\/\/www.unipatis.fr\/ro\/produit\/caramel-de-vanilie-moale\/","title":{"rendered":"Caramel de vanilie moale"},"content":{"rendered":"","protected":false},"excerpt":{"rendered":"<p>Acest caramel moale poate fi folosit ca topping pentru pr\u0103jituri \u0219i cheesecakes, sau ca umplutur\u0103 pentru produse de patiserie \u0219i ciocolat\u0103. De asemenea, este perfect ca topping pentru cl\u0103tite \u0219i \u00eenghe\u021bat\u0103. <\/p>\n<p>Gust puternic de caramel cu o culoare cupru, f\u0103r\u0103 coloran\u021bi sau arome.<\/p>\n","protected":false},"featured_media":32679,"comment_status":"closed","ping_status":"closed","template":"","meta":{"_acf_changed":false,"inline_featured_image":false},"product_brand":[],"product_cat":[553],"product_tag":[],"class_list":{"0":"post-32676","1":"product","2":"type-product","3":"status-publish","4":"has-post-thumbnail","6":"product_cat-22-sosuri-de-caramel-si-fructe","7":"sales-flash-overlay","8":"woocommerce-text-align-center","9":"woocommerce-image-align-center","10":"do-quantity-buttons","12":"first","13":"instock","14":"product-type-simple"},"acf":[],"yoast_head":"<!-- This site is optimized with the Yoast SEO plugin v27.2 - https:\/\/yoast.com\/product\/yoast-seo-wordpress\/ -->\n<title>Caramel de vanilie moale - Unipatis<\/title>\n<meta name=\"description\" content=\"Caramelul de vanilie moale Unipatis: o umplutur\u0103 cremoas\u0103, indulgent\u0103, ideal\u0103 pentru acoperirea, umplerea sau \u00eembun\u0103t\u0103\u021birea deserturilor, produselor de patiserie, \u00eenghe\u021batelor \u0219i antremet-urilor.\" \/>\n<meta name=\"robots\" content=\"index, follow, max-snippet:-1, max-image-preview:large, max-video-preview:-1\" \/>\n<link rel=\"canonical\" href=\"https:\/\/www.unipatis.fr\/ro\/produit\/caramel-de-vanilie-moale\/\" \/>\n<meta property=\"og:locale\" content=\"ro_RO\" \/>\n<meta property=\"og:type\" content=\"article\" \/>\n<meta property=\"og:title\" content=\"Caramel de vanilie moale - Unipatis\" \/>\n<meta property=\"og:description\" content=\"Caramelul de vanilie moale Unipatis: o umplutur\u0103 cremoas\u0103, indulgent\u0103, ideal\u0103 pentru acoperirea, umplerea sau \u00eembun\u0103t\u0103\u021birea deserturilor, produselor de patiserie, \u00eenghe\u021batelor \u0219i antremet-urilor.\" \/>\n<meta property=\"og:url\" content=\"https:\/\/www.unipatis.fr\/ro\/produit\/caramel-de-vanilie-moale\/\" \/>\n<meta property=\"og:site_name\" content=\"Unipatis\" \/>\n<meta property=\"article:publisher\" content=\"https:\/\/www.facebook.com\/unipatis\" \/>\n<meta property=\"article:modified_time\" content=\"2026-04-26T06:22:14+00:00\" \/>\n<meta property=\"og:image\" content=\"https:\/\/www.unipatis.fr\/wp-content\/uploads\/2026\/04\/Caramel-souple-vanille.png\" \/>\n\t<meta property=\"og:image:width\" content=\"600\" \/>\n\t<meta property=\"og:image:height\" content=\"600\" \/>\n\t<meta property=\"og:image:type\" content=\"image\/png\" \/>\n<meta name=\"twitter:card\" content=\"summary_large_image\" \/>\n<script type=\"application\/ld+json\" class=\"yoast-schema-graph\">{\"@context\":\"https:\/\/schema.org\",\"@graph\":[{\"@type\":\"WebPage\",\"@id\":\"https:\/\/www.unipatis.fr\/ro\/produit\/caramel-de-vanilie-moale\/\",\"url\":\"https:\/\/www.unipatis.fr\/ro\/produit\/caramel-de-vanilie-moale\/\",\"name\":\"Caramel de vanilie moale - Unipatis\",\"isPartOf\":{\"@id\":\"https:\/\/www.unipatis.fr\/en\/#website\"},\"primaryImageOfPage\":{\"@id\":\"https:\/\/www.unipatis.fr\/ro\/produit\/caramel-de-vanilie-moale\/#primaryimage\"},\"image\":{\"@id\":\"https:\/\/www.unipatis.fr\/ro\/produit\/caramel-de-vanilie-moale\/#primaryimage\"},\"thumbnailUrl\":\"https:\/\/www.unipatis.fr\/wp-content\/uploads\/2026\/04\/Caramel-souple-vanille.png\",\"datePublished\":\"2026-04-26T06:21:10+00:00\",\"dateModified\":\"2026-04-26T06:22:14+00:00\",\"description\":\"Caramelul de vanilie moale Unipatis: o umplutur\u0103 cremoas\u0103, indulgent\u0103, ideal\u0103 pentru acoperirea, umplerea sau \u00eembun\u0103t\u0103\u021birea deserturilor, produselor de patiserie, \u00eenghe\u021batelor \u0219i antremet-urilor.\",\"breadcrumb\":{\"@id\":\"https:\/\/www.unipatis.fr\/ro\/produit\/caramel-de-vanilie-moale\/#breadcrumb\"},\"inLanguage\":\"ro-RO\",\"potentialAction\":[{\"@type\":\"ReadAction\",\"target\":[\"https:\/\/www.unipatis.fr\/ro\/produit\/caramel-de-vanilie-moale\/\"]}]},{\"@type\":\"ImageObject\",\"inLanguage\":\"ro-RO\",\"@id\":\"https:\/\/www.unipatis.fr\/ro\/produit\/caramel-de-vanilie-moale\/#primaryimage\",\"url\":\"https:\/\/www.unipatis.fr\/wp-content\/uploads\/2026\/04\/Caramel-souple-vanille.png\",\"contentUrl\":\"https:\/\/www.unipatis.fr\/wp-content\/uploads\/2026\/04\/Caramel-souple-vanille.png\",\"width\":600,\"height\":600,\"caption\":\"Caramel de vanilie moale\"},{\"@type\":\"BreadcrumbList\",\"@id\":\"https:\/\/www.unipatis.fr\/ro\/produit\/caramel-de-vanilie-moale\/#breadcrumb\",\"itemListElement\":[{\"@type\":\"ListItem\",\"position\":1,\"name\":\"Accueil\",\"item\":\"https:\/\/www.unipatis.fr\/ro\/acasa\/\"},{\"@type\":\"ListItem\",\"position\":2,\"name\":\"Magazin\",\"item\":\"https:\/\/www.unipatis.fr\/ro\/magazin\/\"},{\"@type\":\"ListItem\",\"position\":3,\"name\":\"Caramel de vanilie moale\"}]},{\"@type\":\"WebSite\",\"@id\":\"https:\/\/www.unipatis.fr\/en\/#website\",\"url\":\"https:\/\/www.unipatis.fr\/en\/\",\"name\":\"Unipatis\",\"description\":\"Unipatis Maison est une entreprise familiale sp\u00e9cialis\u00e9e dans la fabrication d&#039;ingr\u00e9dients p\u00e2tissiers et chocolatiers depuis quatre g\u00e9n\u00e9rations.\",\"publisher\":{\"@id\":\"https:\/\/www.unipatis.fr\/en\/#organization\"},\"potentialAction\":[{\"@type\":\"SearchAction\",\"target\":{\"@type\":\"EntryPoint\",\"urlTemplate\":\"https:\/\/www.unipatis.fr\/en\/?s={search_term_string}\"},\"query-input\":{\"@type\":\"PropertyValueSpecification\",\"valueRequired\":true,\"valueName\":\"search_term_string\"}}],\"inLanguage\":\"ro-RO\"},{\"@type\":\"Organization\",\"@id\":\"https:\/\/www.unipatis.fr\/en\/#organization\",\"name\":\"Unipatis\",\"url\":\"https:\/\/www.unipatis.fr\/en\/\",\"logo\":{\"@type\":\"ImageObject\",\"inLanguage\":\"ro-RO\",\"@id\":\"https:\/\/www.unipatis.fr\/en\/#\/schema\/logo\/image\/\",\"url\":\"https:\/\/www.unipatis.fr\/wp-content\/uploads\/2021\/10\/UNIPATIS_logo_flag_2021-1.svg\",\"contentUrl\":\"https:\/\/www.unipatis.fr\/wp-content\/uploads\/2021\/10\/UNIPATIS_logo_flag_2021-1.svg\",\"width\":150,\"height\":184,\"caption\":\"Unipatis\"},\"image\":{\"@id\":\"https:\/\/www.unipatis.fr\/en\/#\/schema\/logo\/image\/\"},\"sameAs\":[\"https:\/\/www.facebook.com\/unipatis\",\"https:\/\/www.instagram.com\/unipatis\",\"https:\/\/www.youtube.com\/@Unipatis\"]}]}<\/script>\n<!-- \/ Yoast SEO plugin. -->","yoast_head_json":{"title":"Caramel de vanilie moale - Unipatis","description":"Caramelul de vanilie moale Unipatis: o umplutur\u0103 cremoas\u0103, indulgent\u0103, ideal\u0103 pentru acoperirea, umplerea sau \u00eembun\u0103t\u0103\u021birea deserturilor, produselor de patiserie, \u00eenghe\u021batelor \u0219i antremet-urilor.","robots":{"index":"index","follow":"follow","max-snippet":"max-snippet:-1","max-image-preview":"max-image-preview:large","max-video-preview":"max-video-preview:-1"},"canonical":"https:\/\/www.unipatis.fr\/ro\/produit\/caramel-de-vanilie-moale\/","og_locale":"ro_RO","og_type":"article","og_title":"Caramel de vanilie moale - Unipatis","og_description":"Caramelul de vanilie moale Unipatis: o umplutur\u0103 cremoas\u0103, indulgent\u0103, ideal\u0103 pentru acoperirea, umplerea sau \u00eembun\u0103t\u0103\u021birea deserturilor, produselor de patiserie, \u00eenghe\u021batelor \u0219i antremet-urilor.","og_url":"https:\/\/www.unipatis.fr\/ro\/produit\/caramel-de-vanilie-moale\/","og_site_name":"Unipatis","article_publisher":"https:\/\/www.facebook.com\/unipatis","article_modified_time":"2026-04-26T06:22:14+00:00","og_image":[{"width":600,"height":600,"url":"https:\/\/www.unipatis.fr\/wp-content\/uploads\/2026\/04\/Caramel-souple-vanille.png","type":"image\/png"}],"twitter_card":"summary_large_image","schema":{"@context":"https:\/\/schema.org","@graph":[{"@type":"WebPage","@id":"https:\/\/www.unipatis.fr\/ro\/produit\/caramel-de-vanilie-moale\/","url":"https:\/\/www.unipatis.fr\/ro\/produit\/caramel-de-vanilie-moale\/","name":"Caramel de vanilie moale - Unipatis","isPartOf":{"@id":"https:\/\/www.unipatis.fr\/en\/#website"},"primaryImageOfPage":{"@id":"https:\/\/www.unipatis.fr\/ro\/produit\/caramel-de-vanilie-moale\/#primaryimage"},"image":{"@id":"https:\/\/www.unipatis.fr\/ro\/produit\/caramel-de-vanilie-moale\/#primaryimage"},"thumbnailUrl":"https:\/\/www.unipatis.fr\/wp-content\/uploads\/2026\/04\/Caramel-souple-vanille.png","datePublished":"2026-04-26T06:21:10+00:00","dateModified":"2026-04-26T06:22:14+00:00","description":"Caramelul de vanilie moale Unipatis: o umplutur\u0103 cremoas\u0103, indulgent\u0103, ideal\u0103 pentru acoperirea, umplerea sau \u00eembun\u0103t\u0103\u021birea deserturilor, produselor de patiserie, \u00eenghe\u021batelor \u0219i antremet-urilor.","breadcrumb":{"@id":"https:\/\/www.unipatis.fr\/ro\/produit\/caramel-de-vanilie-moale\/#breadcrumb"},"inLanguage":"ro-RO","potentialAction":[{"@type":"ReadAction","target":["https:\/\/www.unipatis.fr\/ro\/produit\/caramel-de-vanilie-moale\/"]}]},{"@type":"ImageObject","inLanguage":"ro-RO","@id":"https:\/\/www.unipatis.fr\/ro\/produit\/caramel-de-vanilie-moale\/#primaryimage","url":"https:\/\/www.unipatis.fr\/wp-content\/uploads\/2026\/04\/Caramel-souple-vanille.png","contentUrl":"https:\/\/www.unipatis.fr\/wp-content\/uploads\/2026\/04\/Caramel-souple-vanille.png","width":600,"height":600,"caption":"Caramel de vanilie moale"},{"@type":"BreadcrumbList","@id":"https:\/\/www.unipatis.fr\/ro\/produit\/caramel-de-vanilie-moale\/#breadcrumb","itemListElement":[{"@type":"ListItem","position":1,"name":"Accueil","item":"https:\/\/www.unipatis.fr\/ro\/acasa\/"},{"@type":"ListItem","position":2,"name":"Magazin","item":"https:\/\/www.unipatis.fr\/ro\/magazin\/"},{"@type":"ListItem","position":3,"name":"Caramel de vanilie moale"}]},{"@type":"WebSite","@id":"https:\/\/www.unipatis.fr\/en\/#website","url":"https:\/\/www.unipatis.fr\/en\/","name":"Unipatis","description":"Unipatis Maison est une entreprise familiale sp\u00e9cialis\u00e9e dans la fabrication d&#039;ingr\u00e9dients p\u00e2tissiers et chocolatiers depuis quatre g\u00e9n\u00e9rations.","publisher":{"@id":"https:\/\/www.unipatis.fr\/en\/#organization"},"potentialAction":[{"@type":"SearchAction","target":{"@type":"EntryPoint","urlTemplate":"https:\/\/www.unipatis.fr\/en\/?s={search_term_string}"},"query-input":{"@type":"PropertyValueSpecification","valueRequired":true,"valueName":"search_term_string"}}],"inLanguage":"ro-RO"},{"@type":"Organization","@id":"https:\/\/www.unipatis.fr\/en\/#organization","name":"Unipatis","url":"https:\/\/www.unipatis.fr\/en\/","logo":{"@type":"ImageObject","inLanguage":"ro-RO","@id":"https:\/\/www.unipatis.fr\/en\/#\/schema\/logo\/image\/","url":"https:\/\/www.unipatis.fr\/wp-content\/uploads\/2021\/10\/UNIPATIS_logo_flag_2021-1.svg","contentUrl":"https:\/\/www.unipatis.fr\/wp-content\/uploads\/2021\/10\/UNIPATIS_logo_flag_2021-1.svg","width":150,"height":184,"caption":"Unipatis"},"image":{"@id":"https:\/\/www.unipatis.fr\/en\/#\/schema\/logo\/image\/"},"sameAs":["https:\/\/www.facebook.com\/unipatis","https:\/\/www.instagram.com\/unipatis","https:\/\/www.youtube.com\/@Unipatis"]}]}},"_links":{"self":[{"href":"https:\/\/www.unipatis.fr\/ro\/wp-json\/wp\/v2\/product\/32676","targetHints":{"allow":["GET"]}}],"collection":[{"href":"https:\/\/www.unipatis.fr\/ro\/wp-json\/wp\/v2\/product"}],"about":[{"href":"https:\/\/www.unipatis.fr\/ro\/wp-json\/wp\/v2\/types\/product"}],"replies":[{"embeddable":true,"href":"https:\/\/www.unipatis.fr\/ro\/wp-json\/wp\/v2\/comments?post=32676"}],"version-history":[{"count":1,"href":"https:\/\/www.unipatis.fr\/ro\/wp-json\/wp\/v2\/product\/32676\/revisions"}],"predecessor-version":[{"id":32691,"href":"https:\/\/www.unipatis.fr\/ro\/wp-json\/wp\/v2\/product\/32676\/revisions\/32691"}],"wp:featuredmedia":[{"embeddable":true,"href":"https:\/\/www.unipatis.fr\/ro\/wp-json\/wp\/v2\/media\/32679"}],"wp:attachment":[{"href":"https:\/\/www.unipatis.fr\/ro\/wp-json\/wp\/v2\/media?parent=32676"}],"wp:term":[{"taxonomy":"product_brand","embeddable":true,"href":"https:\/\/www.unipatis.fr\/ro\/wp-json\/wp\/v2\/product_brand?post=32676"},{"taxonomy":"product_cat","embeddable":true,"href":"https:\/\/www.unipatis.fr\/ro\/wp-json\/wp\/v2\/product_cat?post=32676"},{"taxonomy":"product_tag","embeddable":true,"href":"https:\/\/www.unipatis.fr\/ro\/wp-json\/wp\/v2\/product_tag?post=32676"}],"curies":[{"name":"wp","href":"https:\/\/api.w.org\/{rel}","templated":true}]}}