{"id":12397,"date":"2022-02-16T13:58:04","date_gmt":"2022-02-16T12:58:04","guid":{"rendered":"https:\/\/www.unipatis.fr\/produit\/%d0%bc%d0%b0%d0%bb%d0%b8%d0%bd%d0%be%d0%b2%d0%b8%d0%b9-%d0%bf%d0%be%d1%80%d0%be%d1%88%d0%be%d0%ba\/"},"modified":"2024-08-23T13:42:17","modified_gmt":"2024-08-23T11:42:17","slug":"%d0%bc%d0%b0%d0%bb%d0%b8%d0%bd%d0%be%d0%b2%d0%b8%d0%b9-%d0%bf%d0%be%d1%80%d0%be%d1%88%d0%be%d0%ba","status":"publish","type":"product","link":"https:\/\/www.unipatis.fr\/uk\/produit\/%d0%bc%d0%b0%d0%bb%d0%b8%d0%bd%d0%be%d0%b2%d0%b8%d0%b9-%d0%bf%d0%be%d1%80%d0%be%d1%88%d0%be%d0%ba\/","title":{"rendered":"\u041c\u0430\u043b\u0438\u043d\u043e\u0432\u0438\u0439 \u043f\u043e\u0440\u043e\u0448\u043e\u043a"},"content":{"rendered":"","protected":false},"excerpt":{"rendered":"<p>\u0421\u0443\u0431\u043b\u0456\u043c\u043e\u0432\u0430\u043d\u0438\u0439 \u043f\u043e\u0440\u043e\u0448\u043e\u043a \u043c\u0430\u043b\u0438\u043d\u0438, 100% \u0444\u0440\u0443\u043a\u0442\u043e\u0432\u0438\u0439 \u0456 100% \u043d\u0430\u0442\u0443\u0440\u0430\u043b\u044c\u043d\u0438\u0439.<\/p>\n","protected":false},"featured_media":12398,"comment_status":"closed","ping_status":"closed","template":"","meta":{"_acf_changed":false,"inline_featured_image":false},"product_brand":[],"product_cat":[447],"product_tag":[],"class_list":{"0":"post-12397","1":"product","2":"type-product","3":"status-publish","4":"has-post-thumbnail","6":"product_cat-23--","7":"sales-flash-overlay","8":"woocommerce-text-align-center","9":"woocommerce-image-align-center","10":"do-quantity-buttons","12":"first","13":"instock","14":"shipping-taxable","15":"product-type-simple"},"acf":[],"yoast_head":"<!-- This site is optimized with the Yoast SEO plugin v27.2 - https:\/\/yoast.com\/product\/yoast-seo-wordpress\/ -->\n<title>\u041c\u0430\u043b\u0438\u043d\u043e\u0432\u0438\u0439 \u043f\u043e\u0440\u043e\u0448\u043e\u043a - Unipatis<\/title>\n<meta name=\"description\" content=\"\u0421\u0443\u0431\u043b\u0456\u043c\u043e\u0432\u0430\u043d\u0438\u0439 \u043f\u043e\u0440\u043e\u0448\u043e\u043a \u043c\u0430\u043b\u0438\u043d\u0438, 100% \u0444\u0440\u0443\u043a\u0442\u043e\u0432\u0438\u0439 \u0456 \u043d\u0430\u0442\u0443\u0440\u0430\u043b\u044c\u043d\u0438\u0439.\" \/>\n<meta name=\"robots\" content=\"index, follow, max-snippet:-1, max-image-preview:large, max-video-preview:-1\" \/>\n<link rel=\"canonical\" href=\"https:\/\/www.unipatis.fr\/?post_type=product&p=7855\" \/>\n<meta property=\"og:locale\" content=\"uk_UA\" \/>\n<meta property=\"og:type\" content=\"article\" \/>\n<meta property=\"og:title\" content=\"\u041c\u0430\u043b\u0438\u043d\u043e\u0432\u0438\u0439 \u043f\u043e\u0440\u043e\u0448\u043e\u043a - Unipatis\" \/>\n<meta property=\"og:description\" content=\"\u0421\u0443\u0431\u043b\u0456\u043c\u043e\u0432\u0430\u043d\u0438\u0439 \u043f\u043e\u0440\u043e\u0448\u043e\u043a \u043c\u0430\u043b\u0438\u043d\u0438, 100% \u0444\u0440\u0443\u043a\u0442\u043e\u0432\u0438\u0439 \u0456 \u043d\u0430\u0442\u0443\u0440\u0430\u043b\u044c\u043d\u0438\u0439.\" \/>\n<meta property=\"og:url\" content=\"https:\/\/www.unipatis.fr\/?post_type=product&amp;p=7855\" \/>\n<meta property=\"og:site_name\" content=\"Unipatis\" \/>\n<meta property=\"article:publisher\" content=\"https:\/\/www.facebook.com\/unipatis\" \/>\n<meta property=\"article:modified_time\" content=\"2024-08-23T11:42:17+00:00\" \/>\n<meta property=\"og:image\" content=\"https:\/\/www.unipatis.fr\/wp-content\/uploads\/2022\/02\/pot_poudre_framboise.jpg\" \/>\n\t<meta property=\"og:image:width\" content=\"1300\" \/>\n\t<meta property=\"og:image:height\" content=\"1300\" \/>\n\t<meta property=\"og:image:type\" content=\"image\/jpeg\" \/>\n<meta name=\"twitter:card\" content=\"summary_large_image\" \/>\n<script type=\"application\/ld+json\" class=\"yoast-schema-graph\">{\"@context\":\"https:\/\/schema.org\",\"@graph\":[{\"@type\":\"WebPage\",\"@id\":\"https:\/\/www.unipatis.fr\/?post_type=product&p=7855\",\"url\":\"https:\/\/www.unipatis.fr\/?post_type=product&p=7855\",\"name\":\"\u041c\u0430\u043b\u0438\u043d\u043e\u0432\u0438\u0439 \u043f\u043e\u0440\u043e\u0448\u043e\u043a - Unipatis\",\"isPartOf\":{\"@id\":\"https:\/\/www.unipatis.fr\/en\/#website\"},\"primaryImageOfPage\":{\"@id\":\"https:\/\/www.unipatis.fr\/?post_type=product&p=7855#primaryimage\"},\"image\":{\"@id\":\"https:\/\/www.unipatis.fr\/?post_type=product&p=7855#primaryimage\"},\"thumbnailUrl\":\"https:\/\/www.unipatis.fr\/wp-content\/uploads\/2022\/02\/pot_poudre_framboise.jpg\",\"datePublished\":\"2022-02-16T12:58:04+00:00\",\"dateModified\":\"2024-08-23T11:42:17+00:00\",\"description\":\"\u0421\u0443\u0431\u043b\u0456\u043c\u043e\u0432\u0430\u043d\u0438\u0439 \u043f\u043e\u0440\u043e\u0448\u043e\u043a \u043c\u0430\u043b\u0438\u043d\u0438, 100% \u0444\u0440\u0443\u043a\u0442\u043e\u0432\u0438\u0439 \u0456 \u043d\u0430\u0442\u0443\u0440\u0430\u043b\u044c\u043d\u0438\u0439.\",\"breadcrumb\":{\"@id\":\"https:\/\/www.unipatis.fr\/?post_type=product&p=7855#breadcrumb\"},\"inLanguage\":\"uk\",\"potentialAction\":[{\"@type\":\"ReadAction\",\"target\":[\"https:\/\/www.unipatis.fr\/?post_type=product&p=7855\"]}]},{\"@type\":\"ImageObject\",\"inLanguage\":\"uk\",\"@id\":\"https:\/\/www.unipatis.fr\/?post_type=product&p=7855#primaryimage\",\"url\":\"https:\/\/www.unipatis.fr\/wp-content\/uploads\/2022\/02\/pot_poudre_framboise.jpg\",\"contentUrl\":\"https:\/\/www.unipatis.fr\/wp-content\/uploads\/2022\/02\/pot_poudre_framboise.jpg\",\"width\":1300,\"height\":1300},{\"@type\":\"BreadcrumbList\",\"@id\":\"https:\/\/www.unipatis.fr\/?post_type=product&p=7855#breadcrumb\",\"itemListElement\":[{\"@type\":\"ListItem\",\"position\":1,\"name\":\"Accueil\",\"item\":\"https:\/\/www.unipatis.fr\/uk\/%d0%b3%d0%be%d0%bb%d0%be%d0%b2%d0%bd%d0%b0\/\"},{\"@type\":\"ListItem\",\"position\":2,\"name\":\"\u041c\u0430\u0433\u0430\u0437\u0438\u043d\",\"item\":\"https:\/\/www.unipatis.fr\/uk\/%d0%bc%d0%b0%d0%b3%d0%b0%d0%b7%d0%b8%d0%bd\/\"},{\"@type\":\"ListItem\",\"position\":3,\"name\":\"\u041c\u0430\u043b\u0438\u043d\u043e\u0432\u0438\u0439 \u043f\u043e\u0440\u043e\u0448\u043e\u043a\"}]},{\"@type\":\"WebSite\",\"@id\":\"https:\/\/www.unipatis.fr\/en\/#website\",\"url\":\"https:\/\/www.unipatis.fr\/en\/\",\"name\":\"Unipatis\",\"description\":\"Unipatis Maison est une entreprise familiale sp\u00e9cialis\u00e9e dans la fabrication d&#039;ingr\u00e9dients p\u00e2tissiers et chocolatiers depuis quatre g\u00e9n\u00e9rations.\",\"publisher\":{\"@id\":\"https:\/\/www.unipatis.fr\/en\/#organization\"},\"potentialAction\":[{\"@type\":\"SearchAction\",\"target\":{\"@type\":\"EntryPoint\",\"urlTemplate\":\"https:\/\/www.unipatis.fr\/en\/?s={search_term_string}\"},\"query-input\":{\"@type\":\"PropertyValueSpecification\",\"valueRequired\":true,\"valueName\":\"search_term_string\"}}],\"inLanguage\":\"uk\"},{\"@type\":\"Organization\",\"@id\":\"https:\/\/www.unipatis.fr\/en\/#organization\",\"name\":\"Unipatis\",\"url\":\"https:\/\/www.unipatis.fr\/en\/\",\"logo\":{\"@type\":\"ImageObject\",\"inLanguage\":\"uk\",\"@id\":\"https:\/\/www.unipatis.fr\/en\/#\/schema\/logo\/image\/\",\"url\":\"https:\/\/www.unipatis.fr\/wp-content\/uploads\/2021\/10\/UNIPATIS_logo_flag_2021-1.svg\",\"contentUrl\":\"https:\/\/www.unipatis.fr\/wp-content\/uploads\/2021\/10\/UNIPATIS_logo_flag_2021-1.svg\",\"width\":150,\"height\":184,\"caption\":\"Unipatis\"},\"image\":{\"@id\":\"https:\/\/www.unipatis.fr\/en\/#\/schema\/logo\/image\/\"},\"sameAs\":[\"https:\/\/www.facebook.com\/unipatis\",\"https:\/\/www.instagram.com\/unipatis\",\"https:\/\/www.youtube.com\/@Unipatis\"]}]}<\/script>\n<!-- \/ Yoast SEO plugin. -->","yoast_head_json":{"title":"\u041c\u0430\u043b\u0438\u043d\u043e\u0432\u0438\u0439 \u043f\u043e\u0440\u043e\u0448\u043e\u043a - Unipatis","description":"\u0421\u0443\u0431\u043b\u0456\u043c\u043e\u0432\u0430\u043d\u0438\u0439 \u043f\u043e\u0440\u043e\u0448\u043e\u043a \u043c\u0430\u043b\u0438\u043d\u0438, 100% \u0444\u0440\u0443\u043a\u0442\u043e\u0432\u0438\u0439 \u0456 \u043d\u0430\u0442\u0443\u0440\u0430\u043b\u044c\u043d\u0438\u0439.","robots":{"index":"index","follow":"follow","max-snippet":"max-snippet:-1","max-image-preview":"max-image-preview:large","max-video-preview":"max-video-preview:-1"},"canonical":"https:\/\/www.unipatis.fr\/?post_type=product&p=7855","og_locale":"uk_UA","og_type":"article","og_title":"\u041c\u0430\u043b\u0438\u043d\u043e\u0432\u0438\u0439 \u043f\u043e\u0440\u043e\u0448\u043e\u043a - Unipatis","og_description":"\u0421\u0443\u0431\u043b\u0456\u043c\u043e\u0432\u0430\u043d\u0438\u0439 \u043f\u043e\u0440\u043e\u0448\u043e\u043a \u043c\u0430\u043b\u0438\u043d\u0438, 100% \u0444\u0440\u0443\u043a\u0442\u043e\u0432\u0438\u0439 \u0456 \u043d\u0430\u0442\u0443\u0440\u0430\u043b\u044c\u043d\u0438\u0439.","og_url":"https:\/\/www.unipatis.fr\/?post_type=product&p=7855","og_site_name":"Unipatis","article_publisher":"https:\/\/www.facebook.com\/unipatis","article_modified_time":"2024-08-23T11:42:17+00:00","og_image":[{"width":1300,"height":1300,"url":"https:\/\/www.unipatis.fr\/wp-content\/uploads\/2022\/02\/pot_poudre_framboise.jpg","type":"image\/jpeg"}],"twitter_card":"summary_large_image","schema":{"@context":"https:\/\/schema.org","@graph":[{"@type":"WebPage","@id":"https:\/\/www.unipatis.fr\/?post_type=product&p=7855","url":"https:\/\/www.unipatis.fr\/?post_type=product&p=7855","name":"\u041c\u0430\u043b\u0438\u043d\u043e\u0432\u0438\u0439 \u043f\u043e\u0440\u043e\u0448\u043e\u043a - Unipatis","isPartOf":{"@id":"https:\/\/www.unipatis.fr\/en\/#website"},"primaryImageOfPage":{"@id":"https:\/\/www.unipatis.fr\/?post_type=product&p=7855#primaryimage"},"image":{"@id":"https:\/\/www.unipatis.fr\/?post_type=product&p=7855#primaryimage"},"thumbnailUrl":"https:\/\/www.unipatis.fr\/wp-content\/uploads\/2022\/02\/pot_poudre_framboise.jpg","datePublished":"2022-02-16T12:58:04+00:00","dateModified":"2024-08-23T11:42:17+00:00","description":"\u0421\u0443\u0431\u043b\u0456\u043c\u043e\u0432\u0430\u043d\u0438\u0439 \u043f\u043e\u0440\u043e\u0448\u043e\u043a \u043c\u0430\u043b\u0438\u043d\u0438, 100% \u0444\u0440\u0443\u043a\u0442\u043e\u0432\u0438\u0439 \u0456 \u043d\u0430\u0442\u0443\u0440\u0430\u043b\u044c\u043d\u0438\u0439.","breadcrumb":{"@id":"https:\/\/www.unipatis.fr\/?post_type=product&p=7855#breadcrumb"},"inLanguage":"uk","potentialAction":[{"@type":"ReadAction","target":["https:\/\/www.unipatis.fr\/?post_type=product&p=7855"]}]},{"@type":"ImageObject","inLanguage":"uk","@id":"https:\/\/www.unipatis.fr\/?post_type=product&p=7855#primaryimage","url":"https:\/\/www.unipatis.fr\/wp-content\/uploads\/2022\/02\/pot_poudre_framboise.jpg","contentUrl":"https:\/\/www.unipatis.fr\/wp-content\/uploads\/2022\/02\/pot_poudre_framboise.jpg","width":1300,"height":1300},{"@type":"BreadcrumbList","@id":"https:\/\/www.unipatis.fr\/?post_type=product&p=7855#breadcrumb","itemListElement":[{"@type":"ListItem","position":1,"name":"Accueil","item":"https:\/\/www.unipatis.fr\/uk\/%d0%b3%d0%be%d0%bb%d0%be%d0%b2%d0%bd%d0%b0\/"},{"@type":"ListItem","position":2,"name":"\u041c\u0430\u0433\u0430\u0437\u0438\u043d","item":"https:\/\/www.unipatis.fr\/uk\/%d0%bc%d0%b0%d0%b3%d0%b0%d0%b7%d0%b8%d0%bd\/"},{"@type":"ListItem","position":3,"name":"\u041c\u0430\u043b\u0438\u043d\u043e\u0432\u0438\u0439 \u043f\u043e\u0440\u043e\u0448\u043e\u043a"}]},{"@type":"WebSite","@id":"https:\/\/www.unipatis.fr\/en\/#website","url":"https:\/\/www.unipatis.fr\/en\/","name":"Unipatis","description":"Unipatis Maison est une entreprise familiale sp\u00e9cialis\u00e9e dans la fabrication d&#039;ingr\u00e9dients p\u00e2tissiers et chocolatiers depuis quatre g\u00e9n\u00e9rations.","publisher":{"@id":"https:\/\/www.unipatis.fr\/en\/#organization"},"potentialAction":[{"@type":"SearchAction","target":{"@type":"EntryPoint","urlTemplate":"https:\/\/www.unipatis.fr\/en\/?s={search_term_string}"},"query-input":{"@type":"PropertyValueSpecification","valueRequired":true,"valueName":"search_term_string"}}],"inLanguage":"uk"},{"@type":"Organization","@id":"https:\/\/www.unipatis.fr\/en\/#organization","name":"Unipatis","url":"https:\/\/www.unipatis.fr\/en\/","logo":{"@type":"ImageObject","inLanguage":"uk","@id":"https:\/\/www.unipatis.fr\/en\/#\/schema\/logo\/image\/","url":"https:\/\/www.unipatis.fr\/wp-content\/uploads\/2021\/10\/UNIPATIS_logo_flag_2021-1.svg","contentUrl":"https:\/\/www.unipatis.fr\/wp-content\/uploads\/2021\/10\/UNIPATIS_logo_flag_2021-1.svg","width":150,"height":184,"caption":"Unipatis"},"image":{"@id":"https:\/\/www.unipatis.fr\/en\/#\/schema\/logo\/image\/"},"sameAs":["https:\/\/www.facebook.com\/unipatis","https:\/\/www.instagram.com\/unipatis","https:\/\/www.youtube.com\/@Unipatis"]}]}},"_links":{"self":[{"href":"https:\/\/www.unipatis.fr\/uk\/wp-json\/wp\/v2\/product\/12397","targetHints":{"allow":["GET"]}}],"collection":[{"href":"https:\/\/www.unipatis.fr\/uk\/wp-json\/wp\/v2\/product"}],"about":[{"href":"https:\/\/www.unipatis.fr\/uk\/wp-json\/wp\/v2\/types\/product"}],"replies":[{"embeddable":true,"href":"https:\/\/www.unipatis.fr\/uk\/wp-json\/wp\/v2\/comments?post=12397"}],"version-history":[{"count":0,"href":"https:\/\/www.unipatis.fr\/uk\/wp-json\/wp\/v2\/product\/12397\/revisions"}],"wp:featuredmedia":[{"embeddable":true,"href":"https:\/\/www.unipatis.fr\/uk\/wp-json\/wp\/v2\/media\/12398"}],"wp:attachment":[{"href":"https:\/\/www.unipatis.fr\/uk\/wp-json\/wp\/v2\/media?parent=12397"}],"wp:term":[{"taxonomy":"product_brand","embeddable":true,"href":"https:\/\/www.unipatis.fr\/uk\/wp-json\/wp\/v2\/product_brand?post=12397"},{"taxonomy":"product_cat","embeddable":true,"href":"https:\/\/www.unipatis.fr\/uk\/wp-json\/wp\/v2\/product_cat?post=12397"},{"taxonomy":"product_tag","embeddable":true,"href":"https:\/\/www.unipatis.fr\/uk\/wp-json\/wp\/v2\/product_tag?post=12397"}],"curies":[{"name":"wp","href":"https:\/\/api.w.org\/{rel}","templated":true}]}}