{"id":12594,"date":"2022-07-04T11:00:47","date_gmt":"2022-07-04T09:00:47","guid":{"rendered":"https:\/\/www.unipatis.fr\/produit\/%d0%bc%d0%be%d0%b4%d0%b8%d1%84%d1%96%d0%ba%d0%be%d0%b2%d0%b0%d0%bd%d0%b8%d0%b9-%d0%ba%d1%83%d0%ba%d1%83%d1%80%d1%83%d0%b4%d0%b7%d1%8f%d0%bd%d0%b8%d0%b9-%d0%ba%d1%80%d0%be%d1%85%d0%bc%d0%b0%d0%bb%d1%8c\/"},"modified":"2026-04-12T08:24:35","modified_gmt":"2026-04-12T06:24:35","slug":"%d0%bc%d0%be%d0%b4%d0%b8%d1%84%d1%96%d0%ba%d0%be%d0%b2%d0%b0%d0%bd%d0%b8%d0%b9-%d0%ba%d1%83%d0%ba%d1%83%d1%80%d1%83%d0%b4%d0%b7%d1%8f%d0%bd%d0%b8%d0%b9-%d0%ba%d1%80%d0%be%d1%85%d0%bc%d0%b0%d0%bb%d1%8c","status":"publish","type":"product","link":"https:\/\/www.unipatis.fr\/uk\/produit\/%d0%bc%d0%be%d0%b4%d0%b8%d1%84%d1%96%d0%ba%d0%be%d0%b2%d0%b0%d0%bd%d0%b8%d0%b9-%d0%ba%d1%83%d0%ba%d1%83%d1%80%d1%83%d0%b4%d0%b7%d1%8f%d0%bd%d0%b8%d0%b9-%d0%ba%d1%80%d0%be%d1%85%d0%bc%d0%b0%d0%bb%d1%8c\/","title":{"rendered":"\u041c\u041e\u0414\u0418\u0424\u0406\u041a\u041e\u0412\u0410\u041d\u0418\u0419 \u041a\u0423\u041a\u0423\u0420\u0423\u0414\u0417\u042f\u041d\u0418\u0419 \u041a\u0420\u041e\u0425\u041c\u0410\u041b\u042c"},"content":{"rendered":"<p>\u041c\u043e\u0434\u0438\u0444\u0456\u043a\u043e\u0432\u0430\u043d\u0438\u0439 \u043a\u0443\u043a\u0443\u0440\u0443\u0434\u0437\u044f\u043d\u0438\u0439 \u043a\u0440\u043e\u0445\u043c\u0430\u043b\u044c &#8211; \u0446\u0435 \u0436\u0435\u043b\u044e\u044e\u0447\u0438\u0439 \u0430\u0433\u0435\u043d\u0442, \u044f\u043a\u0438\u0439 \u0434\u043e\u0434\u0430\u0454 \u043a\u043e\u043d\u0441\u0438\u0441\u0442\u0435\u043d\u0446\u0456\u0457, \u043d\u0430\u043f\u0440\u0438\u043a\u043b\u0430\u0434, \u0441\u043e\u0443\u0441\u0430\u043c. \u0426\u0435\u0439 \u043c\u043e\u0434\u0438\u0444\u0456\u043a\u043e\u0432\u0430\u043d\u0438\u0439 \u043a\u0440\u043e\u0445\u043c\u0430\u043b\u044c\u043d\u0438\u0439 \u043f\u043e\u0440\u043e\u0448\u043e\u043a \u0434\u043e\u0437\u0432\u043e\u043b\u044f\u0454 \u0437\u0432&#8217;\u044f\u0437\u0443\u0432\u0430\u0442\u0438 \u0440\u0456\u0434\u0438\u043d\u0438 \u0445\u043e\u043b\u043e\u0434\u043d\u0438\u043c \u0441\u043f\u043e\u0441\u043e\u0431\u043e\u043c. \u0426\u0435\u0439 \u043f\u0440\u0435\u043f\u0430\u0440\u0430\u0442 \u0456\u0434\u0435\u0430\u043b\u044c\u043d\u043e \u043f\u0456\u0434\u0445\u043e\u0434\u0438\u0442\u044c \u0434\u043b\u044f \u0442\u0432\u0435\u0440\u0434\u0438\u0445 \u043d\u0430\u0447\u0438\u043d\u043e\u043a \u0456 \u0442\u043e\u043f\u0456\u043d\u0433\u0456\u0432.<\/p>\n","protected":false},"excerpt":{"rendered":"<p>\u041c\u043e\u0434\u0438\u0444\u0456\u043a\u043e\u0432\u0430\u043d\u0438\u0439 \u043a\u0443\u043a\u0443\u0440\u0443\u0434\u0437\u044f\u043d\u0438\u0439 \u043a\u0440\u043e\u0445\u043c\u0430\u043b\u044c &#8211; \u0446\u0435 \u0436\u0435\u043b\u044e\u044e\u0447\u0438\u0439 \u0430\u0433\u0435\u043d\u0442, \u044f\u043a\u0438\u0439 \u0434\u043e\u0434\u0430\u0454 \u043a\u043e\u043d\u0441\u0438\u0441\u0442\u0435\u043d\u0446\u0456\u0457, \u043d\u0430\u043f\u0440\u0438\u043a\u043b\u0430\u0434, \u0441\u043e\u0443\u0441\u0430\u043c. \u0426\u0435\u0439 \u043c\u043e\u0434\u0438\u0444\u0456\u043a\u043e\u0432\u0430\u043d\u0438\u0439 \u043a\u0440\u043e\u0445\u043c\u0430\u043b\u044c\u043d\u0438\u0439 \u043f\u043e\u0440\u043e\u0448\u043e\u043a \u043c\u043e\u0436\u043d\u0430 \u0432\u0438\u043a\u043e\u0440\u0438\u0441\u0442\u043e\u0432\u0443\u0432\u0430\u0442\u0438 \u044f\u043a \u0445\u043e\u043b\u043e\u0434\u043d\u0435 \u0437\u0432&#8217;\u044f\u0437\u0443\u044e\u0447\u0435 \u0434\u043b\u044f \u0440\u0456\u0434\u0438\u043d. \u0426\u0435\u0439 \u043f\u0440\u0435\u043f\u0430\u0440\u0430\u0442 \u0456\u0434\u0435\u0430\u043b\u044c\u043d\u043e \u043f\u0456\u0434\u0445\u043e\u0434\u0438\u0442\u044c \u0434\u043b\u044f \u043f\u0440\u0438\u0433\u043e\u0442\u0443\u0432\u0430\u043d\u043d\u044f \u043d\u0430\u0447\u0438\u043d\u043e\u043a, \u043a\u0440\u0435\u043c\u043e\u0432\u0438\u0445 \u0434\u0435\u0441\u0435\u0440\u0442\u0456\u0432 \u0456 \u0442\u0432\u0435\u0440\u0434\u0438\u0445 \u043d\u0430\u0447\u0438\u043d\u043e\u043a \u0443 \u043a\u043e\u043d\u0434\u0438\u0442\u0435\u0440\u0441\u044c\u043a\u0456\u0439 \u0441\u043f\u0440\u0430\u0432\u0456.  <\/p>\n","protected":false},"featured_media":21881,"comment_status":"closed","ping_status":"closed","template":"","meta":{"_acf_changed":false,"inline_featured_image":false},"product_brand":[],"product_cat":[455,468],"product_tag":[],"class_list":{"0":"post-12594","1":"product","2":"type-product","3":"status-publish","4":"has-post-thumbnail","6":"product_cat-12--","7":"product_cat-468","8":"sales-flash-overlay","9":"woocommerce-text-align-center","10":"woocommerce-image-align-center","11":"do-quantity-buttons","13":"first","14":"instock","15":"product-type-simple"},"acf":[],"yoast_head":"<!-- This site is optimized with the Yoast SEO plugin v27.2 - https:\/\/yoast.com\/product\/yoast-seo-wordpress\/ -->\n<title>\u041c\u041e\u0414\u0418\u0424\u0406\u041a\u041e\u0412\u0410\u041d\u0418\u0419 \u041a\u0423\u041a\u0423\u0420\u0423\u0414\u0417\u042f\u041d\u0418\u0419 \u041a\u0420\u041e\u0425\u041c\u0410\u041b\u042c - Unipatis<\/title>\n<meta name=\"description\" content=\"\u041c\u043e\u0434\u0438\u0444\u0456\u043a\u043e\u0432\u0430\u043d\u0438\u0439 \u043a\u0443\u043a\u0443\u0440\u0443\u0434\u0437\u044f\u043d\u0438\u0439 \u043a\u0440\u043e\u0445\u043c\u0430\u043b\u044c, \u044f\u043a\u0438\u0439 \u043d\u0430\u0434\u0430\u0454 \u043a\u043e\u043d\u0441\u0438\u0441\u0442\u0435\u043d\u0446\u0456\u0457, \u043d\u0430\u043f\u0440\u0438\u043a\u043b\u0430\u0434, \u0441\u043e\u0443\u0441\u0430\u043c. \u0426\u0435\u0439 \u043f\u0440\u0435\u043f\u0430\u0440\u0430\u0442 \u0456\u0434\u0435\u0430\u043b\u044c\u043d\u043e \u043f\u0456\u0434\u0445\u043e\u0434\u0438\u0442\u044c \u0434\u043b\u044f \u043e\u0442\u0440\u0438\u043c\u0430\u043d\u043d\u044f \u0442\u0432\u0435\u0440\u0434\u0438\u0445 \u043d\u0430\u0447\u0438\u043d\u043e\u043a \u0456 \u0442\u043e\u043f\u0456\u043d\u0433\u0456\u0432.\" \/>\n<meta name=\"robots\" content=\"index, follow, max-snippet:-1, max-image-preview:large, max-video-preview:-1\" \/>\n<link rel=\"canonical\" href=\"https:\/\/www.unipatis.fr\/uk\/produit\/\u043c\u043e\u0434\u0438\u0444\u0456\u043a\u043e\u0432\u0430\u043d\u0438\u0439-\u043a\u0443\u043a\u0443\u0440\u0443\u0434\u0437\u044f\u043d\u0438\u0439-\u043a\u0440\u043e\u0445\u043c\u0430\u043b\u044c\/\" \/>\n<meta property=\"og:locale\" content=\"uk_UA\" \/>\n<meta property=\"og:type\" content=\"article\" \/>\n<meta property=\"og:title\" content=\"\u041c\u041e\u0414\u0418\u0424\u0406\u041a\u041e\u0412\u0410\u041d\u0418\u0419 \u041a\u0423\u041a\u0423\u0420\u0423\u0414\u0417\u042f\u041d\u0418\u0419 \u041a\u0420\u041e\u0425\u041c\u0410\u041b\u042c - Unipatis\" \/>\n<meta property=\"og:description\" content=\"\u041c\u043e\u0434\u0438\u0444\u0456\u043a\u043e\u0432\u0430\u043d\u0438\u0439 \u043a\u0443\u043a\u0443\u0440\u0443\u0434\u0437\u044f\u043d\u0438\u0439 \u043a\u0440\u043e\u0445\u043c\u0430\u043b\u044c, \u044f\u043a\u0438\u0439 \u043d\u0430\u0434\u0430\u0454 \u043a\u043e\u043d\u0441\u0438\u0441\u0442\u0435\u043d\u0446\u0456\u0457, \u043d\u0430\u043f\u0440\u0438\u043a\u043b\u0430\u0434, \u0441\u043e\u0443\u0441\u0430\u043c. \u0426\u0435\u0439 \u043f\u0440\u0435\u043f\u0430\u0440\u0430\u0442 \u0456\u0434\u0435\u0430\u043b\u044c\u043d\u043e \u043f\u0456\u0434\u0445\u043e\u0434\u0438\u0442\u044c \u0434\u043b\u044f \u043e\u0442\u0440\u0438\u043c\u0430\u043d\u043d\u044f \u0442\u0432\u0435\u0440\u0434\u0438\u0445 \u043d\u0430\u0447\u0438\u043d\u043e\u043a \u0456 \u0442\u043e\u043f\u0456\u043d\u0433\u0456\u0432.\" \/>\n<meta property=\"og:url\" content=\"https:\/\/www.unipatis.fr\/uk\/produit\/\u043c\u043e\u0434\u0438\u0444\u0456\u043a\u043e\u0432\u0430\u043d\u0438\u0439-\u043a\u0443\u043a\u0443\u0440\u0443\u0434\u0437\u044f\u043d\u0438\u0439-\u043a\u0440\u043e\u0445\u043c\u0430\u043b\u044c\/\" \/>\n<meta property=\"og:site_name\" content=\"Unipatis\" \/>\n<meta property=\"article:publisher\" content=\"https:\/\/www.facebook.com\/unipatis\" \/>\n<meta property=\"article:modified_time\" content=\"2026-04-12T06:24:35+00:00\" \/>\n<meta property=\"og:image\" content=\"https:\/\/www.unipatis.fr\/wp-content\/uploads\/2022\/07\/POT_Amidon_modifie_de_mais_1kg_octobre2024.png\" \/>\n\t<meta property=\"og:image:width\" content=\"1261\" \/>\n\t<meta property=\"og:image:height\" content=\"1179\" \/>\n\t<meta property=\"og:image:type\" content=\"image\/png\" \/>\n<meta name=\"twitter:card\" content=\"summary_large_image\" \/>\n<script type=\"application\/ld+json\" class=\"yoast-schema-graph\">{\"@context\":\"https:\/\/schema.org\",\"@graph\":[{\"@type\":\"WebPage\",\"@id\":\"https:\/\/www.unipatis.fr\/uk\/produit\/%d0%bc%d0%be%d0%b4%d0%b8%d1%84%d1%96%d0%ba%d0%be%d0%b2%d0%b0%d0%bd%d0%b8%d0%b9-%d0%ba%d1%83%d0%ba%d1%83%d1%80%d1%83%d0%b4%d0%b7%d1%8f%d0%bd%d0%b8%d0%b9-%d0%ba%d1%80%d0%be%d1%85%d0%bc%d0%b0%d0%bb%d1%8c\/\",\"url\":\"https:\/\/www.unipatis.fr\/uk\/produit\/%d0%bc%d0%be%d0%b4%d0%b8%d1%84%d1%96%d0%ba%d0%be%d0%b2%d0%b0%d0%bd%d0%b8%d0%b9-%d0%ba%d1%83%d0%ba%d1%83%d1%80%d1%83%d0%b4%d0%b7%d1%8f%d0%bd%d0%b8%d0%b9-%d0%ba%d1%80%d0%be%d1%85%d0%bc%d0%b0%d0%bb%d1%8c\/\",\"name\":\"\u041c\u041e\u0414\u0418\u0424\u0406\u041a\u041e\u0412\u0410\u041d\u0418\u0419 \u041a\u0423\u041a\u0423\u0420\u0423\u0414\u0417\u042f\u041d\u0418\u0419 \u041a\u0420\u041e\u0425\u041c\u0410\u041b\u042c - Unipatis\",\"isPartOf\":{\"@id\":\"https:\/\/www.unipatis.fr\/en\/#website\"},\"primaryImageOfPage\":{\"@id\":\"https:\/\/www.unipatis.fr\/uk\/produit\/%d0%bc%d0%be%d0%b4%d0%b8%d1%84%d1%96%d0%ba%d0%be%d0%b2%d0%b0%d0%bd%d0%b8%d0%b9-%d0%ba%d1%83%d0%ba%d1%83%d1%80%d1%83%d0%b4%d0%b7%d1%8f%d0%bd%d0%b8%d0%b9-%d0%ba%d1%80%d0%be%d1%85%d0%bc%d0%b0%d0%bb%d1%8c\/#primaryimage\"},\"image\":{\"@id\":\"https:\/\/www.unipatis.fr\/uk\/produit\/%d0%bc%d0%be%d0%b4%d0%b8%d1%84%d1%96%d0%ba%d0%be%d0%b2%d0%b0%d0%bd%d0%b8%d0%b9-%d0%ba%d1%83%d0%ba%d1%83%d1%80%d1%83%d0%b4%d0%b7%d1%8f%d0%bd%d0%b8%d0%b9-%d0%ba%d1%80%d0%be%d1%85%d0%bc%d0%b0%d0%bb%d1%8c\/#primaryimage\"},\"thumbnailUrl\":\"https:\/\/www.unipatis.fr\/wp-content\/uploads\/2022\/07\/POT_Amidon_modifie_de_mais_1kg_octobre2024.png\",\"datePublished\":\"2022-07-04T09:00:47+00:00\",\"dateModified\":\"2026-04-12T06:24:35+00:00\",\"description\":\"\u041c\u043e\u0434\u0438\u0444\u0456\u043a\u043e\u0432\u0430\u043d\u0438\u0439 \u043a\u0443\u043a\u0443\u0440\u0443\u0434\u0437\u044f\u043d\u0438\u0439 \u043a\u0440\u043e\u0445\u043c\u0430\u043b\u044c, \u044f\u043a\u0438\u0439 \u043d\u0430\u0434\u0430\u0454 \u043a\u043e\u043d\u0441\u0438\u0441\u0442\u0435\u043d\u0446\u0456\u0457, \u043d\u0430\u043f\u0440\u0438\u043a\u043b\u0430\u0434, \u0441\u043e\u0443\u0441\u0430\u043c. \u0426\u0435\u0439 \u043f\u0440\u0435\u043f\u0430\u0440\u0430\u0442 \u0456\u0434\u0435\u0430\u043b\u044c\u043d\u043e \u043f\u0456\u0434\u0445\u043e\u0434\u0438\u0442\u044c \u0434\u043b\u044f \u043e\u0442\u0440\u0438\u043c\u0430\u043d\u043d\u044f \u0442\u0432\u0435\u0440\u0434\u0438\u0445 \u043d\u0430\u0447\u0438\u043d\u043e\u043a \u0456 \u0442\u043e\u043f\u0456\u043d\u0433\u0456\u0432.\",\"breadcrumb\":{\"@id\":\"https:\/\/www.unipatis.fr\/uk\/produit\/%d0%bc%d0%be%d0%b4%d0%b8%d1%84%d1%96%d0%ba%d0%be%d0%b2%d0%b0%d0%bd%d0%b8%d0%b9-%d0%ba%d1%83%d0%ba%d1%83%d1%80%d1%83%d0%b4%d0%b7%d1%8f%d0%bd%d0%b8%d0%b9-%d0%ba%d1%80%d0%be%d1%85%d0%bc%d0%b0%d0%bb%d1%8c\/#breadcrumb\"},\"inLanguage\":\"uk\",\"potentialAction\":[{\"@type\":\"ReadAction\",\"target\":[\"https:\/\/www.unipatis.fr\/uk\/produit\/%d0%bc%d0%be%d0%b4%d0%b8%d1%84%d1%96%d0%ba%d0%be%d0%b2%d0%b0%d0%bd%d0%b8%d0%b9-%d0%ba%d1%83%d0%ba%d1%83%d1%80%d1%83%d0%b4%d0%b7%d1%8f%d0%bd%d0%b8%d0%b9-%d0%ba%d1%80%d0%be%d1%85%d0%bc%d0%b0%d0%bb%d1%8c\/\"]}]},{\"@type\":\"ImageObject\",\"inLanguage\":\"uk\",\"@id\":\"https:\/\/www.unipatis.fr\/uk\/produit\/%d0%bc%d0%be%d0%b4%d0%b8%d1%84%d1%96%d0%ba%d0%be%d0%b2%d0%b0%d0%bd%d0%b8%d0%b9-%d0%ba%d1%83%d0%ba%d1%83%d1%80%d1%83%d0%b4%d0%b7%d1%8f%d0%bd%d0%b8%d0%b9-%d0%ba%d1%80%d0%be%d1%85%d0%bc%d0%b0%d0%bb%d1%8c\/#primaryimage\",\"url\":\"https:\/\/www.unipatis.fr\/wp-content\/uploads\/2022\/07\/POT_Amidon_modifie_de_mais_1kg_octobre2024.png\",\"contentUrl\":\"https:\/\/www.unipatis.fr\/wp-content\/uploads\/2022\/07\/POT_Amidon_modifie_de_mais_1kg_octobre2024.png\",\"width\":1261,\"height\":1179,\"caption\":\"Unipatis_\u043c\u043e\u0434\u0438\u0444\u0456\u043a\u043e\u0432\u0430\u043d\u0438\u0439_\u043a\u0443\u043a\u0443\u0440\u0443\u0434\u0437\u044f\u043d\u0438\u0439_\u043a\u0440\u043e\u0445\u043c\u0430\u043b\u044c\"},{\"@type\":\"BreadcrumbList\",\"@id\":\"https:\/\/www.unipatis.fr\/uk\/produit\/%d0%bc%d0%be%d0%b4%d0%b8%d1%84%d1%96%d0%ba%d0%be%d0%b2%d0%b0%d0%bd%d0%b8%d0%b9-%d0%ba%d1%83%d0%ba%d1%83%d1%80%d1%83%d0%b4%d0%b7%d1%8f%d0%bd%d0%b8%d0%b9-%d0%ba%d1%80%d0%be%d1%85%d0%bc%d0%b0%d0%bb%d1%8c\/#breadcrumb\",\"itemListElement\":[{\"@type\":\"ListItem\",\"position\":1,\"name\":\"Accueil\",\"item\":\"https:\/\/www.unipatis.fr\/uk\/%d0%b3%d0%be%d0%bb%d0%be%d0%b2%d0%bd%d0%b0\/\"},{\"@type\":\"ListItem\",\"position\":2,\"name\":\"\u041c\u0430\u0433\u0430\u0437\u0438\u043d\",\"item\":\"https:\/\/www.unipatis.fr\/uk\/%d0%bc%d0%b0%d0%b3%d0%b0%d0%b7%d0%b8%d0%bd\/\"},{\"@type\":\"ListItem\",\"position\":3,\"name\":\"\u041c\u041e\u0414\u0418\u0424\u0406\u041a\u041e\u0412\u0410\u041d\u0418\u0419 \u041a\u0423\u041a\u0423\u0420\u0423\u0414\u0417\u042f\u041d\u0418\u0419 \u041a\u0420\u041e\u0425\u041c\u0410\u041b\u042c\"}]},{\"@type\":\"WebSite\",\"@id\":\"https:\/\/www.unipatis.fr\/en\/#website\",\"url\":\"https:\/\/www.unipatis.fr\/en\/\",\"name\":\"Unipatis\",\"description\":\"Unipatis Maison est une entreprise familiale sp\u00e9cialis\u00e9e dans la fabrication d&#039;ingr\u00e9dients p\u00e2tissiers et chocolatiers depuis quatre g\u00e9n\u00e9rations.\",\"publisher\":{\"@id\":\"https:\/\/www.unipatis.fr\/en\/#organization\"},\"potentialAction\":[{\"@type\":\"SearchAction\",\"target\":{\"@type\":\"EntryPoint\",\"urlTemplate\":\"https:\/\/www.unipatis.fr\/en\/?s={search_term_string}\"},\"query-input\":{\"@type\":\"PropertyValueSpecification\",\"valueRequired\":true,\"valueName\":\"search_term_string\"}}],\"inLanguage\":\"uk\"},{\"@type\":\"Organization\",\"@id\":\"https:\/\/www.unipatis.fr\/en\/#organization\",\"name\":\"Unipatis\",\"url\":\"https:\/\/www.unipatis.fr\/en\/\",\"logo\":{\"@type\":\"ImageObject\",\"inLanguage\":\"uk\",\"@id\":\"https:\/\/www.unipatis.fr\/en\/#\/schema\/logo\/image\/\",\"url\":\"https:\/\/www.unipatis.fr\/wp-content\/uploads\/2021\/10\/UNIPATIS_logo_flag_2021-1.svg\",\"contentUrl\":\"https:\/\/www.unipatis.fr\/wp-content\/uploads\/2021\/10\/UNIPATIS_logo_flag_2021-1.svg\",\"width\":150,\"height\":184,\"caption\":\"Unipatis\"},\"image\":{\"@id\":\"https:\/\/www.unipatis.fr\/en\/#\/schema\/logo\/image\/\"},\"sameAs\":[\"https:\/\/www.facebook.com\/unipatis\",\"https:\/\/www.instagram.com\/unipatis\",\"https:\/\/www.youtube.com\/@Unipatis\"]}]}<\/script>\n<!-- \/ Yoast SEO plugin. -->","yoast_head_json":{"title":"\u041c\u041e\u0414\u0418\u0424\u0406\u041a\u041e\u0412\u0410\u041d\u0418\u0419 \u041a\u0423\u041a\u0423\u0420\u0423\u0414\u0417\u042f\u041d\u0418\u0419 \u041a\u0420\u041e\u0425\u041c\u0410\u041b\u042c - Unipatis","description":"\u041c\u043e\u0434\u0438\u0444\u0456\u043a\u043e\u0432\u0430\u043d\u0438\u0439 \u043a\u0443\u043a\u0443\u0440\u0443\u0434\u0437\u044f\u043d\u0438\u0439 \u043a\u0440\u043e\u0445\u043c\u0430\u043b\u044c, \u044f\u043a\u0438\u0439 \u043d\u0430\u0434\u0430\u0454 \u043a\u043e\u043d\u0441\u0438\u0441\u0442\u0435\u043d\u0446\u0456\u0457, \u043d\u0430\u043f\u0440\u0438\u043a\u043b\u0430\u0434, \u0441\u043e\u0443\u0441\u0430\u043c. \u0426\u0435\u0439 \u043f\u0440\u0435\u043f\u0430\u0440\u0430\u0442 \u0456\u0434\u0435\u0430\u043b\u044c\u043d\u043e \u043f\u0456\u0434\u0445\u043e\u0434\u0438\u0442\u044c \u0434\u043b\u044f \u043e\u0442\u0440\u0438\u043c\u0430\u043d\u043d\u044f \u0442\u0432\u0435\u0440\u0434\u0438\u0445 \u043d\u0430\u0447\u0438\u043d\u043e\u043a \u0456 \u0442\u043e\u043f\u0456\u043d\u0433\u0456\u0432.","robots":{"index":"index","follow":"follow","max-snippet":"max-snippet:-1","max-image-preview":"max-image-preview:large","max-video-preview":"max-video-preview:-1"},"canonical":"https:\/\/www.unipatis.fr\/uk\/produit\/\u043c\u043e\u0434\u0438\u0444\u0456\u043a\u043e\u0432\u0430\u043d\u0438\u0439-\u043a\u0443\u043a\u0443\u0440\u0443\u0434\u0437\u044f\u043d\u0438\u0439-\u043a\u0440\u043e\u0445\u043c\u0430\u043b\u044c\/","og_locale":"uk_UA","og_type":"article","og_title":"\u041c\u041e\u0414\u0418\u0424\u0406\u041a\u041e\u0412\u0410\u041d\u0418\u0419 \u041a\u0423\u041a\u0423\u0420\u0423\u0414\u0417\u042f\u041d\u0418\u0419 \u041a\u0420\u041e\u0425\u041c\u0410\u041b\u042c - Unipatis","og_description":"\u041c\u043e\u0434\u0438\u0444\u0456\u043a\u043e\u0432\u0430\u043d\u0438\u0439 \u043a\u0443\u043a\u0443\u0440\u0443\u0434\u0437\u044f\u043d\u0438\u0439 \u043a\u0440\u043e\u0445\u043c\u0430\u043b\u044c, \u044f\u043a\u0438\u0439 \u043d\u0430\u0434\u0430\u0454 \u043a\u043e\u043d\u0441\u0438\u0441\u0442\u0435\u043d\u0446\u0456\u0457, \u043d\u0430\u043f\u0440\u0438\u043a\u043b\u0430\u0434, \u0441\u043e\u0443\u0441\u0430\u043c. \u0426\u0435\u0439 \u043f\u0440\u0435\u043f\u0430\u0440\u0430\u0442 \u0456\u0434\u0435\u0430\u043b\u044c\u043d\u043e \u043f\u0456\u0434\u0445\u043e\u0434\u0438\u0442\u044c \u0434\u043b\u044f \u043e\u0442\u0440\u0438\u043c\u0430\u043d\u043d\u044f \u0442\u0432\u0435\u0440\u0434\u0438\u0445 \u043d\u0430\u0447\u0438\u043d\u043e\u043a \u0456 \u0442\u043e\u043f\u0456\u043d\u0433\u0456\u0432.","og_url":"https:\/\/www.unipatis.fr\/uk\/produit\/\u043c\u043e\u0434\u0438\u0444\u0456\u043a\u043e\u0432\u0430\u043d\u0438\u0439-\u043a\u0443\u043a\u0443\u0440\u0443\u0434\u0437\u044f\u043d\u0438\u0439-\u043a\u0440\u043e\u0445\u043c\u0430\u043b\u044c\/","og_site_name":"Unipatis","article_publisher":"https:\/\/www.facebook.com\/unipatis","article_modified_time":"2026-04-12T06:24:35+00:00","og_image":[{"width":1261,"height":1179,"url":"https:\/\/www.unipatis.fr\/wp-content\/uploads\/2022\/07\/POT_Amidon_modifie_de_mais_1kg_octobre2024.png","type":"image\/png"}],"twitter_card":"summary_large_image","schema":{"@context":"https:\/\/schema.org","@graph":[{"@type":"WebPage","@id":"https:\/\/www.unipatis.fr\/uk\/produit\/%d0%bc%d0%be%d0%b4%d0%b8%d1%84%d1%96%d0%ba%d0%be%d0%b2%d0%b0%d0%bd%d0%b8%d0%b9-%d0%ba%d1%83%d0%ba%d1%83%d1%80%d1%83%d0%b4%d0%b7%d1%8f%d0%bd%d0%b8%d0%b9-%d0%ba%d1%80%d0%be%d1%85%d0%bc%d0%b0%d0%bb%d1%8c\/","url":"https:\/\/www.unipatis.fr\/uk\/produit\/%d0%bc%d0%be%d0%b4%d0%b8%d1%84%d1%96%d0%ba%d0%be%d0%b2%d0%b0%d0%bd%d0%b8%d0%b9-%d0%ba%d1%83%d0%ba%d1%83%d1%80%d1%83%d0%b4%d0%b7%d1%8f%d0%bd%d0%b8%d0%b9-%d0%ba%d1%80%d0%be%d1%85%d0%bc%d0%b0%d0%bb%d1%8c\/","name":"\u041c\u041e\u0414\u0418\u0424\u0406\u041a\u041e\u0412\u0410\u041d\u0418\u0419 \u041a\u0423\u041a\u0423\u0420\u0423\u0414\u0417\u042f\u041d\u0418\u0419 \u041a\u0420\u041e\u0425\u041c\u0410\u041b\u042c - Unipatis","isPartOf":{"@id":"https:\/\/www.unipatis.fr\/en\/#website"},"primaryImageOfPage":{"@id":"https:\/\/www.unipatis.fr\/uk\/produit\/%d0%bc%d0%be%d0%b4%d0%b8%d1%84%d1%96%d0%ba%d0%be%d0%b2%d0%b0%d0%bd%d0%b8%d0%b9-%d0%ba%d1%83%d0%ba%d1%83%d1%80%d1%83%d0%b4%d0%b7%d1%8f%d0%bd%d0%b8%d0%b9-%d0%ba%d1%80%d0%be%d1%85%d0%bc%d0%b0%d0%bb%d1%8c\/#primaryimage"},"image":{"@id":"https:\/\/www.unipatis.fr\/uk\/produit\/%d0%bc%d0%be%d0%b4%d0%b8%d1%84%d1%96%d0%ba%d0%be%d0%b2%d0%b0%d0%bd%d0%b8%d0%b9-%d0%ba%d1%83%d0%ba%d1%83%d1%80%d1%83%d0%b4%d0%b7%d1%8f%d0%bd%d0%b8%d0%b9-%d0%ba%d1%80%d0%be%d1%85%d0%bc%d0%b0%d0%bb%d1%8c\/#primaryimage"},"thumbnailUrl":"https:\/\/www.unipatis.fr\/wp-content\/uploads\/2022\/07\/POT_Amidon_modifie_de_mais_1kg_octobre2024.png","datePublished":"2022-07-04T09:00:47+00:00","dateModified":"2026-04-12T06:24:35+00:00","description":"\u041c\u043e\u0434\u0438\u0444\u0456\u043a\u043e\u0432\u0430\u043d\u0438\u0439 \u043a\u0443\u043a\u0443\u0440\u0443\u0434\u0437\u044f\u043d\u0438\u0439 \u043a\u0440\u043e\u0445\u043c\u0430\u043b\u044c, \u044f\u043a\u0438\u0439 \u043d\u0430\u0434\u0430\u0454 \u043a\u043e\u043d\u0441\u0438\u0441\u0442\u0435\u043d\u0446\u0456\u0457, \u043d\u0430\u043f\u0440\u0438\u043a\u043b\u0430\u0434, \u0441\u043e\u0443\u0441\u0430\u043c. \u0426\u0435\u0439 \u043f\u0440\u0435\u043f\u0430\u0440\u0430\u0442 \u0456\u0434\u0435\u0430\u043b\u044c\u043d\u043e \u043f\u0456\u0434\u0445\u043e\u0434\u0438\u0442\u044c \u0434\u043b\u044f \u043e\u0442\u0440\u0438\u043c\u0430\u043d\u043d\u044f \u0442\u0432\u0435\u0440\u0434\u0438\u0445 \u043d\u0430\u0447\u0438\u043d\u043e\u043a \u0456 \u0442\u043e\u043f\u0456\u043d\u0433\u0456\u0432.","breadcrumb":{"@id":"https:\/\/www.unipatis.fr\/uk\/produit\/%d0%bc%d0%be%d0%b4%d0%b8%d1%84%d1%96%d0%ba%d0%be%d0%b2%d0%b0%d0%bd%d0%b8%d0%b9-%d0%ba%d1%83%d0%ba%d1%83%d1%80%d1%83%d0%b4%d0%b7%d1%8f%d0%bd%d0%b8%d0%b9-%d0%ba%d1%80%d0%be%d1%85%d0%bc%d0%b0%d0%bb%d1%8c\/#breadcrumb"},"inLanguage":"uk","potentialAction":[{"@type":"ReadAction","target":["https:\/\/www.unipatis.fr\/uk\/produit\/%d0%bc%d0%be%d0%b4%d0%b8%d1%84%d1%96%d0%ba%d0%be%d0%b2%d0%b0%d0%bd%d0%b8%d0%b9-%d0%ba%d1%83%d0%ba%d1%83%d1%80%d1%83%d0%b4%d0%b7%d1%8f%d0%bd%d0%b8%d0%b9-%d0%ba%d1%80%d0%be%d1%85%d0%bc%d0%b0%d0%bb%d1%8c\/"]}]},{"@type":"ImageObject","inLanguage":"uk","@id":"https:\/\/www.unipatis.fr\/uk\/produit\/%d0%bc%d0%be%d0%b4%d0%b8%d1%84%d1%96%d0%ba%d0%be%d0%b2%d0%b0%d0%bd%d0%b8%d0%b9-%d0%ba%d1%83%d0%ba%d1%83%d1%80%d1%83%d0%b4%d0%b7%d1%8f%d0%bd%d0%b8%d0%b9-%d0%ba%d1%80%d0%be%d1%85%d0%bc%d0%b0%d0%bb%d1%8c\/#primaryimage","url":"https:\/\/www.unipatis.fr\/wp-content\/uploads\/2022\/07\/POT_Amidon_modifie_de_mais_1kg_octobre2024.png","contentUrl":"https:\/\/www.unipatis.fr\/wp-content\/uploads\/2022\/07\/POT_Amidon_modifie_de_mais_1kg_octobre2024.png","width":1261,"height":1179,"caption":"Unipatis_\u043c\u043e\u0434\u0438\u0444\u0456\u043a\u043e\u0432\u0430\u043d\u0438\u0439_\u043a\u0443\u043a\u0443\u0440\u0443\u0434\u0437\u044f\u043d\u0438\u0439_\u043a\u0440\u043e\u0445\u043c\u0430\u043b\u044c"},{"@type":"BreadcrumbList","@id":"https:\/\/www.unipatis.fr\/uk\/produit\/%d0%bc%d0%be%d0%b4%d0%b8%d1%84%d1%96%d0%ba%d0%be%d0%b2%d0%b0%d0%bd%d0%b8%d0%b9-%d0%ba%d1%83%d0%ba%d1%83%d1%80%d1%83%d0%b4%d0%b7%d1%8f%d0%bd%d0%b8%d0%b9-%d0%ba%d1%80%d0%be%d1%85%d0%bc%d0%b0%d0%bb%d1%8c\/#breadcrumb","itemListElement":[{"@type":"ListItem","position":1,"name":"Accueil","item":"https:\/\/www.unipatis.fr\/uk\/%d0%b3%d0%be%d0%bb%d0%be%d0%b2%d0%bd%d0%b0\/"},{"@type":"ListItem","position":2,"name":"\u041c\u0430\u0433\u0430\u0437\u0438\u043d","item":"https:\/\/www.unipatis.fr\/uk\/%d0%bc%d0%b0%d0%b3%d0%b0%d0%b7%d0%b8%d0%bd\/"},{"@type":"ListItem","position":3,"name":"\u041c\u041e\u0414\u0418\u0424\u0406\u041a\u041e\u0412\u0410\u041d\u0418\u0419 \u041a\u0423\u041a\u0423\u0420\u0423\u0414\u0417\u042f\u041d\u0418\u0419 \u041a\u0420\u041e\u0425\u041c\u0410\u041b\u042c"}]},{"@type":"WebSite","@id":"https:\/\/www.unipatis.fr\/en\/#website","url":"https:\/\/www.unipatis.fr\/en\/","name":"Unipatis","description":"Unipatis Maison est une entreprise familiale sp\u00e9cialis\u00e9e dans la fabrication d&#039;ingr\u00e9dients p\u00e2tissiers et chocolatiers depuis quatre g\u00e9n\u00e9rations.","publisher":{"@id":"https:\/\/www.unipatis.fr\/en\/#organization"},"potentialAction":[{"@type":"SearchAction","target":{"@type":"EntryPoint","urlTemplate":"https:\/\/www.unipatis.fr\/en\/?s={search_term_string}"},"query-input":{"@type":"PropertyValueSpecification","valueRequired":true,"valueName":"search_term_string"}}],"inLanguage":"uk"},{"@type":"Organization","@id":"https:\/\/www.unipatis.fr\/en\/#organization","name":"Unipatis","url":"https:\/\/www.unipatis.fr\/en\/","logo":{"@type":"ImageObject","inLanguage":"uk","@id":"https:\/\/www.unipatis.fr\/en\/#\/schema\/logo\/image\/","url":"https:\/\/www.unipatis.fr\/wp-content\/uploads\/2021\/10\/UNIPATIS_logo_flag_2021-1.svg","contentUrl":"https:\/\/www.unipatis.fr\/wp-content\/uploads\/2021\/10\/UNIPATIS_logo_flag_2021-1.svg","width":150,"height":184,"caption":"Unipatis"},"image":{"@id":"https:\/\/www.unipatis.fr\/en\/#\/schema\/logo\/image\/"},"sameAs":["https:\/\/www.facebook.com\/unipatis","https:\/\/www.instagram.com\/unipatis","https:\/\/www.youtube.com\/@Unipatis"]}]}},"_links":{"self":[{"href":"https:\/\/www.unipatis.fr\/uk\/wp-json\/wp\/v2\/product\/12594","targetHints":{"allow":["GET"]}}],"collection":[{"href":"https:\/\/www.unipatis.fr\/uk\/wp-json\/wp\/v2\/product"}],"about":[{"href":"https:\/\/www.unipatis.fr\/uk\/wp-json\/wp\/v2\/types\/product"}],"replies":[{"embeddable":true,"href":"https:\/\/www.unipatis.fr\/uk\/wp-json\/wp\/v2\/comments?post=12594"}],"version-history":[{"count":3,"href":"https:\/\/www.unipatis.fr\/uk\/wp-json\/wp\/v2\/product\/12594\/revisions"}],"predecessor-version":[{"id":30409,"href":"https:\/\/www.unipatis.fr\/uk\/wp-json\/wp\/v2\/product\/12594\/revisions\/30409"}],"wp:featuredmedia":[{"embeddable":true,"href":"https:\/\/www.unipatis.fr\/uk\/wp-json\/wp\/v2\/media\/21881"}],"wp:attachment":[{"href":"https:\/\/www.unipatis.fr\/uk\/wp-json\/wp\/v2\/media?parent=12594"}],"wp:term":[{"taxonomy":"product_brand","embeddable":true,"href":"https:\/\/www.unipatis.fr\/uk\/wp-json\/wp\/v2\/product_brand?post=12594"},{"taxonomy":"product_cat","embeddable":true,"href":"https:\/\/www.unipatis.fr\/uk\/wp-json\/wp\/v2\/product_cat?post=12594"},{"taxonomy":"product_tag","embeddable":true,"href":"https:\/\/www.unipatis.fr\/uk\/wp-json\/wp\/v2\/product_tag?post=12594"}],"curies":[{"name":"wp","href":"https:\/\/api.w.org\/{rel}","templated":true}]}}