{"id":13047,"date":"2022-02-11T12:11:45","date_gmt":"2022-02-11T11:11:45","guid":{"rendered":"https:\/\/www.unipatis.fr\/produit\/%d0%b4%d0%b5%d1%81%d0%b5%d1%80%d1%82%d0%bd%d0%b8%d0%b9-%d1%85%d0%be%d0%bb%d0%be%d0%b4%d0%b5%d1%86%d1%8c-%d0%b7%d1%96-%d1%81%d0%b2%d0%b8%d0%bd%d0%b8%d0%bd%d0%be%d1%8e\/"},"modified":"2026-04-10T12:19:31","modified_gmt":"2026-04-10T10:19:31","slug":"%d0%b4%d0%b5%d1%81%d0%b5%d1%80%d1%82%d0%bd%d0%b8%d0%b9-%d1%85%d0%be%d0%bb%d0%be%d0%b4%d0%b5%d1%86%d1%8c-%d0%b7%d1%96-%d1%81%d0%b2%d0%b8%d0%bd%d0%b8%d0%bd%d0%be%d1%8e","status":"publish","type":"product","link":"https:\/\/www.unipatis.fr\/uk\/produit\/%d0%b4%d0%b5%d1%81%d0%b5%d1%80%d1%82%d0%bd%d0%b8%d0%b9-%d1%85%d0%be%d0%bb%d0%be%d0%b4%d0%b5%d1%86%d1%8c-%d0%b7%d1%96-%d1%81%d0%b2%d0%b8%d0%bd%d0%b8%d0%bd%d0%be%d1%8e\/","title":{"rendered":"\u0414\u0435\u0441\u0435\u0440\u0442\u043d\u0438\u0439 \u0445\u043e\u043b\u043e\u0434\u0435\u0446\u044c (\u0437\u0456 \u0441\u0432\u0438\u043d\u0438\u043d\u043e\u044e)"},"content":{"rendered":"","protected":false},"excerpt":{"rendered":"<p>\u041d\u0435\u0439\u0442\u0440\u0430\u043b\u044c\u043d\u0456 \u0436\u0435\u043b\u044e\u044e\u0447\u0456 \u043f\u0440\u0435\u043f\u0430\u0440\u0430\u0442\u0438 \u0443 \u0444\u043e\u0440\u043c\u0456 \u043f\u043e\u0440\u043e\u0448\u043a\u0443 \u0434\u043b\u044f \u043c\u0443\u0441\u0456\u0432, \u0431\u0430\u0432\u0430\u0440\u0443\u0430 \u0442\u0430 \u043a\u0440\u0435\u043c\u0456\u0432.<\/p>\n","protected":false},"featured_media":21508,"comment_status":"closed","ping_status":"closed","template":"","meta":{"_acf_changed":false,"inline_featured_image":false},"product_brand":[],"product_cat":[420,518],"product_tag":[],"class_list":{"0":"post-13047","1":"product","2":"type-product","3":"status-publish","4":"has-post-thumbnail","6":"product_cat-13---","7":"product_cat-518","8":"sales-flash-overlay","9":"woocommerce-text-align-center","10":"woocommerce-image-align-center","11":"do-quantity-buttons","13":"first","14":"instock","15":"product-type-simple"},"acf":[],"yoast_head":"<!-- This site is optimized with the Yoast SEO plugin v27.2 - https:\/\/yoast.com\/product\/yoast-seo-wordpress\/ -->\n<title>\u0414\u0435\u0441\u0435\u0440\u0442\u043d\u0438\u0439 \u0445\u043e\u043b\u043e\u0434\u0435\u0446\u044c (\u0437\u0456 \u0441\u0432\u0438\u043d\u0438\u043d\u043e\u044e) - Unipatis<\/title>\n<meta name=\"robots\" content=\"index, follow, max-snippet:-1, max-image-preview:large, max-video-preview:-1\" \/>\n<link rel=\"canonical\" href=\"https:\/\/www.unipatis.fr\/uk\/produit\/\u0434\u0435\u0441\u0435\u0440\u0442\u043d\u0438\u0439-\u0445\u043e\u043b\u043e\u0434\u0435\u0446\u044c-\u0437\u0456-\u0441\u0432\u0438\u043d\u0438\u043d\u043e\u044e\/\" \/>\n<meta property=\"og:locale\" content=\"uk_UA\" \/>\n<meta property=\"og:type\" content=\"article\" \/>\n<meta property=\"og:title\" content=\"\u0414\u0435\u0441\u0435\u0440\u0442\u043d\u0438\u0439 \u0445\u043e\u043b\u043e\u0434\u0435\u0446\u044c (\u0437\u0456 \u0441\u0432\u0438\u043d\u0438\u043d\u043e\u044e) - Unipatis\" \/>\n<meta property=\"og:description\" content=\"\u041d\u0435\u0439\u0442\u0440\u0430\u043b\u044c\u043d\u0456 \u0436\u0435\u043b\u044e\u044e\u0447\u0456 \u043f\u0440\u0435\u043f\u0430\u0440\u0430\u0442\u0438 \u0443 \u0444\u043e\u0440\u043c\u0456 \u043f\u043e\u0440\u043e\u0448\u043a\u0443 \u0434\u043b\u044f \u043c\u0443\u0441\u0456\u0432, \u0431\u0430\u0432\u0430\u0440\u0443\u0430 \u0442\u0430 \u043a\u0440\u0435\u043c\u0456\u0432.\" \/>\n<meta property=\"og:url\" content=\"https:\/\/www.unipatis.fr\/uk\/produit\/\u0434\u0435\u0441\u0435\u0440\u0442\u043d\u0438\u0439-\u0445\u043e\u043b\u043e\u0434\u0435\u0446\u044c-\u0437\u0456-\u0441\u0432\u0438\u043d\u0438\u043d\u043e\u044e\/\" \/>\n<meta property=\"og:site_name\" content=\"Unipatis\" \/>\n<meta property=\"article:publisher\" content=\"https:\/\/www.facebook.com\/unipatis\" \/>\n<meta property=\"article:modified_time\" content=\"2026-04-10T10:19:31+00:00\" \/>\n<meta property=\"og:image\" content=\"https:\/\/www.unipatis.fr\/wp-content\/uploads\/2024\/07\/SEAU_gelee_dessert_porcine_2024_octobre.png\" \/>\n\t<meta property=\"og:image:width\" content=\"1261\" \/>\n\t<meta property=\"og:image:height\" content=\"1179\" \/>\n\t<meta property=\"og:image:type\" content=\"image\/png\" \/>\n<meta name=\"twitter:card\" content=\"summary_large_image\" \/>\n<script type=\"application\/ld+json\" class=\"yoast-schema-graph\">{\"@context\":\"https:\/\/schema.org\",\"@graph\":[{\"@type\":\"WebPage\",\"@id\":\"https:\/\/www.unipatis.fr\/uk\/produit\/%d0%b4%d0%b5%d1%81%d0%b5%d1%80%d1%82%d0%bd%d0%b8%d0%b9-%d1%85%d0%be%d0%bb%d0%be%d0%b4%d0%b5%d1%86%d1%8c-%d0%b7%d1%96-%d1%81%d0%b2%d0%b8%d0%bd%d0%b8%d0%bd%d0%be%d1%8e\/\",\"url\":\"https:\/\/www.unipatis.fr\/uk\/produit\/%d0%b4%d0%b5%d1%81%d0%b5%d1%80%d1%82%d0%bd%d0%b8%d0%b9-%d1%85%d0%be%d0%bb%d0%be%d0%b4%d0%b5%d1%86%d1%8c-%d0%b7%d1%96-%d1%81%d0%b2%d0%b8%d0%bd%d0%b8%d0%bd%d0%be%d1%8e\/\",\"name\":\"\u0414\u0435\u0441\u0435\u0440\u0442\u043d\u0438\u0439 \u0445\u043e\u043b\u043e\u0434\u0435\u0446\u044c (\u0437\u0456 \u0441\u0432\u0438\u043d\u0438\u043d\u043e\u044e) - Unipatis\",\"isPartOf\":{\"@id\":\"https:\/\/www.unipatis.fr\/en\/#website\"},\"primaryImageOfPage\":{\"@id\":\"https:\/\/www.unipatis.fr\/uk\/produit\/%d0%b4%d0%b5%d1%81%d0%b5%d1%80%d1%82%d0%bd%d0%b8%d0%b9-%d1%85%d0%be%d0%bb%d0%be%d0%b4%d0%b5%d1%86%d1%8c-%d0%b7%d1%96-%d1%81%d0%b2%d0%b8%d0%bd%d0%b8%d0%bd%d0%be%d1%8e\/#primaryimage\"},\"image\":{\"@id\":\"https:\/\/www.unipatis.fr\/uk\/produit\/%d0%b4%d0%b5%d1%81%d0%b5%d1%80%d1%82%d0%bd%d0%b8%d0%b9-%d1%85%d0%be%d0%bb%d0%be%d0%b4%d0%b5%d1%86%d1%8c-%d0%b7%d1%96-%d1%81%d0%b2%d0%b8%d0%bd%d0%b8%d0%bd%d0%be%d1%8e\/#primaryimage\"},\"thumbnailUrl\":\"https:\/\/www.unipatis.fr\/wp-content\/uploads\/2024\/07\/SEAU_gelee_dessert_porcine_2024_octobre.png\",\"datePublished\":\"2022-02-11T11:11:45+00:00\",\"dateModified\":\"2026-04-10T10:19:31+00:00\",\"breadcrumb\":{\"@id\":\"https:\/\/www.unipatis.fr\/uk\/produit\/%d0%b4%d0%b5%d1%81%d0%b5%d1%80%d1%82%d0%bd%d0%b8%d0%b9-%d1%85%d0%be%d0%bb%d0%be%d0%b4%d0%b5%d1%86%d1%8c-%d0%b7%d1%96-%d1%81%d0%b2%d0%b8%d0%bd%d0%b8%d0%bd%d0%be%d1%8e\/#breadcrumb\"},\"inLanguage\":\"uk\",\"potentialAction\":[{\"@type\":\"ReadAction\",\"target\":[\"https:\/\/www.unipatis.fr\/uk\/produit\/%d0%b4%d0%b5%d1%81%d0%b5%d1%80%d1%82%d0%bd%d0%b8%d0%b9-%d1%85%d0%be%d0%bb%d0%be%d0%b4%d0%b5%d1%86%d1%8c-%d0%b7%d1%96-%d1%81%d0%b2%d0%b8%d0%bd%d0%b8%d0%bd%d0%be%d1%8e\/\"]}]},{\"@type\":\"ImageObject\",\"inLanguage\":\"uk\",\"@id\":\"https:\/\/www.unipatis.fr\/uk\/produit\/%d0%b4%d0%b5%d1%81%d0%b5%d1%80%d1%82%d0%bd%d0%b8%d0%b9-%d1%85%d0%be%d0%bb%d0%be%d0%b4%d0%b5%d1%86%d1%8c-%d0%b7%d1%96-%d1%81%d0%b2%d0%b8%d0%bd%d0%b8%d0%bd%d0%be%d1%8e\/#primaryimage\",\"url\":\"https:\/\/www.unipatis.fr\/wp-content\/uploads\/2024\/07\/SEAU_gelee_dessert_porcine_2024_octobre.png\",\"contentUrl\":\"https:\/\/www.unipatis.fr\/wp-content\/uploads\/2024\/07\/SEAU_gelee_dessert_porcine_2024_octobre.png\",\"width\":1261,\"height\":1179,\"caption\":\"Unipatis_\u0441\u0432\u0438\u043d\u044f\u0447\u0438\u0439_\u0434\u0435\u0441\u0435\u0440\u0442_\u0436\u0435\u043b\u0435\"},{\"@type\":\"BreadcrumbList\",\"@id\":\"https:\/\/www.unipatis.fr\/uk\/produit\/%d0%b4%d0%b5%d1%81%d0%b5%d1%80%d1%82%d0%bd%d0%b8%d0%b9-%d1%85%d0%be%d0%bb%d0%be%d0%b4%d0%b5%d1%86%d1%8c-%d0%b7%d1%96-%d1%81%d0%b2%d0%b8%d0%bd%d0%b8%d0%bd%d0%be%d1%8e\/#breadcrumb\",\"itemListElement\":[{\"@type\":\"ListItem\",\"position\":1,\"name\":\"Accueil\",\"item\":\"https:\/\/www.unipatis.fr\/uk\/%d0%b3%d0%be%d0%bb%d0%be%d0%b2%d0%bd%d0%b0\/\"},{\"@type\":\"ListItem\",\"position\":2,\"name\":\"\u041c\u0430\u0433\u0430\u0437\u0438\u043d\",\"item\":\"https:\/\/www.unipatis.fr\/uk\/%d0%bc%d0%b0%d0%b3%d0%b0%d0%b7%d0%b8%d0%bd\/\"},{\"@type\":\"ListItem\",\"position\":3,\"name\":\"\u0414\u0435\u0441\u0435\u0440\u0442\u043d\u0438\u0439 \u0445\u043e\u043b\u043e\u0434\u0435\u0446\u044c (\u0437\u0456 \u0441\u0432\u0438\u043d\u0438\u043d\u043e\u044e)\"}]},{\"@type\":\"WebSite\",\"@id\":\"https:\/\/www.unipatis.fr\/en\/#website\",\"url\":\"https:\/\/www.unipatis.fr\/en\/\",\"name\":\"Unipatis\",\"description\":\"Unipatis Maison est une entreprise familiale sp\u00e9cialis\u00e9e dans la fabrication d&#039;ingr\u00e9dients p\u00e2tissiers et chocolatiers depuis quatre g\u00e9n\u00e9rations.\",\"publisher\":{\"@id\":\"https:\/\/www.unipatis.fr\/en\/#organization\"},\"potentialAction\":[{\"@type\":\"SearchAction\",\"target\":{\"@type\":\"EntryPoint\",\"urlTemplate\":\"https:\/\/www.unipatis.fr\/en\/?s={search_term_string}\"},\"query-input\":{\"@type\":\"PropertyValueSpecification\",\"valueRequired\":true,\"valueName\":\"search_term_string\"}}],\"inLanguage\":\"uk\"},{\"@type\":\"Organization\",\"@id\":\"https:\/\/www.unipatis.fr\/en\/#organization\",\"name\":\"Unipatis\",\"url\":\"https:\/\/www.unipatis.fr\/en\/\",\"logo\":{\"@type\":\"ImageObject\",\"inLanguage\":\"uk\",\"@id\":\"https:\/\/www.unipatis.fr\/en\/#\/schema\/logo\/image\/\",\"url\":\"https:\/\/www.unipatis.fr\/wp-content\/uploads\/2021\/10\/UNIPATIS_logo_flag_2021-1.svg\",\"contentUrl\":\"https:\/\/www.unipatis.fr\/wp-content\/uploads\/2021\/10\/UNIPATIS_logo_flag_2021-1.svg\",\"width\":150,\"height\":184,\"caption\":\"Unipatis\"},\"image\":{\"@id\":\"https:\/\/www.unipatis.fr\/en\/#\/schema\/logo\/image\/\"},\"sameAs\":[\"https:\/\/www.facebook.com\/unipatis\",\"https:\/\/www.instagram.com\/unipatis\",\"https:\/\/www.youtube.com\/@Unipatis\"]}]}<\/script>\n<!-- \/ Yoast SEO plugin. -->","yoast_head_json":{"title":"\u0414\u0435\u0441\u0435\u0440\u0442\u043d\u0438\u0439 \u0445\u043e\u043b\u043e\u0434\u0435\u0446\u044c (\u0437\u0456 \u0441\u0432\u0438\u043d\u0438\u043d\u043e\u044e) - Unipatis","robots":{"index":"index","follow":"follow","max-snippet":"max-snippet:-1","max-image-preview":"max-image-preview:large","max-video-preview":"max-video-preview:-1"},"canonical":"https:\/\/www.unipatis.fr\/uk\/produit\/\u0434\u0435\u0441\u0435\u0440\u0442\u043d\u0438\u0439-\u0445\u043e\u043b\u043e\u0434\u0435\u0446\u044c-\u0437\u0456-\u0441\u0432\u0438\u043d\u0438\u043d\u043e\u044e\/","og_locale":"uk_UA","og_type":"article","og_title":"\u0414\u0435\u0441\u0435\u0440\u0442\u043d\u0438\u0439 \u0445\u043e\u043b\u043e\u0434\u0435\u0446\u044c (\u0437\u0456 \u0441\u0432\u0438\u043d\u0438\u043d\u043e\u044e) - Unipatis","og_description":"\u041d\u0435\u0439\u0442\u0440\u0430\u043b\u044c\u043d\u0456 \u0436\u0435\u043b\u044e\u044e\u0447\u0456 \u043f\u0440\u0435\u043f\u0430\u0440\u0430\u0442\u0438 \u0443 \u0444\u043e\u0440\u043c\u0456 \u043f\u043e\u0440\u043e\u0448\u043a\u0443 \u0434\u043b\u044f \u043c\u0443\u0441\u0456\u0432, \u0431\u0430\u0432\u0430\u0440\u0443\u0430 \u0442\u0430 \u043a\u0440\u0435\u043c\u0456\u0432.","og_url":"https:\/\/www.unipatis.fr\/uk\/produit\/\u0434\u0435\u0441\u0435\u0440\u0442\u043d\u0438\u0439-\u0445\u043e\u043b\u043e\u0434\u0435\u0446\u044c-\u0437\u0456-\u0441\u0432\u0438\u043d\u0438\u043d\u043e\u044e\/","og_site_name":"Unipatis","article_publisher":"https:\/\/www.facebook.com\/unipatis","article_modified_time":"2026-04-10T10:19:31+00:00","og_image":[{"width":1261,"height":1179,"url":"https:\/\/www.unipatis.fr\/wp-content\/uploads\/2024\/07\/SEAU_gelee_dessert_porcine_2024_octobre.png","type":"image\/png"}],"twitter_card":"summary_large_image","schema":{"@context":"https:\/\/schema.org","@graph":[{"@type":"WebPage","@id":"https:\/\/www.unipatis.fr\/uk\/produit\/%d0%b4%d0%b5%d1%81%d0%b5%d1%80%d1%82%d0%bd%d0%b8%d0%b9-%d1%85%d0%be%d0%bb%d0%be%d0%b4%d0%b5%d1%86%d1%8c-%d0%b7%d1%96-%d1%81%d0%b2%d0%b8%d0%bd%d0%b8%d0%bd%d0%be%d1%8e\/","url":"https:\/\/www.unipatis.fr\/uk\/produit\/%d0%b4%d0%b5%d1%81%d0%b5%d1%80%d1%82%d0%bd%d0%b8%d0%b9-%d1%85%d0%be%d0%bb%d0%be%d0%b4%d0%b5%d1%86%d1%8c-%d0%b7%d1%96-%d1%81%d0%b2%d0%b8%d0%bd%d0%b8%d0%bd%d0%be%d1%8e\/","name":"\u0414\u0435\u0441\u0435\u0440\u0442\u043d\u0438\u0439 \u0445\u043e\u043b\u043e\u0434\u0435\u0446\u044c (\u0437\u0456 \u0441\u0432\u0438\u043d\u0438\u043d\u043e\u044e) - Unipatis","isPartOf":{"@id":"https:\/\/www.unipatis.fr\/en\/#website"},"primaryImageOfPage":{"@id":"https:\/\/www.unipatis.fr\/uk\/produit\/%d0%b4%d0%b5%d1%81%d0%b5%d1%80%d1%82%d0%bd%d0%b8%d0%b9-%d1%85%d0%be%d0%bb%d0%be%d0%b4%d0%b5%d1%86%d1%8c-%d0%b7%d1%96-%d1%81%d0%b2%d0%b8%d0%bd%d0%b8%d0%bd%d0%be%d1%8e\/#primaryimage"},"image":{"@id":"https:\/\/www.unipatis.fr\/uk\/produit\/%d0%b4%d0%b5%d1%81%d0%b5%d1%80%d1%82%d0%bd%d0%b8%d0%b9-%d1%85%d0%be%d0%bb%d0%be%d0%b4%d0%b5%d1%86%d1%8c-%d0%b7%d1%96-%d1%81%d0%b2%d0%b8%d0%bd%d0%b8%d0%bd%d0%be%d1%8e\/#primaryimage"},"thumbnailUrl":"https:\/\/www.unipatis.fr\/wp-content\/uploads\/2024\/07\/SEAU_gelee_dessert_porcine_2024_octobre.png","datePublished":"2022-02-11T11:11:45+00:00","dateModified":"2026-04-10T10:19:31+00:00","breadcrumb":{"@id":"https:\/\/www.unipatis.fr\/uk\/produit\/%d0%b4%d0%b5%d1%81%d0%b5%d1%80%d1%82%d0%bd%d0%b8%d0%b9-%d1%85%d0%be%d0%bb%d0%be%d0%b4%d0%b5%d1%86%d1%8c-%d0%b7%d1%96-%d1%81%d0%b2%d0%b8%d0%bd%d0%b8%d0%bd%d0%be%d1%8e\/#breadcrumb"},"inLanguage":"uk","potentialAction":[{"@type":"ReadAction","target":["https:\/\/www.unipatis.fr\/uk\/produit\/%d0%b4%d0%b5%d1%81%d0%b5%d1%80%d1%82%d0%bd%d0%b8%d0%b9-%d1%85%d0%be%d0%bb%d0%be%d0%b4%d0%b5%d1%86%d1%8c-%d0%b7%d1%96-%d1%81%d0%b2%d0%b8%d0%bd%d0%b8%d0%bd%d0%be%d1%8e\/"]}]},{"@type":"ImageObject","inLanguage":"uk","@id":"https:\/\/www.unipatis.fr\/uk\/produit\/%d0%b4%d0%b5%d1%81%d0%b5%d1%80%d1%82%d0%bd%d0%b8%d0%b9-%d1%85%d0%be%d0%bb%d0%be%d0%b4%d0%b5%d1%86%d1%8c-%d0%b7%d1%96-%d1%81%d0%b2%d0%b8%d0%bd%d0%b8%d0%bd%d0%be%d1%8e\/#primaryimage","url":"https:\/\/www.unipatis.fr\/wp-content\/uploads\/2024\/07\/SEAU_gelee_dessert_porcine_2024_octobre.png","contentUrl":"https:\/\/www.unipatis.fr\/wp-content\/uploads\/2024\/07\/SEAU_gelee_dessert_porcine_2024_octobre.png","width":1261,"height":1179,"caption":"Unipatis_\u0441\u0432\u0438\u043d\u044f\u0447\u0438\u0439_\u0434\u0435\u0441\u0435\u0440\u0442_\u0436\u0435\u043b\u0435"},{"@type":"BreadcrumbList","@id":"https:\/\/www.unipatis.fr\/uk\/produit\/%d0%b4%d0%b5%d1%81%d0%b5%d1%80%d1%82%d0%bd%d0%b8%d0%b9-%d1%85%d0%be%d0%bb%d0%be%d0%b4%d0%b5%d1%86%d1%8c-%d0%b7%d1%96-%d1%81%d0%b2%d0%b8%d0%bd%d0%b8%d0%bd%d0%be%d1%8e\/#breadcrumb","itemListElement":[{"@type":"ListItem","position":1,"name":"Accueil","item":"https:\/\/www.unipatis.fr\/uk\/%d0%b3%d0%be%d0%bb%d0%be%d0%b2%d0%bd%d0%b0\/"},{"@type":"ListItem","position":2,"name":"\u041c\u0430\u0433\u0430\u0437\u0438\u043d","item":"https:\/\/www.unipatis.fr\/uk\/%d0%bc%d0%b0%d0%b3%d0%b0%d0%b7%d0%b8%d0%bd\/"},{"@type":"ListItem","position":3,"name":"\u0414\u0435\u0441\u0435\u0440\u0442\u043d\u0438\u0439 \u0445\u043e\u043b\u043e\u0434\u0435\u0446\u044c (\u0437\u0456 \u0441\u0432\u0438\u043d\u0438\u043d\u043e\u044e)"}]},{"@type":"WebSite","@id":"https:\/\/www.unipatis.fr\/en\/#website","url":"https:\/\/www.unipatis.fr\/en\/","name":"Unipatis","description":"Unipatis Maison est une entreprise familiale sp\u00e9cialis\u00e9e dans la fabrication d&#039;ingr\u00e9dients p\u00e2tissiers et chocolatiers depuis quatre g\u00e9n\u00e9rations.","publisher":{"@id":"https:\/\/www.unipatis.fr\/en\/#organization"},"potentialAction":[{"@type":"SearchAction","target":{"@type":"EntryPoint","urlTemplate":"https:\/\/www.unipatis.fr\/en\/?s={search_term_string}"},"query-input":{"@type":"PropertyValueSpecification","valueRequired":true,"valueName":"search_term_string"}}],"inLanguage":"uk"},{"@type":"Organization","@id":"https:\/\/www.unipatis.fr\/en\/#organization","name":"Unipatis","url":"https:\/\/www.unipatis.fr\/en\/","logo":{"@type":"ImageObject","inLanguage":"uk","@id":"https:\/\/www.unipatis.fr\/en\/#\/schema\/logo\/image\/","url":"https:\/\/www.unipatis.fr\/wp-content\/uploads\/2021\/10\/UNIPATIS_logo_flag_2021-1.svg","contentUrl":"https:\/\/www.unipatis.fr\/wp-content\/uploads\/2021\/10\/UNIPATIS_logo_flag_2021-1.svg","width":150,"height":184,"caption":"Unipatis"},"image":{"@id":"https:\/\/www.unipatis.fr\/en\/#\/schema\/logo\/image\/"},"sameAs":["https:\/\/www.facebook.com\/unipatis","https:\/\/www.instagram.com\/unipatis","https:\/\/www.youtube.com\/@Unipatis"]}]}},"_links":{"self":[{"href":"https:\/\/www.unipatis.fr\/uk\/wp-json\/wp\/v2\/product\/13047","targetHints":{"allow":["GET"]}}],"collection":[{"href":"https:\/\/www.unipatis.fr\/uk\/wp-json\/wp\/v2\/product"}],"about":[{"href":"https:\/\/www.unipatis.fr\/uk\/wp-json\/wp\/v2\/types\/product"}],"replies":[{"embeddable":true,"href":"https:\/\/www.unipatis.fr\/uk\/wp-json\/wp\/v2\/comments?post=13047"}],"version-history":[{"count":1,"href":"https:\/\/www.unipatis.fr\/uk\/wp-json\/wp\/v2\/product\/13047\/revisions"}],"predecessor-version":[{"id":26915,"href":"https:\/\/www.unipatis.fr\/uk\/wp-json\/wp\/v2\/product\/13047\/revisions\/26915"}],"wp:featuredmedia":[{"embeddable":true,"href":"https:\/\/www.unipatis.fr\/uk\/wp-json\/wp\/v2\/media\/21508"}],"wp:attachment":[{"href":"https:\/\/www.unipatis.fr\/uk\/wp-json\/wp\/v2\/media?parent=13047"}],"wp:term":[{"taxonomy":"product_brand","embeddable":true,"href":"https:\/\/www.unipatis.fr\/uk\/wp-json\/wp\/v2\/product_brand?post=13047"},{"taxonomy":"product_cat","embeddable":true,"href":"https:\/\/www.unipatis.fr\/uk\/wp-json\/wp\/v2\/product_cat?post=13047"},{"taxonomy":"product_tag","embeddable":true,"href":"https:\/\/www.unipatis.fr\/uk\/wp-json\/wp\/v2\/product_tag?post=13047"}],"curies":[{"name":"wp","href":"https:\/\/api.w.org\/{rel}","templated":true}]}}