{"id":13894,"date":"2022-02-11T12:11:14","date_gmt":"2022-02-11T11:11:14","guid":{"rendered":"https:\/\/www.unipatis.fr\/produit\/%d1%85%d1%80%d1%83%d1%81%d1%82%d0%ba%d0%b5-%d0%bc%d0%b8%d0%b3%d0%b4%d0%b0%d0%bb%d1%8c%d0%bd%d0%be-%d1%84%d1%83%d0%bd%d0%b4%d1%83%d0%ba%d0%be%d0%b2%d0%b5-%d0%bf%d1%80%d0%b0%d0%bb%d1%96%d0%bd%d0%b5-60\/"},"modified":"2026-04-09T10:34:03","modified_gmt":"2026-04-09T08:34:03","slug":"%d1%85%d1%80%d1%83%d1%81%d1%82%d0%ba%d0%b5-%d0%bc%d0%b8%d0%b3%d0%b4%d0%b0%d0%bb%d1%8c%d0%bd%d0%be-%d1%84%d1%83%d0%bd%d0%b4%d1%83%d0%ba%d0%be%d0%b2%d0%b5-%d0%bf%d1%80%d0%b0%d0%bb%d1%96%d0%bd%d0%b5-60","status":"publish","type":"product","link":"https:\/\/www.unipatis.fr\/uk\/produit\/%d1%85%d1%80%d1%83%d1%81%d1%82%d0%ba%d0%b5-%d0%bc%d0%b8%d0%b3%d0%b4%d0%b0%d0%bb%d1%8c%d0%bd%d0%be-%d1%84%d1%83%d0%bd%d0%b4%d1%83%d0%ba%d0%be%d0%b2%d0%b5-%d0%bf%d1%80%d0%b0%d0%bb%d1%96%d0%bd%d0%b5-60\/","title":{"rendered":"\u0425\u0440\u0443\u0441\u0442\u043a\u0435 \u043c\u0438\u0433\u0434\u0430\u043b\u044c\u043d\u043e-\u0444\u0443\u043d\u0434\u0443\u043a\u043e\u0432\u0435 \u043f\u0440\u0430\u043b\u0456\u043d\u0435 60% (\u0444\u0440\u0430\u043d\u0446\u0443\u0437\u044c\u043a\u043e\u044e)"},"content":{"rendered":"","protected":false},"excerpt":{"rendered":"<p>\u0412\u0438\u0433\u043e\u0442\u043e\u0432\u043b\u0435\u043d\u0438\u0439 \u0437 \u0444\u0443\u043d\u0434\u0443\u043a\u0430 \u0442\u0430 \u0441\u043c\u0430\u0436\u0435\u043d\u043e\u0433\u043e \u0444\u0443\u043d\u0434\u0443\u043a\u0430 (60%) \u0437 \u0434\u043e\u0434\u0430\u0432\u0430\u043d\u043d\u044f\u043c \u0432\u0430\u0440\u0435\u043d\u043e\u0433\u043e \u0446\u0443\u043a\u0440\u0443, \u0449\u043e\u0431 \u043f\u0456\u0434\u043a\u0440\u0435\u0441\u043b\u0438\u0442\u0438 \u0430\u0440\u043e\u043c\u0430\u0442 \u0444\u0443\u043d\u0434\u0443\u043a\u0430, \u0437 \u0440\u043e\u0437\u0441\u0438\u043f\u0447\u0430\u0441\u0442\u043e\u044e \u0442\u0435\u043a\u0441\u0442\u0443\u0440\u043e\u044e, \u044f\u043a\u0430 \u0437\u0431\u0435\u0440\u0456\u0433\u0430\u0454 \u0445\u0440\u0443\u0441\u043a\u0456\u0442 \u043a\u0430\u0440\u0430\u043c\u0435\u043b\u0456\u0437\u043e\u0432\u0430\u043d\u0438\u0445 \u044f\u0434\u0435\u0440 \u0444\u0443\u043d\u0434\u0443\u043a\u0430.<\/p>\n","protected":false},"featured_media":11713,"comment_status":"closed","ping_status":"closed","template":"","meta":{"_acf_changed":false,"inline_featured_image":false},"product_brand":[],"product_cat":[486],"product_tag":[],"class_list":{"0":"post-13894","1":"product","2":"type-product","3":"status-publish","4":"has-post-thumbnail","6":"product_cat-11-","7":"sales-flash-overlay","8":"woocommerce-text-align-center","9":"woocommerce-image-align-center","10":"do-quantity-buttons","12":"first","13":"instock","14":"product-type-simple"},"acf":[],"yoast_head":"<!-- This site is optimized with the Yoast SEO plugin v27.2 - https:\/\/yoast.com\/product\/yoast-seo-wordpress\/ -->\n<title>\u0425\u0440\u0443\u0441\u0442\u043a\u0435 \u043c\u0438\u0433\u0434\u0430\u043b\u044c\u043d\u043e-\u0444\u0443\u043d\u0434\u0443\u043a\u043e\u0432\u0435 \u043f\u0440\u0430\u043b\u0456\u043d\u0435 60% (\u0444\u0440\u0430\u043d\u0446\u0443\u0437\u044c\u043a\u043e\u044e) - Unipatis<\/title>\n<meta name=\"robots\" content=\"index, follow, max-snippet:-1, max-image-preview:large, max-video-preview:-1\" \/>\n<link rel=\"canonical\" href=\"https:\/\/www.unipatis.fr\/uk\/produit\/\u0445\u0440\u0443\u0441\u0442\u043a\u0435-\u043c\u0438\u0433\u0434\u0430\u043b\u044c\u043d\u043e-\u0444\u0443\u043d\u0434\u0443\u043a\u043e\u0432\u0435-\u043f\u0440\u0430\u043b\u0456\u043d\u0435-60\/\" \/>\n<meta property=\"og:locale\" content=\"uk_UA\" \/>\n<meta property=\"og:type\" content=\"article\" \/>\n<meta property=\"og:title\" content=\"\u0425\u0440\u0443\u0441\u0442\u043a\u0435 \u043c\u0438\u0433\u0434\u0430\u043b\u044c\u043d\u043e-\u0444\u0443\u043d\u0434\u0443\u043a\u043e\u0432\u0435 \u043f\u0440\u0430\u043b\u0456\u043d\u0435 60% (\u0444\u0440\u0430\u043d\u0446\u0443\u0437\u044c\u043a\u043e\u044e) - Unipatis\" \/>\n<meta property=\"og:description\" content=\"\u0412\u0438\u0433\u043e\u0442\u043e\u0432\u043b\u0435\u043d\u0438\u0439 \u0437 \u0444\u0443\u043d\u0434\u0443\u043a\u0430 \u0442\u0430 \u0441\u043c\u0430\u0436\u0435\u043d\u043e\u0433\u043e \u0444\u0443\u043d\u0434\u0443\u043a\u0430 (60%) \u0437 \u0434\u043e\u0434\u0430\u0432\u0430\u043d\u043d\u044f\u043c \u0432\u0430\u0440\u0435\u043d\u043e\u0433\u043e \u0446\u0443\u043a\u0440\u0443, \u0449\u043e\u0431 \u043f\u0456\u0434\u043a\u0440\u0435\u0441\u043b\u0438\u0442\u0438 \u0430\u0440\u043e\u043c\u0430\u0442 \u0444\u0443\u043d\u0434\u0443\u043a\u0430, \u0437 \u0440\u043e\u0437\u0441\u0438\u043f\u0447\u0430\u0441\u0442\u043e\u044e \u0442\u0435\u043a\u0441\u0442\u0443\u0440\u043e\u044e, \u044f\u043a\u0430 \u0437\u0431\u0435\u0440\u0456\u0433\u0430\u0454 \u0445\u0440\u0443\u0441\u043a\u0456\u0442 \u043a\u0430\u0440\u0430\u043c\u0435\u043b\u0456\u0437\u043e\u0432\u0430\u043d\u0438\u0445 \u044f\u0434\u0435\u0440 \u0444\u0443\u043d\u0434\u0443\u043a\u0430.\" \/>\n<meta property=\"og:url\" content=\"https:\/\/www.unipatis.fr\/uk\/produit\/\u0445\u0440\u0443\u0441\u0442\u043a\u0435-\u043c\u0438\u0433\u0434\u0430\u043b\u044c\u043d\u043e-\u0444\u0443\u043d\u0434\u0443\u043a\u043e\u0432\u0435-\u043f\u0440\u0430\u043b\u0456\u043d\u0435-60\/\" \/>\n<meta property=\"og:site_name\" content=\"Unipatis\" \/>\n<meta property=\"article:publisher\" content=\"https:\/\/www.facebook.com\/unipatis\" \/>\n<meta property=\"article:modified_time\" content=\"2026-04-09T08:34:03+00:00\" \/>\n<meta property=\"og:image\" content=\"https:\/\/www.unipatis.fr\/wp-content\/uploads\/2022\/02\/seau_croquant-amande-noisette.png\" \/>\n\t<meta property=\"og:image:width\" content=\"1261\" \/>\n\t<meta property=\"og:image:height\" content=\"1179\" \/>\n\t<meta property=\"og:image:type\" content=\"image\/png\" \/>\n<meta name=\"twitter:card\" content=\"summary_large_image\" \/>\n<script type=\"application\/ld+json\" class=\"yoast-schema-graph\">{\"@context\":\"https:\/\/schema.org\",\"@graph\":[{\"@type\":\"WebPage\",\"@id\":\"https:\/\/www.unipatis.fr\/uk\/produit\/%d1%85%d1%80%d1%83%d1%81%d1%82%d0%ba%d0%b5-%d0%bc%d0%b8%d0%b3%d0%b4%d0%b0%d0%bb%d1%8c%d0%bd%d0%be-%d1%84%d1%83%d0%bd%d0%b4%d1%83%d0%ba%d0%be%d0%b2%d0%b5-%d0%bf%d1%80%d0%b0%d0%bb%d1%96%d0%bd%d0%b5-60\/\",\"url\":\"https:\/\/www.unipatis.fr\/uk\/produit\/%d1%85%d1%80%d1%83%d1%81%d1%82%d0%ba%d0%b5-%d0%bc%d0%b8%d0%b3%d0%b4%d0%b0%d0%bb%d1%8c%d0%bd%d0%be-%d1%84%d1%83%d0%bd%d0%b4%d1%83%d0%ba%d0%be%d0%b2%d0%b5-%d0%bf%d1%80%d0%b0%d0%bb%d1%96%d0%bd%d0%b5-60\/\",\"name\":\"\u0425\u0440\u0443\u0441\u0442\u043a\u0435 \u043c\u0438\u0433\u0434\u0430\u043b\u044c\u043d\u043e-\u0444\u0443\u043d\u0434\u0443\u043a\u043e\u0432\u0435 \u043f\u0440\u0430\u043b\u0456\u043d\u0435 60% (\u0444\u0440\u0430\u043d\u0446\u0443\u0437\u044c\u043a\u043e\u044e) - Unipatis\",\"isPartOf\":{\"@id\":\"https:\/\/www.unipatis.fr\/en\/#website\"},\"primaryImageOfPage\":{\"@id\":\"https:\/\/www.unipatis.fr\/uk\/produit\/%d1%85%d1%80%d1%83%d1%81%d1%82%d0%ba%d0%b5-%d0%bc%d0%b8%d0%b3%d0%b4%d0%b0%d0%bb%d1%8c%d0%bd%d0%be-%d1%84%d1%83%d0%bd%d0%b4%d1%83%d0%ba%d0%be%d0%b2%d0%b5-%d0%bf%d1%80%d0%b0%d0%bb%d1%96%d0%bd%d0%b5-60\/#primaryimage\"},\"image\":{\"@id\":\"https:\/\/www.unipatis.fr\/uk\/produit\/%d1%85%d1%80%d1%83%d1%81%d1%82%d0%ba%d0%b5-%d0%bc%d0%b8%d0%b3%d0%b4%d0%b0%d0%bb%d1%8c%d0%bd%d0%be-%d1%84%d1%83%d0%bd%d0%b4%d1%83%d0%ba%d0%be%d0%b2%d0%b5-%d0%bf%d1%80%d0%b0%d0%bb%d1%96%d0%bd%d0%b5-60\/#primaryimage\"},\"thumbnailUrl\":\"https:\/\/www.unipatis.fr\/wp-content\/uploads\/2022\/02\/seau_croquant-amande-noisette.png\",\"datePublished\":\"2022-02-11T11:11:14+00:00\",\"dateModified\":\"2026-04-09T08:34:03+00:00\",\"breadcrumb\":{\"@id\":\"https:\/\/www.unipatis.fr\/uk\/produit\/%d1%85%d1%80%d1%83%d1%81%d1%82%d0%ba%d0%b5-%d0%bc%d0%b8%d0%b3%d0%b4%d0%b0%d0%bb%d1%8c%d0%bd%d0%be-%d1%84%d1%83%d0%bd%d0%b4%d1%83%d0%ba%d0%be%d0%b2%d0%b5-%d0%bf%d1%80%d0%b0%d0%bb%d1%96%d0%bd%d0%b5-60\/#breadcrumb\"},\"inLanguage\":\"uk\",\"potentialAction\":[{\"@type\":\"ReadAction\",\"target\":[\"https:\/\/www.unipatis.fr\/uk\/produit\/%d1%85%d1%80%d1%83%d1%81%d1%82%d0%ba%d0%b5-%d0%bc%d0%b8%d0%b3%d0%b4%d0%b0%d0%bb%d1%8c%d0%bd%d0%be-%d1%84%d1%83%d0%bd%d0%b4%d1%83%d0%ba%d0%be%d0%b2%d0%b5-%d0%bf%d1%80%d0%b0%d0%bb%d1%96%d0%bd%d0%b5-60\/\"]}]},{\"@type\":\"ImageObject\",\"inLanguage\":\"uk\",\"@id\":\"https:\/\/www.unipatis.fr\/uk\/produit\/%d1%85%d1%80%d1%83%d1%81%d1%82%d0%ba%d0%b5-%d0%bc%d0%b8%d0%b3%d0%b4%d0%b0%d0%bb%d1%8c%d0%bd%d0%be-%d1%84%d1%83%d0%bd%d0%b4%d1%83%d0%ba%d0%be%d0%b2%d0%b5-%d0%bf%d1%80%d0%b0%d0%bb%d1%96%d0%bd%d0%b5-60\/#primaryimage\",\"url\":\"https:\/\/www.unipatis.fr\/wp-content\/uploads\/2022\/02\/seau_croquant-amande-noisette.png\",\"contentUrl\":\"https:\/\/www.unipatis.fr\/wp-content\/uploads\/2022\/02\/seau_croquant-amande-noisette.png\",\"width\":1261,\"height\":1179,\"caption\":\"\u043c\u0438\u0433\u0434\u0430\u043b\u044c\u043d\u043e-\u0444\u0443\u043d\u0434\u0443\u043a\u043e\u0432\u0438\u0439 \u0445\u0440\u0443\u0441\u0442 unipatis\"},{\"@type\":\"BreadcrumbList\",\"@id\":\"https:\/\/www.unipatis.fr\/uk\/produit\/%d1%85%d1%80%d1%83%d1%81%d1%82%d0%ba%d0%b5-%d0%bc%d0%b8%d0%b3%d0%b4%d0%b0%d0%bb%d1%8c%d0%bd%d0%be-%d1%84%d1%83%d0%bd%d0%b4%d1%83%d0%ba%d0%be%d0%b2%d0%b5-%d0%bf%d1%80%d0%b0%d0%bb%d1%96%d0%bd%d0%b5-60\/#breadcrumb\",\"itemListElement\":[{\"@type\":\"ListItem\",\"position\":1,\"name\":\"Accueil\",\"item\":\"https:\/\/www.unipatis.fr\/uk\/%d0%b3%d0%be%d0%bb%d0%be%d0%b2%d0%bd%d0%b0\/\"},{\"@type\":\"ListItem\",\"position\":2,\"name\":\"\u041c\u0430\u0433\u0430\u0437\u0438\u043d\",\"item\":\"https:\/\/www.unipatis.fr\/uk\/%d0%bc%d0%b0%d0%b3%d0%b0%d0%b7%d0%b8%d0%bd\/\"},{\"@type\":\"ListItem\",\"position\":3,\"name\":\"\u0425\u0440\u0443\u0441\u0442\u043a\u0435 \u043c\u0438\u0433\u0434\u0430\u043b\u044c\u043d\u043e-\u0444\u0443\u043d\u0434\u0443\u043a\u043e\u0432\u0435 \u043f\u0440\u0430\u043b\u0456\u043d\u0435 60% (\u0444\u0440\u0430\u043d\u0446\u0443\u0437\u044c\u043a\u043e\u044e)\"}]},{\"@type\":\"WebSite\",\"@id\":\"https:\/\/www.unipatis.fr\/en\/#website\",\"url\":\"https:\/\/www.unipatis.fr\/en\/\",\"name\":\"Unipatis\",\"description\":\"Unipatis Maison est une entreprise familiale sp\u00e9cialis\u00e9e dans la fabrication d&#039;ingr\u00e9dients p\u00e2tissiers et chocolatiers depuis quatre g\u00e9n\u00e9rations.\",\"publisher\":{\"@id\":\"https:\/\/www.unipatis.fr\/en\/#organization\"},\"potentialAction\":[{\"@type\":\"SearchAction\",\"target\":{\"@type\":\"EntryPoint\",\"urlTemplate\":\"https:\/\/www.unipatis.fr\/en\/?s={search_term_string}\"},\"query-input\":{\"@type\":\"PropertyValueSpecification\",\"valueRequired\":true,\"valueName\":\"search_term_string\"}}],\"inLanguage\":\"uk\"},{\"@type\":\"Organization\",\"@id\":\"https:\/\/www.unipatis.fr\/en\/#organization\",\"name\":\"Unipatis\",\"url\":\"https:\/\/www.unipatis.fr\/en\/\",\"logo\":{\"@type\":\"ImageObject\",\"inLanguage\":\"uk\",\"@id\":\"https:\/\/www.unipatis.fr\/en\/#\/schema\/logo\/image\/\",\"url\":\"https:\/\/www.unipatis.fr\/wp-content\/uploads\/2021\/10\/UNIPATIS_logo_flag_2021-1.svg\",\"contentUrl\":\"https:\/\/www.unipatis.fr\/wp-content\/uploads\/2021\/10\/UNIPATIS_logo_flag_2021-1.svg\",\"width\":150,\"height\":184,\"caption\":\"Unipatis\"},\"image\":{\"@id\":\"https:\/\/www.unipatis.fr\/en\/#\/schema\/logo\/image\/\"},\"sameAs\":[\"https:\/\/www.facebook.com\/unipatis\",\"https:\/\/www.instagram.com\/unipatis\",\"https:\/\/www.youtube.com\/@Unipatis\"]}]}<\/script>\n<!-- \/ Yoast SEO plugin. -->","yoast_head_json":{"title":"\u0425\u0440\u0443\u0441\u0442\u043a\u0435 \u043c\u0438\u0433\u0434\u0430\u043b\u044c\u043d\u043e-\u0444\u0443\u043d\u0434\u0443\u043a\u043e\u0432\u0435 \u043f\u0440\u0430\u043b\u0456\u043d\u0435 60% (\u0444\u0440\u0430\u043d\u0446\u0443\u0437\u044c\u043a\u043e\u044e) - Unipatis","robots":{"index":"index","follow":"follow","max-snippet":"max-snippet:-1","max-image-preview":"max-image-preview:large","max-video-preview":"max-video-preview:-1"},"canonical":"https:\/\/www.unipatis.fr\/uk\/produit\/\u0445\u0440\u0443\u0441\u0442\u043a\u0435-\u043c\u0438\u0433\u0434\u0430\u043b\u044c\u043d\u043e-\u0444\u0443\u043d\u0434\u0443\u043a\u043e\u0432\u0435-\u043f\u0440\u0430\u043b\u0456\u043d\u0435-60\/","og_locale":"uk_UA","og_type":"article","og_title":"\u0425\u0440\u0443\u0441\u0442\u043a\u0435 \u043c\u0438\u0433\u0434\u0430\u043b\u044c\u043d\u043e-\u0444\u0443\u043d\u0434\u0443\u043a\u043e\u0432\u0435 \u043f\u0440\u0430\u043b\u0456\u043d\u0435 60% (\u0444\u0440\u0430\u043d\u0446\u0443\u0437\u044c\u043a\u043e\u044e) - Unipatis","og_description":"\u0412\u0438\u0433\u043e\u0442\u043e\u0432\u043b\u0435\u043d\u0438\u0439 \u0437 \u0444\u0443\u043d\u0434\u0443\u043a\u0430 \u0442\u0430 \u0441\u043c\u0430\u0436\u0435\u043d\u043e\u0433\u043e \u0444\u0443\u043d\u0434\u0443\u043a\u0430 (60%) \u0437 \u0434\u043e\u0434\u0430\u0432\u0430\u043d\u043d\u044f\u043c \u0432\u0430\u0440\u0435\u043d\u043e\u0433\u043e \u0446\u0443\u043a\u0440\u0443, \u0449\u043e\u0431 \u043f\u0456\u0434\u043a\u0440\u0435\u0441\u043b\u0438\u0442\u0438 \u0430\u0440\u043e\u043c\u0430\u0442 \u0444\u0443\u043d\u0434\u0443\u043a\u0430, \u0437 \u0440\u043e\u0437\u0441\u0438\u043f\u0447\u0430\u0441\u0442\u043e\u044e \u0442\u0435\u043a\u0441\u0442\u0443\u0440\u043e\u044e, \u044f\u043a\u0430 \u0437\u0431\u0435\u0440\u0456\u0433\u0430\u0454 \u0445\u0440\u0443\u0441\u043a\u0456\u0442 \u043a\u0430\u0440\u0430\u043c\u0435\u043b\u0456\u0437\u043e\u0432\u0430\u043d\u0438\u0445 \u044f\u0434\u0435\u0440 \u0444\u0443\u043d\u0434\u0443\u043a\u0430.","og_url":"https:\/\/www.unipatis.fr\/uk\/produit\/\u0445\u0440\u0443\u0441\u0442\u043a\u0435-\u043c\u0438\u0433\u0434\u0430\u043b\u044c\u043d\u043e-\u0444\u0443\u043d\u0434\u0443\u043a\u043e\u0432\u0435-\u043f\u0440\u0430\u043b\u0456\u043d\u0435-60\/","og_site_name":"Unipatis","article_publisher":"https:\/\/www.facebook.com\/unipatis","article_modified_time":"2026-04-09T08:34:03+00:00","og_image":[{"width":1261,"height":1179,"url":"https:\/\/www.unipatis.fr\/wp-content\/uploads\/2022\/02\/seau_croquant-amande-noisette.png","type":"image\/png"}],"twitter_card":"summary_large_image","schema":{"@context":"https:\/\/schema.org","@graph":[{"@type":"WebPage","@id":"https:\/\/www.unipatis.fr\/uk\/produit\/%d1%85%d1%80%d1%83%d1%81%d1%82%d0%ba%d0%b5-%d0%bc%d0%b8%d0%b3%d0%b4%d0%b0%d0%bb%d1%8c%d0%bd%d0%be-%d1%84%d1%83%d0%bd%d0%b4%d1%83%d0%ba%d0%be%d0%b2%d0%b5-%d0%bf%d1%80%d0%b0%d0%bb%d1%96%d0%bd%d0%b5-60\/","url":"https:\/\/www.unipatis.fr\/uk\/produit\/%d1%85%d1%80%d1%83%d1%81%d1%82%d0%ba%d0%b5-%d0%bc%d0%b8%d0%b3%d0%b4%d0%b0%d0%bb%d1%8c%d0%bd%d0%be-%d1%84%d1%83%d0%bd%d0%b4%d1%83%d0%ba%d0%be%d0%b2%d0%b5-%d0%bf%d1%80%d0%b0%d0%bb%d1%96%d0%bd%d0%b5-60\/","name":"\u0425\u0440\u0443\u0441\u0442\u043a\u0435 \u043c\u0438\u0433\u0434\u0430\u043b\u044c\u043d\u043e-\u0444\u0443\u043d\u0434\u0443\u043a\u043e\u0432\u0435 \u043f\u0440\u0430\u043b\u0456\u043d\u0435 60% (\u0444\u0440\u0430\u043d\u0446\u0443\u0437\u044c\u043a\u043e\u044e) - Unipatis","isPartOf":{"@id":"https:\/\/www.unipatis.fr\/en\/#website"},"primaryImageOfPage":{"@id":"https:\/\/www.unipatis.fr\/uk\/produit\/%d1%85%d1%80%d1%83%d1%81%d1%82%d0%ba%d0%b5-%d0%bc%d0%b8%d0%b3%d0%b4%d0%b0%d0%bb%d1%8c%d0%bd%d0%be-%d1%84%d1%83%d0%bd%d0%b4%d1%83%d0%ba%d0%be%d0%b2%d0%b5-%d0%bf%d1%80%d0%b0%d0%bb%d1%96%d0%bd%d0%b5-60\/#primaryimage"},"image":{"@id":"https:\/\/www.unipatis.fr\/uk\/produit\/%d1%85%d1%80%d1%83%d1%81%d1%82%d0%ba%d0%b5-%d0%bc%d0%b8%d0%b3%d0%b4%d0%b0%d0%bb%d1%8c%d0%bd%d0%be-%d1%84%d1%83%d0%bd%d0%b4%d1%83%d0%ba%d0%be%d0%b2%d0%b5-%d0%bf%d1%80%d0%b0%d0%bb%d1%96%d0%bd%d0%b5-60\/#primaryimage"},"thumbnailUrl":"https:\/\/www.unipatis.fr\/wp-content\/uploads\/2022\/02\/seau_croquant-amande-noisette.png","datePublished":"2022-02-11T11:11:14+00:00","dateModified":"2026-04-09T08:34:03+00:00","breadcrumb":{"@id":"https:\/\/www.unipatis.fr\/uk\/produit\/%d1%85%d1%80%d1%83%d1%81%d1%82%d0%ba%d0%b5-%d0%bc%d0%b8%d0%b3%d0%b4%d0%b0%d0%bb%d1%8c%d0%bd%d0%be-%d1%84%d1%83%d0%bd%d0%b4%d1%83%d0%ba%d0%be%d0%b2%d0%b5-%d0%bf%d1%80%d0%b0%d0%bb%d1%96%d0%bd%d0%b5-60\/#breadcrumb"},"inLanguage":"uk","potentialAction":[{"@type":"ReadAction","target":["https:\/\/www.unipatis.fr\/uk\/produit\/%d1%85%d1%80%d1%83%d1%81%d1%82%d0%ba%d0%b5-%d0%bc%d0%b8%d0%b3%d0%b4%d0%b0%d0%bb%d1%8c%d0%bd%d0%be-%d1%84%d1%83%d0%bd%d0%b4%d1%83%d0%ba%d0%be%d0%b2%d0%b5-%d0%bf%d1%80%d0%b0%d0%bb%d1%96%d0%bd%d0%b5-60\/"]}]},{"@type":"ImageObject","inLanguage":"uk","@id":"https:\/\/www.unipatis.fr\/uk\/produit\/%d1%85%d1%80%d1%83%d1%81%d1%82%d0%ba%d0%b5-%d0%bc%d0%b8%d0%b3%d0%b4%d0%b0%d0%bb%d1%8c%d0%bd%d0%be-%d1%84%d1%83%d0%bd%d0%b4%d1%83%d0%ba%d0%be%d0%b2%d0%b5-%d0%bf%d1%80%d0%b0%d0%bb%d1%96%d0%bd%d0%b5-60\/#primaryimage","url":"https:\/\/www.unipatis.fr\/wp-content\/uploads\/2022\/02\/seau_croquant-amande-noisette.png","contentUrl":"https:\/\/www.unipatis.fr\/wp-content\/uploads\/2022\/02\/seau_croquant-amande-noisette.png","width":1261,"height":1179,"caption":"\u043c\u0438\u0433\u0434\u0430\u043b\u044c\u043d\u043e-\u0444\u0443\u043d\u0434\u0443\u043a\u043e\u0432\u0438\u0439 \u0445\u0440\u0443\u0441\u0442 unipatis"},{"@type":"BreadcrumbList","@id":"https:\/\/www.unipatis.fr\/uk\/produit\/%d1%85%d1%80%d1%83%d1%81%d1%82%d0%ba%d0%b5-%d0%bc%d0%b8%d0%b3%d0%b4%d0%b0%d0%bb%d1%8c%d0%bd%d0%be-%d1%84%d1%83%d0%bd%d0%b4%d1%83%d0%ba%d0%be%d0%b2%d0%b5-%d0%bf%d1%80%d0%b0%d0%bb%d1%96%d0%bd%d0%b5-60\/#breadcrumb","itemListElement":[{"@type":"ListItem","position":1,"name":"Accueil","item":"https:\/\/www.unipatis.fr\/uk\/%d0%b3%d0%be%d0%bb%d0%be%d0%b2%d0%bd%d0%b0\/"},{"@type":"ListItem","position":2,"name":"\u041c\u0430\u0433\u0430\u0437\u0438\u043d","item":"https:\/\/www.unipatis.fr\/uk\/%d0%bc%d0%b0%d0%b3%d0%b0%d0%b7%d0%b8%d0%bd\/"},{"@type":"ListItem","position":3,"name":"\u0425\u0440\u0443\u0441\u0442\u043a\u0435 \u043c\u0438\u0433\u0434\u0430\u043b\u044c\u043d\u043e-\u0444\u0443\u043d\u0434\u0443\u043a\u043e\u0432\u0435 \u043f\u0440\u0430\u043b\u0456\u043d\u0435 60% (\u0444\u0440\u0430\u043d\u0446\u0443\u0437\u044c\u043a\u043e\u044e)"}]},{"@type":"WebSite","@id":"https:\/\/www.unipatis.fr\/en\/#website","url":"https:\/\/www.unipatis.fr\/en\/","name":"Unipatis","description":"Unipatis Maison est une entreprise familiale sp\u00e9cialis\u00e9e dans la fabrication d&#039;ingr\u00e9dients p\u00e2tissiers et chocolatiers depuis quatre g\u00e9n\u00e9rations.","publisher":{"@id":"https:\/\/www.unipatis.fr\/en\/#organization"},"potentialAction":[{"@type":"SearchAction","target":{"@type":"EntryPoint","urlTemplate":"https:\/\/www.unipatis.fr\/en\/?s={search_term_string}"},"query-input":{"@type":"PropertyValueSpecification","valueRequired":true,"valueName":"search_term_string"}}],"inLanguage":"uk"},{"@type":"Organization","@id":"https:\/\/www.unipatis.fr\/en\/#organization","name":"Unipatis","url":"https:\/\/www.unipatis.fr\/en\/","logo":{"@type":"ImageObject","inLanguage":"uk","@id":"https:\/\/www.unipatis.fr\/en\/#\/schema\/logo\/image\/","url":"https:\/\/www.unipatis.fr\/wp-content\/uploads\/2021\/10\/UNIPATIS_logo_flag_2021-1.svg","contentUrl":"https:\/\/www.unipatis.fr\/wp-content\/uploads\/2021\/10\/UNIPATIS_logo_flag_2021-1.svg","width":150,"height":184,"caption":"Unipatis"},"image":{"@id":"https:\/\/www.unipatis.fr\/en\/#\/schema\/logo\/image\/"},"sameAs":["https:\/\/www.facebook.com\/unipatis","https:\/\/www.instagram.com\/unipatis","https:\/\/www.youtube.com\/@Unipatis"]}]}},"_links":{"self":[{"href":"https:\/\/www.unipatis.fr\/uk\/wp-json\/wp\/v2\/product\/13894","targetHints":{"allow":["GET"]}}],"collection":[{"href":"https:\/\/www.unipatis.fr\/uk\/wp-json\/wp\/v2\/product"}],"about":[{"href":"https:\/\/www.unipatis.fr\/uk\/wp-json\/wp\/v2\/types\/product"}],"replies":[{"embeddable":true,"href":"https:\/\/www.unipatis.fr\/uk\/wp-json\/wp\/v2\/comments?post=13894"}],"version-history":[{"count":1,"href":"https:\/\/www.unipatis.fr\/uk\/wp-json\/wp\/v2\/product\/13894\/revisions"}],"predecessor-version":[{"id":26655,"href":"https:\/\/www.unipatis.fr\/uk\/wp-json\/wp\/v2\/product\/13894\/revisions\/26655"}],"wp:featuredmedia":[{"embeddable":true,"href":"https:\/\/www.unipatis.fr\/uk\/wp-json\/wp\/v2\/media\/11713"}],"wp:attachment":[{"href":"https:\/\/www.unipatis.fr\/uk\/wp-json\/wp\/v2\/media?parent=13894"}],"wp:term":[{"taxonomy":"product_brand","embeddable":true,"href":"https:\/\/www.unipatis.fr\/uk\/wp-json\/wp\/v2\/product_brand?post=13894"},{"taxonomy":"product_cat","embeddable":true,"href":"https:\/\/www.unipatis.fr\/uk\/wp-json\/wp\/v2\/product_cat?post=13894"},{"taxonomy":"product_tag","embeddable":true,"href":"https:\/\/www.unipatis.fr\/uk\/wp-json\/wp\/v2\/product_tag?post=13894"}],"curies":[{"name":"wp","href":"https:\/\/api.w.org\/{rel}","templated":true}]}}